{"id":78152,"date":"2022-06-09T17:35:11","date_gmt":"2022-06-09T16:35:11","guid":{"rendered":"https:\/\/staging.agrovin.com\/projectos-de-idi\/desenvolvimento-e-optimizacao-da-tecnologia-para-a-utilizacao-de-fibras-vegetais-para-refinar-e-remover-substancias-indesejaveis-dos-vinhos\/"},"modified":"2025-06-25T09:58:39","modified_gmt":"2025-06-25T07:58:39","slug":"desenvolvimento-e-optimizacao-da-tecnologia-para-a-utilizacao-de-fibras-vegetais-para-refinar-e-remover-substancias-indesejaveis-dos-vinhos","status":"publish","type":"page","link":"https:\/\/agrovin.com\/pt-pt\/projectos-de-id\/desenvolvimento-e-optimizacao-da-tecnologia-para-a-utilizacao-de-fibras-vegetais-para-refinar-e-remover-substancias-indesejaveis-dos-vinhos\/","title":{"rendered":"Desenvolvimento e optimiza\u00e7\u00e3o da tecnologia para a utiliza\u00e7\u00e3o de fibras vegetais para refinar e remover subst\u00e2ncias indesej\u00e1veis dos vinhos."},"content":{"rendered":"\t\t<div data-elementor-type=\"wp-page\" data-elementor-id=\"78152\" class=\"elementor elementor-78152 elementor-64268\" data-elementor-post-type=\"page\">\n\t\t\t\t\t\t<section class=\"elementor-section elementor-top-section elementor-element elementor-element-0f89ec7 elementor-section-height-min-height elementor-section-boxed elementor-section-height-default elementor-section-items-middle\" data-id=\"0f89ec7\" data-element_type=\"section\" data-e-type=\"section\" data-settings=\"{&quot;background_background&quot;:&quot;classic&quot;}\">\n\t\t\t\t\t\t<div class=\"elementor-container elementor-column-gap-default\">\n\t\t\t\t\t<div class=\"elementor-column elementor-col-100 elementor-top-column elementor-element elementor-element-76dff90\" data-id=\"76dff90\" data-element_type=\"column\" data-e-type=\"column\">\n\t\t\t<div class=\"elementor-widget-wrap\">\n\t\t\t\t\t\t\t<\/div>\n\t\t<\/div>\n\t\t\t\t\t<\/div>\n\t\t<\/section>\n\t\t\t\t<section class=\"elementor-section elementor-top-section elementor-element elementor-element-39fcc5d elementor-section-boxed elementor-section-height-default elementor-section-height-default\" data-id=\"39fcc5d\" data-element_type=\"section\" data-e-type=\"section\">\n\t\t\t\t\t\t<div class=\"elementor-container elementor-column-gap-default\">\n\t\t\t\t\t<div class=\"elementor-column elementor-col-100 elementor-top-column elementor-element elementor-element-3086f55\" data-id=\"3086f55\" data-element_type=\"column\" data-e-type=\"column\">\n\t\t\t<div class=\"elementor-widget-wrap elementor-element-populated\">\n\t\t\t\t\t\t<div class=\"elementor-element elementor-element-014ace1 elementor-widget elementor-widget-heading\" data-id=\"014ace1\" data-element_type=\"widget\" data-e-type=\"widget\" data-widget_type=\"heading.default\">\n\t\t\t\t<div class=\"elementor-widget-container\">\n\t\t\t\t\t<h3 class=\"elementor-heading-title elementor-size-default\">Naturfibe<\/h3>\t\t\t\t<\/div>\n\t\t\t\t<\/div>\n\t\t\t\t<div class=\"elementor-element elementor-element-4e9f291 elementor-widget elementor-widget-text-editor\" data-id=\"4e9f291\" data-element_type=\"widget\" data-e-type=\"widget\" data-widget_type=\"text-editor.default\">\n\t\t\t\t<div class=\"elementor-widget-container\">\n\t\t\t\t\t\t\t\t\t<p><strong>OBJETIVO: <\/strong>No \u00e2mbito da execu\u00e7\u00e3o deste projeto de I+D, a AGROVIN visa sobretudo o desenvolvimento de uma nova solu\u00e7\u00e3o tecnol\u00f3gica tal como as fibras vegetais para a afina\u00e7\u00e3o e elimina\u00e7\u00e3o de subst\u00e2ncias indesej\u00e1veis no processo de vinifica\u00e7\u00e3o de vinhos tintos, brancos e ros\u00e9s.<\/p><p><strong>\u00a0<\/strong><\/p><p><strong>CONVOCAT\u00d3RIA: <\/strong>Programa Innova -Adelante da Junta de Comunidades de Castilla- La Mancha 2019.<\/p><p><strong>\u00a0<\/strong><\/p><p><strong>T\u00cdTULO DO PROJETO: <\/strong>&#8220;Desenvolvimento e otimiza\u00e7\u00e3o da tecnologia para a utiliza\u00e7\u00e3o de fibras vegetais para refinar e eliminar subst\u00e2ncias indesej\u00e1veis nos vinhos&#8221;.<\/p><p><strong>\u00a0<\/strong><\/p><p><strong>DURA\u00c7\u00c3O: <\/strong>01\/10\/2019 &#8211; 30\/11\/2020.<\/p><p><strong>\u00a0<\/strong><\/p><p><strong>ACR\u00d3NIMO: <\/strong>NATURFIBRE<\/p>\t\t\t\t\t\t\t\t<\/div>\n\t\t\t\t<\/div>\n\t\t\t\t<div class=\"elementor-element elementor-element-9a710cb elementor-widget elementor-widget-button\" data-id=\"9a710cb\" data-element_type=\"widget\" data-e-type=\"widget\" data-widget_type=\"button.default\">\n\t\t\t\t<div class=\"elementor-widget-container\">\n\t\t\t\t\t\t\t\t\t<div class=\"elementor-button-wrapper\">\n\t\t\t\t\t<a class=\"elementor-button elementor-button-link elementor-size-sm\" href=\"https:\/\/agrovin.com\/agrv\/pdf\/ficha_proyectos\/Ficha_tecnica_WINEBALANCE.pdf\" target=\"_blank\" rel=\"nofollow\" download=\"https:\/\/agrovin.com\/agrv\/pdf\/ficha_proyectos\/Ficha_tecnica_WINEBALANCE.pdf\">\n\t\t\t\t\t\t<span class=\"elementor-button-content-wrapper\">\n\t\t\t\t\t\t\t\t\t<span class=\"elementor-button-text\">FICHA T\u00c9CNICA DO PROJECTO<\/span>\n\t\t\t\t\t<\/span>\n\t\t\t\t\t<\/a>\n\t\t\t\t<\/div>\n\t\t\t\t\t\t\t\t<\/div>\n\t\t\t\t<\/div>\n\t\t\t\t\t<\/div>\n\t\t<\/div>\n\t\t\t\t\t<\/div>\n\t\t<\/section>\n\t\t\t\t<section class=\"elementor-section elementor-top-section elementor-element elementor-element-e18a356 elementor-section-boxed elementor-section-height-default elementor-section-height-default\" data-id=\"e18a356\" data-element_type=\"section\" data-e-type=\"section\">\n\t\t\t\t\t\t<div class=\"elementor-container elementor-column-gap-default\">\n\t\t\t\t\t<div class=\"elementor-column elementor-col-33 elementor-top-column elementor-element elementor-element-b0c0d13\" data-id=\"b0c0d13\" data-element_type=\"column\" data-e-type=\"column\">\n\t\t\t<div class=\"elementor-widget-wrap elementor-element-populated\">\n\t\t\t\t\t\t<div class=\"elementor-element elementor-element-958c018 elementor-widget elementor-widget-image\" data-id=\"958c018\" data-element_type=\"widget\" data-e-type=\"widget\" data-widget_type=\"image.default\">\n\t\t\t\t<div class=\"elementor-widget-container\">\n\t\t\t\t\t\t\t\t\t\t\t\t\t\t\t<img decoding=\"async\" width=\"299\" height=\"76\" src=\"https:\/\/agrovin.com\/wp-content\/uploads\/2022\/02\/agrovin-ue.jpg\" class=\"attachment-large size-large wp-image-74879\" alt=\"\" srcset=\"https:\/\/agrovin.com\/wp-content\/uploads\/2022\/02\/agrovin-ue.jpg 299w, https:\/\/agrovin.com\/wp-content\/uploads\/2022\/02\/agrovin-ue-270x69.jpg 270w\" sizes=\"(max-width: 299px) 100vw, 299px\" title=\"\">\t\t\t\t\t\t\t\t\t\t\t\t\t\t\t<\/div>\n\t\t\t\t<\/div>\n\t\t\t\t\t<\/div>\n\t\t<\/div>\n\t\t\t\t<div class=\"elementor-column elementor-col-33 elementor-top-column elementor-element elementor-element-21032a0\" data-id=\"21032a0\" data-element_type=\"column\" data-e-type=\"column\">\n\t\t\t<div class=\"elementor-widget-wrap elementor-element-populated\">\n\t\t\t\t\t\t<div class=\"elementor-element elementor-element-9d95425 elementor-widget elementor-widget-image\" data-id=\"9d95425\" data-element_type=\"widget\" data-e-type=\"widget\" data-widget_type=\"image.default\">\n\t\t\t\t<div class=\"elementor-widget-container\">\n\t\t\t\t\t\t\t\t\t\t\t\t\t\t\t<img decoding=\"async\" width=\"270\" height=\"174\" src=\"https:\/\/agrovin.com\/wp-content\/uploads\/2022\/02\/agrovin-clm.png\" class=\"attachment-large size-large wp-image-74874\" alt=\"\" title=\"\">\t\t\t\t\t\t\t\t\t\t\t\t\t\t\t<\/div>\n\t\t\t\t<\/div>\n\t\t\t\t\t<\/div>\n\t\t<\/div>\n\t\t\t\t<div class=\"elementor-column elementor-col-33 elementor-top-column elementor-element elementor-element-8f79086\" data-id=\"8f79086\" data-element_type=\"column\" data-e-type=\"column\">\n\t\t\t<div class=\"elementor-widget-wrap\">\n\t\t\t\t\t\t\t<\/div>\n\t\t<\/div>\n\t\t\t\t\t<\/div>\n\t\t<\/section>\n\t\t\t\t<\/div>\n\t\t","protected":false},"excerpt":{"rendered":"<p>Naturfibe OBJETIVO: No \u00e2mbito da execu\u00e7\u00e3o deste projeto de I+D, a AGROVIN visa sobretudo o desenvolvimento de uma nova solu\u00e7\u00e3o tecnol\u00f3gica tal como as fibras vegetais para a afina\u00e7\u00e3o e elimina\u00e7\u00e3o de subst\u00e2ncias indesej\u00e1veis no processo de vinifica\u00e7\u00e3o de vinhos tintos, brancos e ros\u00e9s. \u00a0 CONVOCAT\u00d3RIA: Programa Innova -Adelante da Junta de Comunidades de Castilla- [&hellip;]<\/p>\n","protected":false},"author":359,"featured_media":0,"parent":78149,"menu_order":0,"comment_status":"closed","ping_status":"closed","template":"","meta":{"_acf_changed":false,"inline_featured_image":false,"site-sidebar-layout":"no-sidebar","site-content-layout":"page-builder","ast-site-content-layout":"full-width-container","site-content-style":"unboxed","site-sidebar-style":"unboxed","ast-global-header-display":"","ast-banner-title-visibility":"","ast-main-header-display":"","ast-hfb-above-header-display":"","ast-hfb-below-header-display":"","ast-hfb-mobile-header-display":"","site-post-title":"disabled","ast-breadcrumbs-content":"","ast-featured-img":"disabled","footer-sml-layout":"","ast-disable-related-posts":"","theme-transparent-header-meta":"default","adv-header-id-meta":"","stick-header-meta":"","header-above-stick-meta":"","header-main-stick-meta":"","header-below-stick-meta":"","astra-migrate-meta-layouts":"set","ast-page-background-enabled":"default","ast-page-background-meta":{"desktop":{"background-color":"var(--ast-global-color-5)","background-image":"","background-repeat":"repeat","background-position":"center center","background-size":"auto","background-attachment":"scroll","background-type":"","background-media":"","overlay-type":"","overlay-color":"","overlay-opacity":"","overlay-gradient":""},"tablet":{"background-color":"","background-image":"","background-repeat":"repeat","background-position":"center center","background-size":"auto","background-attachment":"scroll","background-type":"","background-media":"","overlay-type":"","overlay-color":"","overlay-opacity":"","overlay-gradient":""},"mobile":{"background-color":"","background-image":"","background-repeat":"repeat","background-position":"center center","background-size":"auto","background-attachment":"scroll","background-type":"","background-media":"","overlay-type":"","overlay-color":"","overlay-opacity":"","overlay-gradient":""}},"ast-content-background-meta":{"desktop":{"background-color":"var(--ast-global-color-4)","background-image":"","background-repeat":"repeat","background-position":"center center","background-size":"auto","background-attachment":"scroll","background-type":"","background-media":"","overlay-type":"","overlay-color":"","overlay-opacity":"","overlay-gradient":""},"tablet":{"background-color":"var(--ast-global-color-4)","background-image":"","background-repeat":"repeat","background-position":"center center","background-size":"auto","background-attachment":"scroll","background-type":"","background-media":"","overlay-type":"","overlay-color":"","overlay-opacity":"","overlay-gradient":""},"mobile":{"background-color":"var(--ast-global-color-4)","background-image":"","background-repeat":"repeat","background-position":"center center","background-size":"auto","background-attachment":"scroll","background-type":"","background-media":"","overlay-type":"","overlay-color":"","overlay-opacity":"","overlay-gradient":""}},"footnotes":""},"class_list":["post-78152","page","type-page","status-publish","hentry"],"acf":[],"_links":{"self":[{"href":"https:\/\/agrovin.com\/pt-pt\/wp-json\/wp\/v2\/pages\/78152","targetHints":{"allow":["GET"]}}],"collection":[{"href":"https:\/\/agrovin.com\/pt-pt\/wp-json\/wp\/v2\/pages"}],"about":[{"href":"https:\/\/agrovin.com\/pt-pt\/wp-json\/wp\/v2\/types\/page"}],"author":[{"embeddable":true,"href":"https:\/\/agrovin.com\/pt-pt\/wp-json\/wp\/v2\/users\/359"}],"replies":[{"embeddable":true,"href":"https:\/\/agrovin.com\/pt-pt\/wp-json\/wp\/v2\/comments?post=78152"}],"version-history":[{"count":1,"href":"https:\/\/agrovin.com\/pt-pt\/wp-json\/wp\/v2\/pages\/78152\/revisions"}],"predecessor-version":[{"id":120302,"href":"https:\/\/agrovin.com\/pt-pt\/wp-json\/wp\/v2\/pages\/78152\/revisions\/120302"}],"up":[{"embeddable":true,"href":"https:\/\/agrovin.com\/pt-pt\/wp-json\/wp\/v2\/pages\/78149"}],"wp:attachment":[{"href":"https:\/\/agrovin.com\/pt-pt\/wp-json\/wp\/v2\/media?parent=78152"}],"curies":[{"name":"wp","href":"https:\/\/api.w.org\/{rel}","templated":true}]}}