{"id":78101,"date":"2022-06-09T16:19:27","date_gmt":"2022-06-09T15:19:27","guid":{"rendered":"https:\/\/staging.agrovin.com\/investigacao-e-desenvolvimento-2003-2011-id\/"},"modified":"2022-10-11T09:37:41","modified_gmt":"2022-10-11T08:37:41","slug":"investigacao-e-desenvolvimento-2003-2011-id","status":"publish","type":"page","link":"https:\/\/agrovin.com\/pt-pt\/projectos-de-id\/investigacao-e-desenvolvimento-2003-2011-id\/","title":{"rendered":"Investiga\u00e7\u00e3o e desenvolvimento 2003-2011 I&#038;D"},"content":{"rendered":"\t\t<div data-elementor-type=\"wp-page\" data-elementor-id=\"78101\" class=\"elementor elementor-78101 elementor-64385\" data-elementor-post-type=\"page\">\n\t\t\t\t\t\t<section class=\"elementor-section elementor-top-section elementor-element elementor-element-b748cf2 elementor-section-height-min-height elementor-section-boxed elementor-section-height-default elementor-section-items-middle\" data-id=\"b748cf2\" data-element_type=\"section\" data-e-type=\"section\" data-settings=\"{&quot;background_background&quot;:&quot;classic&quot;}\">\n\t\t\t\t\t\t<div class=\"elementor-container elementor-column-gap-default\">\n\t\t\t\t\t<div class=\"elementor-column elementor-col-100 elementor-top-column elementor-element elementor-element-b9aec06\" data-id=\"b9aec06\" data-element_type=\"column\" data-e-type=\"column\">\n\t\t\t<div class=\"elementor-widget-wrap\">\n\t\t\t\t\t\t\t<\/div>\n\t\t<\/div>\n\t\t\t\t\t<\/div>\n\t\t<\/section>\n\t\t\t\t<section class=\"elementor-section elementor-top-section elementor-element elementor-element-4a8ff2d elementor-section-boxed elementor-section-height-default elementor-section-height-default\" data-id=\"4a8ff2d\" data-element_type=\"section\" data-e-type=\"section\">\n\t\t\t\t\t\t<div class=\"elementor-container elementor-column-gap-default\">\n\t\t\t\t\t<div class=\"elementor-column elementor-col-100 elementor-top-column elementor-element elementor-element-b4d8f8c\" data-id=\"b4d8f8c\" data-element_type=\"column\" data-e-type=\"column\">\n\t\t\t<div class=\"elementor-widget-wrap elementor-element-populated\">\n\t\t\t\t\t\t<div class=\"elementor-element elementor-element-f1362c1 elementor-widget elementor-widget-heading\" data-id=\"f1362c1\" data-element_type=\"widget\" data-e-type=\"widget\" data-widget_type=\"heading.default\">\n\t\t\t\t<div class=\"elementor-widget-container\">\n\t\t\t\t\t<h1 class=\"elementor-heading-title elementor-size-default\">INVESTIGA\u00c7\u00c3O E DESENVOLVIMENTO 2003-2011<\/h1>\t\t\t\t<\/div>\n\t\t\t\t<\/div>\n\t\t\t\t<div class=\"elementor-element elementor-element-138726a elementor-widget elementor-widget-text-editor\" data-id=\"138726a\" data-element_type=\"widget\" data-e-type=\"widget\" data-widget_type=\"text-editor.default\">\n\t\t\t\t<div class=\"elementor-widget-container\">\n\t\t\t\t\t\t\t\t\t<p><strong>Aplica\u00e7\u00e3o de leveduras selecionadas \u00e0 Ind\u00fastria Enol\u00f3gica. <\/strong>Acordo Universidade-Empresa. Escola T\u00e9cnica Superior de Engenheiros Agr\u00f3nomos, Universidade Polit\u00e9cnica de Madrid (2003-2004).<\/p><p>\u00a0<\/p><p><strong>Aplica\u00e7\u00e3o de leveduras selecionadas na vinifica\u00e7\u00e3o em tintos.<\/strong> Acordo Universidade-Empresa. Escola T\u00e9cnica Superior de Engenheiros Agr\u00f3nomos, Universidade Polit\u00e9cnica de Madrid (2004-2005).<\/p><p><strong>Desenvolvimento de um m\u00e9todo r\u00e1pido de quantifica\u00e7\u00e3o de precursores arom\u00e1ticos em mostos e vinhos.<\/strong> Acordo Universidade-Empresa. Universidade de Castilla-La Mancha (2004-2006)<\/p><p>\u00a0<\/p><p><strong>Desenvolvimento de ferramentas de diagn\u00f3stico para monitoramento de <em>Brettanomyces<\/em> em adegas.<\/strong> Projeto CRAFT Coop-CT-2003-508445. Participantes: Dr. Moller und Schmeltz GMBH, Bionostra, Centre Technique Interprofessiones de la Vigne et du vin, Chambre d\u00b4Agriculture de la Gironde, Agrovin, Universite Victor Segalen (Bordeaux II), Universite de Montpellier I (Centre de Recherche et de Formation en \u0152nologie), DSMZ- deutsche Sammlung von Mikroorganismen und Zellkulturen GMBH, Conselho Superior de Investiga\u00e7\u00f5es Cient\u00edficas, (2004-2007).<\/p><p>\u00a0<\/p><p><strong>Propostas de melhoria na aplica\u00e7\u00e3o industrial de leveduras secas ativas nas adegas de Castilla La Mancha atrav\u00e9s do estudo da sua implementa\u00e7\u00e3o e a sua viabilidade. <\/strong>Projeto FEDER. Universidade de Castilla-La-Mancha (2005-2008)<\/p><p>\u00a0<\/p><p><strong>Sele\u00e7\u00e3o de leveduras enol\u00f3gicas com efeito Killer contra <em>Brettanomyces bruxelliensis<\/em>. <\/strong>Aplica\u00e7\u00e3o em mostos e vinhos. Acordo Universidade-Empresa. Departamento de Microbiologia III, Universidade Complutense de Madrid (2005-2006)<\/p><p>\u00a0<\/p><p><strong>Novas aplica\u00e7\u00f5es do tratamento com leveduras inativas em Enologia: Efeito sobre o conte\u00fado em aminas biog\u00e9nicas.<\/strong> Projeto Petri. Instituto de Fermenta\u00e7\u00f5es Industriais IFI-CSIC (2006-2007).<\/p><p>\u00a0<\/p><p><strong>Estudos de viabilidade para uma inocula\u00e7\u00e3o em vinhos destinada \u00e0 fermenta\u00e7\u00e3o malol\u00e1ctica. <\/strong>Acordo Universidade empresa. Departamento de Microbiologia, Faculdade de Ci\u00eancias Biol\u00f3gicas. Universidade de Val\u00eancia. (UVEG) (2006-2007)<\/p><p>\u00a0<\/p><p><strong>Otimiza\u00e7\u00e3o de leveduras para uso enol\u00f3gico.<\/strong> Grupo de Investiga\u00e7\u00e3o, Departamento de Ci\u00eancias Biom\u00e9dicas, \u00c1rea de Microbiologia, Universidade da Extremadura (UEX). Escola T\u00e9cnica Superior de Engenheiros Agr\u00f3nomos, Universidade Polit\u00e9cnica de Madrid (UPM). Programa Inmoempresa, Junta de Castilla La Mancha (2007-2008).<\/p><p>\u00a0<\/p><p><strong>Controlo de qualidade da produ\u00e7\u00e3o industrial na forma de levedura seca ativa e implanta\u00e7\u00e3o na vinifica\u00e7\u00e3o de duas estirpes de leveduras: BM58 (CECT13003) e BM60 (CECT13004).<\/strong> Instituto de Agroqu\u00edmica e Tecnologia de Alimentos IATA-CSIC (2008-2009)<\/p><p>\u00a0<\/p><p><strong>Elabora\u00e7\u00e3o de mostos tintos de zonas quentes com elevada implanta\u00e7\u00e3o de leveduras v\u00ednicas selecionadas.<\/strong> Projeto CENIT.: Desenvolvimento de Estrat\u00e9gias e M\u00e9todos Vit\u00edcolas e Enol\u00f3gicos face \u00e0s altera\u00e7\u00f5es clim\u00e1ticas. Aplica\u00e7\u00e3o de novas tecnologias que melhorem a efici\u00eancia dos processos resultantes DEMETER. Escola T\u00e9cnica Superior de Engenheiros Agr\u00f3nomos, Universidade Polit\u00e9cnica de Madrid. (2008-2011).<\/p><p>\u00a0<\/p><p><strong>Sele\u00e7\u00e3o e melhoria de estirpes de bact\u00e9rias l\u00e1cticas para desenvolver fermenta\u00e7\u00e3o malol\u00e1tica nas novas condi\u00e7\u00f5es de vinifica\u00e7\u00e3o devido \u00e0s altera\u00e7\u00f5es clim\u00e1ticas.<\/strong> Projeto CENIT DEMETER Departamento de Microbiologia Faculdade de Ci\u00eancias Biol\u00f3gicas Universidade de Val\u00eancia (UVEG) (2008-2011).<\/p><p>\u00a0<\/p><p><strong>Nutrientes nitrogenados na fermenta\u00e7\u00e3o alco\u00f3lica: necessidade e efeito no seu desenvolvimento.<\/strong> Universidade Rovira i Virgili (RiV) Instituto de Agroqu\u00edmica e Tecnologia de Alimentos IATA-CSIC. Projeto CENIT: DEMETER (2008-2011).<\/p><p>\u00a0<\/p><p><strong>Aspetos que influenciam a qualidade dos espumantes produzidos pelo m\u00e9todo tradicional.<\/strong> Universidade Rovira i Virgili (RiV) Instituto de Agroqu\u00edmica e Tecnologia de Alimentos IATA-CSIC. Projeto CENIT: DEMETER (2008-2011).<\/p><p><strong>Utiliza\u00e7\u00e3o de estirpes Killer para o controlo biol\u00f3gico de <em>Brettanomyces bruxelliensis<\/em> em fermenta\u00e7\u00f5es v\u00ednicas.<\/strong> Acordo Universidade-Empresa. Departamento de Microbiologia III, Universidade Complutense de Madrid (2009-2010).<\/p>\t\t\t\t\t\t\t\t<\/div>\n\t\t\t\t<\/div>\n\t\t\t\t<div class=\"elementor-element elementor-element-eb8d352 elementor-widget elementor-widget-button\" data-id=\"eb8d352\" data-element_type=\"widget\" data-e-type=\"widget\" data-widget_type=\"button.default\">\n\t\t\t\t<div class=\"elementor-widget-container\">\n\t\t\t\t\t\t\t\t\t<div class=\"elementor-button-wrapper\">\n\t\t\t\t\t<a class=\"elementor-button elementor-size-sm\" role=\"button\">\n\t\t\t\t\t\t<span class=\"elementor-button-content-wrapper\">\n\t\t\t\t\t\t\t\t\t<span class=\"elementor-button-text\">FICHA T\u00c9CNICA DO PROJECTO<\/span>\n\t\t\t\t\t<\/span>\n\t\t\t\t\t<\/a>\n\t\t\t\t<\/div>\n\t\t\t\t\t\t\t\t<\/div>\n\t\t\t\t<\/div>\n\t\t\t\t\t<\/div>\n\t\t<\/div>\n\t\t\t\t\t<\/div>\n\t\t<\/section>\n\t\t\t\t<\/div>\n\t\t","protected":false},"excerpt":{"rendered":"<p>INVESTIGA\u00c7\u00c3O E DESENVOLVIMENTO 2003-2011 Aplica\u00e7\u00e3o de leveduras selecionadas \u00e0 Ind\u00fastria Enol\u00f3gica. Acordo Universidade-Empresa. Escola T\u00e9cnica Superior de Engenheiros Agr\u00f3nomos, Universidade Polit\u00e9cnica de Madrid (2003-2004). \u00a0 Aplica\u00e7\u00e3o de leveduras selecionadas na vinifica\u00e7\u00e3o em tintos. Acordo Universidade-Empresa. Escola T\u00e9cnica Superior de Engenheiros Agr\u00f3nomos, Universidade Polit\u00e9cnica de Madrid (2004-2005). Desenvolvimento de um m\u00e9todo r\u00e1pido de quantifica\u00e7\u00e3o de precursores [&hellip;]<\/p>\n","protected":false},"author":359,"featured_media":0,"parent":78149,"menu_order":0,"comment_status":"closed","ping_status":"closed","template":"","meta":{"_acf_changed":false,"inline_featured_image":false,"site-sidebar-layout":"no-sidebar","site-content-layout":"page-builder","ast-site-content-layout":"default","site-content-style":"default","site-sidebar-style":"default","ast-global-header-display":"","ast-banner-title-visibility":"","ast-main-header-display":"","ast-hfb-above-header-display":"","ast-hfb-below-header-display":"","ast-hfb-mobile-header-display":"","site-post-title":"disabled","ast-breadcrumbs-content":"","ast-featured-img":"disabled","footer-sml-layout":"","ast-disable-related-posts":"","theme-transparent-header-meta":"","adv-header-id-meta":"","stick-header-meta":"","header-above-stick-meta":"","header-main-stick-meta":"","header-below-stick-meta":"","astra-migrate-meta-layouts":"default","ast-page-background-enabled":"default","ast-page-background-meta":{"desktop":{"background-color":"var(--ast-global-color-5)","background-image":"","background-repeat":"repeat","background-position":"center center","background-size":"auto","background-attachment":"scroll","background-type":"","background-media":"","overlay-type":"","overlay-color":"","overlay-opacity":"","overlay-gradient":""},"tablet":{"background-color":"","background-image":"","background-repeat":"repeat","background-position":"center center","background-size":"auto","background-attachment":"scroll","background-type":"","background-media":"","overlay-type":"","overlay-color":"","overlay-opacity":"","overlay-gradient":""},"mobile":{"background-color":"","background-image":"","background-repeat":"repeat","background-position":"center center","background-size":"auto","background-attachment":"scroll","background-type":"","background-media":"","overlay-type":"","overlay-color":"","overlay-opacity":"","overlay-gradient":""}},"ast-content-background-meta":{"desktop":{"background-color":"var(--ast-global-color-4)","background-image":"","background-repeat":"repeat","background-position":"center center","background-size":"auto","background-attachment":"scroll","background-type":"","background-media":"","overlay-type":"","overlay-color":"","overlay-opacity":"","overlay-gradient":""},"tablet":{"background-color":"var(--ast-global-color-4)","background-image":"","background-repeat":"repeat","background-position":"center center","background-size":"auto","background-attachment":"scroll","background-type":"","background-media":"","overlay-type":"","overlay-color":"","overlay-opacity":"","overlay-gradient":""},"mobile":{"background-color":"var(--ast-global-color-4)","background-image":"","background-repeat":"repeat","background-position":"center center","background-size":"auto","background-attachment":"scroll","background-type":"","background-media":"","overlay-type":"","overlay-color":"","overlay-opacity":"","overlay-gradient":""}},"footnotes":""},"class_list":["post-78101","page","type-page","status-publish","hentry"],"acf":[],"_links":{"self":[{"href":"https:\/\/agrovin.com\/pt-pt\/wp-json\/wp\/v2\/pages\/78101","targetHints":{"allow":["GET"]}}],"collection":[{"href":"https:\/\/agrovin.com\/pt-pt\/wp-json\/wp\/v2\/pages"}],"about":[{"href":"https:\/\/agrovin.com\/pt-pt\/wp-json\/wp\/v2\/types\/page"}],"author":[{"embeddable":true,"href":"https:\/\/agrovin.com\/pt-pt\/wp-json\/wp\/v2\/users\/359"}],"replies":[{"embeddable":true,"href":"https:\/\/agrovin.com\/pt-pt\/wp-json\/wp\/v2\/comments?post=78101"}],"version-history":[{"count":0,"href":"https:\/\/agrovin.com\/pt-pt\/wp-json\/wp\/v2\/pages\/78101\/revisions"}],"up":[{"embeddable":true,"href":"https:\/\/agrovin.com\/pt-pt\/wp-json\/wp\/v2\/pages\/78149"}],"wp:attachment":[{"href":"https:\/\/agrovin.com\/pt-pt\/wp-json\/wp\/v2\/media?parent=78101"}],"curies":[{"name":"wp","href":"https:\/\/api.w.org\/{rel}","templated":true}]}}