{"id":78073,"date":"2022-06-09T12:28:22","date_gmt":"2022-06-09T11:28:22","guid":{"rendered":"https:\/\/staging.agrovin.com\/desenvolvimento-de-um-itinerario-enologico-para-produzir-vinhos-de-alta-qualidade-sem-dioxido-de-enxofre-id\/"},"modified":"2025-06-27T09:45:45","modified_gmt":"2025-06-27T07:45:45","slug":"desenvolvimento-de-um-itinerario-enologico-para-produzir-vinhos-de-alta-qualidade-sem-dioxido-de-enxofre-id","status":"publish","type":"page","link":"https:\/\/agrovin.com\/pt-pt\/projectos-de-id\/desenvolvimento-de-um-itinerario-enologico-para-produzir-vinhos-de-alta-qualidade-sem-dioxido-de-enxofre-id\/","title":{"rendered":"Desenvolvimento de um itiner\u00e1rio enol\u00f3gico para produzir vinhos de alta qualidade sem di\u00f3xido de enxofre I&#038;D"},"content":{"rendered":"\t\t<div data-elementor-type=\"wp-page\" data-elementor-id=\"78073\" class=\"elementor elementor-78073 elementor-64409\" data-elementor-post-type=\"page\">\n\t\t\t\t\t\t<section class=\"elementor-section elementor-top-section elementor-element elementor-element-d49dcda elementor-section-height-min-height elementor-section-boxed elementor-section-height-default elementor-section-items-middle\" data-id=\"d49dcda\" data-element_type=\"section\" data-e-type=\"section\" data-settings=\"{&quot;background_background&quot;:&quot;classic&quot;}\">\n\t\t\t\t\t\t<div class=\"elementor-container elementor-column-gap-default\">\n\t\t\t\t\t<div class=\"elementor-column elementor-col-100 elementor-top-column elementor-element elementor-element-24029d2\" data-id=\"24029d2\" data-element_type=\"column\" data-e-type=\"column\">\n\t\t\t<div class=\"elementor-widget-wrap\">\n\t\t\t\t\t\t\t<\/div>\n\t\t<\/div>\n\t\t\t\t\t<\/div>\n\t\t<\/section>\n\t\t\t\t<section class=\"elementor-section elementor-top-section elementor-element elementor-element-b4fb563 elementor-section-boxed elementor-section-height-default elementor-section-height-default\" data-id=\"b4fb563\" data-element_type=\"section\" data-e-type=\"section\">\n\t\t\t\t\t\t<div class=\"elementor-container elementor-column-gap-default\">\n\t\t\t\t\t<div class=\"elementor-column elementor-col-100 elementor-top-column elementor-element elementor-element-0ca43bd\" data-id=\"0ca43bd\" data-element_type=\"column\" data-e-type=\"column\">\n\t\t\t<div class=\"elementor-widget-wrap elementor-element-populated\">\n\t\t\t\t\t\t<div class=\"elementor-element elementor-element-f7e7f69 elementor-widget elementor-widget-heading\" data-id=\"f7e7f69\" data-element_type=\"widget\" data-e-type=\"widget\" data-widget_type=\"heading.default\">\n\t\t\t\t<div class=\"elementor-widget-container\">\n\t\t\t\t\t<h1 class=\"elementor-heading-title elementor-size-default\">Desenvolvimento de um itiner\u00e1rio enol\u00f3gico para produzir vinhos de alta qualidade sem di\u00f3xido de enxofre.<\/h1>\t\t\t\t<\/div>\n\t\t\t\t<\/div>\n\t\t\t\t<div class=\"elementor-element elementor-element-5690c4d elementor-widget elementor-widget-heading\" data-id=\"5690c4d\" data-element_type=\"widget\" data-e-type=\"widget\" data-widget_type=\"heading.default\">\n\t\t\t\t<div class=\"elementor-widget-container\">\n\t\t\t\t\t<h2 class=\"elementor-heading-title elementor-size-default\">OBJETIVO:<\/h2>\t\t\t\t<\/div>\n\t\t\t\t<\/div>\n\t\t\t\t<div class=\"elementor-element elementor-element-6587402 elementor-widget elementor-widget-text-editor\" data-id=\"6587402\" data-element_type=\"widget\" data-e-type=\"widget\" data-widget_type=\"text-editor.default\">\n\t\t\t\t<div class=\"elementor-widget-container\">\n\t\t\t\t\t\t\t\t\t<p>Este \u00e9 um projeto de cons\u00f3rcio liderado por Bodegas Roda S.A. e constitu\u00eddo por tr\u00eas parceiros comerciais, PRODUCTOS AGROVIN S.A., ADEGAS VALMI\u00d1OR e um parceiro tecnol\u00f3gico, FUNDACI\u00d3N PARQUE TECNOL\u00d3GICO DEL VINO (VITEC). O objetivo t\u00e9cnico do projeto \u00e9 desenvolver um itiner\u00e1rio enol\u00f3gico que, atrav\u00e9s da aplica\u00e7\u00e3o de novos aditivos e processos, permita produzir e comercializar vinhos de alta qualidade isentos de di\u00f3xido de enxofre. Para este fim, ser\u00e3o desenvolvidas estrat\u00e9gias para reduzir ou eliminar o di\u00f3xido de enxofre, garantindo a estabilidade microbiol\u00f3gica do vinho, evitando a a\u00e7\u00e3o das polifenol oxidase e a oxida\u00e7\u00e3o qu\u00edmica dos vinhos, em suma, sem afetar negativamente a qualidade do produto. A participa\u00e7\u00e3o da AGROVIN no projeto significa a sua consolida\u00e7\u00e3o no mercado espanhol e internacional de solu\u00e7\u00f5es enol\u00f3gicas, tanto em termos de microrganismos e aditivos como de tecnologia e processos, investigando novas aplica\u00e7\u00f5es de produtos atualmente no mercado e desenvolvendo novos produtos e estrat\u00e9gias de produ\u00e7\u00e3o para substituir a utiliza\u00e7\u00e3o de di\u00f3xido de enxofre em produtos enol\u00f3gicos, oferecendo novas fun\u00e7\u00f5es aos seus produtos e desenvolvendo novas oportunidades comerciais no campo dos aditivos substitutos do di\u00f3xido de enxofre, com as consequentes oportunidades da abertura do mercado e capta\u00e7\u00e3o de novos clientes.<\/p>\t\t\t\t\t\t\t\t<\/div>\n\t\t\t\t<\/div>\n\t\t\t\t<div class=\"elementor-element elementor-element-f5b78da elementor-widget elementor-widget-heading\" data-id=\"f5b78da\" data-element_type=\"widget\" data-e-type=\"widget\" data-widget_type=\"heading.default\">\n\t\t\t\t<div class=\"elementor-widget-container\">\n\t\t\t\t\t<h2 class=\"elementor-heading-title elementor-size-default\">CONVITE:<\/h2>\t\t\t\t<\/div>\n\t\t\t\t<\/div>\n\t\t\t\t<div class=\"elementor-element elementor-element-55155ad elementor-widget elementor-widget-text-editor\" data-id=\"55155ad\" data-element_type=\"widget\" data-e-type=\"widget\" data-widget_type=\"text-editor.default\">\n\t\t\t\t<div class=\"elementor-widget-container\">\n\t\t\t\t\t\t\t\t\t<p>MINECO. INNPACTO 2012.<\/p>\t\t\t\t\t\t\t\t<\/div>\n\t\t\t\t<\/div>\n\t\t\t\t<div class=\"elementor-element elementor-element-45d6010 elementor-widget elementor-widget-heading\" data-id=\"45d6010\" data-element_type=\"widget\" data-e-type=\"widget\" data-widget_type=\"heading.default\">\n\t\t\t\t<div class=\"elementor-widget-container\">\n\t\t\t\t\t<h2 class=\"elementor-heading-title elementor-size-default\">T\u00cdTULO DO PROJETO:<\/h2>\t\t\t\t<\/div>\n\t\t\t\t<\/div>\n\t\t\t\t<div class=\"elementor-element elementor-element-81d4802 elementor-widget elementor-widget-text-editor\" data-id=\"81d4802\" data-element_type=\"widget\" data-e-type=\"widget\" data-widget_type=\"text-editor.default\">\n\t\t\t\t<div class=\"elementor-widget-container\">\n\t\t\t\t\t\t\t\t\t<p>Desenvolvimento de um itiner\u00e1rio enol\u00f3gico para produzir vinhos de alta qualidade isentos de di\u00f3xido de enxofre.<\/p>\t\t\t\t\t\t\t\t<\/div>\n\t\t\t\t<\/div>\n\t\t\t\t<div class=\"elementor-element elementor-element-415da35 elementor-widget elementor-widget-heading\" data-id=\"415da35\" data-element_type=\"widget\" data-e-type=\"widget\" data-widget_type=\"heading.default\">\n\t\t\t\t<div class=\"elementor-widget-container\">\n\t\t\t\t\t<h2 class=\"elementor-heading-title elementor-size-default\">Data de in\u00edcio:<\/h2>\t\t\t\t<\/div>\n\t\t\t\t<\/div>\n\t\t\t\t<div class=\"elementor-element elementor-element-293996b elementor-widget elementor-widget-text-editor\" data-id=\"293996b\" data-element_type=\"widget\" data-e-type=\"widget\" data-widget_type=\"text-editor.default\">\n\t\t\t\t<div class=\"elementor-widget-container\">\n\t\t\t\t\t\t\t\t\t<p>1\/10\/2012<\/p>\t\t\t\t\t\t\t\t<\/div>\n\t\t\t\t<\/div>\n\t\t\t\t<div class=\"elementor-element elementor-element-cdaea1b elementor-widget elementor-widget-heading\" data-id=\"cdaea1b\" data-element_type=\"widget\" data-e-type=\"widget\" data-widget_type=\"heading.default\">\n\t\t\t\t<div class=\"elementor-widget-container\">\n\t\t\t\t\t<h2 class=\"elementor-heading-title elementor-size-default\">Data de fim:<\/h2>\t\t\t\t<\/div>\n\t\t\t\t<\/div>\n\t\t\t\t<div class=\"elementor-element elementor-element-11203a5 elementor-widget elementor-widget-text-editor\" data-id=\"11203a5\" data-element_type=\"widget\" data-e-type=\"widget\" data-widget_type=\"text-editor.default\">\n\t\t\t\t<div class=\"elementor-widget-container\">\n\t\t\t\t\t\t\t\t\t<p>31\/12\/2015<\/p>\t\t\t\t\t\t\t\t<\/div>\n\t\t\t\t<\/div>\n\t\t\t\t<div class=\"elementor-element elementor-element-333fe9c elementor-widget elementor-widget-heading\" data-id=\"333fe9c\" data-element_type=\"widget\" data-e-type=\"widget\" data-widget_type=\"heading.default\">\n\t\t\t\t<div class=\"elementor-widget-container\">\n\t\t\t\t\t<h2 class=\"elementor-heading-title elementor-size-default\">ACR\u00d3NIMO:<\/h2>\t\t\t\t<\/div>\n\t\t\t\t<\/div>\n\t\t\t\t<div class=\"elementor-element elementor-element-ca1647c elementor-widget elementor-widget-text-editor\" data-id=\"ca1647c\" data-element_type=\"widget\" data-e-type=\"widget\" data-widget_type=\"text-editor.default\">\n\t\t\t\t<div class=\"elementor-widget-container\">\n\t\t\t\t\t\t\t\t\t<p>VINNOSO2<\/p>\t\t\t\t\t\t\t\t<\/div>\n\t\t\t\t<\/div>\n\t\t\t\t<div class=\"elementor-element elementor-element-17366a9 elementor-widget elementor-widget-button\" data-id=\"17366a9\" data-element_type=\"widget\" data-e-type=\"widget\" data-widget_type=\"button.default\">\n\t\t\t\t<div class=\"elementor-widget-container\">\n\t\t\t\t\t\t\t\t\t<div class=\"elementor-button-wrapper\">\n\t\t\t\t\t<a class=\"elementor-button elementor-button-link elementor-size-sm\" href=\"https:\/\/agrovin.com\/agrv\/pdf\/ficha_proyectos\/Ficha_tecnica_VINNOSO2.pdf\" target=\"_blank\" rel=\"nofollow\" download=\"https:\/\/agrovin.com\/agrv\/pdf\/ficha_proyectos\/Ficha_tecnica_PLAN_INNOVACION2.pdf\">\n\t\t\t\t\t\t<span class=\"elementor-button-content-wrapper\">\n\t\t\t\t\t\t\t\t\t<span class=\"elementor-button-text\">FICHA T\u00c9CNICA DE PROJECTO<\/span>\n\t\t\t\t\t<\/span>\n\t\t\t\t\t<\/a>\n\t\t\t\t<\/div>\n\t\t\t\t\t\t\t\t<\/div>\n\t\t\t\t<\/div>\n\t\t\t\t\t<\/div>\n\t\t<\/div>\n\t\t\t\t\t<\/div>\n\t\t<\/section>\n\t\t\t\t<section class=\"elementor-section elementor-top-section elementor-element elementor-element-d6fe5a7 elementor-section-boxed elementor-section-height-default elementor-section-height-default\" data-id=\"d6fe5a7\" data-element_type=\"section\" data-e-type=\"section\">\n\t\t\t\t\t\t<div class=\"elementor-container elementor-column-gap-default\">\n\t\t\t\t\t<div class=\"elementor-column elementor-col-33 elementor-top-column elementor-element elementor-element-5642209\" data-id=\"5642209\" data-element_type=\"column\" data-e-type=\"column\">\n\t\t\t<div class=\"elementor-widget-wrap elementor-element-populated\">\n\t\t\t\t\t\t<div class=\"elementor-element elementor-element-915ef16 elementor-widget elementor-widget-image\" data-id=\"915ef16\" data-element_type=\"widget\" data-e-type=\"widget\" data-widget_type=\"image.default\">\n\t\t\t\t<div class=\"elementor-widget-container\">\n\t\t\t\t\t\t\t\t\t\t\t\t\t\t\t<img decoding=\"async\" width=\"300\" height=\"77\" src=\"https:\/\/agrovin.com\/wp-content\/uploads\/2022\/02\/Mineco-300x77-1.png\" class=\"attachment-large size-large wp-image-75389\" alt=\"\" srcset=\"https:\/\/agrovin.com\/wp-content\/uploads\/2022\/02\/Mineco-300x77-1.png 300w, https:\/\/agrovin.com\/wp-content\/uploads\/2022\/02\/Mineco-300x77-1-270x69.png 270w\" sizes=\"(max-width: 300px) 100vw, 300px\" title=\"\">\t\t\t\t\t\t\t\t\t\t\t\t\t\t\t<\/div>\n\t\t\t\t<\/div>\n\t\t\t\t\t<\/div>\n\t\t<\/div>\n\t\t\t\t<div class=\"elementor-column elementor-col-33 elementor-top-column elementor-element elementor-element-17552ae\" data-id=\"17552ae\" data-element_type=\"column\" data-e-type=\"column\">\n\t\t\t<div class=\"elementor-widget-wrap elementor-element-populated\">\n\t\t\t\t\t\t<div class=\"elementor-element elementor-element-3187556 elementor-widget elementor-widget-image\" data-id=\"3187556\" data-element_type=\"widget\" data-e-type=\"widget\" data-widget_type=\"image.default\">\n\t\t\t\t<div class=\"elementor-widget-container\">\n\t\t\t\t\t\t\t\t\t\t\t\t\t\t\t<img decoding=\"async\" width=\"299\" height=\"76\" src=\"https:\/\/agrovin.com\/wp-content\/uploads\/2022\/02\/agrovin-ue.jpg\" class=\"attachment-large size-large wp-image-74879\" alt=\"\" srcset=\"https:\/\/agrovin.com\/wp-content\/uploads\/2022\/02\/agrovin-ue.jpg 299w, https:\/\/agrovin.com\/wp-content\/uploads\/2022\/02\/agrovin-ue-270x69.jpg 270w\" sizes=\"(max-width: 299px) 100vw, 299px\" title=\"\">\t\t\t\t\t\t\t\t\t\t\t\t\t\t\t<\/div>\n\t\t\t\t<\/div>\n\t\t\t\t\t<\/div>\n\t\t<\/div>\n\t\t\t\t<div class=\"elementor-column elementor-col-33 elementor-top-column elementor-element elementor-element-8dbb1c1\" data-id=\"8dbb1c1\" data-element_type=\"column\" data-e-type=\"column\">\n\t\t\t<div class=\"elementor-widget-wrap\">\n\t\t\t\t\t\t\t<\/div>\n\t\t<\/div>\n\t\t\t\t\t<\/div>\n\t\t<\/section>\n\t\t\t\t<\/div>\n\t\t","protected":false},"excerpt":{"rendered":"<p>Desenvolvimento de um itiner\u00e1rio enol\u00f3gico para produzir vinhos de alta qualidade sem di\u00f3xido de enxofre. OBJETIVO: Este \u00e9 um projeto de cons\u00f3rcio liderado por Bodegas Roda S.A. e constitu\u00eddo por tr\u00eas parceiros comerciais, PRODUCTOS AGROVIN S.A., ADEGAS VALMI\u00d1OR e um parceiro tecnol\u00f3gico, FUNDACI\u00d3N PARQUE TECNOL\u00d3GICO DEL VINO (VITEC). O objetivo t\u00e9cnico do projeto \u00e9 desenvolver [&hellip;]<\/p>\n","protected":false},"author":359,"featured_media":0,"parent":78149,"menu_order":0,"comment_status":"closed","ping_status":"closed","template":"","meta":{"_acf_changed":false,"inline_featured_image":false,"site-sidebar-layout":"no-sidebar","site-content-layout":"page-builder","ast-site-content-layout":"full-width-container","site-content-style":"unboxed","site-sidebar-style":"unboxed","ast-global-header-display":"","ast-banner-title-visibility":"","ast-main-header-display":"","ast-hfb-above-header-display":"","ast-hfb-below-header-display":"","ast-hfb-mobile-header-display":"","site-post-title":"disabled","ast-breadcrumbs-content":"","ast-featured-img":"disabled","footer-sml-layout":"","ast-disable-related-posts":"","theme-transparent-header-meta":"default","adv-header-id-meta":"","stick-header-meta":"","header-above-stick-meta":"","header-main-stick-meta":"","header-below-stick-meta":"","astra-migrate-meta-layouts":"set","ast-page-background-enabled":"default","ast-page-background-meta":{"desktop":{"background-color":"var(--ast-global-color-5)","background-image":"","background-repeat":"repeat","background-position":"center center","background-size":"auto","background-attachment":"scroll","background-type":"","background-media":"","overlay-type":"","overlay-color":"","overlay-opacity":"","overlay-gradient":""},"tablet":{"background-color":"","background-image":"","background-repeat":"repeat","background-position":"center center","background-size":"auto","background-attachment":"scroll","background-type":"","background-media":"","overlay-type":"","overlay-color":"","overlay-opacity":"","overlay-gradient":""},"mobile":{"background-color":"","background-image":"","background-repeat":"repeat","background-position":"center center","background-size":"auto","background-attachment":"scroll","background-type":"","background-media":"","overlay-type":"","overlay-color":"","overlay-opacity":"","overlay-gradient":""}},"ast-content-background-meta":{"desktop":{"background-color":"var(--ast-global-color-4)","background-image":"","background-repeat":"repeat","background-position":"center center","background-size":"auto","background-attachment":"scroll","background-type":"","background-media":"","overlay-type":"","overlay-color":"","overlay-opacity":"","overlay-gradient":""},"tablet":{"background-color":"var(--ast-global-color-4)","background-image":"","background-repeat":"repeat","background-position":"center center","background-size":"auto","background-attachment":"scroll","background-type":"","background-media":"","overlay-type":"","overlay-color":"","overlay-opacity":"","overlay-gradient":""},"mobile":{"background-color":"var(--ast-global-color-4)","background-image":"","background-repeat":"repeat","background-position":"center center","background-size":"auto","background-attachment":"scroll","background-type":"","background-media":"","overlay-type":"","overlay-color":"","overlay-opacity":"","overlay-gradient":""}},"footnotes":""},"class_list":["post-78073","page","type-page","status-publish","hentry"],"acf":[],"_links":{"self":[{"href":"https:\/\/agrovin.com\/pt-pt\/wp-json\/wp\/v2\/pages\/78073","targetHints":{"allow":["GET"]}}],"collection":[{"href":"https:\/\/agrovin.com\/pt-pt\/wp-json\/wp\/v2\/pages"}],"about":[{"href":"https:\/\/agrovin.com\/pt-pt\/wp-json\/wp\/v2\/types\/page"}],"author":[{"embeddable":true,"href":"https:\/\/agrovin.com\/pt-pt\/wp-json\/wp\/v2\/users\/359"}],"replies":[{"embeddable":true,"href":"https:\/\/agrovin.com\/pt-pt\/wp-json\/wp\/v2\/comments?post=78073"}],"version-history":[{"count":4,"href":"https:\/\/agrovin.com\/pt-pt\/wp-json\/wp\/v2\/pages\/78073\/revisions"}],"predecessor-version":[{"id":120454,"href":"https:\/\/agrovin.com\/pt-pt\/wp-json\/wp\/v2\/pages\/78073\/revisions\/120454"}],"up":[{"embeddable":true,"href":"https:\/\/agrovin.com\/pt-pt\/wp-json\/wp\/v2\/pages\/78149"}],"wp:attachment":[{"href":"https:\/\/agrovin.com\/pt-pt\/wp-json\/wp\/v2\/media?parent=78073"}],"curies":[{"name":"wp","href":"https:\/\/api.w.org\/{rel}","templated":true}]}}