{"id":106058,"date":"2023-06-25T23:32:13","date_gmt":"2023-06-25T22:32:13","guid":{"rendered":"https:\/\/agrovin.com\/projectos-de-id\/validacion-de-levaduras-y-estudio-de-sustancias-conservantes-en-cervezas-sin-estabilizacion-microbiologica-previa\/"},"modified":"2025-06-26T16:21:20","modified_gmt":"2025-06-26T14:21:20","slug":"validacao-de-leveduras-e-estudo-de-conservantes-de-cerveja-sem-estabilizacao-microbiologica-previa","status":"publish","type":"page","link":"https:\/\/agrovin.com\/pt-pt\/projectos-de-id\/validacao-de-leveduras-e-estudo-de-conservantes-de-cerveja-sem-estabilizacao-microbiologica-previa\/","title":{"rendered":"VALIDA\u00c7\u00c3O DE LEVEDURAS E ESTUDO DE CONSERVANTES DE CERVEJA SEM ESTABILIZA\u00c7\u00c3O MICROBIOL\u00d3GICA PR\u00c9VIA"},"content":{"rendered":"\t\t<div data-elementor-type=\"wp-page\" data-elementor-id=\"106058\" class=\"elementor elementor-106058 elementor-105993\" data-elementor-post-type=\"page\">\n\t\t\t\t\t\t<section class=\"elementor-section elementor-top-section elementor-element elementor-element-a41bd65 elementor-section-height-min-height elementor-section-boxed elementor-section-height-default elementor-section-items-middle\" data-id=\"a41bd65\" data-element_type=\"section\" data-e-type=\"section\" data-settings=\"{&quot;background_background&quot;:&quot;classic&quot;}\">\n\t\t\t\t\t\t<div class=\"elementor-container elementor-column-gap-default\">\n\t\t\t\t\t<div class=\"elementor-column elementor-col-100 elementor-top-column elementor-element elementor-element-6193e3a\" data-id=\"6193e3a\" data-element_type=\"column\" data-e-type=\"column\">\n\t\t\t<div class=\"elementor-widget-wrap\">\n\t\t\t\t\t\t\t<\/div>\n\t\t<\/div>\n\t\t\t\t\t<\/div>\n\t\t<\/section>\n\t\t\t\t<section class=\"elementor-section elementor-top-section elementor-element elementor-element-986b3a2 elementor-section-boxed elementor-section-height-default elementor-section-height-default\" data-id=\"986b3a2\" data-element_type=\"section\" data-e-type=\"section\">\n\t\t\t\t\t\t<div class=\"elementor-container elementor-column-gap-default\">\n\t\t\t\t\t<div class=\"elementor-column elementor-col-100 elementor-top-column elementor-element elementor-element-a537cfa\" data-id=\"a537cfa\" data-element_type=\"column\" data-e-type=\"column\">\n\t\t\t<div class=\"elementor-widget-wrap elementor-element-populated\">\n\t\t\t\t\t\t<div class=\"elementor-element elementor-element-fe18418 elementor-widget elementor-widget-heading\" data-id=\"fe18418\" data-element_type=\"widget\" data-e-type=\"widget\" data-widget_type=\"heading.default\">\n\t\t\t\t<div class=\"elementor-widget-container\">\n\t\t\t\t\t<h1 class=\"elementor-heading-title elementor-size-default\">Valida\u00e7\u00e3o de leveduras e estudo de conservantes de cerveja sem estabiliza\u00e7\u00e3o microbiol\u00f3gica pr\u00e9via<\/h1>\t\t\t\t<\/div>\n\t\t\t\t<\/div>\n\t\t\t\t<div class=\"elementor-element elementor-element-a90a6fe elementor-widget elementor-widget-text-editor\" data-id=\"a90a6fe\" data-element_type=\"widget\" data-e-type=\"widget\" data-widget_type=\"text-editor.default\">\n\t\t\t\t<div class=\"elementor-widget-container\">\n\t\t\t\t\t\t\t\t\t<p><strong>OBJETIVO: <\/strong>Estudo de conservantes em cerveja artesanal sem estabiliza\u00e7\u00e3o microbiol\u00f3gica pr\u00e9via, a fim de proporcionar manuten\u00e7\u00e3o alternativa ao produto acabado, al\u00e9m do uso de leveduras enol\u00f3gicas para fabrica\u00e7\u00e3o de cerveja.<\/p><p>Este projeto beneficia de apoio financeiro da Uni\u00e3o Europeia atrav\u00e9s de fundos do FEDER e da Junta de Comunidades de Castilla-La Mancha.<\/p><p><strong>CALL: <\/strong>Programa Innova -Adelante da Junta de Comunidades de Castilla- La Mancha.\u00a0Projeto para o desenvolvimento, implementa\u00e7\u00e3o ou comissionamento de novos bens ou servi\u00e7os.<\/p><p><strong>T\u00cdTULO:<\/strong> Nova ferramenta de monitoriza\u00e7\u00e3o e rastreabilidade do vinho em barricas.<\/p><p><strong>Data de come\u00e7o: <\/strong>02\/10\/2021<\/p><p><strong>Data de fim: <\/strong>30\/09\/2023<\/p><p><strong>ACR\u00d3NIMO: <\/strong>CERVESTAB<\/p>\t\t\t\t\t\t\t\t<\/div>\n\t\t\t\t<\/div>\n\t\t\t\t<div class=\"elementor-element elementor-element-0ebcf75 elementor-widget elementor-widget-button\" data-id=\"0ebcf75\" data-element_type=\"widget\" data-e-type=\"widget\" data-widget_type=\"button.default\">\n\t\t\t\t<div class=\"elementor-widget-container\">\n\t\t\t\t\t\t\t\t\t<div class=\"elementor-button-wrapper\">\n\t\t\t\t\t<a class=\"elementor-button elementor-button-link elementor-size-sm\" href=\"https:\/\/agrovin.com\/agrv\/pdf\/ficha_proyectos\/Proyecto%20JCCM-CERVESTAB.pdf\" target=\"_blank\" rel=\"nofollow\" download=\"https:\/\/agrovin.com\/agrv\/pdf\/ficha_proyectos\/Ficha_tecnica_PLAN_INNOVACION2.pdf\">\n\t\t\t\t\t\t<span class=\"elementor-button-content-wrapper\">\n\t\t\t\t\t\t\t\t\t<span class=\"elementor-button-text\">FICHA T\u00c9CNICA DO PROJECTO<\/span>\n\t\t\t\t\t<\/span>\n\t\t\t\t\t<\/a>\n\t\t\t\t<\/div>\n\t\t\t\t\t\t\t\t<\/div>\n\t\t\t\t<\/div>\n\t\t\t\t\t<\/div>\n\t\t<\/div>\n\t\t\t\t\t<\/div>\n\t\t<\/section>\n\t\t\t\t<section class=\"elementor-section elementor-top-section elementor-element elementor-element-7935991 elementor-section-boxed elementor-section-height-default elementor-section-height-default\" data-id=\"7935991\" data-element_type=\"section\" data-e-type=\"section\">\n\t\t\t\t\t\t<div class=\"elementor-container elementor-column-gap-default\">\n\t\t\t\t\t<div class=\"elementor-column elementor-col-33 elementor-top-column elementor-element elementor-element-612d65c\" data-id=\"612d65c\" data-element_type=\"column\" data-e-type=\"column\">\n\t\t\t<div class=\"elementor-widget-wrap elementor-element-populated\">\n\t\t\t\t\t\t<div class=\"elementor-element elementor-element-18f42ab elementor-widget elementor-widget-image\" data-id=\"18f42ab\" data-element_type=\"widget\" data-e-type=\"widget\" data-widget_type=\"image.default\">\n\t\t\t\t<div class=\"elementor-widget-container\">\n\t\t\t\t\t\t\t\t\t\t\t\t\t\t\t<img decoding=\"async\" width=\"299\" height=\"76\" src=\"https:\/\/agrovin.com\/wp-content\/uploads\/2023\/06\/agrovin-ue.jpg.webp\" class=\"attachment-large size-large wp-image-106000\" alt=\"\" srcset=\"https:\/\/agrovin.com\/wp-content\/uploads\/2023\/06\/agrovin-ue.jpg.webp 299w, https:\/\/agrovin.com\/wp-content\/uploads\/2023\/06\/agrovin-ue.jpg-270x69.webp 270w\" sizes=\"(max-width: 299px) 100vw, 299px\" title=\"\">\t\t\t\t\t\t\t\t\t\t\t\t\t\t\t<\/div>\n\t\t\t\t<\/div>\n\t\t\t\t\t<\/div>\n\t\t<\/div>\n\t\t\t\t<div class=\"elementor-column elementor-col-33 elementor-top-column elementor-element elementor-element-0b63432\" data-id=\"0b63432\" data-element_type=\"column\" data-e-type=\"column\">\n\t\t\t<div class=\"elementor-widget-wrap elementor-element-populated\">\n\t\t\t\t\t\t<div class=\"elementor-element elementor-element-bddb387 elementor-widget elementor-widget-image\" data-id=\"bddb387\" data-element_type=\"widget\" data-e-type=\"widget\" data-widget_type=\"image.default\">\n\t\t\t\t<div class=\"elementor-widget-container\">\n\t\t\t\t\t\t\t\t\t\t\t\t\t\t\t<img decoding=\"async\" width=\"250\" height=\"166\" src=\"https:\/\/agrovin.com\/wp-content\/uploads\/2023\/06\/junta-CLM-250x166-1.png.webp\" class=\"attachment-large size-large wp-image-106006\" alt=\"\" title=\"\">\t\t\t\t\t\t\t\t\t\t\t\t\t\t\t<\/div>\n\t\t\t\t<\/div>\n\t\t\t\t\t<\/div>\n\t\t<\/div>\n\t\t\t\t<div class=\"elementor-column elementor-col-33 elementor-top-column elementor-element elementor-element-3ee3c46\" data-id=\"3ee3c46\" data-element_type=\"column\" data-e-type=\"column\">\n\t\t\t<div class=\"elementor-widget-wrap\">\n\t\t\t\t\t\t\t<\/div>\n\t\t<\/div>\n\t\t\t\t\t<\/div>\n\t\t<\/section>\n\t\t\t\t<\/div>\n\t\t","protected":false},"excerpt":{"rendered":"<p>Valida\u00e7\u00e3o de leveduras e estudo de conservantes de cerveja sem estabiliza\u00e7\u00e3o microbiol\u00f3gica pr\u00e9via OBJETIVO: Estudo de conservantes em cerveja artesanal sem estabiliza\u00e7\u00e3o microbiol\u00f3gica pr\u00e9via, a fim de proporcionar manuten\u00e7\u00e3o alternativa ao produto acabado, al\u00e9m do uso de leveduras enol\u00f3gicas para fabrica\u00e7\u00e3o de cerveja. Este projeto beneficia de apoio financeiro da Uni\u00e3o Europeia atrav\u00e9s de fundos [&hellip;]<\/p>\n","protected":false},"author":359,"featured_media":0,"parent":78149,"menu_order":0,"comment_status":"closed","ping_status":"closed","template":"","meta":{"_acf_changed":false,"inline_featured_image":false,"site-sidebar-layout":"no-sidebar","site-content-layout":"page-builder","ast-site-content-layout":"full-width-container","site-content-style":"unboxed","site-sidebar-style":"unboxed","ast-global-header-display":"","ast-banner-title-visibility":"","ast-main-header-display":"","ast-hfb-above-header-display":"","ast-hfb-below-header-display":"","ast-hfb-mobile-header-display":"","site-post-title":"disabled","ast-breadcrumbs-content":"","ast-featured-img":"disabled","footer-sml-layout":"","ast-disable-related-posts":"","theme-transparent-header-meta":"default","adv-header-id-meta":"","stick-header-meta":"","header-above-stick-meta":"","header-main-stick-meta":"","header-below-stick-meta":"","astra-migrate-meta-layouts":"set","ast-page-background-enabled":"default","ast-page-background-meta":{"desktop":{"background-color":"var(--ast-global-color-5)","background-image":"","background-repeat":"repeat","background-position":"center center","background-size":"auto","background-attachment":"scroll","background-type":"","background-media":"","overlay-type":"","overlay-color":"","overlay-opacity":"","overlay-gradient":""},"tablet":{"background-color":"","background-image":"","background-repeat":"repeat","background-position":"center center","background-size":"auto","background-attachment":"scroll","background-type":"","background-media":"","overlay-type":"","overlay-color":"","overlay-opacity":"","overlay-gradient":""},"mobile":{"background-color":"","background-image":"","background-repeat":"repeat","background-position":"center center","background-size":"auto","background-attachment":"scroll","background-type":"","background-media":"","overlay-type":"","overlay-color":"","overlay-opacity":"","overlay-gradient":""}},"ast-content-background-meta":{"desktop":{"background-color":"var(--ast-global-color-4)","background-image":"","background-repeat":"repeat","background-position":"center center","background-size":"auto","background-attachment":"scroll","background-type":"","background-media":"","overlay-type":"","overlay-color":"","overlay-opacity":"","overlay-gradient":""},"tablet":{"background-color":"var(--ast-global-color-4)","background-image":"","background-repeat":"repeat","background-position":"center center","background-size":"auto","background-attachment":"scroll","background-type":"","background-media":"","overlay-type":"","overlay-color":"","overlay-opacity":"","overlay-gradient":""},"mobile":{"background-color":"var(--ast-global-color-4)","background-image":"","background-repeat":"repeat","background-position":"center center","background-size":"auto","background-attachment":"scroll","background-type":"","background-media":"","overlay-type":"","overlay-color":"","overlay-opacity":"","overlay-gradient":""}},"footnotes":""},"class_list":["post-106058","page","type-page","status-publish","hentry"],"acf":[],"_links":{"self":[{"href":"https:\/\/agrovin.com\/pt-pt\/wp-json\/wp\/v2\/pages\/106058","targetHints":{"allow":["GET"]}}],"collection":[{"href":"https:\/\/agrovin.com\/pt-pt\/wp-json\/wp\/v2\/pages"}],"about":[{"href":"https:\/\/agrovin.com\/pt-pt\/wp-json\/wp\/v2\/types\/page"}],"author":[{"embeddable":true,"href":"https:\/\/agrovin.com\/pt-pt\/wp-json\/wp\/v2\/users\/359"}],"replies":[{"embeddable":true,"href":"https:\/\/agrovin.com\/pt-pt\/wp-json\/wp\/v2\/comments?post=106058"}],"version-history":[{"count":1,"href":"https:\/\/agrovin.com\/pt-pt\/wp-json\/wp\/v2\/pages\/106058\/revisions"}],"predecessor-version":[{"id":120427,"href":"https:\/\/agrovin.com\/pt-pt\/wp-json\/wp\/v2\/pages\/106058\/revisions\/120427"}],"up":[{"embeddable":true,"href":"https:\/\/agrovin.com\/pt-pt\/wp-json\/wp\/v2\/pages\/78149"}],"wp:attachment":[{"href":"https:\/\/agrovin.com\/pt-pt\/wp-json\/wp\/v2\/media?parent=106058"}],"curies":[{"name":"wp","href":"https:\/\/api.w.org\/{rel}","templated":true}]}}