{"id":89904,"date":"2018-03-06T14:56:07","date_gmt":"2022-11-04T19:17:46","guid":{"rendered":"https:\/\/staging.agrovin.com\/senza-categoria\/sulphur\/"},"modified":"2022-11-06T17:54:55","modified_gmt":"2022-11-06T16:54:55","slug":"sulphur","status":"publish","type":"product","link":"https:\/\/agrovin.com\/it\/prodotti-enologici\/antiossidanti\/sulphur\/","title":{"rendered":"SULPHUR"},"content":{"rendered":"<h3>CARATTERISTICHE<\/h3>\n<p>Un uso corretto della SO2 permette di ottenere vini meno ossidati, con un colore e un aroma migliori, e un&#8217;acidit\u00e0 volatile pi\u00f9 bassa, grazie agli effetti che pu\u00f2 esercitare:<\/p>\n<ul>\n<li>Antiossidante: ha propriet\u00e0 riduttive, cattura l&#8217;ossigeno e previene la comparsa di note ossidative. Anti-ossidasi: distrugge le ossidasi, impedendo la formazione di crepe.<\/li>\n<li>Antimicrobico: esercita attivit\u00e0 inibitoria su lieviti, batteri lattici e batteri dell&#8217;acido acetico.<\/li>\n<\/ul>\n<h3>APPLICAZIONE<\/h3>\n<p>Su mosto e\/o vino.<\/p>\n<h3>DOSAGGIO<\/h3>\n<p>Dose normale di raccolta:<\/p>\n<ul>\n<li>Zolfo 6 50 &#8211; 133 ml\/hl<\/li>\n<li>Zolfo 10 30 &#8211; 80 ml\/hl<\/li>\n<li>Zolfo 15 20 &#8211; 53 ml\/hl<\/li>\n<li>Zolfo 18 17 &#8211; 44 ml\/hl<\/li>\n<\/ul>\n<p>Il dosaggio dipende dallo stato di salute delle uve e dall&#8217;acidit\u00e0 dei mosti e dei vini.<br \/>\nPer il suo corretto dosaggio \u00e8 necessario indicare che 1 litro di:<\/p>\n<ul>\n<li>Lo zolfo 6 fornisce 60 g\/l di SO2.<\/li>\n<li>Lo zolfo 10 fornisce 100 g\/l di SO2.<\/li>\n<li>Lo zolfo 15 fornisce 150 g\/l di SO2.<\/li>\n<li>Lo zolfo 18 fornisce 180 g\/l di SO2.<\/li>\n<\/ul>\n<p>Il contenuto totale di anidride solforosa non pu\u00f2 superare i 150 mg\/l per i vini rossi e i 200 mg\/l per i vini bianchi e rosati. Se la quantit\u00e0 di zucchero residuo (espresso come glucosio+fruttosio) \u00e8 pari o superiore a 5 g\/l, i valori consentiti sono 200 mg\/l per i vini rossi e 250 mg\/l per i vini bianchi e rosati.<\/p>\n","protected":false},"excerpt":{"rendered":"<p>Lo zolfo \u00e8 una soluzione acquosa di anidride solforosa.<\/p>\n","protected":false},"featured_media":21483,"template":"","meta":{"_acf_changed":false,"inline_featured_image":false,"site-sidebar-layout":"default","site-content-layout":"default","ast-site-content-layout":"default","site-content-style":"default","site-sidebar-style":"default","ast-global-header-display":"","ast-banner-title-visibility":"","ast-main-header-display":"","ast-hfb-above-header-display":"","ast-hfb-below-header-display":"","ast-hfb-mobile-header-display":"","site-post-title":"","ast-breadcrumbs-content":"","ast-featured-img":"","footer-sml-layout":"","ast-disable-related-posts":"","theme-transparent-header-meta":"default","adv-header-id-meta":"","stick-header-meta":"","header-above-stick-meta":"","header-main-stick-meta":"","header-below-stick-meta":"","astra-migrate-meta-layouts":"default","ast-page-background-enabled":"default","ast-page-background-meta":{"desktop":{"background-color":"var(--ast-global-color-5)","background-image":"","background-repeat":"repeat","background-position":"center center","background-size":"auto","background-attachment":"scroll","background-type":"","background-media":"","overlay-type":"","overlay-color":"","overlay-opacity":"","overlay-gradient":""},"tablet":{"background-color":"","background-image":"","background-repeat":"repeat","background-position":"center center","background-size":"auto","background-attachment":"scroll","background-type":"","background-media":"","overlay-type":"","overlay-color":"","overlay-opacity":"","overlay-gradient":""},"mobile":{"background-color":"","background-image":"","background-repeat":"repeat","background-position":"center center","background-size":"auto","background-attachment":"scroll","background-type":"","background-media":"","overlay-type":"","overlay-color":"","overlay-opacity":"","overlay-gradient":""}},"ast-content-background-meta":{"desktop":{"background-color":"var(--ast-global-color-4)","background-image":"","background-repeat":"repeat","background-position":"center center","background-size":"auto","background-attachment":"scroll","background-type":"","background-media":"","overlay-type":"","overlay-color":"","overlay-opacity":"","overlay-gradient":""},"tablet":{"background-color":"var(--ast-global-color-4)","background-image":"","background-repeat":"repeat","background-position":"center center","background-size":"auto","background-attachment":"scroll","background-type":"","background-media":"","overlay-type":"","overlay-color":"","overlay-opacity":"","overlay-gradient":""},"mobile":{"background-color":"var(--ast-global-color-4)","background-image":"","background-repeat":"repeat","background-position":"center center","background-size":"auto","background-attachment":"scroll","background-type":"","background-media":"","overlay-type":"","overlay-color":"","overlay-opacity":"","overlay-gradient":""}}},"product_brand":[],"product_cat":[159],"product_tag":[],"class_list":{"0":"post-89904","1":"product","2":"type-product","3":"status-publish","4":"has-post-thumbnail","6":"product_cat-antiossidanti","7":"pa_ecologico-autorizzato-eu","8":"pa_estilo-de-vino-bianco","9":"pa_estilo-de-vino-rosato","10":"pa_estilo-de-vino-rosso","11":"pa_objetivo-protezione-microbiologica","12":"pa_vegano-vegano-it","13":"desktop-align-left","14":"tablet-align-left","15":"mobile-align-left","17":"first","18":"instock","19":"virtual","20":"product-type-simple"},"acf":[],"_links":{"self":[{"href":"https:\/\/agrovin.com\/it\/wp-json\/wp\/v2\/product\/89904","targetHints":{"allow":["GET"]}}],"collection":[{"href":"https:\/\/agrovin.com\/it\/wp-json\/wp\/v2\/product"}],"about":[{"href":"https:\/\/agrovin.com\/it\/wp-json\/wp\/v2\/types\/product"}],"version-history":[{"count":0,"href":"https:\/\/agrovin.com\/it\/wp-json\/wp\/v2\/product\/89904\/revisions"}],"wp:featuredmedia":[{"embeddable":true,"href":"https:\/\/agrovin.com\/it\/wp-json\/wp\/v2\/media\/21483"}],"wp:attachment":[{"href":"https:\/\/agrovin.com\/it\/wp-json\/wp\/v2\/media?parent=89904"}],"wp:term":[{"taxonomy":"product_brand","embeddable":true,"href":"https:\/\/agrovin.com\/it\/wp-json\/wp\/v2\/product_brand?post=89904"},{"taxonomy":"product_cat","embeddable":true,"href":"https:\/\/agrovin.com\/it\/wp-json\/wp\/v2\/product_cat?post=89904"},{"taxonomy":"product_tag","embeddable":true,"href":"https:\/\/agrovin.com\/it\/wp-json\/wp\/v2\/product_tag?post=89904"}],"curies":[{"name":"wp","href":"https:\/\/api.w.org\/{rel}","templated":true}]}}