{"id":89899,"date":"2018-03-06T16:03:47","date_gmt":"2022-11-04T19:17:38","guid":{"rendered":"https:\/\/staging.agrovin.com\/senza-categoria\/prova-a-smettere\/"},"modified":"2022-11-06T17:43:28","modified_gmt":"2022-11-06T16:43:28","slug":"proveget-quit","status":"publish","type":"product","link":"https:\/\/agrovin.com\/it\/prodotti-enologici\/chiarificanti\/proveget-quit\/","title":{"rendered":"PROVEGET QUIT"},"content":{"rendered":"<h3>CARATTERISTICHE<\/h3>\n<p>Pu\u00f2 essere applicato a mosti potenzialmente ossidabili per effetto della raccolta o di variet\u00e0 pi\u00f9 ossidative.<\/p>\n<p>Nei vini alterati, ripristina i toni paglierini e chiari. In tutti i vini, contribuisce alla loro migliore evoluzione nel tempo.<\/p>\n<p>Per ottenere questo effetto, PROVEGET QUIT combina le propriet\u00e0 elettrostatiche delle proteine vegetali con quelle del polisaccaride chitina-glucano, altamente carico. \u00c8 associato alla bentonite per una rapida sedimentazione e rimozione.<\/p>\n<p>Migliora sostanzialmente la limpidezza del vino finito, eliminando gli elementi potenzialmente ossidabili. Migliorando la compattazione delle fecce, la resa migliora. Rispetta la struttura e l&#8217;espressione aromatica del vino.<\/p>\n<p>PROVEGET QUIT \u00e8 un prodotto naturale, non animale e privo di allergeni. Ottenuto da materie prime prive di organismi geneticamente modificati (Non OGM).<\/p>\n<h3>APPLICAZIONE<\/h3>\n<p>Chiarificazione del mosto e del vino.<\/p>\n<p>Applicazione preventiva o curativa.<\/p>\n<h3>DOSAGGIO<\/h3>\n<div class=\"page\" title=\"Pagina 2\">\n<div class=\"layoutArea\">\n<div class=\"column\">\n<p>Mosti: 20-80 g\/hl<br \/>\nVino: 20-80G\/hl<\/p>\n<\/div>\n<\/div>\n<\/div>\n","protected":false},"excerpt":{"rendered":"<p>Proveget QUIT \u00e8 una soluzione naturale per la rimozione dei polifenoli ossidabili. Agisce contro le catechine e i leucoantociani, impedendo al vino di sviluppare toni ossidati e riducendo la necessit\u00e0 di zolfo come antiossidante.<\/p>\n","protected":false},"featured_media":21296,"template":"","meta":{"_acf_changed":false,"inline_featured_image":false,"site-sidebar-layout":"default","site-content-layout":"default","ast-site-content-layout":"default","site-content-style":"default","site-sidebar-style":"default","ast-global-header-display":"","ast-banner-title-visibility":"","ast-main-header-display":"","ast-hfb-above-header-display":"","ast-hfb-below-header-display":"","ast-hfb-mobile-header-display":"","site-post-title":"","ast-breadcrumbs-content":"","ast-featured-img":"","footer-sml-layout":"","ast-disable-related-posts":"","theme-transparent-header-meta":"default","adv-header-id-meta":"","stick-header-meta":"","header-above-stick-meta":"","header-main-stick-meta":"","header-below-stick-meta":"","astra-migrate-meta-layouts":"default","ast-page-background-enabled":"default","ast-page-background-meta":{"desktop":{"background-color":"var(--ast-global-color-5)","background-image":"","background-repeat":"repeat","background-position":"center center","background-size":"auto","background-attachment":"scroll","background-type":"","background-media":"","overlay-type":"","overlay-color":"","overlay-opacity":"","overlay-gradient":""},"tablet":{"background-color":"","background-image":"","background-repeat":"repeat","background-position":"center center","background-size":"auto","background-attachment":"scroll","background-type":"","background-media":"","overlay-type":"","overlay-color":"","overlay-opacity":"","overlay-gradient":""},"mobile":{"background-color":"","background-image":"","background-repeat":"repeat","background-position":"center center","background-size":"auto","background-attachment":"scroll","background-type":"","background-media":"","overlay-type":"","overlay-color":"","overlay-opacity":"","overlay-gradient":""}},"ast-content-background-meta":{"desktop":{"background-color":"var(--ast-global-color-4)","background-image":"","background-repeat":"repeat","background-position":"center center","background-size":"auto","background-attachment":"scroll","background-type":"","background-media":"","overlay-type":"","overlay-color":"","overlay-opacity":"","overlay-gradient":""},"tablet":{"background-color":"var(--ast-global-color-4)","background-image":"","background-repeat":"repeat","background-position":"center center","background-size":"auto","background-attachment":"scroll","background-type":"","background-media":"","overlay-type":"","overlay-color":"","overlay-opacity":"","overlay-gradient":""},"mobile":{"background-color":"var(--ast-global-color-4)","background-image":"","background-repeat":"repeat","background-position":"center center","background-size":"auto","background-attachment":"scroll","background-type":"","background-media":"","overlay-type":"","overlay-color":"","overlay-opacity":"","overlay-gradient":""}}},"product_brand":[],"product_cat":[166],"product_tag":[499,799],"class_list":{"0":"post-89899","1":"product","2":"type-product","3":"status-publish","4":"has-post-thumbnail","6":"product_cat-chiarificanti","7":"product_tag-mosto-it","8":"product_tag-vino-finito","9":"pa_aplicacion-fa-e-fml","10":"pa_estilo-de-vino-bianco","11":"pa_estilo-de-vino-rosato","12":"pa_estilo-de-vino-rosso","13":"pa_objetivo-chiarificazione","14":"pa_objetivo-miglioramento-sensoriale","15":"pa_objetivo-stabilita-del-colore","16":"pa_origen-formulazione","17":"pa_vegano-vegano-it","18":"desktop-align-left","19":"tablet-align-left","20":"mobile-align-left","22":"first","23":"instock","24":"virtual","25":"product-type-simple"},"acf":[],"_links":{"self":[{"href":"https:\/\/agrovin.com\/it\/wp-json\/wp\/v2\/product\/89899","targetHints":{"allow":["GET"]}}],"collection":[{"href":"https:\/\/agrovin.com\/it\/wp-json\/wp\/v2\/product"}],"about":[{"href":"https:\/\/agrovin.com\/it\/wp-json\/wp\/v2\/types\/product"}],"version-history":[{"count":0,"href":"https:\/\/agrovin.com\/it\/wp-json\/wp\/v2\/product\/89899\/revisions"}],"wp:featuredmedia":[{"embeddable":true,"href":"https:\/\/agrovin.com\/it\/wp-json\/wp\/v2\/media\/21296"}],"wp:attachment":[{"href":"https:\/\/agrovin.com\/it\/wp-json\/wp\/v2\/media?parent=89899"}],"wp:term":[{"taxonomy":"product_brand","embeddable":true,"href":"https:\/\/agrovin.com\/it\/wp-json\/wp\/v2\/product_brand?post=89899"},{"taxonomy":"product_cat","embeddable":true,"href":"https:\/\/agrovin.com\/it\/wp-json\/wp\/v2\/product_cat?post=89899"},{"taxonomy":"product_tag","embeddable":true,"href":"https:\/\/agrovin.com\/it\/wp-json\/wp\/v2\/product_tag?post=89899"}],"curies":[{"name":"wp","href":"https:\/\/api.w.org\/{rel}","templated":true}]}}