{"id":89810,"date":"2018-03-05T14:53:51","date_gmt":"2022-11-04T17:15:56","guid":{"rendered":"https:\/\/staging.agrovin.com\/senza-categoria\/tanicol-super\/"},"modified":"2022-11-06T18:28:03","modified_gmt":"2022-11-06T17:28:03","slug":"tanicol-super","status":"publish","type":"product","link":"https:\/\/agrovin.com\/it\/prodotti-enologici\/tannini\/tanicol-super\/","title":{"rendered":"TANICOL SUPER"},"content":{"rendered":"<h3>APPLICAZIONE<\/h3>\n<p>Durante la vinificazione dei vini rossi:<\/p>\n<ul>\n<li>Favorisce la stabilit\u00e0 del colore e protegge i polifenoli pi\u00f9 facilmente ossidabili.<\/li>\n<li>Compensa il deficit di tannino condensato, ottenendo una proporzione equilibrata di antociani e tannini.<\/li>\n<li>Nella produzione di vini rossi crianza, grazie alla sua capacit\u00e0 antiossidante, protegge sia i polifenoli pi\u00f9 facilmente ossidabili che gli aromi. Previene l&#8217;invecchiamento precoce del vino, conferendogli una maggiore longevit\u00e0.<\/li>\n<\/ul>\n<h3>DOSAGGIO<\/h3>\n<div class=\"page\" title=\"Pagina 1\">\n<div class=\"section\">\n<div class=\"layoutArea\">\n<div class=\"column\">\n<p>Vinificazione: <span style=\"font-size: 16px;\">10-40 g\/hl<\/span><\/p>\n<\/div>\n<\/div>\n<\/div>\n<\/div>\n","protected":false},"excerpt":{"rendered":"<p>Il Tanicol Super \u00e8 un tannino specifico per la vinificazione. La sua elevata attivit\u00e0 antiossidante, unita alla sua reattivit\u00e0 con gli antociani, garantisce la stabilit\u00e0 del colore nel tempo.<\/p>\n","protected":false},"featured_media":21277,"template":"","meta":{"_acf_changed":false,"inline_featured_image":false,"site-sidebar-layout":"default","site-content-layout":"default","ast-site-content-layout":"default","site-content-style":"default","site-sidebar-style":"default","ast-global-header-display":"","ast-banner-title-visibility":"","ast-main-header-display":"","ast-hfb-above-header-display":"","ast-hfb-below-header-display":"","ast-hfb-mobile-header-display":"","site-post-title":"","ast-breadcrumbs-content":"","ast-featured-img":"","footer-sml-layout":"","ast-disable-related-posts":"","theme-transparent-header-meta":"default","adv-header-id-meta":"","stick-header-meta":"","header-above-stick-meta":"","header-main-stick-meta":"","header-below-stick-meta":"","astra-migrate-meta-layouts":"default","ast-page-background-enabled":"default","ast-page-background-meta":{"desktop":{"background-color":"var(--ast-global-color-5)","background-image":"","background-repeat":"repeat","background-position":"center center","background-size":"auto","background-attachment":"scroll","background-type":"","background-media":"","overlay-type":"","overlay-color":"","overlay-opacity":"","overlay-gradient":""},"tablet":{"background-color":"","background-image":"","background-repeat":"repeat","background-position":"center center","background-size":"auto","background-attachment":"scroll","background-type":"","background-media":"","overlay-type":"","overlay-color":"","overlay-opacity":"","overlay-gradient":""},"mobile":{"background-color":"","background-image":"","background-repeat":"repeat","background-position":"center center","background-size":"auto","background-attachment":"scroll","background-type":"","background-media":"","overlay-type":"","overlay-color":"","overlay-opacity":"","overlay-gradient":""}},"ast-content-background-meta":{"desktop":{"background-color":"var(--ast-global-color-4)","background-image":"","background-repeat":"repeat","background-position":"center center","background-size":"auto","background-attachment":"scroll","background-type":"","background-media":"","overlay-type":"","overlay-color":"","overlay-opacity":"","overlay-gradient":""},"tablet":{"background-color":"var(--ast-global-color-4)","background-image":"","background-repeat":"repeat","background-position":"center center","background-size":"auto","background-attachment":"scroll","background-type":"","background-media":"","overlay-type":"","overlay-color":"","overlay-opacity":"","overlay-gradient":""},"mobile":{"background-color":"var(--ast-global-color-4)","background-image":"","background-repeat":"repeat","background-position":"center center","background-size":"auto","background-attachment":"scroll","background-type":"","background-media":"","overlay-type":"","overlay-color":"","overlay-opacity":"","overlay-gradient":""}}},"product_brand":[],"product_cat":[226],"product_tag":[827,833],"class_list":{"0":"post-89810","1":"product","2":"type-product","3":"status-publish","4":"has-post-thumbnail","6":"product_cat-tannini","7":"product_tag-tannini-antiossidanti","8":"product_tag-tannini-strutturanti","9":"pa_aplicacion-fa-e-fml","10":"pa_ecologico-autorizzato-eu","11":"pa_ecologico-autorizzato-nop-usda","12":"pa_estilo-de-vino-rosso","13":"pa_vegano-vegano-it","14":"desktop-align-left","15":"tablet-align-left","16":"mobile-align-left","18":"first","19":"instock","20":"virtual","21":"product-type-simple"},"acf":[],"_links":{"self":[{"href":"https:\/\/agrovin.com\/it\/wp-json\/wp\/v2\/product\/89810","targetHints":{"allow":["GET"]}}],"collection":[{"href":"https:\/\/agrovin.com\/it\/wp-json\/wp\/v2\/product"}],"about":[{"href":"https:\/\/agrovin.com\/it\/wp-json\/wp\/v2\/types\/product"}],"version-history":[{"count":0,"href":"https:\/\/agrovin.com\/it\/wp-json\/wp\/v2\/product\/89810\/revisions"}],"wp:featuredmedia":[{"embeddable":true,"href":"https:\/\/agrovin.com\/it\/wp-json\/wp\/v2\/media\/21277"}],"wp:attachment":[{"href":"https:\/\/agrovin.com\/it\/wp-json\/wp\/v2\/media?parent=89810"}],"wp:term":[{"taxonomy":"product_brand","embeddable":true,"href":"https:\/\/agrovin.com\/it\/wp-json\/wp\/v2\/product_brand?post=89810"},{"taxonomy":"product_cat","embeddable":true,"href":"https:\/\/agrovin.com\/it\/wp-json\/wp\/v2\/product_cat?post=89810"},{"taxonomy":"product_tag","embeddable":true,"href":"https:\/\/agrovin.com\/it\/wp-json\/wp\/v2\/product_tag?post=89810"}],"curies":[{"name":"wp","href":"https:\/\/api.w.org\/{rel}","templated":true}]}}