{"id":89795,"date":"2018-03-05T14:49:22","date_gmt":"2022-11-04T17:15:32","guid":{"rendered":"https:\/\/staging.agrovin.com\/senza-categoria\/galitano\/"},"modified":"2022-11-06T18:13:33","modified_gmt":"2022-11-06T17:13:33","slug":"galitan","status":"publish","type":"product","link":"https:\/\/agrovin.com\/it\/prodotti-enologici\/tannini\/galitan\/","title":{"rendered":"GALITAN"},"content":{"rendered":"<h3>APPLICAZIONE<\/h3>\n<p>In mosti:<\/p>\n<ul>\n<li>Precipita le proteine in soluzione.<\/li>\n<li>Carattere antiossidante in combinazione con i solfiti. Particolarmente indicato per i raccolti di scarsa qualit\u00e0 sanitaria.<\/li>\n<\/ul>\n<p>Nei vini:<\/p>\n<ul>\n<li>\u00c8 il tannino pi\u00f9 utilizzato per l&#8217;affinamento, sia che venga usato o meno in combinazione con gli agenti di affinamento organici.<\/li>\n<li>Nei vini spumanti, durante la seconda fermentazione in bottiglia.<\/li>\n<\/ul>\n<h3>DOSAGGIO<\/h3>\n<div class=\"page\" title=\"Pagina 1\">\n<div class=\"section\">\n<div class=\"layoutArea\">\n<div class=\"column\">\n<p>Mosto: <span style=\"font-size: 16px;\">5-20 g\/hl<\/span><\/p>\n<p>Vini:<span style=\"font-size: 16px;\"> 5 -10 g\/hl<\/span><\/p>\n<\/div>\n<\/div>\n<\/div>\n<\/div>\n","protected":false},"excerpt":{"rendered":"<p>Il galitan \u00e8 un tannino gallico con un&#8217;elevata capacit\u00e0 chiarificante in grado di reagire con le proteine, integrando cos\u00ec l&#8217;uso della bentonite, particolarmente interessante nei mosti altamente instabili in proteine.<\/p>\n","protected":false},"featured_media":22921,"template":"","meta":{"_acf_changed":false,"inline_featured_image":false,"site-sidebar-layout":"default","site-content-layout":"default","ast-site-content-layout":"default","site-content-style":"default","site-sidebar-style":"default","ast-global-header-display":"","ast-banner-title-visibility":"","ast-main-header-display":"","ast-hfb-above-header-display":"","ast-hfb-below-header-display":"","ast-hfb-mobile-header-display":"","site-post-title":"","ast-breadcrumbs-content":"","ast-featured-img":"","footer-sml-layout":"","ast-disable-related-posts":"","theme-transparent-header-meta":"default","adv-header-id-meta":"","stick-header-meta":"","header-above-stick-meta":"","header-main-stick-meta":"","header-below-stick-meta":"","astra-migrate-meta-layouts":"default","ast-page-background-enabled":"default","ast-page-background-meta":{"desktop":{"background-color":"var(--ast-global-color-5)","background-image":"","background-repeat":"repeat","background-position":"center center","background-size":"auto","background-attachment":"scroll","background-type":"","background-media":"","overlay-type":"","overlay-color":"","overlay-opacity":"","overlay-gradient":""},"tablet":{"background-color":"","background-image":"","background-repeat":"repeat","background-position":"center center","background-size":"auto","background-attachment":"scroll","background-type":"","background-media":"","overlay-type":"","overlay-color":"","overlay-opacity":"","overlay-gradient":""},"mobile":{"background-color":"","background-image":"","background-repeat":"repeat","background-position":"center center","background-size":"auto","background-attachment":"scroll","background-type":"","background-media":"","overlay-type":"","overlay-color":"","overlay-opacity":"","overlay-gradient":""}},"ast-content-background-meta":{"desktop":{"background-color":"var(--ast-global-color-4)","background-image":"","background-repeat":"repeat","background-position":"center center","background-size":"auto","background-attachment":"scroll","background-type":"","background-media":"","overlay-type":"","overlay-color":"","overlay-opacity":"","overlay-gradient":""},"tablet":{"background-color":"var(--ast-global-color-4)","background-image":"","background-repeat":"repeat","background-position":"center center","background-size":"auto","background-attachment":"scroll","background-type":"","background-media":"","overlay-type":"","overlay-color":"","overlay-opacity":"","overlay-gradient":""},"mobile":{"background-color":"var(--ast-global-color-4)","background-image":"","background-repeat":"repeat","background-position":"center center","background-size":"auto","background-attachment":"scroll","background-type":"","background-media":"","overlay-type":"","overlay-color":"","overlay-opacity":"","overlay-gradient":""}}},"product_brand":[],"product_cat":[226],"product_tag":[827],"class_list":{"0":"post-89795","1":"product","2":"type-product","3":"status-publish","4":"has-post-thumbnail","6":"product_cat-tannini","7":"product_tag-tannini-antiossidanti","8":"pa_aplicacion-fa-e-fml","9":"pa_ecologico-autorizzato-eu","10":"pa_ecologico-autorizzato-nop-usda","11":"pa_estilo-de-vino-bianco","12":"pa_estilo-de-vino-frizzante","13":"pa_estilo-de-vino-rosato","14":"pa_objetivo-protezione-antiossidante","15":"pa_vegano-vegano-it","16":"desktop-align-left","17":"tablet-align-left","18":"mobile-align-left","20":"first","21":"instock","22":"virtual","23":"product-type-simple"},"acf":[],"_links":{"self":[{"href":"https:\/\/agrovin.com\/it\/wp-json\/wp\/v2\/product\/89795","targetHints":{"allow":["GET"]}}],"collection":[{"href":"https:\/\/agrovin.com\/it\/wp-json\/wp\/v2\/product"}],"about":[{"href":"https:\/\/agrovin.com\/it\/wp-json\/wp\/v2\/types\/product"}],"version-history":[{"count":0,"href":"https:\/\/agrovin.com\/it\/wp-json\/wp\/v2\/product\/89795\/revisions"}],"wp:featuredmedia":[{"embeddable":true,"href":"https:\/\/agrovin.com\/it\/wp-json\/wp\/v2\/media\/22921"}],"wp:attachment":[{"href":"https:\/\/agrovin.com\/it\/wp-json\/wp\/v2\/media?parent=89795"}],"wp:term":[{"taxonomy":"product_brand","embeddable":true,"href":"https:\/\/agrovin.com\/it\/wp-json\/wp\/v2\/product_brand?post=89795"},{"taxonomy":"product_cat","embeddable":true,"href":"https:\/\/agrovin.com\/it\/wp-json\/wp\/v2\/product_cat?post=89795"},{"taxonomy":"product_tag","embeddable":true,"href":"https:\/\/agrovin.com\/it\/wp-json\/wp\/v2\/product_tag?post=89795"}],"curies":[{"name":"wp","href":"https:\/\/api.w.org\/{rel}","templated":true}]}}