{"id":89724,"date":"2018-04-13T09:43:05","date_gmt":"2022-11-04T17:02:43","guid":{"rendered":"https:\/\/staging.agrovin.com\/senza-categoria\/vinigel-forte\/"},"modified":"2022-11-05T18:31:07","modified_gmt":"2022-11-05T17:31:07","slug":"vinigel-forte","status":"publish","type":"product","link":"https:\/\/agrovin.com\/it\/prodotti-enologici\/chiarificanti\/vinigel-forte\/","title":{"rendered":"VINIGEL FORTE"},"content":{"rendered":"<h3>APPLICAZIONE<\/h3>\n<ul>\n<li>Per l&#8217;affinamento di vini rossi, rosati e bianchi giovani.<\/li>\n<li>Altamente consigliato per i vini da pressa difficili da chiarificare.<\/li>\n<li>La sua elevata reattivit\u00e0 consente una rapida stabilizzazione colloidale, garantendo un rapido e significativo miglioramento della pulizia.<\/li>\n<\/ul>\n<h3>DOSAGGIO<\/h3>\n<p>Vinigel FORTE<\/p>\n<p>Vino bianco e rosato: 2-5 g\/hl<\/p>\n<p>Vino rosso: 5 &#8211; 15 g\/hl<\/p>\n<p>Vinigel FORTE L (soluzione liquida)<\/p>\n<p>Vino bianco e rosato: 10-25 ml\/hl<\/p>\n<p>Vino rosso: 20-60 ml\/hl<\/p>\n","protected":false},"excerpt":{"rendered":"<p>Vinigel FORTE \u00e8 una gelatina altamente idrolizzata che garantisce un&#8217;elevata reattivit\u00e0 nei vini ricchi di colloidi e difficili da chiarificare. \u00c8 disponibile sia in polvere che in formato liquido per un facile utilizzo.<\/p>\n","protected":false},"featured_media":21370,"template":"","meta":{"_acf_changed":false,"inline_featured_image":false,"site-sidebar-layout":"default","site-content-layout":"default","ast-site-content-layout":"default","site-content-style":"default","site-sidebar-style":"default","ast-global-header-display":"","ast-banner-title-visibility":"","ast-main-header-display":"","ast-hfb-above-header-display":"","ast-hfb-below-header-display":"","ast-hfb-mobile-header-display":"","site-post-title":"","ast-breadcrumbs-content":"","ast-featured-img":"","footer-sml-layout":"","ast-disable-related-posts":"","theme-transparent-header-meta":"default","adv-header-id-meta":"","stick-header-meta":"","header-above-stick-meta":"","header-main-stick-meta":"","header-below-stick-meta":"","astra-migrate-meta-layouts":"default","ast-page-background-enabled":"default","ast-page-background-meta":{"desktop":{"background-color":"var(--ast-global-color-5)","background-image":"","background-repeat":"repeat","background-position":"center center","background-size":"auto","background-attachment":"scroll","background-type":"","background-media":"","overlay-type":"","overlay-color":"","overlay-opacity":"","overlay-gradient":""},"tablet":{"background-color":"","background-image":"","background-repeat":"repeat","background-position":"center center","background-size":"auto","background-attachment":"scroll","background-type":"","background-media":"","overlay-type":"","overlay-color":"","overlay-opacity":"","overlay-gradient":""},"mobile":{"background-color":"","background-image":"","background-repeat":"repeat","background-position":"center center","background-size":"auto","background-attachment":"scroll","background-type":"","background-media":"","overlay-type":"","overlay-color":"","overlay-opacity":"","overlay-gradient":""}},"ast-content-background-meta":{"desktop":{"background-color":"var(--ast-global-color-4)","background-image":"","background-repeat":"repeat","background-position":"center center","background-size":"auto","background-attachment":"scroll","background-type":"","background-media":"","overlay-type":"","overlay-color":"","overlay-opacity":"","overlay-gradient":""},"tablet":{"background-color":"var(--ast-global-color-4)","background-image":"","background-repeat":"repeat","background-position":"center center","background-size":"auto","background-attachment":"scroll","background-type":"","background-media":"","overlay-type":"","overlay-color":"","overlay-opacity":"","overlay-gradient":""},"mobile":{"background-color":"var(--ast-global-color-4)","background-image":"","background-repeat":"repeat","background-position":"center center","background-size":"auto","background-attachment":"scroll","background-type":"","background-media":"","overlay-type":"","overlay-color":"","overlay-opacity":"","overlay-gradient":""}}},"product_brand":[],"product_cat":[166],"product_tag":[799],"class_list":{"0":"post-89724","1":"product","2":"type-product","3":"status-publish","4":"has-post-thumbnail","6":"product_cat-chiarificanti","7":"product_tag-vino-finito","8":"pa_ecologico-autorizzato-eu","9":"pa_ecologico-autorizzato-nop-usda","10":"pa_estilo-de-vino-bianco","11":"pa_estilo-de-vino-rosato","12":"pa_estilo-de-vino-rosso","13":"pa_objetivo-chiarificazione","14":"pa_objetivo-stabilita-del-colore","15":"pa_origen-animale-it","16":"desktop-align-left","17":"tablet-align-left","18":"mobile-align-left","20":"first","21":"instock","22":"virtual","23":"product-type-simple"},"acf":[],"_links":{"self":[{"href":"https:\/\/agrovin.com\/it\/wp-json\/wp\/v2\/product\/89724","targetHints":{"allow":["GET"]}}],"collection":[{"href":"https:\/\/agrovin.com\/it\/wp-json\/wp\/v2\/product"}],"about":[{"href":"https:\/\/agrovin.com\/it\/wp-json\/wp\/v2\/types\/product"}],"version-history":[{"count":0,"href":"https:\/\/agrovin.com\/it\/wp-json\/wp\/v2\/product\/89724\/revisions"}],"wp:featuredmedia":[{"embeddable":true,"href":"https:\/\/agrovin.com\/it\/wp-json\/wp\/v2\/media\/21370"}],"wp:attachment":[{"href":"https:\/\/agrovin.com\/it\/wp-json\/wp\/v2\/media?parent=89724"}],"wp:term":[{"taxonomy":"product_brand","embeddable":true,"href":"https:\/\/agrovin.com\/it\/wp-json\/wp\/v2\/product_brand?post=89724"},{"taxonomy":"product_cat","embeddable":true,"href":"https:\/\/agrovin.com\/it\/wp-json\/wp\/v2\/product_cat?post=89724"},{"taxonomy":"product_tag","embeddable":true,"href":"https:\/\/agrovin.com\/it\/wp-json\/wp\/v2\/product_tag?post=89724"}],"curies":[{"name":"wp","href":"https:\/\/api.w.org\/{rel}","templated":true}]}}