{"id":89674,"date":"2018-04-12T15:44:41","date_gmt":"2022-11-04T17:01:18","guid":{"rendered":"https:\/\/staging.agrovin.com\/senza-categoria\/tanicol-vintage\/"},"modified":"2024-10-28T23:33:02","modified_gmt":"2024-10-28T21:33:02","slug":"tanicol-vintage","status":"publish","type":"product","link":"https:\/\/agrovin.com\/it\/prodotti-enologici\/tannini\/tanicol-vintage\/","title":{"rendered":"TANICOL VINTAGE"},"content":{"rendered":"<h3>APPLICAZIONE<\/h3>\n<p>Nella vinificazione:<\/p>\n<ul>\n<li>Il tannino dell&#8217;uva che contiene lo rende particolarmente reattivo con gli antociani.<\/li>\n<li>Combinazione iniziale con gli antociani rilasciati nella prima fase della macerazione (fase acquosa). Si evita lo sbiadimento del colore e si ottiene una migliore evoluzione nel tempo.<\/li>\n<\/ul>\n<p>Nel descubo:<\/p>\n<ul>\n<li>Aumenta il contenuto di tannino condensato dell&#8217;uva, favorendo una proporzione equilibrata di antociani e tannini.<\/li>\n<li>Conferisce al vino una struttura integrata ed equilibrata.<\/li>\n<li>Aumento del profilo aromatico del vino.<\/li>\n<\/ul>\n<h3>DOSAGGIO<\/h3>\n<div class=\"page\" title=\"Pagina 1\">\n<div class=\"layoutArea\">\n<div class=\"column\">\n<p>Vini rosati 10-20 g\/hl<\/p>\n<\/div>\n<\/div>\n<div class=\"layoutArea\">\n<div class=\"column\">\n<p><span style=\"font-size: 16px;\">Vini rossi 10-40 g\/hl<\/span><\/p>\n<\/div>\n<\/div>\n<\/div>\n","protected":false},"excerpt":{"rendered":"<p>Tannino condensato ricavato dai semi d&#8217;uva con grande effetto sulla stabilit\u00e0 del colore grazie alla sua elevata reattivit\u00e0 e alla capacit\u00e0 di combinarsi con gli antociani. Aumenta il potenziale fenolico del vino, fornendo grande robustezza e struttura. Ottimo in svinatura dove aumenta l&#8217;aroma dei vini, marcando le caratteristiche varietali.<\/p>\n","protected":false},"featured_media":23794,"template":"","meta":{"_acf_changed":false,"inline_featured_image":false,"site-sidebar-layout":"default","site-content-layout":"default","ast-site-content-layout":"default","site-content-style":"default","site-sidebar-style":"default","ast-global-header-display":"","ast-banner-title-visibility":"","ast-main-header-display":"","ast-hfb-above-header-display":"","ast-hfb-below-header-display":"","ast-hfb-mobile-header-display":"","site-post-title":"","ast-breadcrumbs-content":"","ast-featured-img":"","footer-sml-layout":"","ast-disable-related-posts":"","theme-transparent-header-meta":"default","adv-header-id-meta":"","stick-header-meta":"","header-above-stick-meta":"","header-main-stick-meta":"","header-below-stick-meta":"","astra-migrate-meta-layouts":"set","ast-page-background-enabled":"default","ast-page-background-meta":{"desktop":{"background-color":"var(--ast-global-color-5)","background-image":"","background-repeat":"repeat","background-position":"center center","background-size":"auto","background-attachment":"scroll","background-type":"","background-media":"","overlay-type":"","overlay-color":"","overlay-opacity":"","overlay-gradient":""},"tablet":{"background-color":"","background-image":"","background-repeat":"repeat","background-position":"center center","background-size":"auto","background-attachment":"scroll","background-type":"","background-media":"","overlay-type":"","overlay-color":"","overlay-opacity":"","overlay-gradient":""},"mobile":{"background-color":"","background-image":"","background-repeat":"repeat","background-position":"center center","background-size":"auto","background-attachment":"scroll","background-type":"","background-media":"","overlay-type":"","overlay-color":"","overlay-opacity":"","overlay-gradient":""}},"ast-content-background-meta":{"desktop":{"background-color":"var(--ast-global-color-4)","background-image":"","background-repeat":"repeat","background-position":"center center","background-size":"auto","background-attachment":"scroll","background-type":"","background-media":"","overlay-type":"","overlay-color":"","overlay-opacity":"","overlay-gradient":""},"tablet":{"background-color":"var(--ast-global-color-4)","background-image":"","background-repeat":"repeat","background-position":"center center","background-size":"auto","background-attachment":"scroll","background-type":"","background-media":"","overlay-type":"","overlay-color":"","overlay-opacity":"","overlay-gradient":""},"mobile":{"background-color":"var(--ast-global-color-4)","background-image":"","background-repeat":"repeat","background-position":"center center","background-size":"auto","background-attachment":"scroll","background-type":"","background-media":"","overlay-type":"","overlay-color":"","overlay-opacity":"","overlay-gradient":""}}},"product_brand":[],"product_cat":[226],"product_tag":[827,839],"class_list":{"0":"post-89674","1":"product","2":"type-product","3":"status-publish","4":"has-post-thumbnail","6":"product_cat-tannini","7":"product_tag-tannini-antiossidanti","8":"product_tag-tannini-duva","9":"pa_aplicacion-fa-e-fml","10":"pa_ecologico-autorizzato-eu","11":"pa_ecologico-autorizzato-nop-usda","12":"pa_estilo-de-vino-rosso","13":"pa_objetivo-aromi-di-frutta-accresciuti","14":"pa_objetivo-miglioramento-sensoriale","15":"pa_objetivo-raffinato","16":"pa_vegano-vegano-it","17":"desktop-align-left","18":"tablet-align-left","19":"mobile-align-left","21":"first","22":"instock","23":"virtual","24":"product-type-simple"},"acf":[],"_links":{"self":[{"href":"https:\/\/agrovin.com\/it\/wp-json\/wp\/v2\/product\/89674","targetHints":{"allow":["GET"]}}],"collection":[{"href":"https:\/\/agrovin.com\/it\/wp-json\/wp\/v2\/product"}],"about":[{"href":"https:\/\/agrovin.com\/it\/wp-json\/wp\/v2\/types\/product"}],"version-history":[{"count":1,"href":"https:\/\/agrovin.com\/it\/wp-json\/wp\/v2\/product\/89674\/revisions"}],"predecessor-version":[{"id":116875,"href":"https:\/\/agrovin.com\/it\/wp-json\/wp\/v2\/product\/89674\/revisions\/116875"}],"wp:featuredmedia":[{"embeddable":true,"href":"https:\/\/agrovin.com\/it\/wp-json\/wp\/v2\/media\/23794"}],"wp:attachment":[{"href":"https:\/\/agrovin.com\/it\/wp-json\/wp\/v2\/media?parent=89674"}],"wp:term":[{"taxonomy":"product_brand","embeddable":true,"href":"https:\/\/agrovin.com\/it\/wp-json\/wp\/v2\/product_brand?post=89674"},{"taxonomy":"product_cat","embeddable":true,"href":"https:\/\/agrovin.com\/it\/wp-json\/wp\/v2\/product_cat?post=89674"},{"taxonomy":"product_tag","embeddable":true,"href":"https:\/\/agrovin.com\/it\/wp-json\/wp\/v2\/product_tag?post=89674"}],"curies":[{"name":"wp","href":"https:\/\/api.w.org\/{rel}","templated":true}]}}