{"id":89654,"date":"2018-04-12T11:32:26","date_gmt":"2022-11-04T17:00:45","guid":{"rendered":"https:\/\/staging.agrovin.com\/senza-categoria\/gomasol-optima\/"},"modified":"2024-04-23T16:19:29","modified_gmt":"2024-04-23T15:19:29","slug":"gomasol-optima","status":"publish","type":"product","link":"https:\/\/agrovin.com\/it\/prodotti-enologici\/stabilizzanti\/gomasol-optima\/","title":{"rendered":"GOMASOL \u00d3PTIMA"},"content":{"rendered":"<h3>CARATTERISTICHE<\/h3>\n<ul>\n<li>Appositamente formulato per fornire una protezione ad ampio spettro. Da un lato, contribuisce alla stabilit\u00e0 tartarica del vino e, dall&#8217;altro, offre una buona protezione della materia colorante.<\/li>\n<li>Gomasol \u00d3PTIMA aumenta le sensazioni di corpo e morbidezza in bocca, rispettando le caratteristiche aromatiche del vino.<\/li>\n<li>Deriva dalla rigorosa selezione delle migliori materie prime e si ottiene attraverso un processo di produzione naturale, senza l&#8217;aggiunta di agenti chimici, per solubilizzazione e purificazione, il cui scopo \u00e8 quello di mantenere praticamente intatte le dimensioni e la struttura della gomma.<\/li>\n<li>Gomasol \u00d3PTIMA. Ha un basso tasso di intasamento.<\/li>\n<\/ul>\n<h3>APPLICAZIONE<\/h3>\n<p>Utilizzato nei vini rossi, rosati o bianchi in cui si ricerca la stabilit\u00e0 complessiva.<\/p>\n<h3>DOSAGGIO<\/h3>\n<div class=\"page\" title=\"Pagina 2\">\n<div class=\"layoutArea\">\n<div class=\"column\">\n<p>VINI GIOVANI: 100-200 ml\/hl<\/p>\n<p>VINI DI OLTRE UN ANNO: 70-100 ml\/hl<\/p>\n<\/div>\n<\/div>\n<\/div>\n","protected":false},"excerpt":{"rendered":"<p>Gomasol \u00d3PTIMA \u00e8 una soluzione concentrata di gomma arabica naturale, purificata e pronta all&#8217;uso, che mira alla stabilit\u00e0 colloidale.<\/p>\n","protected":false},"featured_media":22217,"template":"","meta":{"_acf_changed":false,"inline_featured_image":false,"site-sidebar-layout":"default","site-content-layout":"default","ast-site-content-layout":"default","site-content-style":"default","site-sidebar-style":"default","ast-global-header-display":"","ast-banner-title-visibility":"","ast-main-header-display":"","ast-hfb-above-header-display":"","ast-hfb-below-header-display":"","ast-hfb-mobile-header-display":"","site-post-title":"","ast-breadcrumbs-content":"","ast-featured-img":"","footer-sml-layout":"","ast-disable-related-posts":"","theme-transparent-header-meta":"default","adv-header-id-meta":"","stick-header-meta":"","header-above-stick-meta":"","header-main-stick-meta":"","header-below-stick-meta":"","astra-migrate-meta-layouts":"default","ast-page-background-enabled":"default","ast-page-background-meta":{"desktop":{"background-color":"var(--ast-global-color-5)","background-image":"","background-repeat":"repeat","background-position":"center center","background-size":"auto","background-attachment":"scroll","background-type":"","background-media":"","overlay-type":"","overlay-color":"","overlay-opacity":"","overlay-gradient":""},"tablet":{"background-color":"","background-image":"","background-repeat":"repeat","background-position":"center center","background-size":"auto","background-attachment":"scroll","background-type":"","background-media":"","overlay-type":"","overlay-color":"","overlay-opacity":"","overlay-gradient":""},"mobile":{"background-color":"","background-image":"","background-repeat":"repeat","background-position":"center center","background-size":"auto","background-attachment":"scroll","background-type":"","background-media":"","overlay-type":"","overlay-color":"","overlay-opacity":"","overlay-gradient":""}},"ast-content-background-meta":{"desktop":{"background-color":"var(--ast-global-color-4)","background-image":"","background-repeat":"repeat","background-position":"center center","background-size":"auto","background-attachment":"scroll","background-type":"","background-media":"","overlay-type":"","overlay-color":"","overlay-opacity":"","overlay-gradient":""},"tablet":{"background-color":"var(--ast-global-color-4)","background-image":"","background-repeat":"repeat","background-position":"center center","background-size":"auto","background-attachment":"scroll","background-type":"","background-media":"","overlay-type":"","overlay-color":"","overlay-opacity":"","overlay-gradient":""},"mobile":{"background-color":"var(--ast-global-color-4)","background-image":"","background-repeat":"repeat","background-position":"center center","background-size":"auto","background-attachment":"scroll","background-type":"","background-media":"","overlay-type":"","overlay-color":"","overlay-opacity":"","overlay-gradient":""}}},"product_brand":[],"product_cat":[181],"product_tag":[803],"class_list":{"0":"post-89654","1":"product","2":"type-product","3":"status-publish","4":"has-post-thumbnail","6":"product_cat-stabilizzanti","7":"product_tag-stabilizzante-colloidale","8":"pa_ecologico-autorizzato-eu","9":"pa_ecologico-autorizzato-nop-usda","10":"pa_estilo-de-vino-bianco","11":"pa_estilo-de-vino-botte","12":"pa_estilo-de-vino-frizzante","13":"pa_estilo-de-vino-rosato","14":"pa_estilo-de-vino-rosso","15":"pa_objetivo-miglioramento-sensoriale","16":"pa_objetivo-raffinato","17":"pa_objetivo-stabilizzazione","18":"pa_vegano-vegano-it","19":"desktop-align-left","20":"tablet-align-left","21":"mobile-align-left","23":"first","24":"instock","25":"virtual","26":"product-type-simple"},"acf":[],"_links":{"self":[{"href":"https:\/\/agrovin.com\/it\/wp-json\/wp\/v2\/product\/89654","targetHints":{"allow":["GET"]}}],"collection":[{"href":"https:\/\/agrovin.com\/it\/wp-json\/wp\/v2\/product"}],"about":[{"href":"https:\/\/agrovin.com\/it\/wp-json\/wp\/v2\/types\/product"}],"version-history":[{"count":0,"href":"https:\/\/agrovin.com\/it\/wp-json\/wp\/v2\/product\/89654\/revisions"}],"wp:featuredmedia":[{"embeddable":true,"href":"https:\/\/agrovin.com\/it\/wp-json\/wp\/v2\/media\/22217"}],"wp:attachment":[{"href":"https:\/\/agrovin.com\/it\/wp-json\/wp\/v2\/media?parent=89654"}],"wp:term":[{"taxonomy":"product_brand","embeddable":true,"href":"https:\/\/agrovin.com\/it\/wp-json\/wp\/v2\/product_brand?post=89654"},{"taxonomy":"product_cat","embeddable":true,"href":"https:\/\/agrovin.com\/it\/wp-json\/wp\/v2\/product_cat?post=89654"},{"taxonomy":"product_tag","embeddable":true,"href":"https:\/\/agrovin.com\/it\/wp-json\/wp\/v2\/product_tag?post=89654"}],"curies":[{"name":"wp","href":"https:\/\/api.w.org\/{rel}","templated":true}]}}