{"id":89545,"date":"2018-03-12T15:51:21","date_gmt":"2022-11-04T16:57:38","guid":{"rendered":"https:\/\/staging.agrovin.com\/senza-categoria\/enovin-varietale\/"},"modified":"2023-03-13T14:00:09","modified_gmt":"2023-03-13T13:00:09","slug":"enovin-varietal","status":"publish","type":"product","link":"https:\/\/agrovin.com\/it\/prodotti-enologici\/enzimi\/enovin-varietal\/","title":{"rendered":"ENOVIN VARIETAL"},"content":{"rendered":"<h3>CARATTERISTICHE<\/h3>\n<p>Permette il rilascio di precursori terpenici e nor-isoprenoidi, che si trovano nel vino in forma glicosilata non odorosa.<\/p>\n<h3>APPLICAZIONE<\/h3>\n<p>Trattamento dei vini da uve bianche per liberare gli aromi varietali. Estrazione del pieno potenziale varietale nelle variet\u00e0 terpeniche (Albari\u00f1o, Godello, Moscatel, Verdejo, Sauvignon, tra le altre).<\/p>\n<h3>DOSAGGIO<\/h3>\n<div class=\"page\" title=\"Pagina 1\">\n<div class=\"section\">\n<div class=\"layoutArea\">\n<div class=\"column\">\n<p>Vini bianchi secchi: &gt; 5 g\/hl<\/p>\n<p>Vini dolci: <span style=\"font-size: 16px;\">&gt; 10 g\/ hl<\/span><\/p>\n<\/div>\n<\/div>\n<\/div>\n<\/div>\n","protected":false},"excerpt":{"rendered":"<p>Enovin Varietal \u00e8 un preparato enzimatico concentrato con attivit\u00e0 \u00df-glucosidasica per favorire lo sviluppo degli aromi varietali nei vini bianchi.<\/p>\n","protected":false},"featured_media":22177,"template":"","meta":{"_acf_changed":false,"inline_featured_image":false,"site-sidebar-layout":"default","site-content-layout":"default","ast-site-content-layout":"default","site-content-style":"default","site-sidebar-style":"default","ast-global-header-display":"","ast-banner-title-visibility":"","ast-main-header-display":"","ast-hfb-above-header-display":"","ast-hfb-below-header-display":"","ast-hfb-mobile-header-display":"","site-post-title":"","ast-breadcrumbs-content":"","ast-featured-img":"","footer-sml-layout":"","ast-disable-related-posts":"","theme-transparent-header-meta":"default","adv-header-id-meta":"","stick-header-meta":"","header-above-stick-meta":"","header-main-stick-meta":"","header-below-stick-meta":"","astra-migrate-meta-layouts":"default","ast-page-background-enabled":"default","ast-page-background-meta":{"desktop":{"background-color":"var(--ast-global-color-5)","background-image":"","background-repeat":"repeat","background-position":"center center","background-size":"auto","background-attachment":"scroll","background-type":"","background-media":"","overlay-type":"","overlay-color":"","overlay-opacity":"","overlay-gradient":""},"tablet":{"background-color":"","background-image":"","background-repeat":"repeat","background-position":"center center","background-size":"auto","background-attachment":"scroll","background-type":"","background-media":"","overlay-type":"","overlay-color":"","overlay-opacity":"","overlay-gradient":""},"mobile":{"background-color":"","background-image":"","background-repeat":"repeat","background-position":"center center","background-size":"auto","background-attachment":"scroll","background-type":"","background-media":"","overlay-type":"","overlay-color":"","overlay-opacity":"","overlay-gradient":""}},"ast-content-background-meta":{"desktop":{"background-color":"var(--ast-global-color-4)","background-image":"","background-repeat":"repeat","background-position":"center center","background-size":"auto","background-attachment":"scroll","background-type":"","background-media":"","overlay-type":"","overlay-color":"","overlay-opacity":"","overlay-gradient":""},"tablet":{"background-color":"var(--ast-global-color-4)","background-image":"","background-repeat":"repeat","background-position":"center center","background-size":"auto","background-attachment":"scroll","background-type":"","background-media":"","overlay-type":"","overlay-color":"","overlay-opacity":"","overlay-gradient":""},"mobile":{"background-color":"var(--ast-global-color-4)","background-image":"","background-repeat":"repeat","background-position":"center center","background-size":"auto","background-attachment":"scroll","background-type":"","background-media":"","overlay-type":"","overlay-color":"","overlay-opacity":"","overlay-gradient":""}}},"product_brand":[],"product_cat":[176],"product_tag":[271,570],"class_list":{"0":"post-89545","1":"product","2":"type-product","3":"status-publish","4":"has-post-thumbnail","6":"product_cat-enzimi","7":"product_tag-incremento-aromatico-it","8":"product_tag-chiarificazione-dei-mosti","9":"pa_aplicacion-fa-e-fml","10":"pa_ecologico-autorizzato-nop-usda","11":"pa_estilo-de-vino-bianco","12":"pa_estilo-de-vino-rosato","13":"pa_estilo-de-vino-rosso","14":"pa_objetivo-estrazione-aromatica","15":"pa_objetivo-miglioramento-sensoriale","16":"pa_vegano-vegano-it","17":"desktop-align-left","18":"tablet-align-left","19":"mobile-align-left","21":"first","22":"instock","23":"virtual","24":"product-type-simple"},"acf":[],"_links":{"self":[{"href":"https:\/\/agrovin.com\/it\/wp-json\/wp\/v2\/product\/89545","targetHints":{"allow":["GET"]}}],"collection":[{"href":"https:\/\/agrovin.com\/it\/wp-json\/wp\/v2\/product"}],"about":[{"href":"https:\/\/agrovin.com\/it\/wp-json\/wp\/v2\/types\/product"}],"version-history":[{"count":0,"href":"https:\/\/agrovin.com\/it\/wp-json\/wp\/v2\/product\/89545\/revisions"}],"wp:featuredmedia":[{"embeddable":true,"href":"https:\/\/agrovin.com\/it\/wp-json\/wp\/v2\/media\/22177"}],"wp:attachment":[{"href":"https:\/\/agrovin.com\/it\/wp-json\/wp\/v2\/media?parent=89545"}],"wp:term":[{"taxonomy":"product_brand","embeddable":true,"href":"https:\/\/agrovin.com\/it\/wp-json\/wp\/v2\/product_brand?post=89545"},{"taxonomy":"product_cat","embeddable":true,"href":"https:\/\/agrovin.com\/it\/wp-json\/wp\/v2\/product_cat?post=89545"},{"taxonomy":"product_tag","embeddable":true,"href":"https:\/\/agrovin.com\/it\/wp-json\/wp\/v2\/product_tag?post=89545"}],"curies":[{"name":"wp","href":"https:\/\/api.w.org\/{rel}","templated":true}]}}