{"id":89421,"date":"2018-04-20T07:40:54","date_gmt":"2022-11-04T16:06:10","guid":{"rendered":"https:\/\/staging.agrovin.com\/senza-categoria\/radicello\/"},"modified":"2022-11-05T16:20:41","modified_gmt":"2022-11-05T15:20:41","slug":"radicello","status":"publish","type":"product","link":"https:\/\/agrovin.com\/it\/prodotti-enologici\/filtrazione\/radicello\/","title":{"rendered":"RADICELLO"},"content":{"rendered":"<h3>CARATTERISTICHE<\/h3>\n<p>Grazie al pre-trattamento, Radicel acquisisce un&#8217;elevata capacit\u00e0 di adsorbimento, rendendo la cellulosa adatta alla formazione di precoats omogenei nei letti filtranti. Consente una maggiore efficienza di filtrazione e un&#8217;elevata capacit\u00e0 di ritenzione in profondit\u00e0, grazie alla complessa rete che forma. \u00c8 altamente resistente agli shock di pressione grazie alla sua elevata elasticit\u00e0, soprattutto quando si lavora su filtri con piastre verticali.<\/p>\n<h3>APPLICAZIONE<\/h3>\n<p>Nella filtrazione di:<\/p>\n<ul>\n<li>Liquidi dell&#8217;industria alimentare: vini, mosti, succhi, birre, sidri e altri.<\/li>\n<li>Liquidi provenienti da altri settori: chimico, farmaceutico, ecc. che fungono da supporto per il precoat alle tele filtranti.<\/li>\n<\/ul>\n<p>Grazie al suo speciale processo di produzione, ottiene una perfetta bagnatura dopo la miscelazione con le diatomee e quindi uno strato filtrante completamente omogeneo.<\/p>\n","protected":false},"excerpt":{"rendered":"<p>Radicel \u00e8 un coadiuvante di filtrazione a base di pura cellulosa. \u00c8 un substrato chimicamente inerte e insolubile nei liquidi alimentari.<\/p>\n","protected":false},"featured_media":13763,"template":"","meta":{"_acf_changed":false,"inline_featured_image":false,"site-sidebar-layout":"default","site-content-layout":"default","ast-site-content-layout":"default","site-content-style":"default","site-sidebar-style":"default","ast-global-header-display":"","ast-banner-title-visibility":"","ast-main-header-display":"","ast-hfb-above-header-display":"","ast-hfb-below-header-display":"","ast-hfb-mobile-header-display":"","site-post-title":"","ast-breadcrumbs-content":"","ast-featured-img":"","footer-sml-layout":"","ast-disable-related-posts":"","theme-transparent-header-meta":"default","adv-header-id-meta":"","stick-header-meta":"","header-above-stick-meta":"","header-main-stick-meta":"","header-below-stick-meta":"","astra-migrate-meta-layouts":"default","ast-page-background-enabled":"default","ast-page-background-meta":{"desktop":{"background-color":"var(--ast-global-color-5)","background-image":"","background-repeat":"repeat","background-position":"center center","background-size":"auto","background-attachment":"scroll","background-type":"","background-media":"","overlay-type":"","overlay-color":"","overlay-opacity":"","overlay-gradient":""},"tablet":{"background-color":"","background-image":"","background-repeat":"repeat","background-position":"center center","background-size":"auto","background-attachment":"scroll","background-type":"","background-media":"","overlay-type":"","overlay-color":"","overlay-opacity":"","overlay-gradient":""},"mobile":{"background-color":"","background-image":"","background-repeat":"repeat","background-position":"center center","background-size":"auto","background-attachment":"scroll","background-type":"","background-media":"","overlay-type":"","overlay-color":"","overlay-opacity":"","overlay-gradient":""}},"ast-content-background-meta":{"desktop":{"background-color":"var(--ast-global-color-4)","background-image":"","background-repeat":"repeat","background-position":"center center","background-size":"auto","background-attachment":"scroll","background-type":"","background-media":"","overlay-type":"","overlay-color":"","overlay-opacity":"","overlay-gradient":""},"tablet":{"background-color":"var(--ast-global-color-4)","background-image":"","background-repeat":"repeat","background-position":"center center","background-size":"auto","background-attachment":"scroll","background-type":"","background-media":"","overlay-type":"","overlay-color":"","overlay-opacity":"","overlay-gradient":""},"mobile":{"background-color":"var(--ast-global-color-4)","background-image":"","background-repeat":"repeat","background-position":"center center","background-size":"auto","background-attachment":"scroll","background-type":"","background-media":"","overlay-type":"","overlay-color":"","overlay-opacity":"","overlay-gradient":""}}},"product_brand":[],"product_cat":[358],"product_tag":[],"class_list":{"0":"post-89421","1":"product","2":"type-product","3":"status-publish","4":"has-post-thumbnail","6":"product_cat-filtrazione","7":"pa_ecologico-autorizzato-eu","8":"pa_ecologico-autorizzato-nop-usda","9":"desktop-align-left","10":"tablet-align-left","11":"mobile-align-left","13":"first","14":"instock","15":"virtual","16":"product-type-simple"},"acf":[],"_links":{"self":[{"href":"https:\/\/agrovin.com\/it\/wp-json\/wp\/v2\/product\/89421","targetHints":{"allow":["GET"]}}],"collection":[{"href":"https:\/\/agrovin.com\/it\/wp-json\/wp\/v2\/product"}],"about":[{"href":"https:\/\/agrovin.com\/it\/wp-json\/wp\/v2\/types\/product"}],"version-history":[{"count":0,"href":"https:\/\/agrovin.com\/it\/wp-json\/wp\/v2\/product\/89421\/revisions"}],"wp:featuredmedia":[{"embeddable":true,"href":"https:\/\/agrovin.com\/it\/wp-json\/wp\/v2\/media\/13763"}],"wp:attachment":[{"href":"https:\/\/agrovin.com\/it\/wp-json\/wp\/v2\/media?parent=89421"}],"wp:term":[{"taxonomy":"product_brand","embeddable":true,"href":"https:\/\/agrovin.com\/it\/wp-json\/wp\/v2\/product_brand?post=89421"},{"taxonomy":"product_cat","embeddable":true,"href":"https:\/\/agrovin.com\/it\/wp-json\/wp\/v2\/product_cat?post=89421"},{"taxonomy":"product_tag","embeddable":true,"href":"https:\/\/agrovin.com\/it\/wp-json\/wp\/v2\/product_tag?post=89421"}],"curies":[{"name":"wp","href":"https:\/\/api.w.org\/{rel}","templated":true}]}}