{"id":89227,"date":"2018-05-09T09:50:20","date_gmt":"2022-11-04T15:47:37","guid":{"rendered":"https:\/\/staging.agrovin.com\/?post_type=product&#038;p=89227"},"modified":"2023-02-21T10:35:07","modified_gmt":"2023-02-21T09:35:07","slug":"beco-pr","status":"publish","type":"product","link":"https:\/\/agrovin.com\/it\/prodotti-enologici\/filtrazione\/beco-pr\/","title":{"rendered":"BECO PR"},"content":{"rendered":"<p><span class=\"filtracion-n\" style=\"color: #000000;\">Filtrazione con elevato potere di ritenzione di microrganismi ed endotossine.<\/span><\/p>\n<p><strong><br \/>\n<span class=\"filtracion-n\" style=\"color: #000000;\"> BECO PR sterile S 100, PR sterile S 80, PR sterile 40.<\/span><br \/>\n<\/strong><\/p>\n<p><span class=\"textosbloque\">Piastre filtranti di profondit\u00e0 BECO con un elevato grado di ritenzione di microrganismi e piccole particelle colloidali, grazie alla bassa porosit\u00e0 interstiziale delle fibre di cellulosa e all&#8217;applicazione di un potenziale elettrocinetico con un elevato effetto di adsorbimento. Queste piastre filtranti sono caratterizzate da un elevato tasso di ritenzione delle endotossine.<\/span><\/p>\n<p><span class=\"filtracion-n\" style=\"color: #000000;\">Filtrazione fine con riduzione dei microrganismi.<\/span><\/p>\n<p><strong><br \/>\n<span class=\"filtracion-n\" style=\"color: #000000;\"> BECO PR 12.<\/span><br \/>\n<\/strong><\/p>\n<p><span class=\"textosbloque\">Piastre filtranti BECO per un elevato grado di chiarificazione. Grazie al loro grado nominale, queste piastre trattengono particelle di piccole dimensioni e di natura variabile, il che, insieme al potere di trattenere i microrganismi, le rende adatte alla filtrazione finale o alla lucidatura di prodotti alimentari liquidi. Possono anche essere utilizzati nella pratica come efficienti prefiltri nei processi a membrana come l&#8217;osmosi inversa e l&#8217;ultrafiltrazione o nei processi a scambio ionico per la protezione delle colonne cromatografiche.<\/span><\/p>\n<p><span class=\"filtracion-n\" style=\"color: #000000;\">Filtrazione chiarificatrice.<\/span><\/p>\n<p><strong><br \/>\n<span class=\"filtracion-n\" style=\"color: #000000;\"> BECO PR 5, PR 1.<\/span><br \/>\n<\/strong><\/p>\n<p><span class=\"textosbloque\">Piastre filtranti BECO con una struttura fibrosa a porosit\u00e0 variabile che va da un grado nominale di 0,8 _m a 5 _m, che garantisce un&#8217;elevata capacit\u00e0 di ritenzione della torbidit\u00e0 in profondit\u00e0 e una significativa riduzione della popolazione microbica.<\/span><\/p>\n","protected":false},"excerpt":{"rendered":"<p>Piastra filtrante di profondit\u00e0 per l&#8217;industria farmaceutica.<\/p>\n","protected":false},"featured_media":14593,"template":"","meta":{"_acf_changed":false,"inline_featured_image":false,"site-sidebar-layout":"default","site-content-layout":"default","ast-site-content-layout":"default","site-content-style":"default","site-sidebar-style":"default","ast-global-header-display":"","ast-banner-title-visibility":"","ast-main-header-display":"","ast-hfb-above-header-display":"","ast-hfb-below-header-display":"","ast-hfb-mobile-header-display":"","site-post-title":"","ast-breadcrumbs-content":"","ast-featured-img":"","footer-sml-layout":"","ast-disable-related-posts":"","theme-transparent-header-meta":"default","adv-header-id-meta":"","stick-header-meta":"","header-above-stick-meta":"","header-main-stick-meta":"","header-below-stick-meta":"","astra-migrate-meta-layouts":"default","ast-page-background-enabled":"default","ast-page-background-meta":{"desktop":{"background-color":"var(--ast-global-color-5)","background-image":"","background-repeat":"repeat","background-position":"center center","background-size":"auto","background-attachment":"scroll","background-type":"","background-media":"","overlay-type":"","overlay-color":"","overlay-opacity":"","overlay-gradient":""},"tablet":{"background-color":"","background-image":"","background-repeat":"repeat","background-position":"center center","background-size":"auto","background-attachment":"scroll","background-type":"","background-media":"","overlay-type":"","overlay-color":"","overlay-opacity":"","overlay-gradient":""},"mobile":{"background-color":"","background-image":"","background-repeat":"repeat","background-position":"center center","background-size":"auto","background-attachment":"scroll","background-type":"","background-media":"","overlay-type":"","overlay-color":"","overlay-opacity":"","overlay-gradient":""}},"ast-content-background-meta":{"desktop":{"background-color":"var(--ast-global-color-4)","background-image":"","background-repeat":"repeat","background-position":"center center","background-size":"auto","background-attachment":"scroll","background-type":"","background-media":"","overlay-type":"","overlay-color":"","overlay-opacity":"","overlay-gradient":""},"tablet":{"background-color":"var(--ast-global-color-4)","background-image":"","background-repeat":"repeat","background-position":"center center","background-size":"auto","background-attachment":"scroll","background-type":"","background-media":"","overlay-type":"","overlay-color":"","overlay-opacity":"","overlay-gradient":""},"mobile":{"background-color":"var(--ast-global-color-4)","background-image":"","background-repeat":"repeat","background-position":"center center","background-size":"auto","background-attachment":"scroll","background-type":"","background-media":"","overlay-type":"","overlay-color":"","overlay-opacity":"","overlay-gradient":""}}},"product_brand":[],"product_cat":[358],"product_tag":[],"class_list":{"0":"post-89227","1":"product","2":"type-product","3":"status-publish","4":"has-post-thumbnail","6":"product_cat-filtrazione","7":"desktop-align-left","8":"tablet-align-left","9":"mobile-align-left","11":"first","12":"instock","13":"virtual","14":"product-type-simple"},"acf":[],"_links":{"self":[{"href":"https:\/\/agrovin.com\/it\/wp-json\/wp\/v2\/product\/89227","targetHints":{"allow":["GET"]}}],"collection":[{"href":"https:\/\/agrovin.com\/it\/wp-json\/wp\/v2\/product"}],"about":[{"href":"https:\/\/agrovin.com\/it\/wp-json\/wp\/v2\/types\/product"}],"version-history":[{"count":0,"href":"https:\/\/agrovin.com\/it\/wp-json\/wp\/v2\/product\/89227\/revisions"}],"wp:featuredmedia":[{"embeddable":true,"href":"https:\/\/agrovin.com\/it\/wp-json\/wp\/v2\/media\/14593"}],"wp:attachment":[{"href":"https:\/\/agrovin.com\/it\/wp-json\/wp\/v2\/media?parent=89227"}],"wp:term":[{"taxonomy":"product_brand","embeddable":true,"href":"https:\/\/agrovin.com\/it\/wp-json\/wp\/v2\/product_brand?post=89227"},{"taxonomy":"product_cat","embeddable":true,"href":"https:\/\/agrovin.com\/it\/wp-json\/wp\/v2\/product_cat?post=89227"},{"taxonomy":"product_tag","embeddable":true,"href":"https:\/\/agrovin.com\/it\/wp-json\/wp\/v2\/product_tag?post=89227"}],"curies":[{"name":"wp","href":"https:\/\/api.w.org\/{rel}","templated":true}]}}