{"id":89108,"date":"2022-05-25T17:24:13","date_gmt":"2022-05-25T16:24:13","guid":{"rendered":"https:\/\/staging.agrovin.com\/senza-categoria\/spirito-no2-core\/"},"modified":"2024-10-29T15:19:34","modified_gmt":"2024-10-29T13:19:34","slug":"spirit-no2-core","status":"publish","type":"product","link":"https:\/\/agrovin.com\/it\/prodotti-enologici\/alternativi-di-rovere\/spirit-no2-core\/","title":{"rendered":"SPIRIT N\u00ba2 CORE"},"content":{"rendered":"<h3>DOSAGGIO<\/h3>\n<ul>\n<li>Vino 1 &#8211; 5 g\/l<\/li>\n<\/ul>\n<p>Sia la dose che la durata del trattamento dipenderanno dal grado di ricaduta e dall&#8217;intensit\u00e0 delle caratteristiche desiderate.<br \/>\nTempo di contatto consigliato: 4 settimane.<br \/>\nSi consiglia di effettuare test preliminari per determinare il dosaggio e assaggi frequenti per determinare il tempo di trattamento ottimale.<\/p>\n","protected":false},"excerpt":{"rendered":"<p>Spirit n\u00ba2 Core \u00e8 un chip che fonde diverse origini botaniche e tostate per aumentare la complessit\u00e0 e l&#8217;intensit\u00e0 aromatica, partecipando positivamente a tutte le fasi del gusto. Consigliato per i vini in cui si ricerca un aumento complessivo della complessit\u00e0 e un equilibrato incremento delle sensazioni tattili.<\/p>\n","protected":false},"featured_media":118666,"template":"","meta":{"_acf_changed":false,"inline_featured_image":false,"site-sidebar-layout":"default","site-content-layout":"default","ast-site-content-layout":"default","site-content-style":"default","site-sidebar-style":"default","ast-global-header-display":"","ast-banner-title-visibility":"","ast-main-header-display":"","ast-hfb-above-header-display":"","ast-hfb-below-header-display":"","ast-hfb-mobile-header-display":"","site-post-title":"","ast-breadcrumbs-content":"","ast-featured-img":"","footer-sml-layout":"","ast-disable-related-posts":"","theme-transparent-header-meta":"default","adv-header-id-meta":"","stick-header-meta":"","header-above-stick-meta":"","header-main-stick-meta":"","header-below-stick-meta":"","astra-migrate-meta-layouts":"set","ast-page-background-enabled":"default","ast-page-background-meta":{"desktop":{"background-color":"var(--ast-global-color-5)","background-image":"","background-repeat":"repeat","background-position":"center center","background-size":"auto","background-attachment":"scroll","background-type":"","background-media":"","overlay-type":"","overlay-color":"","overlay-opacity":"","overlay-gradient":""},"tablet":{"background-color":"","background-image":"","background-repeat":"repeat","background-position":"center center","background-size":"auto","background-attachment":"scroll","background-type":"","background-media":"","overlay-type":"","overlay-color":"","overlay-opacity":"","overlay-gradient":""},"mobile":{"background-color":"","background-image":"","background-repeat":"repeat","background-position":"center center","background-size":"auto","background-attachment":"scroll","background-type":"","background-media":"","overlay-type":"","overlay-color":"","overlay-opacity":"","overlay-gradient":""}},"ast-content-background-meta":{"desktop":{"background-color":"var(--ast-global-color-4)","background-image":"","background-repeat":"repeat","background-position":"center center","background-size":"auto","background-attachment":"scroll","background-type":"","background-media":"","overlay-type":"","overlay-color":"","overlay-opacity":"","overlay-gradient":""},"tablet":{"background-color":"var(--ast-global-color-4)","background-image":"","background-repeat":"repeat","background-position":"center center","background-size":"auto","background-attachment":"scroll","background-type":"","background-media":"","overlay-type":"","overlay-color":"","overlay-opacity":"","overlay-gradient":""},"mobile":{"background-color":"var(--ast-global-color-4)","background-image":"","background-repeat":"repeat","background-position":"center center","background-size":"auto","background-attachment":"scroll","background-type":"","background-media":"","overlay-type":"","overlay-color":"","overlay-opacity":"","overlay-gradient":""}}},"product_brand":[],"product_cat":[221],"product_tag":[],"class_list":{"0":"post-89108","1":"product","2":"type-product","3":"status-publish","4":"has-post-thumbnail","6":"product_cat-alternativi-di-rovere","7":"pa_objetivo-definizione","8":"desktop-align-left","9":"tablet-align-left","10":"mobile-align-left","12":"first","13":"instock","14":"shipping-taxable","15":"product-type-simple"},"acf":[],"_links":{"self":[{"href":"https:\/\/agrovin.com\/it\/wp-json\/wp\/v2\/product\/89108","targetHints":{"allow":["GET"]}}],"collection":[{"href":"https:\/\/agrovin.com\/it\/wp-json\/wp\/v2\/product"}],"about":[{"href":"https:\/\/agrovin.com\/it\/wp-json\/wp\/v2\/types\/product"}],"version-history":[{"count":1,"href":"https:\/\/agrovin.com\/it\/wp-json\/wp\/v2\/product\/89108\/revisions"}],"predecessor-version":[{"id":116972,"href":"https:\/\/agrovin.com\/it\/wp-json\/wp\/v2\/product\/89108\/revisions\/116972"}],"wp:featuredmedia":[{"embeddable":true,"href":"https:\/\/agrovin.com\/it\/wp-json\/wp\/v2\/media\/118666"}],"wp:attachment":[{"href":"https:\/\/agrovin.com\/it\/wp-json\/wp\/v2\/media?parent=89108"}],"wp:term":[{"taxonomy":"product_brand","embeddable":true,"href":"https:\/\/agrovin.com\/it\/wp-json\/wp\/v2\/product_brand?post=89108"},{"taxonomy":"product_cat","embeddable":true,"href":"https:\/\/agrovin.com\/it\/wp-json\/wp\/v2\/product_cat?post=89108"},{"taxonomy":"product_tag","embeddable":true,"href":"https:\/\/agrovin.com\/it\/wp-json\/wp\/v2\/product_tag?post=89108"}],"curies":[{"name":"wp","href":"https:\/\/api.w.org\/{rel}","templated":true}]}}