{"id":89084,"date":"2021-06-14T07:47:34","date_gmt":"2022-11-04T14:16:27","guid":{"rendered":"https:\/\/staging.agrovin.com\/senza-categoria\/prova-bc\/"},"modified":"2024-10-29T01:05:49","modified_gmt":"2024-10-28T23:05:49","slug":"proveget-bc","status":"publish","type":"product","link":"https:\/\/agrovin.com\/it\/prodotti-enologici\/chiarificanti\/proveget-bc\/","title":{"rendered":"PROVEGET BC"},"content":{"rendered":"<h3>CARATTERISTICHE<\/h3>\n<p>La formulazione con proteine vegetali di pisello e bentonite fa s\u00ec che Proveget BC flocculi ad alta velocit\u00e0 producendo fecce pi\u00f9 compatte e rese pi\u00f9 elevate.<\/p>\n<p>La miscela di bentoniti di diversa natura combina la corretta eliminazione delle proteine con una maggiore compattazione, riducendo le perdite di vino.<\/p>\n<p>Proveget BC \u00e8 un prodotto privo di allergeni. Non OGM.<\/p>\n<h3>APPLICAZIONE<\/h3>\n<p>Chiarificante per la vinificazione<\/p>\n<h3>DOSAGGIO<\/h3>\n<div class=\"page\" title=\"Pagina 1\">\n<div class=\"section\">\n<div class=\"layoutArea\">\n<div class=\"column\">\n<p>Mosti 40-100 g\/hl<\/p>\n<\/div>\n<\/div>\n<\/div>\n<\/div>\n","protected":false},"excerpt":{"rendered":"<p>Proveget BC \u00e8 un chiarificatore di fermentazione a base di proteine vegetali di pisello e bentoniti selezionate. Lo scopo di questa formulazione \u00e8 quello di migliorare sostanzialmente la limpidezza del vino appena fatto in tempi pi\u00f9 brevi, di eliminare i composti ossidabili e ossidati e di contribuire alla stabilizzazione delle proteine.<\/p>\n","protected":false},"featured_media":50494,"template":"","meta":{"_acf_changed":false,"inline_featured_image":false,"site-sidebar-layout":"default","site-content-layout":"default","ast-site-content-layout":"default","site-content-style":"default","site-sidebar-style":"default","ast-global-header-display":"","ast-banner-title-visibility":"","ast-main-header-display":"","ast-hfb-above-header-display":"","ast-hfb-below-header-display":"","ast-hfb-mobile-header-display":"","site-post-title":"","ast-breadcrumbs-content":"","ast-featured-img":"","footer-sml-layout":"","ast-disable-related-posts":"","theme-transparent-header-meta":"default","adv-header-id-meta":"","stick-header-meta":"","header-above-stick-meta":"","header-main-stick-meta":"","header-below-stick-meta":"","astra-migrate-meta-layouts":"set","ast-page-background-enabled":"default","ast-page-background-meta":{"desktop":{"background-color":"var(--ast-global-color-5)","background-image":"","background-repeat":"repeat","background-position":"center center","background-size":"auto","background-attachment":"scroll","background-type":"","background-media":"","overlay-type":"","overlay-color":"","overlay-opacity":"","overlay-gradient":""},"tablet":{"background-color":"","background-image":"","background-repeat":"repeat","background-position":"center center","background-size":"auto","background-attachment":"scroll","background-type":"","background-media":"","overlay-type":"","overlay-color":"","overlay-opacity":"","overlay-gradient":""},"mobile":{"background-color":"","background-image":"","background-repeat":"repeat","background-position":"center center","background-size":"auto","background-attachment":"scroll","background-type":"","background-media":"","overlay-type":"","overlay-color":"","overlay-opacity":"","overlay-gradient":""}},"ast-content-background-meta":{"desktop":{"background-color":"var(--ast-global-color-4)","background-image":"","background-repeat":"repeat","background-position":"center center","background-size":"auto","background-attachment":"scroll","background-type":"","background-media":"","overlay-type":"","overlay-color":"","overlay-opacity":"","overlay-gradient":""},"tablet":{"background-color":"var(--ast-global-color-4)","background-image":"","background-repeat":"repeat","background-position":"center center","background-size":"auto","background-attachment":"scroll","background-type":"","background-media":"","overlay-type":"","overlay-color":"","overlay-opacity":"","overlay-gradient":""},"mobile":{"background-color":"var(--ast-global-color-4)","background-image":"","background-repeat":"repeat","background-position":"center center","background-size":"auto","background-attachment":"scroll","background-type":"","background-media":"","overlay-type":"","overlay-color":"","overlay-opacity":"","overlay-gradient":""}}},"product_brand":[],"product_cat":[166],"product_tag":[],"class_list":{"0":"post-89084","1":"product","2":"type-product","3":"status-publish","4":"has-post-thumbnail","6":"product_cat-chiarificanti","7":"pa_aplicacion-uva-e-mosto","8":"pa_ecologico-autorizzato-eu","9":"pa_estilo-de-vino-bianco","10":"pa_estilo-de-vino-rosato","11":"pa_objetivo-chiarificazione","12":"pa_origen-formulazione","13":"pa_vegano-vegano-it","14":"desktop-align-left","15":"tablet-align-left","16":"mobile-align-left","18":"first","19":"instock","20":"shipping-taxable","21":"product-type-simple"},"acf":[],"_links":{"self":[{"href":"https:\/\/agrovin.com\/it\/wp-json\/wp\/v2\/product\/89084","targetHints":{"allow":["GET"]}}],"collection":[{"href":"https:\/\/agrovin.com\/it\/wp-json\/wp\/v2\/product"}],"about":[{"href":"https:\/\/agrovin.com\/it\/wp-json\/wp\/v2\/types\/product"}],"version-history":[{"count":1,"href":"https:\/\/agrovin.com\/it\/wp-json\/wp\/v2\/product\/89084\/revisions"}],"predecessor-version":[{"id":116947,"href":"https:\/\/agrovin.com\/it\/wp-json\/wp\/v2\/product\/89084\/revisions\/116947"}],"wp:featuredmedia":[{"embeddable":true,"href":"https:\/\/agrovin.com\/it\/wp-json\/wp\/v2\/media\/50494"}],"wp:attachment":[{"href":"https:\/\/agrovin.com\/it\/wp-json\/wp\/v2\/media?parent=89084"}],"wp:term":[{"taxonomy":"product_brand","embeddable":true,"href":"https:\/\/agrovin.com\/it\/wp-json\/wp\/v2\/product_brand?post=89084"},{"taxonomy":"product_cat","embeddable":true,"href":"https:\/\/agrovin.com\/it\/wp-json\/wp\/v2\/product_cat?post=89084"},{"taxonomy":"product_tag","embeddable":true,"href":"https:\/\/agrovin.com\/it\/wp-json\/wp\/v2\/product_tag?post=89084"}],"curies":[{"name":"wp","href":"https:\/\/api.w.org\/{rel}","templated":true}]}}