{"id":89006,"date":"2018-09-12T11:43:29","date_gmt":"2022-11-04T14:13:47","guid":{"rendered":"https:\/\/staging.agrovin.com\/senza-categoria\/beco-protect-fs\/"},"modified":"2024-08-23T16:23:57","modified_gmt":"2024-08-23T15:23:57","slug":"beco-protect-fs-2","status":"publish","type":"product","link":"https:\/\/agrovin.com\/it\/prodotti-enologici\/filtrazione\/beco-protect-fs-2\/","title":{"rendered":"BECO PROTECT FS"},"content":{"rendered":"<h3>CARATTERISTICHE<\/h3>\n<p>Cartucce filtranti di profondit\u00e0 BECO PROTECT FS con strati di polipropilene di alta qualit\u00e0, appositamente pieghettati. Una cartuccia di supporto interna ed esterna in polipropilene garantisce la massima stabilit\u00e0 meccanica. Tutti i materiali utilizzati garantiscono una filtrazione neutrale del prodotto, senza adsorbimento o migrazione di particelle.<\/p>\n","protected":false},"excerpt":{"rendered":"<h5>CARATTERISTICHE:<\/h5>\n<p>Le cartucce filtranti di profondit\u00e0 <strong>BECO PROTECT FS FineStream<\/strong> sono innovative cartucce filtranti di profondit\u00e0 con un design unico che aumenta la superficie filtrante. Un&#8217;altra caratteristica unica \u00e8 la portata variabile delle cartucce filtranti di profondit\u00e0 BECO PROTECT FS. Il flusso pu\u00f2 avvenire dall&#8217;esterno verso l&#8217;interno o, se si cambia il lato di ingresso e di uscita dell&#8217;alloggiamento, dall&#8217;interno verso l&#8217;esterno. L&#8217;effetto di filtraggio viene conservato. Le cartucce filtranti di profondit\u00e0 BECO PROTECT FS sono utilizzate nell&#8217;industria delle bevande.<\/p>\n<p>&nbsp;<\/p>\n<p><a href=\"https:\/\/agrovin.com\/agrv\/pdf\/filtracion\/cartuchos\/BECOPROTECT_FS.pdf\" target=\"_blank\" rel=\"noopener\"><strong>Specifiche tecniche<\/strong><\/a><\/p>\n","protected":false},"featured_media":23457,"template":"","meta":{"_acf_changed":false,"inline_featured_image":false,"site-sidebar-layout":"default","site-content-layout":"default","ast-site-content-layout":"default","site-content-style":"default","site-sidebar-style":"default","ast-global-header-display":"","ast-banner-title-visibility":"","ast-main-header-display":"","ast-hfb-above-header-display":"","ast-hfb-below-header-display":"","ast-hfb-mobile-header-display":"","site-post-title":"","ast-breadcrumbs-content":"","ast-featured-img":"","footer-sml-layout":"","ast-disable-related-posts":"","theme-transparent-header-meta":"default","adv-header-id-meta":"","stick-header-meta":"","header-above-stick-meta":"","header-main-stick-meta":"","header-below-stick-meta":"","astra-migrate-meta-layouts":"default","ast-page-background-enabled":"default","ast-page-background-meta":{"desktop":{"background-color":"var(--ast-global-color-5)","background-image":"","background-repeat":"repeat","background-position":"center center","background-size":"auto","background-attachment":"scroll","background-type":"","background-media":"","overlay-type":"","overlay-color":"","overlay-opacity":"","overlay-gradient":""},"tablet":{"background-color":"","background-image":"","background-repeat":"repeat","background-position":"center center","background-size":"auto","background-attachment":"scroll","background-type":"","background-media":"","overlay-type":"","overlay-color":"","overlay-opacity":"","overlay-gradient":""},"mobile":{"background-color":"","background-image":"","background-repeat":"repeat","background-position":"center center","background-size":"auto","background-attachment":"scroll","background-type":"","background-media":"","overlay-type":"","overlay-color":"","overlay-opacity":"","overlay-gradient":""}},"ast-content-background-meta":{"desktop":{"background-color":"var(--ast-global-color-4)","background-image":"","background-repeat":"repeat","background-position":"center center","background-size":"auto","background-attachment":"scroll","background-type":"","background-media":"","overlay-type":"","overlay-color":"","overlay-opacity":"","overlay-gradient":""},"tablet":{"background-color":"var(--ast-global-color-4)","background-image":"","background-repeat":"repeat","background-position":"center center","background-size":"auto","background-attachment":"scroll","background-type":"","background-media":"","overlay-type":"","overlay-color":"","overlay-opacity":"","overlay-gradient":""},"mobile":{"background-color":"var(--ast-global-color-4)","background-image":"","background-repeat":"repeat","background-position":"center center","background-size":"auto","background-attachment":"scroll","background-type":"","background-media":"","overlay-type":"","overlay-color":"","overlay-opacity":"","overlay-gradient":""}}},"product_brand":[],"product_cat":[358],"product_tag":[],"class_list":{"0":"post-89006","1":"product","2":"type-product","3":"status-publish","4":"has-post-thumbnail","6":"product_cat-filtrazione","7":"desktop-align-left","8":"tablet-align-left","9":"mobile-align-left","11":"first","12":"instock","13":"virtual","14":"product-type-simple"},"acf":[],"_links":{"self":[{"href":"https:\/\/agrovin.com\/it\/wp-json\/wp\/v2\/product\/89006","targetHints":{"allow":["GET"]}}],"collection":[{"href":"https:\/\/agrovin.com\/it\/wp-json\/wp\/v2\/product"}],"about":[{"href":"https:\/\/agrovin.com\/it\/wp-json\/wp\/v2\/types\/product"}],"version-history":[{"count":1,"href":"https:\/\/agrovin.com\/it\/wp-json\/wp\/v2\/product\/89006\/revisions"}],"predecessor-version":[{"id":116236,"href":"https:\/\/agrovin.com\/it\/wp-json\/wp\/v2\/product\/89006\/revisions\/116236"}],"wp:featuredmedia":[{"embeddable":true,"href":"https:\/\/agrovin.com\/it\/wp-json\/wp\/v2\/media\/23457"}],"wp:attachment":[{"href":"https:\/\/agrovin.com\/it\/wp-json\/wp\/v2\/media?parent=89006"}],"wp:term":[{"taxonomy":"product_brand","embeddable":true,"href":"https:\/\/agrovin.com\/it\/wp-json\/wp\/v2\/product_brand?post=89006"},{"taxonomy":"product_cat","embeddable":true,"href":"https:\/\/agrovin.com\/it\/wp-json\/wp\/v2\/product_cat?post=89006"},{"taxonomy":"product_tag","embeddable":true,"href":"https:\/\/agrovin.com\/it\/wp-json\/wp\/v2\/product_tag?post=89006"}],"curies":[{"name":"wp","href":"https:\/\/api.w.org\/{rel}","templated":true}]}}