{"id":88971,"date":"2018-06-19T07:53:55","date_gmt":"2022-11-04T14:12:08","guid":{"rendered":"https:\/\/staging.agrovin.com\/senza-categoria\/galitano-redox\/"},"modified":"2024-04-23T22:20:54","modified_gmt":"2024-04-23T21:20:54","slug":"galitan-redox","status":"publish","type":"product","link":"https:\/\/agrovin.com\/it\/prodotti-enologici\/tannini\/galitan-redox\/","title":{"rendered":"GALITAN REDOX"},"content":{"rendered":"<h3>APPLICAZIONE<\/h3>\n<p>Nel mosto o nel vino:<\/p>\n<ul>\n<li>Protegge dall&#8217;ossidazione grazie alla sua elevata capacit\u00e0 di abbassare il potenziale redox. Particolarmente interessante \u00e8 la sua applicazione prima dell&#8217;inizio della fermentazione alcolica.<\/li>\n<li>Su uve in cattive condizioni igienico-sanitarie grazie alla sua grande capacit\u00e0 di inibire attivit\u00e0 enzimatiche come la laccasi e la tirosinasi.<\/li>\n<li>Nella vinificazione aiuta a ridurre la quantit\u00e0 di metabisolfito.<\/li>\n<li>Precipita alcune proteine instabili.<\/li>\n<\/ul>\n<h3>DOSAGGIO<\/h3>\n<div class=\"page\" title=\"Pagina 1\">\n<div class=\"section\">\n<div class=\"layoutArea\">\n<div class=\"column\">\n<p>Mosto: <span style=\"font-size: 16px;\">5-30 g\/hl<\/span><\/p>\n<p>Vini: <span style=\"font-size: 16px;\">5 -10 g\/hl<\/span><\/p>\n<p>&nbsp;<\/p>\n<\/div>\n<\/div>\n<\/div>\n<\/div>\n","protected":false},"excerpt":{"rendered":"<p>Eccellente capacit\u00e0 antiossidante e anti-smorzante. Il suo utilizzo in vinificazione \u00e8 molto utile per la protezione delle uve, soprattutto nelle vendemmie di scarsa qualit\u00e0 sanitaria.<\/p>\n","protected":false},"featured_media":22915,"template":"","meta":{"_acf_changed":false,"inline_featured_image":false,"site-sidebar-layout":"default","site-content-layout":"default","ast-site-content-layout":"default","site-content-style":"default","site-sidebar-style":"default","ast-global-header-display":"","ast-banner-title-visibility":"","ast-main-header-display":"","ast-hfb-above-header-display":"","ast-hfb-below-header-display":"","ast-hfb-mobile-header-display":"","site-post-title":"","ast-breadcrumbs-content":"","ast-featured-img":"","footer-sml-layout":"","ast-disable-related-posts":"","theme-transparent-header-meta":"default","adv-header-id-meta":"","stick-header-meta":"","header-above-stick-meta":"","header-main-stick-meta":"","header-below-stick-meta":"","astra-migrate-meta-layouts":"default","ast-page-background-enabled":"default","ast-page-background-meta":{"desktop":{"background-color":"var(--ast-global-color-5)","background-image":"","background-repeat":"repeat","background-position":"center center","background-size":"auto","background-attachment":"scroll","background-type":"","background-media":"","overlay-type":"","overlay-color":"","overlay-opacity":"","overlay-gradient":""},"tablet":{"background-color":"","background-image":"","background-repeat":"repeat","background-position":"center center","background-size":"auto","background-attachment":"scroll","background-type":"","background-media":"","overlay-type":"","overlay-color":"","overlay-opacity":"","overlay-gradient":""},"mobile":{"background-color":"","background-image":"","background-repeat":"repeat","background-position":"center center","background-size":"auto","background-attachment":"scroll","background-type":"","background-media":"","overlay-type":"","overlay-color":"","overlay-opacity":"","overlay-gradient":""}},"ast-content-background-meta":{"desktop":{"background-color":"var(--ast-global-color-4)","background-image":"","background-repeat":"repeat","background-position":"center center","background-size":"auto","background-attachment":"scroll","background-type":"","background-media":"","overlay-type":"","overlay-color":"","overlay-opacity":"","overlay-gradient":""},"tablet":{"background-color":"var(--ast-global-color-4)","background-image":"","background-repeat":"repeat","background-position":"center center","background-size":"auto","background-attachment":"scroll","background-type":"","background-media":"","overlay-type":"","overlay-color":"","overlay-opacity":"","overlay-gradient":""},"mobile":{"background-color":"var(--ast-global-color-4)","background-image":"","background-repeat":"repeat","background-position":"center center","background-size":"auto","background-attachment":"scroll","background-type":"","background-media":"","overlay-type":"","overlay-color":"","overlay-opacity":"","overlay-gradient":""}}},"product_brand":[],"product_cat":[226],"product_tag":[827],"class_list":{"0":"post-88971","1":"product","2":"type-product","3":"status-publish","4":"has-post-thumbnail","6":"product_cat-tannini","7":"product_tag-tannini-antiossidanti","8":"pa_aplicacion-fa-e-fml","9":"pa_ecologico-autorizzato-eu","10":"pa_ecologico-autorizzato-nop-usda","11":"pa_estilo-de-vino-bianco","12":"pa_estilo-de-vino-frizzante","13":"pa_estilo-de-vino-rosato","14":"pa_objetivo-protezione-antiossidante","15":"pa_vegano-vegano-it","16":"desktop-align-left","17":"tablet-align-left","18":"mobile-align-left","20":"first","21":"instock","22":"virtual","23":"product-type-simple"},"acf":[],"_links":{"self":[{"href":"https:\/\/agrovin.com\/it\/wp-json\/wp\/v2\/product\/88971","targetHints":{"allow":["GET"]}}],"collection":[{"href":"https:\/\/agrovin.com\/it\/wp-json\/wp\/v2\/product"}],"about":[{"href":"https:\/\/agrovin.com\/it\/wp-json\/wp\/v2\/types\/product"}],"version-history":[{"count":0,"href":"https:\/\/agrovin.com\/it\/wp-json\/wp\/v2\/product\/88971\/revisions"}],"wp:featuredmedia":[{"embeddable":true,"href":"https:\/\/agrovin.com\/it\/wp-json\/wp\/v2\/media\/22915"}],"wp:attachment":[{"href":"https:\/\/agrovin.com\/it\/wp-json\/wp\/v2\/media?parent=88971"}],"wp:term":[{"taxonomy":"product_brand","embeddable":true,"href":"https:\/\/agrovin.com\/it\/wp-json\/wp\/v2\/product_brand?post=88971"},{"taxonomy":"product_cat","embeddable":true,"href":"https:\/\/agrovin.com\/it\/wp-json\/wp\/v2\/product_cat?post=88971"},{"taxonomy":"product_tag","embeddable":true,"href":"https:\/\/agrovin.com\/it\/wp-json\/wp\/v2\/product_tag?post=88971"}],"curies":[{"name":"wp","href":"https:\/\/api.w.org\/{rel}","templated":true}]}}