{"id":105849,"date":"2023-05-23T08:53:46","date_gmt":"2023-05-23T07:53:46","guid":{"rendered":"https:\/\/agrovin.com\/senza-categoria\/viniferm-ns-chance\/"},"modified":"2024-05-27T07:27:47","modified_gmt":"2024-05-27T06:27:47","slug":"viniferm-ns-chance","status":"publish","type":"product","link":"https:\/\/agrovin.com\/it\/prodotti-enologici\/lieviti\/viniferm-ns-chance\/","title":{"rendered":"VINIFERM NS CHANCE"},"content":{"rendered":"<h3>CARATTERISTICHE<\/h3>\n<p>Ceppo di lievito non-Saccharomyces Lachancea thermotolerans selezionato per la sua elevata capacit\u00e0 di sintesi di acido lattico. L&#8217;uso di Viniferm NS CHANCE aiuta a risolvere il problema della perdita di acidit\u00e0 nei vini causata dai cambiamenti climatici. Favorisce la produzione di vini pi\u00f9 longevi, complessi e untuosi.<\/p>\n<h3>PROPRIET\u00c0 ENOLOGICHE<\/h3>\n<table style=\"height: 312px;\" width=\"764\">\n<tbody>\n<tr>\n<td width=\"281\"><strong>Potere fermentativo<\/strong><\/td>\n<td width=\"246\">Medio (&lt;10 %\/% vol.)<\/td>\n<\/tr>\n<tr>\n<td width=\"281\"><strong>Temperatura di lavoro<\/strong><\/td>\n<td width=\"246\">14-20\u00baC<\/td>\n<\/tr>\n<tr>\n<td width=\"281\"><strong>Requisiti nutrizionali<\/strong><\/td>\n<td width=\"246\">Medio (azoto organico)<\/td>\n<\/tr>\n<tr>\n<td width=\"281\"><strong>Resa alcolica<\/strong><\/td>\n<td width=\"246\">Basso<\/td>\n<\/tr>\n<tr>\n<td width=\"281\"><strong>Resistenza allo zolfo <\/strong><\/td>\n<td width=\"246\">Moderato (&lt;50 ppm)<\/td>\n<\/tr>\n<tr>\n<td width=\"281\"><strong>Formazione di acidit\u00e0 volatile<\/strong><\/td>\n<td width=\"246\">Basso<\/td>\n<\/tr>\n<\/tbody>\n<\/table>\n<h3>DOSE<\/h3>\n<p class=\"p1\"><span class=\"s1\">10-20 g\/hl <\/span><\/p>\n<h3>ISTRUZIONI PER L&#8217;USO<\/h3>\n<p>Per ottenere i migliori risultati \u00e8 essenziale assicurarsi che il ceppo sia ben impiantato nel terreno di coltura, quindi \u00e8 importante:<\/p>\n<p><span style=\"font-weight: 300;\">\u2192 Mantenere una buona igiene in cantina.\u00a0<\/span><\/p>\n<p><span style=\"font-weight: 300;\">\u2192 Aggiungere il lievito il prima possibile.\u00a0<\/span><\/p>\n<p><span style=\"font-weight: 300;\">\u2192 Rispettare il dosaggio prescritto.<\/span><\/p>\n<p><span style=\"font-weight: 300;\">\u2192 Reidratare bene il lievito.<\/span><\/p>\n<p>&nbsp;<\/p>\n<p><strong>Reidratazione:<\/strong><\/p>\n<p><span style=\"font-weight: 300;\">1.- Aggiungere il lievito secco in 10 volte il suo peso in acqua a 35 oC &#8211; 40 oC (10 litri di acqua per 1 kg di lievito).<\/span><\/p>\n<p><span style=\"font-size: 16px; font-weight: 300;\">2.- Attendere 10 minuti.\u00a0<\/span><\/p>\n<p><span style=\"font-weight: 300;\">3.- Mescolare la miscela.\u00a0<\/span><\/p>\n<p><span style=\"font-weight: 300;\">4.- Attendere 10 minuti e aggiungere al mosto, assicurandosi che non vi sia una differenza superiore a 10 oC tra il mezzo reidratato e il mosto.<\/span><\/p>\n<p><strong>Precauzioni di lavoro:\u00a0<\/strong><\/p>\n<p><span style=\"font-weight: 300;\">&#8211; In ogni caso, il lievito non deve essere reidratato per pi\u00f9 di 30 minuti in assenza di zuccheri.\u00a0<\/span><\/p>\n<p><span style=\"font-weight: 300;\">&#8211; Il rispetto dei tempi, delle temperature e delle modalit\u00e0 di utilizzo descritte garantisce la massima vitalit\u00e0 del lievito idratato.<\/span><\/p>\n<p>&nbsp;<\/p>\n","protected":false},"excerpt":{"rendered":"<p><span style=\"font-weight: 300;\">Ceppo di lievito <em>non-Saccharomyces Lachancea thermotolerans<\/em> selezionato per la sua elevata capacit\u00e0 di sintesi di acido lattico. L&#8217;uso di Viniferm NS CHANCE aiuta a risolvere il problema della perdita di acidit\u00e0 nei vini causata dai cambiamenti climatici. Favorisce la produzione di vini pi\u00f9 longevi, complessi e untuosi.<\/span><\/p>\n<p>Viniferm NS CHANCE non solo ha un elevato potere acidificante &#8211; aumento della formazione di acido lattico &#8211; ma aumenta anche la complessit\u00e0 aromatica, accentua l&#8217;untuosit\u00e0 e la morbidezza &#8211; grazie alla formazione di glicerolo &#8211; e d\u00e0 origine a vini con bassa acidit\u00e0 volatile grazie al suo rapido impianto.<\/p>\n<p>La selezione di NS CHANCE \u00e8 il risultato di un&#8217;ampia attivit\u00e0 di ricerca che Agrovin ha iniziato pi\u00f9 di 10 anni fa, in collaborazione con il dipartimento di Microbiologia III dell&#8217;Universit\u00e0 Complutense di Madrid. Questa attivit\u00e0, che ha generato un precedente know-how, \u00e8 culminata in modo specifico nell&#8217;ambito del <a href=\"https:\/\/www.lowphwine.es\/\" target=\"_blank\" rel=\"nofollow noopener\">progetto LowpHWine<\/a> insieme all&#8217;Universit\u00e0 Politecnica di Madrid. Si tratta di un progetto di consorzio pubblico-privato (IDI-20210393) che gode del sostegno finanziario della CDTI Innovazione attraverso il Programma Strategico CIEN (Consorzi Nazionali di Ricerca Strategica) e che, iniziato nel settembre 2020, terminer\u00e0 il 31 agosto 2024.<\/p>\n<p><a href=\"https:\/\/www.tecnovino.com\/estudian-soluciones-para-evitar-la-perdida-de-acidez-en-los-vinos-como-consecuencia-del-cambio-climatico\/\" target=\"_blank\" rel=\"nofollow noopener\"><img decoding=\"async\" class=\"alignnone wp-image-107436\" src=\"https:\/\/agrovin.com\/wp-content\/uploads\/2023\/07\/Lowphwine-300x162.png\" alt=\"\" width=\"165\" height=\"89\" \/><\/a>\u00a0 \u00a0 \u00a0 \u00a0 <img decoding=\"async\" class=\"alignnone wp-image-107448\" style=\"font-weight: inherit;\" src=\"https:\/\/agrovin.com\/wp-content\/uploads\/2023\/07\/CDTI-1.png\" alt=\"\" width=\"93\" height=\"42\" \/><\/p>\n","protected":false},"featured_media":104237,"template":"","meta":{"_acf_changed":false,"inline_featured_image":false,"site-sidebar-layout":"default","site-content-layout":"default","ast-site-content-layout":"default","site-content-style":"default","site-sidebar-style":"default","ast-global-header-display":"","ast-banner-title-visibility":"","ast-main-header-display":"","ast-hfb-above-header-display":"","ast-hfb-below-header-display":"","ast-hfb-mobile-header-display":"","site-post-title":"","ast-breadcrumbs-content":"","ast-featured-img":"","footer-sml-layout":"","ast-disable-related-posts":"","theme-transparent-header-meta":"default","adv-header-id-meta":"","stick-header-meta":"","header-above-stick-meta":"","header-main-stick-meta":"","header-below-stick-meta":"","astra-migrate-meta-layouts":"default","ast-page-background-enabled":"default","ast-page-background-meta":{"desktop":{"background-color":"var(--ast-global-color-5)","background-image":"","background-repeat":"repeat","background-position":"center center","background-size":"auto","background-attachment":"scroll","background-type":"","background-media":"","overlay-type":"","overlay-color":"","overlay-opacity":"","overlay-gradient":""},"tablet":{"background-color":"","background-image":"","background-repeat":"repeat","background-position":"center center","background-size":"auto","background-attachment":"scroll","background-type":"","background-media":"","overlay-type":"","overlay-color":"","overlay-opacity":"","overlay-gradient":""},"mobile":{"background-color":"","background-image":"","background-repeat":"repeat","background-position":"center center","background-size":"auto","background-attachment":"scroll","background-type":"","background-media":"","overlay-type":"","overlay-color":"","overlay-opacity":"","overlay-gradient":""}},"ast-content-background-meta":{"desktop":{"background-color":"var(--ast-global-color-4)","background-image":"","background-repeat":"repeat","background-position":"center center","background-size":"auto","background-attachment":"scroll","background-type":"","background-media":"","overlay-type":"","overlay-color":"","overlay-opacity":"","overlay-gradient":""},"tablet":{"background-color":"var(--ast-global-color-4)","background-image":"","background-repeat":"repeat","background-position":"center center","background-size":"auto","background-attachment":"scroll","background-type":"","background-media":"","overlay-type":"","overlay-color":"","overlay-opacity":"","overlay-gradient":""},"mobile":{"background-color":"var(--ast-global-color-4)","background-image":"","background-repeat":"repeat","background-position":"center center","background-size":"auto","background-attachment":"scroll","background-type":"","background-media":"","overlay-type":"","overlay-color":"","overlay-opacity":"","overlay-gradient":""}}},"product_brand":[],"product_cat":[2087],"product_tag":[],"class_list":{"0":"post-105849","1":"product","2":"type-product","3":"status-publish","4":"has-post-thumbnail","6":"product_cat-lieviti","7":"pa_ecologico-autorizzato-eu","8":"pa_estilo-de-vino-rosso","9":"pa_vegano-vegano-it","10":"desktop-align-left","11":"tablet-align-left","12":"mobile-align-left","14":"first","15":"instock","16":"virtual","17":"product-type-simple"},"acf":[],"_links":{"self":[{"href":"https:\/\/agrovin.com\/it\/wp-json\/wp\/v2\/product\/105849","targetHints":{"allow":["GET"]}}],"collection":[{"href":"https:\/\/agrovin.com\/it\/wp-json\/wp\/v2\/product"}],"about":[{"href":"https:\/\/agrovin.com\/it\/wp-json\/wp\/v2\/types\/product"}],"version-history":[{"count":0,"href":"https:\/\/agrovin.com\/it\/wp-json\/wp\/v2\/product\/105849\/revisions"}],"wp:featuredmedia":[{"embeddable":true,"href":"https:\/\/agrovin.com\/it\/wp-json\/wp\/v2\/media\/104237"}],"wp:attachment":[{"href":"https:\/\/agrovin.com\/it\/wp-json\/wp\/v2\/media?parent=105849"}],"wp:term":[{"taxonomy":"product_brand","embeddable":true,"href":"https:\/\/agrovin.com\/it\/wp-json\/wp\/v2\/product_brand?post=105849"},{"taxonomy":"product_cat","embeddable":true,"href":"https:\/\/agrovin.com\/it\/wp-json\/wp\/v2\/product_cat?post=105849"},{"taxonomy":"product_tag","embeddable":true,"href":"https:\/\/agrovin.com\/it\/wp-json\/wp\/v2\/product_tag?post=105849"}],"curies":[{"name":"wp","href":"https:\/\/api.w.org\/{rel}","templated":true}]}}