{"id":102264,"date":"2023-02-20T20:59:15","date_gmt":"2023-02-20T20:29:24","guid":{"rendered":"https:\/\/agrovin.com\/?post_type=product&#038;p=102264"},"modified":"2023-02-20T21:29:25","modified_gmt":"2023-02-20T20:29:25","slug":"beco-acf-07","status":"publish","type":"product","link":"https:\/\/agrovin.com\/it\/prodotti-enologici\/filtrazione\/beco-acf-07\/","title":{"rendered":"BECO ACF 07"},"content":{"rendered":"<h3>CARATTERISTICHE<\/h3>\n<p>Esercitano il loro effetto filtrante nella zona anteriore e profonda della struttura del materiale (filtrazione statica di profondit\u00e0). La porosit\u00e0 di queste lastre si ottiene come risultato della miscela di materiali grossolani e fini, la cui proporzione \u00e8 predeterminata per ogni tipo di lastra.<br \/>\nLa lastra di carbone attivo BECO ACF 07 \u00e8 un materiale inerte microporoso lavato con acido e attivato a vapore. Durante la decolorazione dei prodotti, si crea un legame fisico tra il carbone attivo e gli inquinanti o i coloranti sulla sua superficie interna, che \u00e8 non polare e acquisisce un\u2019elevata affinit\u00e0 per le molecole organiche.<br \/>\nIl sistema di filtrazione di profondit\u00e0 offre una serie di vantaggi rispetto ad altri metodi di filtrazione con le piastre filtranti BECO:<br \/>\nI sistemi di filtrazione a setaccio sono combinati con l\u2019effetto di adsorbimento.<br \/>\nLa struttura differenziata dei pori, a seconda del tipo di filtro, e la massima superficie interna garantiscono sempre una buona efficienza di chiarificazione con prestazioni elevate.<\/p>\n<p>I vantaggi specifici di BECO ACF 07:<\/p>\n<ul>\n<li>Elevata capacit\u00e0 di adsorbimento per la decolorazione e la rimozione degli aromi indesiderati.<\/li>\n<li>Struttura fibrosa e porosa differenziata con un\u2019ampia superficie interna per un\u2019ampia gamma di applicazioni e condizioni di lavoro.<\/li>\n<li>Molto facile da usare, permette di maneggiare senza polvere.<\/li>\n<\/ul>\n","protected":false},"excerpt":{"rendered":"<p>La piastra filtrante BECO ACF 07 \u00e8 utilizzata nei processi che richiedono una filtrazione rigorosa dei liquidi nell\u2019industria chimica, farmaceutica, cosmetica, alimentare e biotecnologica. Ha un\u2019elevata capacit\u00e0 di assorbimento grazie all\u2019alto contenuto di carbone attivo.<\/p>\n","protected":false},"featured_media":14593,"template":"","meta":{"_acf_changed":false,"inline_featured_image":false,"site-sidebar-layout":"default","site-content-layout":"default","ast-site-content-layout":"default","site-content-style":"default","site-sidebar-style":"default","ast-global-header-display":"","ast-banner-title-visibility":"","ast-main-header-display":"","ast-hfb-above-header-display":"","ast-hfb-below-header-display":"","ast-hfb-mobile-header-display":"","site-post-title":"","ast-breadcrumbs-content":"","ast-featured-img":"","footer-sml-layout":"","ast-disable-related-posts":"","theme-transparent-header-meta":"default","adv-header-id-meta":"","stick-header-meta":"","header-above-stick-meta":"","header-main-stick-meta":"","header-below-stick-meta":"","astra-migrate-meta-layouts":"default","ast-page-background-enabled":"default","ast-page-background-meta":{"desktop":{"background-color":"var(--ast-global-color-5)","background-image":"","background-repeat":"repeat","background-position":"center center","background-size":"auto","background-attachment":"scroll","background-type":"","background-media":"","overlay-type":"","overlay-color":"","overlay-opacity":"","overlay-gradient":""},"tablet":{"background-color":"","background-image":"","background-repeat":"repeat","background-position":"center center","background-size":"auto","background-attachment":"scroll","background-type":"","background-media":"","overlay-type":"","overlay-color":"","overlay-opacity":"","overlay-gradient":""},"mobile":{"background-color":"","background-image":"","background-repeat":"repeat","background-position":"center center","background-size":"auto","background-attachment":"scroll","background-type":"","background-media":"","overlay-type":"","overlay-color":"","overlay-opacity":"","overlay-gradient":""}},"ast-content-background-meta":{"desktop":{"background-color":"var(--ast-global-color-4)","background-image":"","background-repeat":"repeat","background-position":"center center","background-size":"auto","background-attachment":"scroll","background-type":"","background-media":"","overlay-type":"","overlay-color":"","overlay-opacity":"","overlay-gradient":""},"tablet":{"background-color":"var(--ast-global-color-4)","background-image":"","background-repeat":"repeat","background-position":"center center","background-size":"auto","background-attachment":"scroll","background-type":"","background-media":"","overlay-type":"","overlay-color":"","overlay-opacity":"","overlay-gradient":""},"mobile":{"background-color":"var(--ast-global-color-4)","background-image":"","background-repeat":"repeat","background-position":"center center","background-size":"auto","background-attachment":"scroll","background-type":"","background-media":"","overlay-type":"","overlay-color":"","overlay-opacity":"","overlay-gradient":""}}},"product_brand":[],"product_cat":[358],"product_tag":[],"class_list":{"0":"post-102264","1":"product","2":"type-product","3":"status-publish","4":"has-post-thumbnail","6":"product_cat-filtrazione","7":"desktop-align-left","8":"tablet-align-left","9":"mobile-align-left","11":"first","12":"instock","13":"shipping-taxable","14":"product-type-simple"},"acf":[],"_links":{"self":[{"href":"https:\/\/agrovin.com\/it\/wp-json\/wp\/v2\/product\/102264","targetHints":{"allow":["GET"]}}],"collection":[{"href":"https:\/\/agrovin.com\/it\/wp-json\/wp\/v2\/product"}],"about":[{"href":"https:\/\/agrovin.com\/it\/wp-json\/wp\/v2\/types\/product"}],"version-history":[{"count":0,"href":"https:\/\/agrovin.com\/it\/wp-json\/wp\/v2\/product\/102264\/revisions"}],"wp:featuredmedia":[{"embeddable":true,"href":"https:\/\/agrovin.com\/it\/wp-json\/wp\/v2\/media\/14593"}],"wp:attachment":[{"href":"https:\/\/agrovin.com\/it\/wp-json\/wp\/v2\/media?parent=102264"}],"wp:term":[{"taxonomy":"product_brand","embeddable":true,"href":"https:\/\/agrovin.com\/it\/wp-json\/wp\/v2\/product_brand?post=102264"},{"taxonomy":"product_cat","embeddable":true,"href":"https:\/\/agrovin.com\/it\/wp-json\/wp\/v2\/product_cat?post=102264"},{"taxonomy":"product_tag","embeddable":true,"href":"https:\/\/agrovin.com\/it\/wp-json\/wp\/v2\/product_tag?post=102264"}],"curies":[{"name":"wp","href":"https:\/\/api.w.org\/{rel}","templated":true}]}}