{"id":96893,"date":"2023-02-03T12:02:59","date_gmt":"2023-02-03T11:02:59","guid":{"rendered":"https:\/\/staging.agrovin.com\/stabilizzazione-e-imbottigliamento\/dosaggio-allimbottigliamento\/"},"modified":"2023-02-03T12:03:00","modified_gmt":"2023-02-03T11:03:00","slug":"dosaggio-allimbottigliamento","status":"publish","type":"page","link":"https:\/\/agrovin.com\/it\/imbottigliamento\/dosaggio-allimbottigliamento\/","title":{"rendered":"Dosaggio all&#8217;imbottigliamento"},"content":{"rendered":"\t\t<div data-elementor-type=\"wp-page\" data-elementor-id=\"96893\" class=\"elementor elementor-96893 elementor-95402\" data-elementor-post-type=\"page\">\n\t\t\t\t\t\t<section class=\"elementor-section elementor-top-section elementor-element elementor-element-15b3e93 elementor-section-height-min-height elementor-section-boxed elementor-section-height-default elementor-section-items-middle\" data-id=\"15b3e93\" data-element_type=\"section\" data-e-type=\"section\" data-settings=\"{&quot;background_background&quot;:&quot;classic&quot;}\">\n\t\t\t\t\t\t<div class=\"elementor-container elementor-column-gap-default\">\n\t\t\t\t\t<div class=\"elementor-column elementor-col-100 elementor-top-column elementor-element elementor-element-0de79ae\" data-id=\"0de79ae\" data-element_type=\"column\" data-e-type=\"column\">\n\t\t\t<div class=\"elementor-widget-wrap\">\n\t\t\t\t\t\t\t<\/div>\n\t\t<\/div>\n\t\t\t\t\t<\/div>\n\t\t<\/section>\n\t\t\t\t<section class=\"elementor-section elementor-top-section elementor-element elementor-element-5f0f79d elementor-section-boxed elementor-section-height-default elementor-section-height-default\" data-id=\"5f0f79d\" data-element_type=\"section\" data-e-type=\"section\">\n\t\t\t\t\t\t<div class=\"elementor-container elementor-column-gap-default\">\n\t\t\t\t\t<div class=\"elementor-column elementor-col-100 elementor-top-column elementor-element elementor-element-c80836b\" data-id=\"c80836b\" data-element_type=\"column\" data-e-type=\"column\">\n\t\t\t<div class=\"elementor-widget-wrap elementor-element-populated\">\n\t\t\t\t\t\t<div class=\"elementor-element elementor-element-038a0c0 elementor-widget elementor-widget-text-editor\" data-id=\"038a0c0\" data-element_type=\"widget\" data-e-type=\"widget\" data-widget_type=\"text-editor.default\">\n\t\t\t\t<div class=\"elementor-widget-container\">\n\t\t\t\t\t\t\t\t\t<p>L&#8217;imbottigliamento \u00e8 una fase cruciale del processo di vinificazione, poich\u00e9 \u00e8 l&#8217;ultimo momento in cui l&#8217;enologo pu\u00f2 intervenire sul vino. Il vino imbottigliato deve essere stabile nel tempo, il che richiede l&#8217;applicazione di protettivi colloidali. L&#8217;applicazione di queste soluzioni enologiche \u00e8 una fase critica, in quanto devono essere applicate con precisione e omogeneizzate correttamente per garantire una stabilizzazione totale di tutte le bottiglie.<\/p>\n<p>Per risolvere questo problema, Agrovin ha sviluppato la sua apparecchiatura di dosaggio Agatha PRO, che garantisce la massima sicurezza e affidabilit\u00e0.  <\/p>\n\t\t\t\t\t\t\t\t<\/div>\n\t\t\t\t<\/div>\n\t\t\t\t<section class=\"elementor-section elementor-inner-section elementor-element elementor-element-15a0487 elementor-section-boxed elementor-section-height-default elementor-section-height-default\" data-id=\"15a0487\" data-element_type=\"section\" data-e-type=\"section\">\n\t\t\t\t\t\t<div class=\"elementor-container elementor-column-gap-extended\">\n\t\t\t\t\t<div class=\"elementor-column elementor-col-50 elementor-inner-column elementor-element elementor-element-dfa10be\" data-id=\"dfa10be\" data-element_type=\"column\" data-e-type=\"column\">\n\t\t\t<div class=\"elementor-widget-wrap elementor-element-populated\">\n\t\t\t\t\t\t<div class=\"elementor-element elementor-element-e652866 elementor-widget elementor-widget-image\" data-id=\"e652866\" data-element_type=\"widget\" data-e-type=\"widget\" data-widget_type=\"image.default\">\n\t\t\t\t<div class=\"elementor-widget-container\">\n\t\t\t\t\t\t\t\t\t\t\t\t\t\t\t<img fetchpriority=\"high\" decoding=\"async\" width=\"600\" height=\"600\" src=\"https:\/\/agrovin.com\/wp-content\/uploads\/2022\/01\/Agatha-PRO-optimizado.png\" class=\"attachment-large size-large wp-image-74628\" alt=\"\" srcset=\"https:\/\/agrovin.com\/wp-content\/uploads\/2022\/01\/Agatha-PRO-optimizado.png 600w, https:\/\/agrovin.com\/wp-content\/uploads\/2022\/01\/Agatha-PRO-optimizado-300x300.png 300w, https:\/\/agrovin.com\/wp-content\/uploads\/2022\/01\/Agatha-PRO-optimizado-150x150.png 150w, https:\/\/agrovin.com\/wp-content\/uploads\/2022\/01\/Agatha-PRO-optimizado-270x270.png 270w, https:\/\/agrovin.com\/wp-content\/uploads\/2022\/01\/Agatha-PRO-optimizado-100x100.png 100w\" sizes=\"(max-width: 600px) 100vw, 600px\" title=\"\">\t\t\t\t\t\t\t\t\t\t\t\t\t\t\t<\/div>\n\t\t\t\t<\/div>\n\t\t\t\t\t<\/div>\n\t\t<\/div>\n\t\t\t\t<div class=\"elementor-column elementor-col-50 elementor-inner-column elementor-element elementor-element-ddf1260\" data-id=\"ddf1260\" data-element_type=\"column\" data-e-type=\"column\">\n\t\t\t<div class=\"elementor-widget-wrap elementor-element-populated\">\n\t\t\t\t\t\t<div class=\"elementor-element elementor-element-9980253 elementor-widget elementor-widget-image\" data-id=\"9980253\" data-element_type=\"widget\" data-e-type=\"widget\" data-widget_type=\"image.default\">\n\t\t\t\t<div class=\"elementor-widget-container\">\n\t\t\t\t\t\t\t\t\t\t\t\t\t\t\t<img decoding=\"async\" width=\"242\" height=\"46\" src=\"https:\/\/agrovin.com\/wp-content\/uploads\/2018\/03\/LOGO-AGATHA-GRANDE.png\" class=\"attachment-large size-large wp-image-41884\" alt=\"\" title=\"\">\t\t\t\t\t\t\t\t\t\t\t\t\t\t\t<\/div>\n\t\t\t\t<\/div>\n\t\t\t\t<div class=\"elementor-element elementor-element-3796da2 elementor-widget elementor-widget-text-editor\" data-id=\"3796da2\" data-element_type=\"widget\" data-e-type=\"widget\" data-widget_type=\"text-editor.default\">\n\t\t\t\t<div class=\"elementor-widget-container\">\n\t\t\t\t\t\t\t\t\t<p>Si tratta di un&#8217;apparecchiatura all&#8217;avanguardia per il dosaggio preciso in linea di soluzioni liquide. Il dosaggio viene effettuato da pompe elettromeccaniche a pistoni di alta precisione con corpo in acciaio inox resistente alla corrosione. Le pompe dosatrici hanno una doppia regolazione (meccanica ed elettronica) per garantire una maggiore precisione.<\/p>\n\t\t\t\t\t\t\t\t<\/div>\n\t\t\t\t<\/div>\n\t\t\t\t<div class=\"elementor-element elementor-element-9db4630 elementor-widget elementor-widget-button\" data-id=\"9db4630\" data-element_type=\"widget\" data-e-type=\"widget\" data-widget_type=\"button.default\">\n\t\t\t\t<div class=\"elementor-widget-container\">\n\t\t\t\t\t\t\t\t\t<div class=\"elementor-button-wrapper\">\n\t\t\t\t\t<a class=\"elementor-button elementor-button-link elementor-size-sm\" href=\"#\">\n\t\t\t\t\t\t<span class=\"elementor-button-content-wrapper\">\n\t\t\t\t\t\t\t\t\t<span class=\"elementor-button-text\">Vedi Agatha PRO<\/span>\n\t\t\t\t\t<\/span>\n\t\t\t\t\t<\/a>\n\t\t\t\t<\/div>\n\t\t\t\t\t\t\t\t<\/div>\n\t\t\t\t<\/div>\n\t\t\t\t\t<\/div>\n\t\t<\/div>\n\t\t\t\t\t<\/div>\n\t\t<\/section>\n\t\t\t\t<div class=\"elementor-element elementor-element-0f45162 elementor-widget elementor-widget-text-editor\" data-id=\"0f45162\" data-element_type=\"widget\" data-e-type=\"widget\" data-widget_type=\"text-editor.default\">\n\t\t\t\t<div class=\"elementor-widget-container\">\n\t\t\t\t\t\t\t\t\t<p>La struttura mobile, su cui \u00e8 appoggiata l&#8217;apparecchiatura, ne consente la facile incorporazione\/inserimento nella linea di imbottigliamento predisposta in cantina. A seconda della natura del prodotto da dosare, l&#8217;apparecchiatura sar\u00e0 collocata prima o dopo la microfiltrazione. L&#8217;apparecchiatura \u00e8 dotata di un touch screen attraverso il quale l&#8217;utente proceder\u00e0 alla sua programmazione in modo intuitivo, grazie al software appositamente progettato per questa funzione.<\/p>\n<p>AGATHA PRO \u00e8 dotato di sensori di flusso per il prodotto da aggiungere, che garantiscono un dosaggio preciso e omogeneo. \u00c8 dotato di un allarme acustico e luminoso in caso di mancanza di flusso dovuta all&#8217;assenza di prodotto.<\/p>\n<p>L&#8217;apparecchiatura ha la possibilit\u00e0 di essere interbloccata alla linea di imbottigliamento, per lavorare sinergicamente e fermare la linea in caso di anomalie nell&#8217;aggiunta di prodotto, garantendo cos\u00ec un dosaggio efficiente. AGATHA PRO \u00e8 dotato di un tubo flussometro collegato alla linea di cantina. In base alla lettura del flusso di vino, l&#8217;apparecchiatura regola l&#8217;aggiunta di prodotto. Il dosaggio inizia quando il sistema rileva il flusso e si arresta quando non c&#8217;\u00e8 movimento del vino. Grazie a un sistema di allarme acustico, l&#8217;utente sapr\u00e0 immediatamente se il prodotto da dosare \u00e8 esaurito.<\/p>\n\t\t\t\t\t\t\t\t<\/div>\n\t\t\t\t<\/div>\n\t\t\t\t\t<\/div>\n\t\t<\/div>\n\t\t\t\t\t<\/div>\n\t\t<\/section>\n\t\t\t\t<\/div>\n\t\t","protected":false},"excerpt":{"rendered":"<p>L&#8217;imbottigliamento \u00e8 una fase cruciale del processo di vinificazione, poich\u00e9 \u00e8 l&#8217;ultimo momento in cui l&#8217;enologo pu\u00f2 intervenire sul vino. Il vino imbottigliato deve essere stabile nel tempo, il che richiede l&#8217;applicazione di protettivi colloidali. L&#8217;applicazione di queste soluzioni enologiche \u00e8 una fase critica, in quanto devono essere applicate con precisione e omogeneizzate correttamente per [&hellip;]<\/p>\n","protected":false},"author":347,"featured_media":0,"parent":77933,"menu_order":0,"comment_status":"closed","ping_status":"closed","template":"","meta":{"_acf_changed":false,"inline_featured_image":false,"site-sidebar-layout":"no-sidebar","site-content-layout":"page-builder","ast-site-content-layout":"full-width-container","site-content-style":"unboxed","site-sidebar-style":"unboxed","ast-global-header-display":"","ast-banner-title-visibility":"","ast-main-header-display":"","ast-hfb-above-header-display":"","ast-hfb-below-header-display":"","ast-hfb-mobile-header-display":"","site-post-title":"disabled","ast-breadcrumbs-content":"","ast-featured-img":"disabled","footer-sml-layout":"","ast-disable-related-posts":"","theme-transparent-header-meta":"default","adv-header-id-meta":"","stick-header-meta":"","header-above-stick-meta":"","header-main-stick-meta":"","header-below-stick-meta":"","astra-migrate-meta-layouts":"default","ast-page-background-enabled":"default","ast-page-background-meta":{"desktop":{"background-color":"var(--ast-global-color-5)","background-image":"","background-repeat":"repeat","background-position":"center center","background-size":"auto","background-attachment":"scroll","background-type":"","background-media":"","overlay-type":"","overlay-color":"","overlay-opacity":"","overlay-gradient":""},"tablet":{"background-color":"","background-image":"","background-repeat":"repeat","background-position":"center center","background-size":"auto","background-attachment":"scroll","background-type":"","background-media":"","overlay-type":"","overlay-color":"","overlay-opacity":"","overlay-gradient":""},"mobile":{"background-color":"","background-image":"","background-repeat":"repeat","background-position":"center center","background-size":"auto","background-attachment":"scroll","background-type":"","background-media":"","overlay-type":"","overlay-color":"","overlay-opacity":"","overlay-gradient":""}},"ast-content-background-meta":{"desktop":{"background-color":"var(--ast-global-color-4)","background-image":"","background-repeat":"repeat","background-position":"center center","background-size":"auto","background-attachment":"scroll","background-type":"","background-media":"","overlay-type":"","overlay-color":"","overlay-opacity":"","overlay-gradient":""},"tablet":{"background-color":"var(--ast-global-color-4)","background-image":"","background-repeat":"repeat","background-position":"center center","background-size":"auto","background-attachment":"scroll","background-type":"","background-media":"","overlay-type":"","overlay-color":"","overlay-opacity":"","overlay-gradient":""},"mobile":{"background-color":"var(--ast-global-color-4)","background-image":"","background-repeat":"repeat","background-position":"center center","background-size":"auto","background-attachment":"scroll","background-type":"","background-media":"","overlay-type":"","overlay-color":"","overlay-opacity":"","overlay-gradient":""}},"footnotes":""},"class_list":["post-96893","page","type-page","status-publish","hentry"],"acf":[],"_links":{"self":[{"href":"https:\/\/agrovin.com\/it\/wp-json\/wp\/v2\/pages\/96893","targetHints":{"allow":["GET"]}}],"collection":[{"href":"https:\/\/agrovin.com\/it\/wp-json\/wp\/v2\/pages"}],"about":[{"href":"https:\/\/agrovin.com\/it\/wp-json\/wp\/v2\/types\/page"}],"author":[{"embeddable":true,"href":"https:\/\/agrovin.com\/it\/wp-json\/wp\/v2\/users\/347"}],"replies":[{"embeddable":true,"href":"https:\/\/agrovin.com\/it\/wp-json\/wp\/v2\/comments?post=96893"}],"version-history":[{"count":0,"href":"https:\/\/agrovin.com\/it\/wp-json\/wp\/v2\/pages\/96893\/revisions"}],"up":[{"embeddable":true,"href":"https:\/\/agrovin.com\/it\/wp-json\/wp\/v2\/pages\/77933"}],"wp:attachment":[{"href":"https:\/\/agrovin.com\/it\/wp-json\/wp\/v2\/media?parent=96893"}],"curies":[{"name":"wp","href":"https:\/\/api.w.org\/{rel}","templated":true}]}}