{"id":87160,"date":"2018-02-20T16:34:14","date_gmt":"2018-02-20T16:34:14","guid":{"rendered":"https:\/\/staging.agrovin.com\/condiciones-de-uso\/"},"modified":"2025-04-03T17:30:39","modified_gmt":"2025-04-03T15:30:39","slug":"condizioni-di-utilizzo","status":"publish","type":"page","link":"https:\/\/agrovin.com\/it\/condizioni-di-utilizzo\/","title":{"rendered":"Condizioni di utilizzo"},"content":{"rendered":"\t\t<div data-elementor-type=\"wp-page\" data-elementor-id=\"87160\" class=\"elementor elementor-87160 elementor-110\" data-elementor-post-type=\"page\">\n\t\t\t\t\t\t<section class=\"elementor-section elementor-top-section elementor-element elementor-element-25c30312 elementor-section-boxed elementor-section-height-default elementor-section-height-default\" data-id=\"25c30312\" data-element_type=\"section\" data-e-type=\"section\">\n\t\t\t\t\t\t<div class=\"elementor-container elementor-column-gap-default\">\n\t\t\t\t\t<div class=\"elementor-column elementor-col-100 elementor-top-column elementor-element elementor-element-4830f838\" data-id=\"4830f838\" data-element_type=\"column\" data-e-type=\"column\">\n\t\t\t<div class=\"elementor-widget-wrap elementor-element-populated\">\n\t\t\t\t\t\t<div class=\"elementor-element elementor-element-937ebdc elementor-widget elementor-widget-heading\" data-id=\"937ebdc\" data-element_type=\"widget\" data-e-type=\"widget\" data-widget_type=\"heading.default\">\n\t\t\t\t<div class=\"elementor-widget-container\">\n\t\t\t\t\t<h1 class=\"elementor-heading-title elementor-size-default\">Condizioni di utilizzo<\/h1>\t\t\t\t<\/div>\n\t\t\t\t<\/div>\n\t\t\t\t<div class=\"elementor-element elementor-element-7d78b68 elementor-widget elementor-widget-text-editor\" data-id=\"7d78b68\" data-element_type=\"widget\" data-e-type=\"widget\" data-widget_type=\"text-editor.default\">\n\t\t\t\t<div class=\"elementor-widget-container\">\n\t\t\t\t\t\t\t\t\t<h2>\u00a0<\/h2><div style=\"margin-top: 1.2em; text-align: justify;\"><p><strong>1.- PROPRIET\u00c0, USO RESPONSABILE E FINALIT\u00c0 DEL SITO WEB.<\/strong><\/p><p>Questo sito web \u00e8 di propriet\u00e0 di AGROVIN e il suo contenuto ha un carattere informativo dei servizi prestati da questa Entit\u00e0, oltre a facilitare la risposta agli utenti che richiedono informazioni attraverso la posta elettronica o i moduli abilitati a questi effetti, la ricezione di curriculum vitae e, nel suo caso, l&#8217;invio del bollettino agli utenti che hanno realizzato la sua sottoscrizione, tutto questo, fatta salva la politica dell&#8217;Entit\u00e0 in materia di protezione delle informazioni e che \u00e8 dettagliata nella politica di privacy di queste condizioni di utilizzo.<\/p><p>Il fatto di accedere a questo sito web implica la conoscenza e l&#8217;accettazione dei seguenti termini e condizioni di utilizzo del suo contenuto, nonch\u00e9 l&#8217;accettazione della politica stabilita in materia di protezione dei dati quando si forniscono dati personali propri o di terzi, e attribuisce la condizione di utente del portale e l&#8217;accesso ad esso implica la sua accettazione senza riserve.<\/p><p>Salvo espressa indicazione contraria, l&#8217;accesso alle informazioni riportate sulle pagine del portale \u00e8 completamente gratuito. AGROVIN, titolare del sito web, si riserva la facolt\u00e0 di effettuare, in qualsiasi momento e senza necessit\u00e0 di preavviso, modifiche e aggiornamenti delle informazioni contenute nel suo sito web o nella configurazione e presentazione di questo.<\/p><p>AGROVIN non garantisce l&#8217;inesistenza di errori nell&#8217;accesso al sito, nel suo contenuto o nell&#8217;aggiornamento dello stesso. Tuttavia, metter\u00e0 in campo tutti i mezzi a sua disposizione per evitarli, correggerli o aggiornarli.<\/p><p>Tanto l&#8217;accesso a questa rete quanto l&#8217;uso che si pu\u00f2 fare delle informazioni in essa contenute sono di esclusiva responsabilit\u00e0 di chi li realizza. AGROVIN non risponder\u00e0 di alcuna conseguenza, cattiva operazione, danno o pregiudizio che potrebbe derivare da questo accesso o utilizzo delle informazioni al di fuori della sua volont\u00e0.<br \/>L&#8217;utente si assumer\u00e0 tutte le spese, i costi e i risarcimenti che potrebbero derivare da processi avviati nei suoi confronti per la violazione di quanto stabilito nelle condizioni di utilizzo.<\/p><p>AGROVIN non \u00e8 responsabile dello stato del collegamento di accesso o del contenuto dei link di terzi a cui si fa riferimento nel sito.<br \/>I dati corrispondenti alla propriet\u00e0 del sito web e che danno adempimento all&#8217;articolo 10 della LSSI possono essere consultati nella sezione Avvertenze legali che si trova a pi\u00e8 di pagina di questo sito in Internet.<\/p><p>Lo scopo di questo sito web \u00e8 descritto di seguito: informare gli utenti sui servizi offerti da AGROVIN, fornire le informazioni richieste dagli utenti e inviare la newsletter agli utenti che si registrano e ne fanno richiesta in caso di offerta di questo servizio, nonch\u00e9 la ricezione dei curriculum vitae degli utenti che desiderano lavorare in AGROVIN.<\/p><p><strong>2.- PROPRIET\u00c0 INTELLETTUALE E INDUSTRIALE.<\/strong><\/p><p>Tutti i diritti di Propriet\u00e0 Industriale e Intellettuale degli elementi che compongono la grafica del sito web, dei menu, dei pulsanti di navigazione, del codice HTML, delle applet Java o Java Script, dei controlli Actives, dei testi, delle immagini, delle texture, della grafica e di qualsiasi altro contenuto del &#8220;sito web&#8221; sono riservati o, in ogni caso, si dispone dell&#8217;autorizzazione all&#8217;uso di tali elementi.<\/p><p>Allo stesso modo, AGROVIN \u00e8 titolare dei diritti di propriet\u00e0 industriale derivanti dall&#8217;uso di marchi, segni distintivi e nomi commerciali, ad eccezione di quelli corrispondenti a sponsor, patrocinatori, inserzionisti, ecc. che possono comparire su questo sito web, nonch\u00e9 di quelli corrispondenti ai link che possono essere effettuati da questa pagina web.<\/p><p>Le fotografie che possono apparire sul sito web o attraverso i link ad altre pagine non possono essere utilizzate dall&#8217;utente per alcuno scopo senza l&#8217;autorizzazione del proprietario. L&#8217;uso indebito degli stessi da parte dell&#8217;utente lo render\u00e0 responsabile nei confronti di AGROVIN e di terzi, dei danni causati e delle violazioni legali che potrebbero derivare dall&#8217;uso degli stessi.<\/p><p>AGROVIN si riserva i diritti di riproduzione, modifica, adattamento, comunicazione pubblica, manutenzione, correzione di errori, cessione, vendita, affitto, prestito e\/o qualsiasi altro diritto di propriet\u00e0 intellettuale o industriale che possa corrispondergli sui contenuti del sito web. Qualsiasi esercizio dei diritti precedenti, indipendentemente dal modo o dalla forma in cui sono stati prodotti, richiede l&#8217;autorizzazione preventiva e scritta di AGROVIN.<\/p><p>In nessun caso, AGROVIN sar\u00e0 responsabile delle eventuali infrazioni che in materia di propriet\u00e0 intellettuale e industriale potrebbe commettere qualsiasi utente del sito web.<\/p><p>AGROVIN si riserva il diritto di modificare i contenuti e gli elementi che integrano il suo sito web, senza necessit\u00e0 di comunicarlo in precedenza, quando lo ritenga opportuno in funzione dell&#8217;esercizio dei suoi servizi.<\/p><p>AGROVIN non \u00e8 responsabile dell&#8217;integrit\u00e0 e della veridicit\u00e0 del contenuto dei link ai siti web a cui si accede dalla sua pagina web.<\/p><p>AGROVIN mette a disposizione degli utenti un gruppo di professionisti incaricati di aggiornare e rivedere la veridicit\u00e0 e l&#8217;integrit\u00e0 del contenuto delle informazioni riversate nel sito web. Tuttavia, data la natura del mezzo di comunicazione e i possibili rischi di interruzione del servizio, di alterazione dell&#8217;accesso o dei contenuti del sito web da parte di terzi, AGROVIN esclude qualsiasi responsabilit\u00e0 che possa derivare dai contenuti che appaiono nel suo sito web.<\/p><p><strong>3. COLLEGAMENTI IPERTESTUALI.<\/strong><\/p><p>La creazione di un collegamento ipertestuale da una pagina web esterna a una qualsiasi delle pagine di questo sito web deve avvenire nel rispetto delle seguenti condizioni:<br \/>&#8211; Non \u00e8 consentita la riproduzione totale o parziale dei servizi contenuti in questo sito.<br \/>&#8211; Non saranno incluse dichiarazioni false, imprecise o errate sulle pagine di questo sito web e sui suoi servizi.<br \/>&#8211; AGROVIN non sar\u00e0 responsabile dei contenuti, delle informazioni, delle dichiarazioni, delle opinioni o dei servizi messi a disposizione del pubblico sulla pagina web da cui viene stabilito un collegamento ipertestuale a questo sito web.<br \/>&#8211; Qualsiasi collegamento ipertestuale sar\u00e0 effettuato alla home page di questo sito web. Nel caso in cui esistano, i collegamenti ipertestuali di questo sito web saranno stati convalidati in precedenza con i proprietari delle pagine web collegate, non essendo AGROVIN responsabile delle attivit\u00e0 che gli utenti svolgono in queste pagine collegate, soprattutto nei casi contrari alla legge, alla morale e all&#8217;ordine pubblico.<\/p><p><strong>4.- VALIDIT\u00c0 DELLE CONDIZIONI DI UTILIZZO.<\/strong><\/p><p>Le Condizioni d&#8217;uso per l&#8217;utilizzo di questo sito web sono a tempo indeterminato e rimarranno in vigore finch\u00e9 il portale sar\u00e0 attivo. L&#8217;utente riconosce di aver letto le presenti Condizioni e le accetta.<\/p><p><strong>5.- NULLIT\u00c0 ED EFFICACIA DELLE CLAUSOLE.<\/strong><\/p><p>Se una clausola inclusa nelle presenti condizioni viene dichiarata totalmente o parzialmente nulla o inefficace, tale nullit\u00e0 riguarder\u00e0 solo quella disposizione o la parte della stessa che \u00e8 nulla o inefficace, mentre il resto delle condizioni rimarr\u00e0 in vigore.<\/p><p><strong>6.- LEGGE APPLICABILE E GIURISDIZIONE.<\/strong><\/p><p>Le presenti Condizioni d&#8217;uso sono regolate dalla legge spagnola. In caso di controversie o dispute relative all&#8217;interpretazione o all&#8217;applicazione delle presenti Condizioni Generali, le parti si sottopongono, rinunciando espressamente a qualsiasi altra giurisdizione, alle Corti e ai Tribunali della citt\u00e0 di Ciudad Real.<\/p><\/div>\t\t\t\t\t\t\t\t<\/div>\n\t\t\t\t<\/div>\n\t\t\t\t\t<\/div>\n\t\t<\/div>\n\t\t\t\t\t<\/div>\n\t\t<\/section>\n\t\t\t\t<\/div>\n\t\t","protected":false},"excerpt":{"rendered":"<p>Condizioni di utilizzo \u00a0 1.- PROPRIET\u00c0, USO RESPONSABILE E FINALIT\u00c0 DEL SITO WEB. Questo sito web \u00e8 di propriet\u00e0 di AGROVIN e il suo contenuto ha un carattere informativo dei servizi prestati da questa Entit\u00e0, oltre a facilitare la risposta agli utenti che richiedono informazioni attraverso la posta elettronica o i moduli abilitati a questi [&hellip;]<\/p>\n","protected":false},"author":359,"featured_media":0,"parent":0,"menu_order":0,"comment_status":"closed","ping_status":"closed","template":"elementor_header_footer","meta":{"_acf_changed":false,"inline_featured_image":false,"site-sidebar-layout":"default","site-content-layout":"default","ast-site-content-layout":"default","site-content-style":"default","site-sidebar-style":"default","ast-global-header-display":"","ast-banner-title-visibility":"","ast-main-header-display":"","ast-hfb-above-header-display":"","ast-hfb-below-header-display":"","ast-hfb-mobile-header-display":"","site-post-title":"","ast-breadcrumbs-content":"","ast-featured-img":"","footer-sml-layout":"","ast-disable-related-posts":"","theme-transparent-header-meta":"default","adv-header-id-meta":"","stick-header-meta":"","header-above-stick-meta":"","header-main-stick-meta":"","header-below-stick-meta":"","astra-migrate-meta-layouts":"default","ast-page-background-enabled":"default","ast-page-background-meta":{"desktop":{"background-color":"var(--ast-global-color-5)","background-image":"","background-repeat":"repeat","background-position":"center center","background-size":"auto","background-attachment":"scroll","background-type":"","background-media":"","overlay-type":"","overlay-color":"","overlay-opacity":"","overlay-gradient":""},"tablet":{"background-color":"","background-image":"","background-repeat":"repeat","background-position":"center center","background-size":"auto","background-attachment":"scroll","background-type":"","background-media":"","overlay-type":"","overlay-color":"","overlay-opacity":"","overlay-gradient":""},"mobile":{"background-color":"","background-image":"","background-repeat":"repeat","background-position":"center center","background-size":"auto","background-attachment":"scroll","background-type":"","background-media":"","overlay-type":"","overlay-color":"","overlay-opacity":"","overlay-gradient":""}},"ast-content-background-meta":{"desktop":{"background-color":"var(--ast-global-color-4)","background-image":"","background-repeat":"repeat","background-position":"center center","background-size":"auto","background-attachment":"scroll","background-type":"","background-media":"","overlay-type":"","overlay-color":"","overlay-opacity":"","overlay-gradient":""},"tablet":{"background-color":"var(--ast-global-color-4)","background-image":"","background-repeat":"repeat","background-position":"center center","background-size":"auto","background-attachment":"scroll","background-type":"","background-media":"","overlay-type":"","overlay-color":"","overlay-opacity":"","overlay-gradient":""},"mobile":{"background-color":"var(--ast-global-color-4)","background-image":"","background-repeat":"repeat","background-position":"center center","background-size":"auto","background-attachment":"scroll","background-type":"","background-media":"","overlay-type":"","overlay-color":"","overlay-opacity":"","overlay-gradient":""}},"footnotes":""},"class_list":["post-87160","page","type-page","status-publish","hentry"],"acf":[],"_links":{"self":[{"href":"https:\/\/agrovin.com\/it\/wp-json\/wp\/v2\/pages\/87160","targetHints":{"allow":["GET"]}}],"collection":[{"href":"https:\/\/agrovin.com\/it\/wp-json\/wp\/v2\/pages"}],"about":[{"href":"https:\/\/agrovin.com\/it\/wp-json\/wp\/v2\/types\/page"}],"author":[{"embeddable":true,"href":"https:\/\/agrovin.com\/it\/wp-json\/wp\/v2\/users\/359"}],"replies":[{"embeddable":true,"href":"https:\/\/agrovin.com\/it\/wp-json\/wp\/v2\/comments?post=87160"}],"version-history":[{"count":3,"href":"https:\/\/agrovin.com\/it\/wp-json\/wp\/v2\/pages\/87160\/revisions"}],"predecessor-version":[{"id":119143,"href":"https:\/\/agrovin.com\/it\/wp-json\/wp\/v2\/pages\/87160\/revisions\/119143"}],"wp:attachment":[{"href":"https:\/\/agrovin.com\/it\/wp-json\/wp\/v2\/media?parent=87160"}],"curies":[{"name":"wp","href":"https:\/\/api.w.org\/{rel}","templated":true}]}}