{"id":78043,"date":"2022-06-09T09:44:14","date_gmt":"2022-06-09T08:44:14","guid":{"rendered":"https:\/\/staging.agrovin.com\/progetti-rsi\/incorporazione-in-laboratorio-di-beni-dellindustria-ausiliaria-del-vino\/"},"modified":"2025-06-24T16:35:57","modified_gmt":"2025-06-24T14:35:57","slug":"incorporazione-in-laboratorio-di-beni-dellindustria-ausiliaria-del-vino","status":"publish","type":"page","link":"https:\/\/agrovin.com\/it\/progetti-di-rs\/incorporazione-in-laboratorio-di-beni-dellindustria-ausiliaria-del-vino\/","title":{"rendered":"Incorporazione in laboratorio di beni dell&#8217;industria ausiliaria del vino"},"content":{"rendered":"\t\t<div data-elementor-type=\"wp-page\" data-elementor-id=\"78043\" class=\"elementor elementor-78043 elementor-64473\" data-elementor-post-type=\"page\">\n\t\t\t\t\t\t<section class=\"elementor-section elementor-top-section elementor-element elementor-element-3c304f2 elementor-section-height-min-height elementor-section-boxed elementor-section-height-default elementor-section-items-middle\" data-id=\"3c304f2\" data-element_type=\"section\" data-e-type=\"section\" data-settings=\"{&quot;background_background&quot;:&quot;classic&quot;}\">\n\t\t\t\t\t\t<div class=\"elementor-container elementor-column-gap-default\">\n\t\t\t\t\t<div class=\"elementor-column elementor-col-100 elementor-top-column elementor-element elementor-element-12e4489\" data-id=\"12e4489\" data-element_type=\"column\" data-e-type=\"column\">\n\t\t\t<div class=\"elementor-widget-wrap\">\n\t\t\t\t\t\t\t<\/div>\n\t\t<\/div>\n\t\t\t\t\t<\/div>\n\t\t<\/section>\n\t\t\t\t<section class=\"elementor-section elementor-top-section elementor-element elementor-element-199b9da elementor-section-boxed elementor-section-height-default elementor-section-height-default\" data-id=\"199b9da\" data-element_type=\"section\" data-e-type=\"section\">\n\t\t\t\t\t\t<div class=\"elementor-container elementor-column-gap-default\">\n\t\t\t\t\t<div class=\"elementor-column elementor-col-100 elementor-top-column elementor-element elementor-element-9548aaa\" data-id=\"9548aaa\" data-element_type=\"column\" data-e-type=\"column\">\n\t\t\t<div class=\"elementor-widget-wrap elementor-element-populated\">\n\t\t\t\t\t\t<div class=\"elementor-element elementor-element-2f3e134 elementor-widget elementor-widget-heading\" data-id=\"2f3e134\" data-element_type=\"widget\" data-e-type=\"widget\" data-widget_type=\"heading.default\">\n\t\t\t\t<div class=\"elementor-widget-container\">\n\t\t\t\t\t<h1 class=\"elementor-heading-title elementor-size-default\">Incorporazione in laboratorio di beni dell'industria ausiliaria del vino <\/h1>\t\t\t\t<\/div>\n\t\t\t\t<\/div>\n\t\t\t\t<div class=\"elementor-element elementor-element-2fdbe72 elementor-widget elementor-widget-text-editor\" data-id=\"2fdbe72\" data-element_type=\"widget\" data-e-type=\"widget\" data-widget_type=\"text-editor.default\">\n\t\t\t\t<div class=\"elementor-widget-container\">\n\t\t\t\t\t\t\t\t\t<p><strong>OBIETTIVO<\/strong>: questo progetto di innovazione tecnologica mira ad ampliare l&#8217;attuale portafoglio dell&#8217;azienda con lo sviluppo di nuovi ceppi di batteri lattici. Ci\u00f2 richiede l&#8217;acquisizione di nuovi beni: un fermentatore da 100 litri e una camera di conservazione specifica. Questi ultimi sono indispensabili e inscindibili, poich\u00e9 i nuovi prodotti richiedono la refrigerazione.<\/p><p>Utilizzando queste risorse, pensiamo di ridurre il periodo di sviluppo dei batteri lattici e di estendere la loro durata di conservazione, adattandoli a condizioni diverse, il tutto legato a nuove tecniche enologiche. D&#8217;altra parte, questa serie di cambiamenti comporta anche un raddoppio della produzione, favorendo l&#8217;offerta della domanda presente e futura.<\/p><p><strong>BANDO:<\/strong>\u00a0L\u00ednea Directa de Innovaci\u00f3n del Centro para el Desarrollo Tecnol\u00f3gico Industrial (CDTI).<\/p><p><strong>TITOLO DEL PROGETTO:<\/strong> Incorporazione in laboratorio di beni nell&#8217;industria ausiliaria del vino<\/p><p><strong>Data di inizio: <\/strong>01\/01\/2019<\/p><p><strong>Data di fine: <\/strong>31\/12\/2020<\/p><p><strong>ACRONIMO:<\/strong>\u00a0LACTICAUX<\/p>\t\t\t\t\t\t\t\t<\/div>\n\t\t\t\t<\/div>\n\t\t\t\t<div class=\"elementor-element elementor-element-2198427 elementor-widget elementor-widget-button\" data-id=\"2198427\" data-element_type=\"widget\" data-e-type=\"widget\" data-widget_type=\"button.default\">\n\t\t\t\t<div class=\"elementor-widget-container\">\n\t\t\t\t\t\t\t\t\t<div class=\"elementor-button-wrapper\">\n\t\t\t\t\t<a class=\"elementor-button elementor-button-link elementor-size-sm\" href=\"https:\/\/agrovin.com\/agrv\/pdf\/ficha_proyectos\/Ficha_tecnica_LACTICAUX.pdf\" target=\"_blank\" rel=\"nofollow\" download=\"https:\/\/agrovin.com\/agrv\/pdf\/ficha_proyectos\/Ficha_tecnica_WINEBALANCE.pdf\">\n\t\t\t\t\t\t<span class=\"elementor-button-content-wrapper\">\n\t\t\t\t\t\t\t\t\t<span class=\"elementor-button-text\">SCHEDA TECNICA DEL PROGETTO<\/span>\n\t\t\t\t\t<\/span>\n\t\t\t\t\t<\/a>\n\t\t\t\t<\/div>\n\t\t\t\t\t\t\t\t<\/div>\n\t\t\t\t<\/div>\n\t\t\t\t\t<\/div>\n\t\t<\/div>\n\t\t\t\t\t<\/div>\n\t\t<\/section>\n\t\t\t\t<section class=\"elementor-section elementor-top-section elementor-element elementor-element-a8dc636 elementor-section-boxed elementor-section-height-default elementor-section-height-default\" data-id=\"a8dc636\" data-element_type=\"section\" data-e-type=\"section\">\n\t\t\t\t\t\t<div class=\"elementor-container elementor-column-gap-default\">\n\t\t\t\t\t<div class=\"elementor-column elementor-col-33 elementor-top-column elementor-element elementor-element-9406680\" data-id=\"9406680\" data-element_type=\"column\" data-e-type=\"column\">\n\t\t\t<div class=\"elementor-widget-wrap elementor-element-populated\">\n\t\t\t\t\t\t<div class=\"elementor-element elementor-element-3441be1 elementor-widget elementor-widget-image\" data-id=\"3441be1\" data-element_type=\"widget\" data-e-type=\"widget\" data-widget_type=\"image.default\">\n\t\t\t\t<div class=\"elementor-widget-container\">\n\t\t\t\t\t\t\t\t\t\t\t\t\t\t\t<img decoding=\"async\" width=\"299\" height=\"76\" src=\"https:\/\/agrovin.com\/wp-content\/uploads\/2022\/02\/agrovin-ue.jpg\" class=\"attachment-large size-large wp-image-74878\" alt=\"\" srcset=\"https:\/\/agrovin.com\/wp-content\/uploads\/2022\/02\/agrovin-ue.jpg 299w, https:\/\/agrovin.com\/wp-content\/uploads\/2022\/02\/agrovin-ue-270x69.jpg 270w\" sizes=\"(max-width: 299px) 100vw, 299px\" title=\"\">\t\t\t\t\t\t\t\t\t\t\t\t\t\t\t<\/div>\n\t\t\t\t<\/div>\n\t\t\t\t\t<\/div>\n\t\t<\/div>\n\t\t\t\t<div class=\"elementor-column elementor-col-33 elementor-top-column elementor-element elementor-element-b5aec82\" data-id=\"b5aec82\" data-element_type=\"column\" data-e-type=\"column\">\n\t\t\t<div class=\"elementor-widget-wrap elementor-element-populated\">\n\t\t\t\t\t\t<div class=\"elementor-element elementor-element-ebf065d elementor-widget elementor-widget-image\" data-id=\"ebf065d\" data-element_type=\"widget\" data-e-type=\"widget\" data-widget_type=\"image.default\">\n\t\t\t\t<div class=\"elementor-widget-container\">\n\t\t\t\t\t\t\t\t\t\t\t\t\t\t\t<img decoding=\"async\" width=\"350\" height=\"100\" src=\"https:\/\/agrovin.com\/wp-content\/uploads\/2022\/02\/CDTI-350x100-1.jpg\" class=\"attachment-large size-large wp-image-75368\" alt=\"\" srcset=\"https:\/\/agrovin.com\/wp-content\/uploads\/2022\/02\/CDTI-350x100-1.jpg 350w, https:\/\/agrovin.com\/wp-content\/uploads\/2022\/02\/CDTI-350x100-1-300x86.jpg 300w, https:\/\/agrovin.com\/wp-content\/uploads\/2022\/02\/CDTI-350x100-1-270x77.jpg 270w\" sizes=\"(max-width: 350px) 100vw, 350px\" title=\"\">\t\t\t\t\t\t\t\t\t\t\t\t\t\t\t<\/div>\n\t\t\t\t<\/div>\n\t\t\t\t\t<\/div>\n\t\t<\/div>\n\t\t\t\t<div class=\"elementor-column elementor-col-33 elementor-top-column elementor-element elementor-element-ab24f7f\" data-id=\"ab24f7f\" data-element_type=\"column\" data-e-type=\"column\">\n\t\t\t<div class=\"elementor-widget-wrap\">\n\t\t\t\t\t\t\t<\/div>\n\t\t<\/div>\n\t\t\t\t\t<\/div>\n\t\t<\/section>\n\t\t\t\t<\/div>\n\t\t","protected":false},"excerpt":{"rendered":"<p>Incorporazione in laboratorio di beni dell&#8217;industria ausiliaria del vino OBIETTIVO: questo progetto di innovazione tecnologica mira ad ampliare l&#8217;attuale portafoglio dell&#8217;azienda con lo sviluppo di nuovi ceppi di batteri lattici. Ci\u00f2 richiede l&#8217;acquisizione di nuovi beni: un fermentatore da 100 litri e una camera di conservazione specifica. Questi ultimi sono indispensabili e inscindibili, poich\u00e9 i [&hellip;]<\/p>\n","protected":false},"author":359,"featured_media":0,"parent":77966,"menu_order":0,"comment_status":"closed","ping_status":"closed","template":"","meta":{"_acf_changed":false,"inline_featured_image":false,"site-sidebar-layout":"no-sidebar","site-content-layout":"page-builder","ast-site-content-layout":"full-width-container","site-content-style":"unboxed","site-sidebar-style":"unboxed","ast-global-header-display":"","ast-banner-title-visibility":"","ast-main-header-display":"","ast-hfb-above-header-display":"","ast-hfb-below-header-display":"","ast-hfb-mobile-header-display":"","site-post-title":"disabled","ast-breadcrumbs-content":"","ast-featured-img":"disabled","footer-sml-layout":"","ast-disable-related-posts":"","theme-transparent-header-meta":"default","adv-header-id-meta":"","stick-header-meta":"","header-above-stick-meta":"","header-main-stick-meta":"","header-below-stick-meta":"","astra-migrate-meta-layouts":"set","ast-page-background-enabled":"default","ast-page-background-meta":{"desktop":{"background-color":"var(--ast-global-color-5)","background-image":"","background-repeat":"repeat","background-position":"center center","background-size":"auto","background-attachment":"scroll","background-type":"","background-media":"","overlay-type":"","overlay-color":"","overlay-opacity":"","overlay-gradient":""},"tablet":{"background-color":"","background-image":"","background-repeat":"repeat","background-position":"center center","background-size":"auto","background-attachment":"scroll","background-type":"","background-media":"","overlay-type":"","overlay-color":"","overlay-opacity":"","overlay-gradient":""},"mobile":{"background-color":"","background-image":"","background-repeat":"repeat","background-position":"center center","background-size":"auto","background-attachment":"scroll","background-type":"","background-media":"","overlay-type":"","overlay-color":"","overlay-opacity":"","overlay-gradient":""}},"ast-content-background-meta":{"desktop":{"background-color":"var(--ast-global-color-4)","background-image":"","background-repeat":"repeat","background-position":"center center","background-size":"auto","background-attachment":"scroll","background-type":"","background-media":"","overlay-type":"","overlay-color":"","overlay-opacity":"","overlay-gradient":""},"tablet":{"background-color":"var(--ast-global-color-4)","background-image":"","background-repeat":"repeat","background-position":"center center","background-size":"auto","background-attachment":"scroll","background-type":"","background-media":"","overlay-type":"","overlay-color":"","overlay-opacity":"","overlay-gradient":""},"mobile":{"background-color":"var(--ast-global-color-4)","background-image":"","background-repeat":"repeat","background-position":"center center","background-size":"auto","background-attachment":"scroll","background-type":"","background-media":"","overlay-type":"","overlay-color":"","overlay-opacity":"","overlay-gradient":""}},"footnotes":""},"class_list":["post-78043","page","type-page","status-publish","hentry"],"acf":[],"_links":{"self":[{"href":"https:\/\/agrovin.com\/it\/wp-json\/wp\/v2\/pages\/78043","targetHints":{"allow":["GET"]}}],"collection":[{"href":"https:\/\/agrovin.com\/it\/wp-json\/wp\/v2\/pages"}],"about":[{"href":"https:\/\/agrovin.com\/it\/wp-json\/wp\/v2\/types\/page"}],"author":[{"embeddable":true,"href":"https:\/\/agrovin.com\/it\/wp-json\/wp\/v2\/users\/359"}],"replies":[{"embeddable":true,"href":"https:\/\/agrovin.com\/it\/wp-json\/wp\/v2\/comments?post=78043"}],"version-history":[{"count":1,"href":"https:\/\/agrovin.com\/it\/wp-json\/wp\/v2\/pages\/78043\/revisions"}],"predecessor-version":[{"id":120277,"href":"https:\/\/agrovin.com\/it\/wp-json\/wp\/v2\/pages\/78043\/revisions\/120277"}],"up":[{"embeddable":true,"href":"https:\/\/agrovin.com\/it\/wp-json\/wp\/v2\/pages\/77966"}],"wp:attachment":[{"href":"https:\/\/agrovin.com\/it\/wp-json\/wp\/v2\/media?parent=78043"}],"curies":[{"name":"wp","href":"https:\/\/api.w.org\/{rel}","templated":true}]}}