{"id":78042,"date":"2022-06-09T09:43:13","date_gmt":"2022-06-09T08:43:13","guid":{"rendered":"https:\/\/staging.agrovin.com\/progetti-rsi\/fattori-che-influenzano-la-qualita-del-brandy-e-nuovi-sistemi-di-produzione-del-brandy-dal-vigneto-allimbottigliamento\/"},"modified":"2025-06-27T10:01:09","modified_gmt":"2025-06-27T08:01:09","slug":"fattori-che-influenzano-la-qualita-del-brandy-e-nuovi-sistemi-di-produzione-del-brandy-dal-vigneto-allimbottigliamento","status":"publish","type":"page","link":"https:\/\/agrovin.com\/it\/progetti-di-rs\/fattori-che-influenzano-la-qualita-del-brandy-e-nuovi-sistemi-di-produzione-del-brandy-dal-vigneto-allimbottigliamento\/","title":{"rendered":"Fattori che influenzano la qualit\u00e0 del brandy e nuovi sistemi di produzione del brandy, dal vigneto all&#8217;imbottigliamento"},"content":{"rendered":"\t\t<div data-elementor-type=\"wp-page\" data-elementor-id=\"78042\" class=\"elementor elementor-78042 elementor-64442\" data-elementor-post-type=\"page\">\n\t\t\t\t\t\t<section class=\"elementor-section elementor-top-section elementor-element elementor-element-ec735a8 elementor-section-height-min-height elementor-section-boxed elementor-section-height-default elementor-section-items-middle\" data-id=\"ec735a8\" data-element_type=\"section\" data-e-type=\"section\" data-settings=\"{&quot;background_background&quot;:&quot;classic&quot;}\">\n\t\t\t\t\t\t<div class=\"elementor-container elementor-column-gap-default\">\n\t\t\t\t\t<div class=\"elementor-column elementor-col-100 elementor-top-column elementor-element elementor-element-d941932\" data-id=\"d941932\" data-element_type=\"column\" data-e-type=\"column\">\n\t\t\t<div class=\"elementor-widget-wrap\">\n\t\t\t\t\t\t\t<\/div>\n\t\t<\/div>\n\t\t\t\t\t<\/div>\n\t\t<\/section>\n\t\t\t\t<section class=\"elementor-section elementor-top-section elementor-element elementor-element-a4d5b87 elementor-section-boxed elementor-section-height-default elementor-section-height-default\" data-id=\"a4d5b87\" data-element_type=\"section\" data-e-type=\"section\">\n\t\t\t\t\t\t<div class=\"elementor-container elementor-column-gap-default\">\n\t\t\t\t\t<div class=\"elementor-column elementor-col-100 elementor-top-column elementor-element elementor-element-e7e0fa0\" data-id=\"e7e0fa0\" data-element_type=\"column\" data-e-type=\"column\">\n\t\t\t<div class=\"elementor-widget-wrap elementor-element-populated\">\n\t\t\t\t\t\t<div class=\"elementor-element elementor-element-21115cc elementor-widget elementor-widget-heading\" data-id=\"21115cc\" data-element_type=\"widget\" data-e-type=\"widget\" data-widget_type=\"heading.default\">\n\t\t\t\t<div class=\"elementor-widget-container\">\n\t\t\t\t\t<h1 class=\"elementor-heading-title elementor-size-default\">Fattori che influenzano la qualit\u00e0 del brandy e nuovi sistemi di produzione del brandy, dal vigneto all'imbottigliamento.<\/h1>\t\t\t\t<\/div>\n\t\t\t\t<\/div>\n\t\t\t\t<div class=\"elementor-element elementor-element-643ffd4 elementor-widget elementor-widget-text-editor\" data-id=\"643ffd4\" data-element_type=\"widget\" data-e-type=\"widget\" data-widget_type=\"text-editor.default\">\n\t\t\t\t<div class=\"elementor-widget-container\">\n\t\t\t\t\t\t\t\t\t<p><strong>OBIETTIVO<\/strong>: Il progetto del consorzio BESTBRANDY mira a intraprendere un progetto di R&amp;S completo 2016-2018 sul miglioramento dei prodotti e dei processi nel vigneto, nella vinificazione, nella distillazione, nell&#8217;invecchiamento e nel confezionamento del brandy, con l&#8217;obiettivo di migliorare la competitivit\u00e0 delle aziende partecipanti generando conoscenza e applicando ci\u00f2 che gi\u00e0 esiste da un punto di vista tecnico-scientifico. I seguenti centri di ricerca partecipano al progetto in qualit\u00e0 di enti subappaltatori: Politecnico di Madrid, CEBAS-CSIC Murcia, Universit\u00e0 di Cadice, IFAPA Rancho de la Merced e INIA, con l&#8217;obiettivo di incentivare la collaborazione pubblico-privata per il periodo 2016-2018 in grado di raggiungere gli ambiziosi obiettivi tecnici indicati nella relazione tecnica presentata al bando multiregionale Innterconecta 2016.<\/p><p><strong>BANDO:<\/strong>\u00a0CDTI PROGRAMMA FEDER-INNTERCONECTA 2016.<\/p><p><strong>TITOLO DEL PROGETTO:<\/strong> Fattori che influenzano la qualit\u00e0 del brandy e nuovi sistemi di produzione del brandy, dal vigneto all&#8217;imbottigliamento.<\/p><p><strong>DATA DI REALIZZAZIONE:<\/strong>\u00a01\/7\/2016 al 31\/12\/2018<\/p><p><strong>ACRONIMO:<\/strong>\u00a0BESTBRANDY<\/p>\t\t\t\t\t\t\t\t<\/div>\n\t\t\t\t<\/div>\n\t\t\t\t<div class=\"elementor-element elementor-element-5666aa4 elementor-widget elementor-widget-button\" data-id=\"5666aa4\" data-element_type=\"widget\" data-e-type=\"widget\" data-widget_type=\"button.default\">\n\t\t\t\t<div class=\"elementor-widget-container\">\n\t\t\t\t\t\t\t\t\t<div class=\"elementor-button-wrapper\">\n\t\t\t\t\t<a class=\"elementor-button elementor-button-link elementor-size-sm\" href=\"https:\/\/agrovin.com\/agrv\/pdf\/ficha_proyectos\/Ficha_tecnica_BESTBRANDY2.pdf\" target=\"_blank\" rel=\"nofollow\" download=\"https:\/\/agrovin.com\/agrv\/pdf\/ficha_proyectos\/Ficha_tecnica_BESTBRANDY2.pdf\">\n\t\t\t\t\t\t<span class=\"elementor-button-content-wrapper\">\n\t\t\t\t\t\t\t\t\t<span class=\"elementor-button-text\">SCHEDA TECNICA DEL PROGETTO<\/span>\n\t\t\t\t\t<\/span>\n\t\t\t\t\t<\/a>\n\t\t\t\t<\/div>\n\t\t\t\t\t\t\t\t<\/div>\n\t\t\t\t<\/div>\n\t\t\t\t\t<\/div>\n\t\t<\/div>\n\t\t\t\t\t<\/div>\n\t\t<\/section>\n\t\t\t\t<section class=\"elementor-section elementor-top-section elementor-element elementor-element-3b2b625 elementor-section-boxed elementor-section-height-default elementor-section-height-default\" data-id=\"3b2b625\" data-element_type=\"section\" data-e-type=\"section\">\n\t\t\t\t\t\t<div class=\"elementor-container elementor-column-gap-default\">\n\t\t\t\t\t<div class=\"elementor-column elementor-col-100 elementor-top-column elementor-element elementor-element-f50fb92\" data-id=\"f50fb92\" data-element_type=\"column\" data-e-type=\"column\">\n\t\t\t<div class=\"elementor-widget-wrap elementor-element-populated\">\n\t\t\t\t\t\t<div class=\"elementor-element elementor-element-7c70004 elementor-widget elementor-widget-text-editor\" data-id=\"7c70004\" data-element_type=\"widget\" data-e-type=\"widget\" data-widget_type=\"text-editor.default\">\n\t\t\t\t<div class=\"elementor-widget-container\">\n\t\t\t\t\t\t\t\t\t<h3>Intervista a Mar Albendea Roa, responsabile del laboratorio di AGROVIN:<\/h3><div><div><p><strong><em>&#8220;Questo progetto rappresenter\u00e0 un enorme passo avanti nella produzione di Brandy di qualit\u00e0, grazie alle ricerche condotte sui vigneti e sulle tecniche di produzione&#8221;.<\/em><\/strong><\/p><h4>1. Qual \u00e8 il contributo e l&#8217;attivit\u00e0 di Agrovin nel progetto?\u00a0<\/h4><p><em>Nello sviluppo di strategie per ottenere brandy di qualit\u00e0 riducendo i costi di produzione. In particolare, gli specialisti tecnici della nostra azienda hanno contribuito con le loro conoscenze di microbiologia enologica, nutrizione dei lieviti e tecniche all&#8217;avanguardia nel settore, come l&#8217;applicazione degli ultrasuoni.<\/em><\/p><h4>2. Qual \u00e8 il Suo ruolo nel progetto all&#8217;interno del team tecnico della Sua azienda Agrovin?<\/h4><p><em>Responsabile del progetto. Sono stato direttamente coinvolto nello sviluppo di ciascuna esperienza, nel monitoraggio delle analisi e nella stesura dei rapporti.<\/em><\/p><h4>3. Cosa significa per Agrovin partecipare a un progetto di questa portata?<\/h4><p><em>La partecipazione di Agrovin a questo progetto testimonia il fermo impegno della nostra azienda a investire in progetti di R&amp;S&amp;I come forza trainante per l&#8217;innovazione e il miglioramento continuo nel settore vitivinicolo.\u00a0<\/em><\/p><h4>4. Quali sono i vostri obiettivi concreti nell&#8217;ambito di Bestbrandy?<\/h4><p><em>Sviluppare nuove strategie di vinificazione per aumentare la resa alcolica dei vini e sviluppare strategie per accelerare l&#8217;invecchiamento del Brandy nelle botti.<\/em><\/p><h4>5. Come coordinate il vostro lavoro con tutte le aziende che fanno parte del consorzio e con i centri di ricerca?<\/h4><p><em>Attraverso incontri di follow-up, via e-mail e telefono.\u00a0<\/em><\/p><h4>6. Cosa pensa che il contributo di Bestbrandy significhi per il settore del brandy spagnolo?<\/h4><p><em>Questo progetto comporter\u00e0 un enorme progresso nella produzione di Brandy di qualit\u00e0, grazie alle ricerche condotte sui vigneti e sulle tecniche di vinificazione. Oltre a questo valore aggiunto, i costi di produzione saranno ridotti grazie all&#8217;utilizzo di tecniche e tecnologie all&#8217;avanguardia nel settore che riducono il consumo di energia e il lavoro degli operatori di cantina. E per l&#8217;industria del vino in generale? Miglioramento continuo della qualit\u00e0 di tutti i processi coinvolti nella produzione di vini destinati alla produzione di Brandy.<\/em>\u00a0<\/p><h4>7. Infine, a pochi mesi dalla fine del progetto, quali obiettivi potreste considerare raggiunti?<\/h4><p><em>Utilizzo di nuove tecniche per ridurre il periodo di invecchiamento del Brandy in botte. La tecnica a ultrasuoni (Sistema Perseo<\/em><em>) consente di ottenere in poche ore prodotti &#8220;pre-invecchiati&#8221;, che necessitano di un minor periodo di permanenza in botte. L&#8217;uso di questa tecnica \u00e8 considerato un vantaggio competitivo nella produzione di questi distillati, in quanto riduce i costi di produzione. <\/em><\/p><h4>8. Personalmente, per Lei e per la Sua carriera professionale, pu\u00f2 elencare gli aspetti pi\u00f9 positivi che ha tratto dalla Sua partecipazione a Bestbrandy?<\/h4><p><span style=\"font-size: 16px;\"><em>Collaborazione con centri di ricerca e prestigiose aziende vinicole spagnole.<\/em><br \/>Tutte le informazioni sul progetto sono disponibili all&#8217;indirizzo: <\/span><a style=\"font-size: 16px; background-color: #ffffff;\" href=\"http:\/\/bestbrandy.es\/\" target=\"_blank\" rel=\"noopener noreferrer\">http:\/\/bestbrandy.es\/<\/a><\/p><\/div><\/div>\t\t\t\t\t\t\t\t<\/div>\n\t\t\t\t<\/div>\n\t\t\t\t\t<\/div>\n\t\t<\/div>\n\t\t\t\t\t<\/div>\n\t\t<\/section>\n\t\t\t\t<section class=\"elementor-section elementor-top-section elementor-element elementor-element-88f4a71 elementor-section-boxed elementor-section-height-default elementor-section-height-default\" data-id=\"88f4a71\" data-element_type=\"section\" data-e-type=\"section\">\n\t\t\t\t\t\t<div class=\"elementor-container elementor-column-gap-default\">\n\t\t\t\t\t<div class=\"elementor-column elementor-col-33 elementor-top-column elementor-element elementor-element-5affb30\" data-id=\"5affb30\" data-element_type=\"column\" data-e-type=\"column\">\n\t\t\t<div class=\"elementor-widget-wrap elementor-element-populated\">\n\t\t\t\t\t\t<div class=\"elementor-element elementor-element-80cce10 elementor-widget elementor-widget-image\" data-id=\"80cce10\" data-element_type=\"widget\" data-e-type=\"widget\" data-widget_type=\"image.default\">\n\t\t\t\t<div class=\"elementor-widget-container\">\n\t\t\t\t\t\t\t\t\t\t\t\t\t\t\t<img decoding=\"async\" width=\"336\" height=\"87\" src=\"https:\/\/agrovin.com\/wp-content\/uploads\/2022\/02\/BESTBRANDY-1.jpg\" class=\"attachment-large size-large wp-image-75363\" alt=\"\" srcset=\"https:\/\/agrovin.com\/wp-content\/uploads\/2022\/02\/BESTBRANDY-1.jpg 336w, https:\/\/agrovin.com\/wp-content\/uploads\/2022\/02\/BESTBRANDY-1-300x78.jpg 300w, https:\/\/agrovin.com\/wp-content\/uploads\/2022\/02\/BESTBRANDY-1-270x70.jpg 270w\" sizes=\"(max-width: 336px) 100vw, 336px\" title=\"\">\t\t\t\t\t\t\t\t\t\t\t\t\t\t\t<\/div>\n\t\t\t\t<\/div>\n\t\t\t\t<div class=\"elementor-element elementor-element-3b787fd elementor-widget elementor-widget-image\" data-id=\"3b787fd\" data-element_type=\"widget\" data-e-type=\"widget\" data-widget_type=\"image.default\">\n\t\t\t\t<div class=\"elementor-widget-container\">\n\t\t\t\t\t\t\t\t\t\t\t\t\t\t\t<img decoding=\"async\" width=\"299\" height=\"76\" src=\"https:\/\/agrovin.com\/wp-content\/uploads\/2022\/02\/agrovin-ue.jpg\" class=\"attachment-large size-large wp-image-74878\" alt=\"\" srcset=\"https:\/\/agrovin.com\/wp-content\/uploads\/2022\/02\/agrovin-ue.jpg 299w, https:\/\/agrovin.com\/wp-content\/uploads\/2022\/02\/agrovin-ue-270x69.jpg 270w\" sizes=\"(max-width: 299px) 100vw, 299px\" title=\"\">\t\t\t\t\t\t\t\t\t\t\t\t\t\t\t<\/div>\n\t\t\t\t<\/div>\n\t\t\t\t\t<\/div>\n\t\t<\/div>\n\t\t\t\t<div class=\"elementor-column elementor-col-33 elementor-top-column elementor-element elementor-element-b501eba\" data-id=\"b501eba\" data-element_type=\"column\" data-e-type=\"column\">\n\t\t\t<div class=\"elementor-widget-wrap elementor-element-populated\">\n\t\t\t\t\t\t<div class=\"elementor-element elementor-element-4f1f5a9 elementor-widget elementor-widget-image\" data-id=\"4f1f5a9\" data-element_type=\"widget\" data-e-type=\"widget\" data-widget_type=\"image.default\">\n\t\t\t\t<div class=\"elementor-widget-container\">\n\t\t\t\t\t\t\t\t\t\t\t\t\t\t\t<img decoding=\"async\" width=\"350\" height=\"100\" src=\"https:\/\/agrovin.com\/wp-content\/uploads\/2022\/02\/CDTI-350x100-1.jpg\" class=\"attachment-large size-large wp-image-75368\" alt=\"\" srcset=\"https:\/\/agrovin.com\/wp-content\/uploads\/2022\/02\/CDTI-350x100-1.jpg 350w, https:\/\/agrovin.com\/wp-content\/uploads\/2022\/02\/CDTI-350x100-1-300x86.jpg 300w, https:\/\/agrovin.com\/wp-content\/uploads\/2022\/02\/CDTI-350x100-1-270x77.jpg 270w\" sizes=\"(max-width: 350px) 100vw, 350px\" title=\"\">\t\t\t\t\t\t\t\t\t\t\t\t\t\t\t<\/div>\n\t\t\t\t<\/div>\n\t\t\t\t\t<\/div>\n\t\t<\/div>\n\t\t\t\t<div class=\"elementor-column elementor-col-33 elementor-top-column elementor-element elementor-element-cf15c80\" data-id=\"cf15c80\" data-element_type=\"column\" data-e-type=\"column\">\n\t\t\t<div class=\"elementor-widget-wrap\">\n\t\t\t\t\t\t\t<\/div>\n\t\t<\/div>\n\t\t\t\t\t<\/div>\n\t\t<\/section>\n\t\t\t\t<\/div>\n\t\t","protected":false},"excerpt":{"rendered":"<p>Fattori che influenzano la qualit\u00e0 del brandy e nuovi sistemi di produzione del brandy, dal vigneto all&#8217;imbottigliamento. OBIETTIVO: Il progetto del consorzio BESTBRANDY mira a intraprendere un progetto di R&amp;S completo 2016-2018 sul miglioramento dei prodotti e dei processi nel vigneto, nella vinificazione, nella distillazione, nell&#8217;invecchiamento e nel confezionamento del brandy, con l&#8217;obiettivo di migliorare [&hellip;]<\/p>\n","protected":false},"author":359,"featured_media":0,"parent":77966,"menu_order":0,"comment_status":"closed","ping_status":"closed","template":"","meta":{"_acf_changed":false,"inline_featured_image":false,"site-sidebar-layout":"no-sidebar","site-content-layout":"page-builder","ast-site-content-layout":"full-width-container","site-content-style":"unboxed","site-sidebar-style":"unboxed","ast-global-header-display":"","ast-banner-title-visibility":"","ast-main-header-display":"","ast-hfb-above-header-display":"","ast-hfb-below-header-display":"","ast-hfb-mobile-header-display":"","site-post-title":"disabled","ast-breadcrumbs-content":"","ast-featured-img":"disabled","footer-sml-layout":"","ast-disable-related-posts":"","theme-transparent-header-meta":"default","adv-header-id-meta":"","stick-header-meta":"","header-above-stick-meta":"","header-main-stick-meta":"","header-below-stick-meta":"","astra-migrate-meta-layouts":"set","ast-page-background-enabled":"default","ast-page-background-meta":{"desktop":{"background-color":"var(--ast-global-color-5)","background-image":"","background-repeat":"repeat","background-position":"center center","background-size":"auto","background-attachment":"scroll","background-type":"","background-media":"","overlay-type":"","overlay-color":"","overlay-opacity":"","overlay-gradient":""},"tablet":{"background-color":"","background-image":"","background-repeat":"repeat","background-position":"center center","background-size":"auto","background-attachment":"scroll","background-type":"","background-media":"","overlay-type":"","overlay-color":"","overlay-opacity":"","overlay-gradient":""},"mobile":{"background-color":"","background-image":"","background-repeat":"repeat","background-position":"center center","background-size":"auto","background-attachment":"scroll","background-type":"","background-media":"","overlay-type":"","overlay-color":"","overlay-opacity":"","overlay-gradient":""}},"ast-content-background-meta":{"desktop":{"background-color":"var(--ast-global-color-4)","background-image":"","background-repeat":"repeat","background-position":"center center","background-size":"auto","background-attachment":"scroll","background-type":"","background-media":"","overlay-type":"","overlay-color":"","overlay-opacity":"","overlay-gradient":""},"tablet":{"background-color":"var(--ast-global-color-4)","background-image":"","background-repeat":"repeat","background-position":"center center","background-size":"auto","background-attachment":"scroll","background-type":"","background-media":"","overlay-type":"","overlay-color":"","overlay-opacity":"","overlay-gradient":""},"mobile":{"background-color":"var(--ast-global-color-4)","background-image":"","background-repeat":"repeat","background-position":"center center","background-size":"auto","background-attachment":"scroll","background-type":"","background-media":"","overlay-type":"","overlay-color":"","overlay-opacity":"","overlay-gradient":""}},"footnotes":""},"class_list":["post-78042","page","type-page","status-publish","hentry"],"acf":[],"_links":{"self":[{"href":"https:\/\/agrovin.com\/it\/wp-json\/wp\/v2\/pages\/78042","targetHints":{"allow":["GET"]}}],"collection":[{"href":"https:\/\/agrovin.com\/it\/wp-json\/wp\/v2\/pages"}],"about":[{"href":"https:\/\/agrovin.com\/it\/wp-json\/wp\/v2\/types\/page"}],"author":[{"embeddable":true,"href":"https:\/\/agrovin.com\/it\/wp-json\/wp\/v2\/users\/359"}],"replies":[{"embeddable":true,"href":"https:\/\/agrovin.com\/it\/wp-json\/wp\/v2\/comments?post=78042"}],"version-history":[{"count":1,"href":"https:\/\/agrovin.com\/it\/wp-json\/wp\/v2\/pages\/78042\/revisions"}],"predecessor-version":[{"id":120466,"href":"https:\/\/agrovin.com\/it\/wp-json\/wp\/v2\/pages\/78042\/revisions\/120466"}],"up":[{"embeddable":true,"href":"https:\/\/agrovin.com\/it\/wp-json\/wp\/v2\/pages\/77966"}],"wp:attachment":[{"href":"https:\/\/agrovin.com\/it\/wp-json\/wp\/v2\/media?parent=78042"}],"curies":[{"name":"wp","href":"https:\/\/api.w.org\/{rel}","templated":true}]}}