{"id":77942,"date":"2022-06-08T17:53:13","date_gmt":"2022-06-08T16:53:13","guid":{"rendered":"https:\/\/staging.agrovin.com\/ricerca-e-sviluppo-2003-2011-rs\/"},"modified":"2022-10-10T15:41:42","modified_gmt":"2022-10-10T14:41:42","slug":"ricerca-e-sviluppo-2003-2011-rs","status":"publish","type":"page","link":"https:\/\/agrovin.com\/it\/progetti-di-rs\/ricerca-e-sviluppo-2003-2011-rs\/","title":{"rendered":"Ricerca e sviluppo 2003-2011 R&#038;S"},"content":{"rendered":"\t\t<div data-elementor-type=\"wp-page\" data-elementor-id=\"77942\" class=\"elementor elementor-77942 elementor-64385\" data-elementor-post-type=\"page\">\n\t\t\t\t\t\t<section class=\"elementor-section elementor-top-section elementor-element elementor-element-b748cf2 elementor-section-height-min-height elementor-section-boxed elementor-section-height-default elementor-section-items-middle\" data-id=\"b748cf2\" data-element_type=\"section\" data-e-type=\"section\" data-settings=\"{&quot;background_background&quot;:&quot;classic&quot;}\">\n\t\t\t\t\t\t<div class=\"elementor-container elementor-column-gap-default\">\n\t\t\t\t\t<div class=\"elementor-column elementor-col-100 elementor-top-column elementor-element elementor-element-b9aec06\" data-id=\"b9aec06\" data-element_type=\"column\" data-e-type=\"column\">\n\t\t\t<div class=\"elementor-widget-wrap\">\n\t\t\t\t\t\t\t<\/div>\n\t\t<\/div>\n\t\t\t\t\t<\/div>\n\t\t<\/section>\n\t\t\t\t<section class=\"elementor-section elementor-top-section elementor-element elementor-element-4a8ff2d elementor-section-boxed elementor-section-height-default elementor-section-height-default\" data-id=\"4a8ff2d\" data-element_type=\"section\" data-e-type=\"section\">\n\t\t\t\t\t\t<div class=\"elementor-container elementor-column-gap-default\">\n\t\t\t\t\t<div class=\"elementor-column elementor-col-100 elementor-top-column elementor-element elementor-element-b4d8f8c\" data-id=\"b4d8f8c\" data-element_type=\"column\" data-e-type=\"column\">\n\t\t\t<div class=\"elementor-widget-wrap elementor-element-populated\">\n\t\t\t\t\t\t<div class=\"elementor-element elementor-element-f1362c1 elementor-widget elementor-widget-heading\" data-id=\"f1362c1\" data-element_type=\"widget\" data-e-type=\"widget\" data-widget_type=\"heading.default\">\n\t\t\t\t<div class=\"elementor-widget-container\">\n\t\t\t\t\t<h1 class=\"elementor-heading-title elementor-size-default\">RICERCA E SVILUPPO 2003-2011<\/h1>\t\t\t\t<\/div>\n\t\t\t\t<\/div>\n\t\t\t\t<div class=\"elementor-element elementor-element-138726a elementor-widget elementor-widget-text-editor\" data-id=\"138726a\" data-element_type=\"widget\" data-e-type=\"widget\" data-widget_type=\"text-editor.default\">\n\t\t\t\t<div class=\"elementor-widget-container\">\n\t\t\t\t\t\t\t\t\t<p><strong>Applicazione di lieviti selezionati all&#8217;industria enologica<\/strong>. Accordo Universit\u00e0-Azienda. Scuola Tecnica Superiore di Ingegneri Agrari, Universit\u00e0 Politecnica di Madrid (2003-2004).<\/p><p><strong>Applicazione di lieviti selezionati nella vinificazione in rosso.<\/strong> Accordo Universit\u00e0-Azienda. Scuola di Ingegneria Agraria, Universit\u00e0 Politecnica di Madrid (2004-2005).<\/p><p><strong>Sviluppo di un metodo rapido per quantificare i precursori aromatici nei mosti e nei vini.<\/strong> Accordo Universit\u00e0-Azienda. Universit\u00e0 di Castilla-La Mancha (2004-2006).<\/p><p><strong>Sviluppo di strumenti di diagnosi per il monitoraggio di Brettanomyces nelle cantine.<\/strong> Progetto CRAFT Coop-CT-2003-508445. Partecipanti: dott. Moller und Schmeltz GMBH, Bionostra, Centre Technique Interprofessions de la Vigne et d vin, Chambre d&#8217;Agriculture de la Gironde, Agrovin, Universite Victor Segalen (Bordeaux II), Universite de Montpellier I (Centre de Recherche et de Formation en En\u0152nologie), DSMZ- deutsche Sammlung von Mikroorganismen und Zellkulturen GMBH, Consejo Superior de Investigaciones Cient\u00edficas, (2004-2007).<\/p><p><strong>Proposte per migliorare l&#8217;applicazione industriale dei lieviti secchi attivi nelle cantine di Castilla La Mancha, studiandone l&#8217;implementazione e la fattibilit\u00e0.<\/strong> Progetto FEDER. Universit\u00e0 di Castilla-La Mancha (2005-2008).<\/p><p><strong>Selezione di lieviti enologici con effetto Killer contro Brettanomyces bruxelliensis.<\/strong> Applicazione a mosti e vini. Accordo Universit\u00e0-Azienda. Dipartimento di Microbiologia III, Universidad Complutense de Madrid (2005-2006)<\/p><p><strong>Nuove applicazioni del trattamento con lieviti inattivati in enologia: effetto sul contenuto di ammine biogene<\/strong>. Progetto Petri. Istituto di fermentazioni industriali IFI-CSIC (2006-2007).<\/p><p><strong>Studi di fattibilit\u00e0 per un inoculo nei vini finalizzato allo svolgimento della fermentazione malolattica<\/strong>. Accordo universit\u00e0-azienda. Dipartimento di Microbiologia, Facolt\u00e0 di Scienze Biologiche. Universit\u00e0 di Valencia (UVEG) (2006-2007).<\/p><p><strong>Ottimizzazione dei lieviti per uso enologico<\/strong>. Gruppo di ricerca, Dipartimento di Scienze Biomediche, Area di Microbiologia, Universit\u00e0 dell&#8217;Estremadura (UEX). Gruppo di ricerca, Scuola di Ingegneria Agraria, Universit\u00e0 Politecnica di Madrid (UPM). Programma Inmoempresa, Junta de Castilla La Mancha (2007-2008).<\/p><p><strong>Controllo della qualit\u00e0 della produzione industriale sotto forma di lievito secco attivo e applicazione nella vinificazione di due ceppi di lievito: BM58 (CECT13003) e BM60 (CECT13004).<\/strong> Istituto di Agrochimica e Tecnologia Alimentare IATA-CSIC (2008-2009)<\/p><p><strong>Lavorazione di mosti rossi da zone calde con elevato impianto di lieviti da vino selezionati.<\/strong> Progetto CENIT: Sviluppo di strategie e metodi viticoli ed enologici di fronte ai cambiamenti climatici. Applicazione di nuove tecnologie per migliorare l&#8217;efficienza dei processi risultanti DEMETER. Scuola di Ingegneria Agraria, Universit\u00e0 Politecnica di Madrid (2008-2011).<\/p><p><strong>Selezione e miglioramento di ceppi di batteri lattici per sviluppare la fermentazione malolattica nelle nuove condizioni di vinificazione dovute al cambiamento climatico.<\/strong> Progetto CENIT DEMETER. Dipartimento di Microbiologia, Facolt\u00e0 di Scienze Biologiche, Universit\u00e0 di Valencia (UVEG) (2008-2011).<\/p><p><strong>Nutrienti azotati nella fermentazione alcolica: necessit\u00e0 ed effetti sul suo sviluppo.<\/strong> Universit\u00e0 Rovira i Virgili (RiV) Istituto di Agrochimica e Tecnologia Alimentare IATA-CSIC. Progetto CENIT: DEMETER (2008-2011).<\/p><p><strong>Aspetti che influenzano la qualit\u00e0 dei vini spumanti prodotti secondo il metodo tradizionale<\/strong>. Universit\u00e0 Rovira i Virgili (RiV) Istituto di Agrochimica e Tecnologia Alimentare IATA-CSIC. Progetto CENIT: DEMETER (2008-2011).<\/p><p><strong>Uso di ceppi Killer per il controllo biologico di Brettanomyces bruxelliensis nelle fermentazioni vinicole<\/strong>. Accordo Universit\u00e0-Azienda. Dipartimento di Microbiologia III, Universit\u00e0 Complutense di Madrid (2009-2010).<\/p>\t\t\t\t\t\t\t\t<\/div>\n\t\t\t\t<\/div>\n\t\t\t\t<div class=\"elementor-element elementor-element-eb8d352 elementor-widget elementor-widget-button\" data-id=\"eb8d352\" data-element_type=\"widget\" data-e-type=\"widget\" data-widget_type=\"button.default\">\n\t\t\t\t<div class=\"elementor-widget-container\">\n\t\t\t\t\t\t\t\t\t<div class=\"elementor-button-wrapper\">\n\t\t\t\t\t<a class=\"elementor-button elementor-size-sm\" role=\"button\">\n\t\t\t\t\t\t<span class=\"elementor-button-content-wrapper\">\n\t\t\t\t\t\t\t\t\t<span class=\"elementor-button-text\">Scheda tecnica di progetto<\/span>\n\t\t\t\t\t<\/span>\n\t\t\t\t\t<\/a>\n\t\t\t\t<\/div>\n\t\t\t\t\t\t\t\t<\/div>\n\t\t\t\t<\/div>\n\t\t\t\t\t<\/div>\n\t\t<\/div>\n\t\t\t\t\t<\/div>\n\t\t<\/section>\n\t\t\t\t<\/div>\n\t\t","protected":false},"excerpt":{"rendered":"<p>RICERCA E SVILUPPO 2003-2011 Applicazione di lieviti selezionati all&#8217;industria enologica. Accordo Universit\u00e0-Azienda. Scuola Tecnica Superiore di Ingegneri Agrari, Universit\u00e0 Politecnica di Madrid (2003-2004). Applicazione di lieviti selezionati nella vinificazione in rosso. Accordo Universit\u00e0-Azienda. Scuola di Ingegneria Agraria, Universit\u00e0 Politecnica di Madrid (2004-2005). Sviluppo di un metodo rapido per quantificare i precursori aromatici nei mosti e [&hellip;]<\/p>\n","protected":false},"author":359,"featured_media":0,"parent":77966,"menu_order":0,"comment_status":"closed","ping_status":"closed","template":"","meta":{"_acf_changed":false,"inline_featured_image":false,"site-sidebar-layout":"no-sidebar","site-content-layout":"page-builder","ast-site-content-layout":"default","site-content-style":"default","site-sidebar-style":"default","ast-global-header-display":"","ast-banner-title-visibility":"","ast-main-header-display":"","ast-hfb-above-header-display":"","ast-hfb-below-header-display":"","ast-hfb-mobile-header-display":"","site-post-title":"disabled","ast-breadcrumbs-content":"","ast-featured-img":"disabled","footer-sml-layout":"","ast-disable-related-posts":"","theme-transparent-header-meta":"","adv-header-id-meta":"","stick-header-meta":"","header-above-stick-meta":"","header-main-stick-meta":"","header-below-stick-meta":"","astra-migrate-meta-layouts":"default","ast-page-background-enabled":"default","ast-page-background-meta":{"desktop":{"background-color":"var(--ast-global-color-5)","background-image":"","background-repeat":"repeat","background-position":"center center","background-size":"auto","background-attachment":"scroll","background-type":"","background-media":"","overlay-type":"","overlay-color":"","overlay-opacity":"","overlay-gradient":""},"tablet":{"background-color":"","background-image":"","background-repeat":"repeat","background-position":"center center","background-size":"auto","background-attachment":"scroll","background-type":"","background-media":"","overlay-type":"","overlay-color":"","overlay-opacity":"","overlay-gradient":""},"mobile":{"background-color":"","background-image":"","background-repeat":"repeat","background-position":"center center","background-size":"auto","background-attachment":"scroll","background-type":"","background-media":"","overlay-type":"","overlay-color":"","overlay-opacity":"","overlay-gradient":""}},"ast-content-background-meta":{"desktop":{"background-color":"var(--ast-global-color-4)","background-image":"","background-repeat":"repeat","background-position":"center center","background-size":"auto","background-attachment":"scroll","background-type":"","background-media":"","overlay-type":"","overlay-color":"","overlay-opacity":"","overlay-gradient":""},"tablet":{"background-color":"var(--ast-global-color-4)","background-image":"","background-repeat":"repeat","background-position":"center center","background-size":"auto","background-attachment":"scroll","background-type":"","background-media":"","overlay-type":"","overlay-color":"","overlay-opacity":"","overlay-gradient":""},"mobile":{"background-color":"var(--ast-global-color-4)","background-image":"","background-repeat":"repeat","background-position":"center center","background-size":"auto","background-attachment":"scroll","background-type":"","background-media":"","overlay-type":"","overlay-color":"","overlay-opacity":"","overlay-gradient":""}},"footnotes":""},"class_list":["post-77942","page","type-page","status-publish","hentry"],"acf":[],"_links":{"self":[{"href":"https:\/\/agrovin.com\/it\/wp-json\/wp\/v2\/pages\/77942","targetHints":{"allow":["GET"]}}],"collection":[{"href":"https:\/\/agrovin.com\/it\/wp-json\/wp\/v2\/pages"}],"about":[{"href":"https:\/\/agrovin.com\/it\/wp-json\/wp\/v2\/types\/page"}],"author":[{"embeddable":true,"href":"https:\/\/agrovin.com\/it\/wp-json\/wp\/v2\/users\/359"}],"replies":[{"embeddable":true,"href":"https:\/\/agrovin.com\/it\/wp-json\/wp\/v2\/comments?post=77942"}],"version-history":[{"count":0,"href":"https:\/\/agrovin.com\/it\/wp-json\/wp\/v2\/pages\/77942\/revisions"}],"up":[{"embeddable":true,"href":"https:\/\/agrovin.com\/it\/wp-json\/wp\/v2\/pages\/77966"}],"wp:attachment":[{"href":"https:\/\/agrovin.com\/it\/wp-json\/wp\/v2\/media?parent=77942"}],"curies":[{"name":"wp","href":"https:\/\/api.w.org\/{rel}","templated":true}]}}