{"id":90027,"date":"2018-03-12T12:09:56","date_gmt":"2022-11-05T07:57:58","guid":{"rendered":"https:\/\/staging.agrovin.com\/non%20class\u00e9\/evolution-des-superbouquets\/"},"modified":"2025-06-26T11:17:42","modified_gmt":"2025-06-26T09:17:42","slug":"super-bouquet-evolution","status":"publish","type":"product","link":"https:\/\/agrovin.com\/fr\/produits-oenologiques\/polysaccharides-et-mannoproteines\/super-bouquet-evolution\/","title":{"rendered":"SUPERBOUQUET EVOLUTION"},"content":{"rendered":"<h3>CARACT\u00c9RISTIQUES<\/h3>\n<p>Bien que les effets positifs du glutathion et de ses m\u00e9tabolites pr\u00e9curseurs sur l&#8217;ar\u00f4me et l&#8217;\u00e9volution tardive des vins soient bien connus, l&#8217;\u00e9tude de son effet pendant la fermentation et l&#8217;identification des pratiques \u0153nologiques et des facteurs affectant sa teneur ont permis de d\u00e9velopper un itin\u00e9raire \u0153nologique o\u00f9 son effet protecteur est maximis\u00e9.<\/p>\n<p>Son utilisation est fortement recommand\u00e9e dans l&#8217;\u00e9laboration de vins blancs issus de c\u00e9pages fortement oxydatifs, riches en thiols volatils (Chardonnay, Sauvignon Blanc, Verdejo).<\/p>\n<p>Sa capacit\u00e9 antioxydante \u00e9lev\u00e9e r\u00e9duit les niveaux de SO2 pendant le traitement. Particuli\u00e8rement adapt\u00e9 \u00e0 la production de vins sans sulfites.<\/p>\n<p><strong>Superbouquet EVOLUTION<\/strong> est le r\u00e9sultat du projet de recherche VINNOSO2 (INNPACTO IPT 2012-0967-060000) qui vise \u00e0 r\u00e9duire les niveaux de SO2 pendant la vinification.<\/p>\n<ul>\n<li>Dans les premiers stades de la fermentation alcoolique, pour permettre l&#8217;assimilation et la synth\u00e8se du glutathion par la levure.<\/li>\n<li>A la fin de la fermentation alcoolique.<\/li>\n<li>\u00c9levage sur lies et vin fini.<\/li>\n<\/ul>\n<p>Pour obtenir l&#8217;effet protecteur maximal de Superbouquet EVOLUTION, il est n\u00e9cessaire d&#8217;\u00e9viter les carences en azote. Par cons\u00e9quent, l&#8217;utilisation de nutriments organiques est recommand\u00e9e d\u00e8s le d\u00e9but de la fermentation (Actimax Natura). \u00c9viter l&#8217;application de sels d&#8217;ammonium.<\/p>\n<p>Pour une vinification \u00e0 faible teneur en SO2 ou sans sulfites, il est recommand\u00e9 d&#8217;effectuer r\u00e9guli\u00e8rement un contr\u00f4le de l&#8217;oxyg\u00e8ne dissous et un contr\u00f4le microbiologique.<\/p>\n<h3>APPLICATION<\/h3>\n<ul>\n<li>Dans les premiers stades de la fermentation alcoolique, pour permettre l&#8217;assimilation et la synth\u00e8se du glutathion par la levure.<\/li>\n<li>A la fin de la fermentation alcoolique.<\/li>\n<li>\u00c9levage sur lies et vin fini.<\/li>\n<\/ul>\n<p>Pour obtenir l&#8217;effet protecteur maximal de Superbouquet EVOLUTION, il est n\u00e9cessaire d&#8217;\u00e9viter les carences en azote. Par cons\u00e9quent, l&#8217;utilisation de nutriments organiques est recommand\u00e9e d\u00e8s le d\u00e9but de la fermentation (Actimax Natura). \u00c9viter l&#8217;application de sels d&#8217;ammonium. Pour une vinification \u00e0 faible teneur en SO2 ou sans sulfites, il est recommand\u00e9 d&#8217;effectuer r\u00e9guli\u00e8rement un contr\u00f4le de l&#8217;oxyg\u00e8ne dissous et un contr\u00f4le microbiologique.<\/p>\n<h3>DOSAGE<\/h3>\n<ul>\n<li>Fermentation 20-40 g\/hl<\/li>\n<li>Vieillissement sur lies vin fini 10-20 g\/hl<\/li>\n<\/ul>\n","protected":false},"excerpt":{"rendered":"<p>Il s&#8217;agit d&#8217;une levure inactiv\u00e9e de deuxi\u00e8me g\u00e9n\u00e9ration \u00e0 haut pouvoir antioxydant, favorisant la lib\u00e9ration d&#8217;acides amin\u00e9s et de peptides thiol (glutathion).<\/p>\n","protected":false},"featured_media":21258,"template":"","meta":{"_acf_changed":false,"inline_featured_image":false,"site-sidebar-layout":"default","site-content-layout":"default","ast-site-content-layout":"default","site-content-style":"default","site-sidebar-style":"default","ast-global-header-display":"","ast-banner-title-visibility":"","ast-main-header-display":"","ast-hfb-above-header-display":"","ast-hfb-below-header-display":"","ast-hfb-mobile-header-display":"","site-post-title":"","ast-breadcrumbs-content":"","ast-featured-img":"","footer-sml-layout":"","ast-disable-related-posts":"","theme-transparent-header-meta":"default","adv-header-id-meta":"","stick-header-meta":"","header-above-stick-meta":"","header-main-stick-meta":"","header-below-stick-meta":"","astra-migrate-meta-layouts":"set","ast-page-background-enabled":"default","ast-page-background-meta":{"desktop":{"background-color":"var(--ast-global-color-5)","background-image":"","background-repeat":"repeat","background-position":"center center","background-size":"auto","background-attachment":"scroll","background-type":"","background-media":"","overlay-type":"","overlay-color":"","overlay-opacity":"","overlay-gradient":""},"tablet":{"background-color":"","background-image":"","background-repeat":"repeat","background-position":"center center","background-size":"auto","background-attachment":"scroll","background-type":"","background-media":"","overlay-type":"","overlay-color":"","overlay-opacity":"","overlay-gradient":""},"mobile":{"background-color":"","background-image":"","background-repeat":"repeat","background-position":"center center","background-size":"auto","background-attachment":"scroll","background-type":"","background-media":"","overlay-type":"","overlay-color":"","overlay-opacity":"","overlay-gradient":""}},"ast-content-background-meta":{"desktop":{"background-color":"var(--ast-global-color-4)","background-image":"","background-repeat":"repeat","background-position":"center center","background-size":"auto","background-attachment":"scroll","background-type":"","background-media":"","overlay-type":"","overlay-color":"","overlay-opacity":"","overlay-gradient":""},"tablet":{"background-color":"var(--ast-global-color-4)","background-image":"","background-repeat":"repeat","background-position":"center center","background-size":"auto","background-attachment":"scroll","background-type":"","background-media":"","overlay-type":"","overlay-color":"","overlay-opacity":"","overlay-gradient":""},"mobile":{"background-color":"var(--ast-global-color-4)","background-image":"","background-repeat":"repeat","background-position":"center center","background-size":"auto","background-attachment":"scroll","background-type":"","background-media":"","overlay-type":"","overlay-color":"","overlay-opacity":"","overlay-gradient":""}}},"product_brand":[],"product_cat":[215,161],"product_tag":[420,390,814,498,419,518],"class_list":{"0":"post-90027","1":"product","2":"type-product","3":"status-publish","4":"has-post-thumbnail","6":"product_cat-polysaccharides-et-mannoproteines","7":"product_cat-antioxydants","8":"product_tag-levadura-inactiva-fr","9":"product_tag-manoproteine-pure","10":"product_tag-eviter-les-oxydations","11":"product_tag-mout","12":"product_tag-ecorces-de-levure","13":"product_tag-vin","14":"pa_ecologico-autorise-eu","15":"pa_ecologico-autorise-nop-usda","16":"pa_estilo-de-vino-blanc","17":"pa_estilo-de-vino-fut","18":"pa_estilo-de-vino-petillant","19":"pa_estilo-de-vino-rose","20":"pa_estilo-de-vino-rouge","21":"pa_objetivo-amelioration-sensorielle","22":"pa_objetivo-protection-antioxydante","23":"pa_vegano-vegetalien","24":"desktop-align-left","25":"tablet-align-left","26":"mobile-align-left","28":"first","29":"instock","30":"featured","31":"virtual","32":"product-type-simple"},"acf":[],"_links":{"self":[{"href":"https:\/\/agrovin.com\/fr\/wp-json\/wp\/v2\/product\/90027","targetHints":{"allow":["GET"]}}],"collection":[{"href":"https:\/\/agrovin.com\/fr\/wp-json\/wp\/v2\/product"}],"about":[{"href":"https:\/\/agrovin.com\/fr\/wp-json\/wp\/v2\/types\/product"}],"version-history":[{"count":2,"href":"https:\/\/agrovin.com\/fr\/wp-json\/wp\/v2\/product\/90027\/revisions"}],"predecessor-version":[{"id":120418,"href":"https:\/\/agrovin.com\/fr\/wp-json\/wp\/v2\/product\/90027\/revisions\/120418"}],"wp:featuredmedia":[{"embeddable":true,"href":"https:\/\/agrovin.com\/fr\/wp-json\/wp\/v2\/media\/21258"}],"wp:attachment":[{"href":"https:\/\/agrovin.com\/fr\/wp-json\/wp\/v2\/media?parent=90027"}],"wp:term":[{"taxonomy":"product_brand","embeddable":true,"href":"https:\/\/agrovin.com\/fr\/wp-json\/wp\/v2\/product_brand?post=90027"},{"taxonomy":"product_cat","embeddable":true,"href":"https:\/\/agrovin.com\/fr\/wp-json\/wp\/v2\/product_cat?post=90027"},{"taxonomy":"product_tag","embeddable":true,"href":"https:\/\/agrovin.com\/fr\/wp-json\/wp\/v2\/product_tag?post=90027"}],"curies":[{"name":"wp","href":"https:\/\/api.w.org\/{rel}","templated":true}]}}