{"id":90016,"date":"2018-03-12T12:19:53","date_gmt":"2022-11-05T07:57:41","guid":{"rendered":"https:\/\/staging.agrovin.com\/non%20class\u00e9\/mannocrom\/"},"modified":"2022-11-06T16:47:38","modified_gmt":"2022-11-06T15:47:38","slug":"manocrom","status":"publish","type":"product","link":"https:\/\/agrovin.com\/fr\/produits-oenologiques\/polysaccharides-et-mannoproteines\/manocrom\/","title":{"rendered":"MANNOCROM"},"content":{"rendered":"<h3>CARACT\u00c9RISTIQUES<\/h3>\n<ul>\n<li>Les levures inactives sont une source de polysaccharides et de mannoprot\u00e9ines qui participent \u00e0 la protection collo\u00efdale de la fraction polyph\u00e9nolique, emp\u00eachant la pr\u00e9cipitation des mati\u00e8res colorantes.<\/li>\n<li>Ils contribuent \u00e9galement aux caract\u00e9ristiques sensorielles du vin, en polissant les tanins agressifs, en r\u00e9duisant l&#8217;astringence et en augmentant les sensations de corps et de volume en bouche.<\/li>\n<li>L&#8217;apport de procyanidines (tanin de proanthocyanidine) r\u00e9agit avec les anthocyanes pour former des liaisons tr\u00e8s stables. La stabilit\u00e9 de la couleur et son \u00e9volution dans le temps sont am\u00e9lior\u00e9es.<\/li>\n<\/ul>\n<h3>APPLICATION<\/h3>\n<p>Production de vins rouges o\u00f9 l&#8217;on souhaite une augmentation de la stabilit\u00e9 de la mati\u00e8re colorante et une plus grande douceur tannique.<\/p>\n<ul>\n<li>La pr\u00e9sence de polysaccharides et de tanins r\u00e9actifs lors du processus d&#8217;extraction des polyph\u00e9nols des peaux de raisin permet leur polym\u00e9risation pr\u00e9coce.<\/li>\n<li>Gr\u00e2ce \u00e0 sa teneur en levures inactives, Mannocrom est un excellent nutriment de fermentation, qui apporte des acides amin\u00e9s, des vitamines et des min\u00e9raux.<\/li>\n<\/ul>\n<p>L&#8217;application de Mannocrom au d\u00e9but de la mac\u00e9ration est recommand\u00e9e afin que la formation des complexes polysaccharides-fractions de colorants commence le plus t\u00f4t possible.<\/p>\n<p>Apr\u00e8s les premi\u00e8res phases de mac\u00e9ration, moins de polyph\u00e9nols sont disponibles pour la formation de complexes stables avec les polysaccharides.<\/p>\n<h3>DOSAGE<\/h3>\n<div class=\"page\" title=\"Page 2\">\n<div class=\"layoutArea\">\n<div class=\"column\">\n<p>Doit 15-35 g\/hl.<\/p>\n<\/div>\n<\/div>\n<\/div>\n","protected":false},"excerpt":{"rendered":"<p>Mannocrom est une pr\u00e9paration \u00e0 base de levures inactiv\u00e9es et de tanin de proanthocyanidine, riche en mannoprot\u00e9ines ayant une action structurante et stabilisante sur les qualit\u00e9s chromatiques des vins rouges.<\/p>\n","protected":false},"featured_media":21133,"template":"","meta":{"_acf_changed":false,"inline_featured_image":false,"site-sidebar-layout":"default","site-content-layout":"default","ast-site-content-layout":"default","site-content-style":"default","site-sidebar-style":"default","ast-global-header-display":"","ast-banner-title-visibility":"","ast-main-header-display":"","ast-hfb-above-header-display":"","ast-hfb-below-header-display":"","ast-hfb-mobile-header-display":"","site-post-title":"","ast-breadcrumbs-content":"","ast-featured-img":"","footer-sml-layout":"","ast-disable-related-posts":"","theme-transparent-header-meta":"default","adv-header-id-meta":"","stick-header-meta":"","header-above-stick-meta":"","header-main-stick-meta":"","header-below-stick-meta":"","astra-migrate-meta-layouts":"default","ast-page-background-enabled":"default","ast-page-background-meta":{"desktop":{"background-color":"var(--ast-global-color-5)","background-image":"","background-repeat":"repeat","background-position":"center center","background-size":"auto","background-attachment":"scroll","background-type":"","background-media":"","overlay-type":"","overlay-color":"","overlay-opacity":"","overlay-gradient":""},"tablet":{"background-color":"","background-image":"","background-repeat":"repeat","background-position":"center center","background-size":"auto","background-attachment":"scroll","background-type":"","background-media":"","overlay-type":"","overlay-color":"","overlay-opacity":"","overlay-gradient":""},"mobile":{"background-color":"","background-image":"","background-repeat":"repeat","background-position":"center center","background-size":"auto","background-attachment":"scroll","background-type":"","background-media":"","overlay-type":"","overlay-color":"","overlay-opacity":"","overlay-gradient":""}},"ast-content-background-meta":{"desktop":{"background-color":"var(--ast-global-color-4)","background-image":"","background-repeat":"repeat","background-position":"center center","background-size":"auto","background-attachment":"scroll","background-type":"","background-media":"","overlay-type":"","overlay-color":"","overlay-opacity":"","overlay-gradient":""},"tablet":{"background-color":"var(--ast-global-color-4)","background-image":"","background-repeat":"repeat","background-position":"center center","background-size":"auto","background-attachment":"scroll","background-type":"","background-media":"","overlay-type":"","overlay-color":"","overlay-opacity":"","overlay-gradient":""},"mobile":{"background-color":"var(--ast-global-color-4)","background-image":"","background-repeat":"repeat","background-position":"center center","background-size":"auto","background-attachment":"scroll","background-type":"","background-media":"","overlay-type":"","overlay-color":"","overlay-opacity":"","overlay-gradient":""}}},"product_brand":[],"product_cat":[215],"product_tag":[820,419],"class_list":{"0":"post-90016","1":"product","2":"type-product","3":"status-publish","4":"has-post-thumbnail","6":"product_cat-polysaccharides-et-mannoproteines","7":"product_tag-stabilite-aromatique-et-couleur","8":"product_tag-ecorces-de-levure","9":"pa_aplicacion-fa-et-fml","10":"pa_ecologico-autorise-eu","11":"pa_ecologico-autorise-nop-usda","12":"pa_estilo-de-vino-fut","13":"pa_estilo-de-vino-rouge","14":"pa_vegano-vegetalien","15":"desktop-align-left","16":"tablet-align-left","17":"mobile-align-left","19":"first","20":"instock","21":"virtual","22":"product-type-simple"},"acf":[],"_links":{"self":[{"href":"https:\/\/agrovin.com\/fr\/wp-json\/wp\/v2\/product\/90016","targetHints":{"allow":["GET"]}}],"collection":[{"href":"https:\/\/agrovin.com\/fr\/wp-json\/wp\/v2\/product"}],"about":[{"href":"https:\/\/agrovin.com\/fr\/wp-json\/wp\/v2\/types\/product"}],"version-history":[{"count":0,"href":"https:\/\/agrovin.com\/fr\/wp-json\/wp\/v2\/product\/90016\/revisions"}],"wp:featuredmedia":[{"embeddable":true,"href":"https:\/\/agrovin.com\/fr\/wp-json\/wp\/v2\/media\/21133"}],"wp:attachment":[{"href":"https:\/\/agrovin.com\/fr\/wp-json\/wp\/v2\/media?parent=90016"}],"wp:term":[{"taxonomy":"product_brand","embeddable":true,"href":"https:\/\/agrovin.com\/fr\/wp-json\/wp\/v2\/product_brand?post=90016"},{"taxonomy":"product_cat","embeddable":true,"href":"https:\/\/agrovin.com\/fr\/wp-json\/wp\/v2\/product_cat?post=90016"},{"taxonomy":"product_tag","embeddable":true,"href":"https:\/\/agrovin.com\/fr\/wp-json\/wp\/v2\/product_tag?post=90016"}],"curies":[{"name":"wp","href":"https:\/\/api.w.org\/{rel}","templated":true}]}}