{"id":90001,"date":"2018-03-12T12:14:55","date_gmt":"2022-11-05T07:57:17","guid":{"rendered":"https:\/\/staging.agrovin.com\/non%20class\u00e9\/mannoblanc\/"},"modified":"2022-11-06T16:55:37","modified_gmt":"2022-11-06T15:55:37","slug":"mano-blanc","status":"publish","type":"product","link":"https:\/\/agrovin.com\/fr\/produits-oenologiques\/polysaccharides-et-mannoproteines\/mano-blanc\/","title":{"rendered":"MANNOBLANC"},"content":{"rendered":"<h3>CARACT\u00c9RISTIQUES<\/h3>\n<ul>\n<li>Les levures inactives sont une source de polysaccharides et de mannoprot\u00e9ines qui, en plus de participer \u00e0 la stabilit\u00e9 tartrique et prot\u00e9ique des vins blancs, contribuent \u00e0 am\u00e9liorer leur perception organoleptique. Les polysaccharides et les mannoprot\u00e9ines sont directement impliqu\u00e9s dans les sensations d&#8217;onctuosit\u00e9, de volume et de longueur en bouche, tandis que leur interaction avec la fraction aromatique augmente sa persistance et emp\u00eache sa volatilisation pr\u00e9coce.<\/li>\n<li>Le tanin gallique renforce les propri\u00e9t\u00e9s stabilisantes et antioxydantes, augmente la complexit\u00e9 aromatique vari\u00e9tale des vins blancs et pr\u00e9vient le vieillissement pr\u00e9coce.<\/li>\n<li>Son application adoucit la pr\u00e9sence de tanins astringents provenant de mac\u00e9rations pelliculaires trop intenses ou avec des raisins peu m\u00fbrs, ainsi que la pr\u00e9sence de d\u00e9riv\u00e9s thioliques d\u00e9sagr\u00e9ables.<\/li>\n<\/ul>\n<h3>APPLICATION<\/h3>\n<p>Production de vins blancs o\u00f9 l&#8217;on souhaite une augmentation de l&#8217;intensit\u00e9 aromatique et du volume en bouche. Protection contre l&#8217;\u00e9volution aromatique.<\/p>\n<ul>\n<li>Utilis\u00e9 d\u00e8s les premiers stades de la vinification, il prot\u00e8ge les ar\u00f4mes et la fra\u00eecheur des vins blancs et augmente la fraction mannoprot\u00e9ique, ce qui donne des vins plus gras, plus ronds et plus persistants.<\/li>\n<li>Gr\u00e2ce \u00e0 sa teneur en levure inactive, Mannoblanc est un excellent nutriment de fermentation, qui fournit des acides amin\u00e9s, des vitamines et des min\u00e9raux.<\/li>\n<li>Particuli\u00e8rement recommand\u00e9 pour l&#8217;\u00e9laboration de vins blancs au caract\u00e8re vari\u00e9tal marqu\u00e9 ou lorsqu&#8217;un vieillissement ult\u00e9rieur sur lies est souhait\u00e9. Il fournit des lies franches, moins r\u00e9ductrices et plus stables microbiologiquement.<\/li>\n<\/ul>\n<h3>DOSAGE<\/h3>\n<div class=\"page\" title=\"Page 2\">\n<div class=\"layoutArea\">\n<div class=\"column\">\n<p>Doit 15-35 g\/hl<\/p>\n<\/div>\n<\/div>\n<\/div>\n","protected":false},"excerpt":{"rendered":"<p>Mannoblanc est une pr\u00e9paration \u00e0 base de levures inactiv\u00e9es et de tanin gallique. Il favorise le d\u00e9veloppement de l&#8217;expression aromatique et augmente la structure et le volume. Prot\u00e8ge les vins blancs contre une \u00e9volution pr\u00e9coce.<\/p>\n","protected":false},"featured_media":21139,"template":"","meta":{"_acf_changed":false,"inline_featured_image":false,"site-sidebar-layout":"default","site-content-layout":"default","ast-site-content-layout":"default","site-content-style":"default","site-sidebar-style":"default","ast-global-header-display":"","ast-banner-title-visibility":"","ast-main-header-display":"","ast-hfb-above-header-display":"","ast-hfb-below-header-display":"","ast-hfb-mobile-header-display":"","site-post-title":"","ast-breadcrumbs-content":"","ast-featured-img":"","footer-sml-layout":"","ast-disable-related-posts":"","theme-transparent-header-meta":"default","adv-header-id-meta":"","stick-header-meta":"","header-above-stick-meta":"","header-main-stick-meta":"","header-below-stick-meta":"","astra-migrate-meta-layouts":"default","ast-page-background-enabled":"default","ast-page-background-meta":{"desktop":{"background-color":"var(--ast-global-color-5)","background-image":"","background-repeat":"repeat","background-position":"center center","background-size":"auto","background-attachment":"scroll","background-type":"","background-media":"","overlay-type":"","overlay-color":"","overlay-opacity":"","overlay-gradient":""},"tablet":{"background-color":"","background-image":"","background-repeat":"repeat","background-position":"center center","background-size":"auto","background-attachment":"scroll","background-type":"","background-media":"","overlay-type":"","overlay-color":"","overlay-opacity":"","overlay-gradient":""},"mobile":{"background-color":"","background-image":"","background-repeat":"repeat","background-position":"center center","background-size":"auto","background-attachment":"scroll","background-type":"","background-media":"","overlay-type":"","overlay-color":"","overlay-opacity":"","overlay-gradient":""}},"ast-content-background-meta":{"desktop":{"background-color":"var(--ast-global-color-4)","background-image":"","background-repeat":"repeat","background-position":"center center","background-size":"auto","background-attachment":"scroll","background-type":"","background-media":"","overlay-type":"","overlay-color":"","overlay-opacity":"","overlay-gradient":""},"tablet":{"background-color":"var(--ast-global-color-4)","background-image":"","background-repeat":"repeat","background-position":"center center","background-size":"auto","background-attachment":"scroll","background-type":"","background-media":"","overlay-type":"","overlay-color":"","overlay-opacity":"","overlay-gradient":""},"mobile":{"background-color":"var(--ast-global-color-4)","background-image":"","background-repeat":"repeat","background-position":"center center","background-size":"auto","background-attachment":"scroll","background-type":"","background-media":"","overlay-type":"","overlay-color":"","overlay-opacity":"","overlay-gradient":""}}},"product_brand":[],"product_cat":[215],"product_tag":[420,419],"class_list":{"0":"post-90001","1":"product","2":"type-product","3":"status-publish","4":"has-post-thumbnail","6":"product_cat-polysaccharides-et-mannoproteines","7":"product_tag-levadura-inactiva-fr","8":"product_tag-ecorces-de-levure","9":"pa_aplicacion-fa-et-fml","10":"pa_ecologico-autorise-eu","11":"pa_ecologico-autorise-nop-usda","12":"pa_estilo-de-vino-blanc","13":"pa_estilo-de-vino-rose","14":"pa_vegano-vegetalien","15":"desktop-align-left","16":"tablet-align-left","17":"mobile-align-left","19":"first","20":"instock","21":"virtual","22":"product-type-simple"},"acf":[],"_links":{"self":[{"href":"https:\/\/agrovin.com\/fr\/wp-json\/wp\/v2\/product\/90001","targetHints":{"allow":["GET"]}}],"collection":[{"href":"https:\/\/agrovin.com\/fr\/wp-json\/wp\/v2\/product"}],"about":[{"href":"https:\/\/agrovin.com\/fr\/wp-json\/wp\/v2\/types\/product"}],"version-history":[{"count":0,"href":"https:\/\/agrovin.com\/fr\/wp-json\/wp\/v2\/product\/90001\/revisions"}],"wp:featuredmedia":[{"embeddable":true,"href":"https:\/\/agrovin.com\/fr\/wp-json\/wp\/v2\/media\/21139"}],"wp:attachment":[{"href":"https:\/\/agrovin.com\/fr\/wp-json\/wp\/v2\/media?parent=90001"}],"wp:term":[{"taxonomy":"product_brand","embeddable":true,"href":"https:\/\/agrovin.com\/fr\/wp-json\/wp\/v2\/product_brand?post=90001"},{"taxonomy":"product_cat","embeddable":true,"href":"https:\/\/agrovin.com\/fr\/wp-json\/wp\/v2\/product_cat?post=90001"},{"taxonomy":"product_tag","embeddable":true,"href":"https:\/\/agrovin.com\/fr\/wp-json\/wp\/v2\/product_tag?post=90001"}],"curies":[{"name":"wp","href":"https:\/\/api.w.org\/{rel}","templated":true}]}}