{"id":89986,"date":"2018-03-06T16:37:26","date_gmt":"2022-11-05T07:51:57","guid":{"rendered":"https:\/\/staging.agrovin.com\/non%20class\u00e9\/proveget-clar\/"},"modified":"2024-10-29T17:02:25","modified_gmt":"2024-10-29T15:02:25","slug":"proveget-clar","status":"publish","type":"product","link":"https:\/\/agrovin.com\/fr\/produits-oenologiques\/clarifiants\/proveget-clar\/","title":{"rendered":"PROVEGET CLAR"},"content":{"rendered":"<h3>CARACT\u00c9RISTIQUES<\/h3>\n<p>La fraction de bentonite facilite la dispersion et la s\u00e9dimentation des lies, tout en \u00e9liminant les prot\u00e9ines instables du vin.<\/p>\n<h3>APPLICATION<\/h3>\n<p>Particuli\u00e8rement adapt\u00e9 aux vins blancs et ros\u00e9s, gr\u00e2ce \u00e0 son triple effet d&#8217;\u00e9limination de la turbidit\u00e9, des prot\u00e9ines instables et du brunissement.<\/p>\n<h3>DOSAGE<\/h3>\n<div class=\"page\" title=\"Page 1\">\n<div class=\"section\">\n<div class=\"layoutArea\">\n<div class=\"column\">\n<p>Vin 30-90 g\/hl<\/p>\n<\/div>\n<\/div>\n<\/div>\n<\/div>\n","protected":false},"excerpt":{"rendered":"<p>Proveget Clar est une pr\u00e9paration \u00e0 base de prot\u00e9ines v\u00e9g\u00e9tales pour la clarification des vins blancs et ros\u00e9s. Il permet d&#8217;obtenir une propret\u00e9 extraordinaire, une stabilit\u00e9 des prot\u00e9ines et l&#8217;\u00e9limination des tons oxyd\u00e9s. Prolonge dans le temps les caract\u00e9ristiques organoleptiques des vins trait\u00e9s.<\/p>\n","protected":false},"featured_media":21320,"template":"","meta":{"_acf_changed":false,"inline_featured_image":false,"site-sidebar-layout":"default","site-content-layout":"default","ast-site-content-layout":"default","site-content-style":"default","site-sidebar-style":"default","ast-global-header-display":"","ast-banner-title-visibility":"","ast-main-header-display":"","ast-hfb-above-header-display":"","ast-hfb-below-header-display":"","ast-hfb-mobile-header-display":"","site-post-title":"","ast-breadcrumbs-content":"","ast-featured-img":"","footer-sml-layout":"","ast-disable-related-posts":"","theme-transparent-header-meta":"default","adv-header-id-meta":"","stick-header-meta":"","header-above-stick-meta":"","header-main-stick-meta":"","header-below-stick-meta":"","astra-migrate-meta-layouts":"set","ast-page-background-enabled":"default","ast-page-background-meta":{"desktop":{"background-color":"var(--ast-global-color-5)","background-image":"","background-repeat":"repeat","background-position":"center center","background-size":"auto","background-attachment":"scroll","background-type":"","background-media":"","overlay-type":"","overlay-color":"","overlay-opacity":"","overlay-gradient":""},"tablet":{"background-color":"","background-image":"","background-repeat":"repeat","background-position":"center center","background-size":"auto","background-attachment":"scroll","background-type":"","background-media":"","overlay-type":"","overlay-color":"","overlay-opacity":"","overlay-gradient":""},"mobile":{"background-color":"","background-image":"","background-repeat":"repeat","background-position":"center center","background-size":"auto","background-attachment":"scroll","background-type":"","background-media":"","overlay-type":"","overlay-color":"","overlay-opacity":"","overlay-gradient":""}},"ast-content-background-meta":{"desktop":{"background-color":"var(--ast-global-color-4)","background-image":"","background-repeat":"repeat","background-position":"center center","background-size":"auto","background-attachment":"scroll","background-type":"","background-media":"","overlay-type":"","overlay-color":"","overlay-opacity":"","overlay-gradient":""},"tablet":{"background-color":"var(--ast-global-color-4)","background-image":"","background-repeat":"repeat","background-position":"center center","background-size":"auto","background-attachment":"scroll","background-type":"","background-media":"","overlay-type":"","overlay-color":"","overlay-opacity":"","overlay-gradient":""},"mobile":{"background-color":"var(--ast-global-color-4)","background-image":"","background-repeat":"repeat","background-position":"center center","background-size":"auto","background-attachment":"scroll","background-type":"","background-media":"","overlay-type":"","overlay-color":"","overlay-opacity":"","overlay-gradient":""}}},"product_brand":[],"product_cat":[165],"product_tag":[860,798],"class_list":{"0":"post-89986","1":"product","2":"type-product","3":"status-publish","4":"has-post-thumbnail","6":"product_cat-clarifiants","7":"product_tag-sans-allergenes-fr","8":"product_tag-vin-fini","9":"pa_estilo-de-vino-blanc","10":"pa_estilo-de-vino-rose","11":"pa_objetivo-amelioration-sensorielle","12":"pa_objetivo-clarification","13":"pa_objetivo-stabilite-de-la-couleur","14":"pa_origen-formulation-fr","15":"pa_tipo-sans-allergenes","16":"pa_vegano-vegetalien","17":"desktop-align-left","18":"tablet-align-left","19":"mobile-align-left","21":"first","22":"instock","23":"virtual","24":"product-type-simple"},"acf":[],"_links":{"self":[{"href":"https:\/\/agrovin.com\/fr\/wp-json\/wp\/v2\/product\/89986","targetHints":{"allow":["GET"]}}],"collection":[{"href":"https:\/\/agrovin.com\/fr\/wp-json\/wp\/v2\/product"}],"about":[{"href":"https:\/\/agrovin.com\/fr\/wp-json\/wp\/v2\/types\/product"}],"version-history":[{"count":1,"href":"https:\/\/agrovin.com\/fr\/wp-json\/wp\/v2\/product\/89986\/revisions"}],"predecessor-version":[{"id":117002,"href":"https:\/\/agrovin.com\/fr\/wp-json\/wp\/v2\/product\/89986\/revisions\/117002"}],"wp:featuredmedia":[{"embeddable":true,"href":"https:\/\/agrovin.com\/fr\/wp-json\/wp\/v2\/media\/21320"}],"wp:attachment":[{"href":"https:\/\/agrovin.com\/fr\/wp-json\/wp\/v2\/media?parent=89986"}],"wp:term":[{"taxonomy":"product_brand","embeddable":true,"href":"https:\/\/agrovin.com\/fr\/wp-json\/wp\/v2\/product_brand?post=89986"},{"taxonomy":"product_cat","embeddable":true,"href":"https:\/\/agrovin.com\/fr\/wp-json\/wp\/v2\/product_cat?post=89986"},{"taxonomy":"product_tag","embeddable":true,"href":"https:\/\/agrovin.com\/fr\/wp-json\/wp\/v2\/product_tag?post=89986"}],"curies":[{"name":"wp","href":"https:\/\/api.w.org\/{rel}","templated":true}]}}