{"id":89898,"date":"2018-03-06T16:03:47","date_gmt":"2022-11-04T19:17:37","guid":{"rendered":"https:\/\/staging.agrovin.com\/non%20class\u00e9\/proveget-quitter\/"},"modified":"2022-11-06T17:43:03","modified_gmt":"2022-11-06T16:43:03","slug":"proveget-quit","status":"publish","type":"product","link":"https:\/\/agrovin.com\/fr\/produits-oenologiques\/clarifiants\/proveget-quit\/","title":{"rendered":"PROVEGET QUIT"},"content":{"rendered":"<h3>CARACT\u00c9RISTIQUES<\/h3>\n<p>Il peut \u00eatre appliqu\u00e9 \u00e0 des mo\u00fbts potentiellement oxydables par l&#8217;effet de la r\u00e9colte, ou \u00e0 des vari\u00e9t\u00e9s plus oxydatives.<\/p>\n<p>Dans les vins alt\u00e9r\u00e9s, il restitue des tons paille et p\u00e2les. Dans tous les vins, elle contribue \u00e0 leur meilleure \u00e9volution dans le temps.<\/p>\n<p>Pour obtenir cet effet, PROVEGET QUIT combine les propri\u00e9t\u00e9s \u00e9lectrostatiques de la prot\u00e9ine v\u00e9g\u00e9tale avec celles du polysaccharide hautement charg\u00e9 qu&#8217;est la chitine-glucane. Il est associ\u00e9 \u00e0 la bentonite pour une s\u00e9dimentation et une \u00e9limination rapides.<\/p>\n<p>Am\u00e9liore substantiellement la limpidit\u00e9 du vin fini, en \u00e9liminant les \u00e9l\u00e9ments potentiellement oxydables. En am\u00e9liorant le compactage des lies, le rendement s&#8217;am\u00e9liore. Il respecte la structure et l&#8217;expression aromatique du vin.<\/p>\n<p>PROVEGET QUIT est un produit naturel, non animal, exempt d&#8217;allerg\u00e8nes. Obtenu \u00e0 partir de mati\u00e8res premi\u00e8res exemptes d&#8217;organismes g\u00e9n\u00e9tiquement modifi\u00e9s (Non GMO).<\/p>\n<h3>APPLICATION<\/h3>\n<p>Clarification du mo\u00fbt et du vin.<\/p>\n<p>Application pr\u00e9ventive ou curative.<\/p>\n<h3>DOSAGE<\/h3>\n<div class=\"page\" title=\"Page 2\">\n<div class=\"layoutArea\">\n<div class=\"column\">\n<p>Mout : 20-80g\/hl<br \/>\nVin : 20-80G\/hl<\/p>\n<\/div>\n<\/div>\n<\/div>\n","protected":false},"excerpt":{"rendered":"<p>Proveget QUIT est une solution naturelle pour l&#8217;\u00e9limination des polyph\u00e9nols oxydables. Il agit contre les cat\u00e9chines et les leucoanthocyanines, emp\u00eachant le vin de d\u00e9velopper des tons oxyd\u00e9s et r\u00e9duisant le besoin de soufre comme antioxydant.<\/p>\n","protected":false},"featured_media":21295,"template":"","meta":{"_acf_changed":false,"inline_featured_image":false,"site-sidebar-layout":"default","site-content-layout":"default","ast-site-content-layout":"default","site-content-style":"default","site-sidebar-style":"default","ast-global-header-display":"","ast-banner-title-visibility":"","ast-main-header-display":"","ast-hfb-above-header-display":"","ast-hfb-below-header-display":"","ast-hfb-mobile-header-display":"","site-post-title":"","ast-breadcrumbs-content":"","ast-featured-img":"","footer-sml-layout":"","ast-disable-related-posts":"","theme-transparent-header-meta":"default","adv-header-id-meta":"","stick-header-meta":"","header-above-stick-meta":"","header-main-stick-meta":"","header-below-stick-meta":"","astra-migrate-meta-layouts":"default","ast-page-background-enabled":"default","ast-page-background-meta":{"desktop":{"background-color":"var(--ast-global-color-5)","background-image":"","background-repeat":"repeat","background-position":"center center","background-size":"auto","background-attachment":"scroll","background-type":"","background-media":"","overlay-type":"","overlay-color":"","overlay-opacity":"","overlay-gradient":""},"tablet":{"background-color":"","background-image":"","background-repeat":"repeat","background-position":"center center","background-size":"auto","background-attachment":"scroll","background-type":"","background-media":"","overlay-type":"","overlay-color":"","overlay-opacity":"","overlay-gradient":""},"mobile":{"background-color":"","background-image":"","background-repeat":"repeat","background-position":"center center","background-size":"auto","background-attachment":"scroll","background-type":"","background-media":"","overlay-type":"","overlay-color":"","overlay-opacity":"","overlay-gradient":""}},"ast-content-background-meta":{"desktop":{"background-color":"var(--ast-global-color-4)","background-image":"","background-repeat":"repeat","background-position":"center center","background-size":"auto","background-attachment":"scroll","background-type":"","background-media":"","overlay-type":"","overlay-color":"","overlay-opacity":"","overlay-gradient":""},"tablet":{"background-color":"var(--ast-global-color-4)","background-image":"","background-repeat":"repeat","background-position":"center center","background-size":"auto","background-attachment":"scroll","background-type":"","background-media":"","overlay-type":"","overlay-color":"","overlay-opacity":"","overlay-gradient":""},"mobile":{"background-color":"var(--ast-global-color-4)","background-image":"","background-repeat":"repeat","background-position":"center center","background-size":"auto","background-attachment":"scroll","background-type":"","background-media":"","overlay-type":"","overlay-color":"","overlay-opacity":"","overlay-gradient":""}}},"product_brand":[],"product_cat":[165],"product_tag":[498,798],"class_list":{"0":"post-89898","1":"product","2":"type-product","3":"status-publish","4":"has-post-thumbnail","6":"product_cat-clarifiants","7":"product_tag-mout","8":"product_tag-vin-fini","9":"pa_aplicacion-fa-et-fml","10":"pa_estilo-de-vino-blanc","11":"pa_estilo-de-vino-rose","12":"pa_estilo-de-vino-rouge","13":"pa_objetivo-amelioration-sensorielle","14":"pa_objetivo-clarification","15":"pa_objetivo-stabilite-de-la-couleur","16":"pa_origen-formulation-fr","17":"pa_vegano-vegetalien","18":"desktop-align-left","19":"tablet-align-left","20":"mobile-align-left","22":"first","23":"instock","24":"virtual","25":"product-type-simple"},"acf":[],"_links":{"self":[{"href":"https:\/\/agrovin.com\/fr\/wp-json\/wp\/v2\/product\/89898","targetHints":{"allow":["GET"]}}],"collection":[{"href":"https:\/\/agrovin.com\/fr\/wp-json\/wp\/v2\/product"}],"about":[{"href":"https:\/\/agrovin.com\/fr\/wp-json\/wp\/v2\/types\/product"}],"version-history":[{"count":0,"href":"https:\/\/agrovin.com\/fr\/wp-json\/wp\/v2\/product\/89898\/revisions"}],"wp:featuredmedia":[{"embeddable":true,"href":"https:\/\/agrovin.com\/fr\/wp-json\/wp\/v2\/media\/21295"}],"wp:attachment":[{"href":"https:\/\/agrovin.com\/fr\/wp-json\/wp\/v2\/media?parent=89898"}],"wp:term":[{"taxonomy":"product_brand","embeddable":true,"href":"https:\/\/agrovin.com\/fr\/wp-json\/wp\/v2\/product_brand?post=89898"},{"taxonomy":"product_cat","embeddable":true,"href":"https:\/\/agrovin.com\/fr\/wp-json\/wp\/v2\/product_cat?post=89898"},{"taxonomy":"product_tag","embeddable":true,"href":"https:\/\/agrovin.com\/fr\/wp-json\/wp\/v2\/product_tag?post=89898"}],"curies":[{"name":"wp","href":"https:\/\/api.w.org\/{rel}","templated":true}]}}