{"id":89893,"date":"2018-03-06T15:48:32","date_gmt":"2022-11-04T19:17:29","guid":{"rendered":"https:\/\/staging.agrovin.com\/non%20class\u00e9\/bcp-xxi\/"},"modified":"2024-10-28T20:23:06","modified_gmt":"2024-10-28T18:23:06","slug":"bcpxxi","status":"publish","type":"product","link":"https:\/\/agrovin.com\/fr\/produits-oenologiques\/clarifiants\/bcpxxi\/","title":{"rendered":"BCP XXI"},"content":{"rendered":"<h3>CARACT\u00c9RISTIQUES<\/h3>\n<p>BCP XXI am\u00e9liore le compactage des lies et la filtration ult\u00e9rieure du vin.<\/p>\n<h3>APPLICATION<\/h3>\n<p>BCP XXI contribue \u00e0 la production de vins plus clairs, en augmentant la sensation de fra\u00eecheur de ceux-ci.<\/p>\n<p>BCP XXI est un produit sans allerg\u00e8nes.<\/p>\n<h3>DOSAGE<\/h3>\n<div class=\"page\" title=\"Page 1\">\n<div class=\"layoutArea\">\n<div class=\"column\">\n<p>Dose recommand\u00e9e : 20-50 g\/hl<\/p>\n<\/div>\n<\/div>\n<\/div>\n<p>&nbsp;<\/p>\n","protected":false},"excerpt":{"rendered":"<p>BCP XXI est un clarificateur sans cas\u00e9ine avec une forte action d\u00e9prot\u00e9inisante. BCP XXI \u00e9limine s\u00e9lectivement les leucoanthocyanidines et les cat\u00e9chines, responsables des ph\u00e9nom\u00e8nes oxydatifs, ainsi que les polyph\u00e9noloxydases qui leucoanthocyanidines et cat\u00e9chines, responsables du brunissement dans les mo\u00fbts et les vins blancs et de la protection de la couleur dans le cas des vins ros\u00e9s et rouges.<\/p>\n","protected":false},"featured_media":21313,"template":"","meta":{"_acf_changed":false,"inline_featured_image":false,"site-sidebar-layout":"default","site-content-layout":"default","ast-site-content-layout":"default","site-content-style":"default","site-sidebar-style":"default","ast-global-header-display":"","ast-banner-title-visibility":"","ast-main-header-display":"","ast-hfb-above-header-display":"","ast-hfb-below-header-display":"","ast-hfb-mobile-header-display":"","site-post-title":"","ast-breadcrumbs-content":"","ast-featured-img":"","footer-sml-layout":"","ast-disable-related-posts":"","theme-transparent-header-meta":"default","adv-header-id-meta":"","stick-header-meta":"","header-above-stick-meta":"","header-main-stick-meta":"","header-below-stick-meta":"","astra-migrate-meta-layouts":"set","ast-page-background-enabled":"default","ast-page-background-meta":{"desktop":{"background-color":"var(--ast-global-color-5)","background-image":"","background-repeat":"repeat","background-position":"center center","background-size":"auto","background-attachment":"scroll","background-type":"","background-media":"","overlay-type":"","overlay-color":"","overlay-opacity":"","overlay-gradient":""},"tablet":{"background-color":"","background-image":"","background-repeat":"repeat","background-position":"center center","background-size":"auto","background-attachment":"scroll","background-type":"","background-media":"","overlay-type":"","overlay-color":"","overlay-opacity":"","overlay-gradient":""},"mobile":{"background-color":"","background-image":"","background-repeat":"repeat","background-position":"center center","background-size":"auto","background-attachment":"scroll","background-type":"","background-media":"","overlay-type":"","overlay-color":"","overlay-opacity":"","overlay-gradient":""}},"ast-content-background-meta":{"desktop":{"background-color":"var(--ast-global-color-4)","background-image":"","background-repeat":"repeat","background-position":"center center","background-size":"auto","background-attachment":"scroll","background-type":"","background-media":"","overlay-type":"","overlay-color":"","overlay-opacity":"","overlay-gradient":""},"tablet":{"background-color":"var(--ast-global-color-4)","background-image":"","background-repeat":"repeat","background-position":"center center","background-size":"auto","background-attachment":"scroll","background-type":"","background-media":"","overlay-type":"","overlay-color":"","overlay-opacity":"","overlay-gradient":""},"mobile":{"background-color":"var(--ast-global-color-4)","background-image":"","background-repeat":"repeat","background-position":"center center","background-size":"auto","background-attachment":"scroll","background-type":"","background-media":"","overlay-type":"","overlay-color":"","overlay-opacity":"","overlay-gradient":""}}},"product_brand":[],"product_cat":[165],"product_tag":[498,860],"class_list":{"0":"post-89893","1":"product","2":"type-product","3":"status-publish","4":"has-post-thumbnail","6":"product_cat-clarifiants","7":"product_tag-mout","8":"product_tag-sans-allergenes-fr","9":"pa_aplicacion-raisin-et-mout","10":"pa_estilo-de-vino-blanc","11":"pa_estilo-de-vino-rose","12":"pa_objetivo-clarification","13":"pa_objetivo-stabilite-de-la-couleur","14":"pa_origen-formulation-fr","15":"pa_tipo-sans-allergenes","16":"pa_vegano-vegetalien","17":"desktop-align-left","18":"tablet-align-left","19":"mobile-align-left","21":"first","22":"instock","23":"virtual","24":"product-type-simple"},"acf":[],"_links":{"self":[{"href":"https:\/\/agrovin.com\/fr\/wp-json\/wp\/v2\/product\/89893","targetHints":{"allow":["GET"]}}],"collection":[{"href":"https:\/\/agrovin.com\/fr\/wp-json\/wp\/v2\/product"}],"about":[{"href":"https:\/\/agrovin.com\/fr\/wp-json\/wp\/v2\/types\/product"}],"version-history":[{"count":1,"href":"https:\/\/agrovin.com\/fr\/wp-json\/wp\/v2\/product\/89893\/revisions"}],"predecessor-version":[{"id":116829,"href":"https:\/\/agrovin.com\/fr\/wp-json\/wp\/v2\/product\/89893\/revisions\/116829"}],"wp:featuredmedia":[{"embeddable":true,"href":"https:\/\/agrovin.com\/fr\/wp-json\/wp\/v2\/media\/21313"}],"wp:attachment":[{"href":"https:\/\/agrovin.com\/fr\/wp-json\/wp\/v2\/media?parent=89893"}],"wp:term":[{"taxonomy":"product_brand","embeddable":true,"href":"https:\/\/agrovin.com\/fr\/wp-json\/wp\/v2\/product_brand?post=89893"},{"taxonomy":"product_cat","embeddable":true,"href":"https:\/\/agrovin.com\/fr\/wp-json\/wp\/v2\/product_cat?post=89893"},{"taxonomy":"product_tag","embeddable":true,"href":"https:\/\/agrovin.com\/fr\/wp-json\/wp\/v2\/product_tag?post=89893"}],"curies":[{"name":"wp","href":"https:\/\/api.w.org\/{rel}","templated":true}]}}