{"id":89888,"date":"2018-03-06T15:34:15","date_gmt":"2022-11-04T19:17:21","guid":{"rendered":"https:\/\/staging.agrovin.com\/non%20class\u00e9\/dioxyde-de-soufre\/"},"modified":"2022-11-10T14:16:23","modified_gmt":"2022-11-10T13:16:23","slug":"dixoyde-de-soufre","status":"publish","type":"product","link":"https:\/\/agrovin.com\/fr\/produits-oenologiques\/antioxydants\/dixoyde-de-soufre\/","title":{"rendered":"DIXOYDE DE SOUFRE"},"content":{"rendered":"<h3>CARACT\u00c9RISTIQUES<\/h3>\n<p>Certains de ses effets sont les suivants :<\/p>\n<ul>\n<li>Antioxydant : il poss\u00e8de des propri\u00e9t\u00e9s r\u00e9ductrices, capturant l&#8217;oxyg\u00e8ne et emp\u00eachant l&#8217;oxydation.<\/li>\n<li>Anti-oxydase : D\u00e9truit les oxydases, emp\u00eachant ainsi les fissures.<\/li>\n<li>Antimicrobien : exerce une activit\u00e9 inhibitrice sur les levures, les bact\u00e9ries lactiques et les bact\u00e9ries ac\u00e9tiques.<\/li>\n<li>Il est \u00e9galement connu sous le nom de dioxyde de soufre ou d&#8217;oxyde de soufre (IV).<\/li>\n<\/ul>\n<h3>APPLICATION<\/h3>\n<p>Sur le mo\u00fbt ou le vin.<\/p>\n<h3>DOSAGE<\/h3>\n<ul>\n<li>A la r\u00e9colte 3 &#8211; 8 g\/hl<\/li>\n<li>Mo\u00fbts sulfit\u00e9s ou sulfat\u00e9s 150 &#8211; 200 g\/hl<\/li>\n<\/ul>\n<p>La teneur totale en anhydride sulfureux ne peut d\u00e9passer 150 mg\/l pour les vins rouges et 200 mg\/l pour les vins blancs et ros\u00e9s. Si la quantit\u00e9 de sucre r\u00e9siduel (exprim\u00e9 en glucose+fructose) est \u00e9gale ou sup\u00e9rieure \u00e0 5 g\/l, les valeurs admises sont de 200 mg\/l pour les vins rouges et de 250 mg\/l pour les vins blancs et ros\u00e9s.<\/p>\n","protected":false},"excerpt":{"rendered":"<p>Le SO2 est un outil indispensable \u00e0 la vinification et \u00e0 la conservation du vin. L&#8217;utilisation correcte du SO2 permet d&#8217;obtenir des vins moins oxyd\u00e9s, avec une meilleure couleur et un meilleur ar\u00f4me et une acidit\u00e9 volatile plus faible.<\/p>\n","protected":false},"featured_media":21452,"template":"","meta":{"_acf_changed":false,"inline_featured_image":false,"site-sidebar-layout":"default","site-content-layout":"default","ast-site-content-layout":"default","site-content-style":"default","site-sidebar-style":"default","ast-global-header-display":"","ast-banner-title-visibility":"","ast-main-header-display":"","ast-hfb-above-header-display":"","ast-hfb-below-header-display":"","ast-hfb-mobile-header-display":"","site-post-title":"","ast-breadcrumbs-content":"","ast-featured-img":"","footer-sml-layout":"","ast-disable-related-posts":"","theme-transparent-header-meta":"default","adv-header-id-meta":"","stick-header-meta":"","header-above-stick-meta":"","header-main-stick-meta":"","header-below-stick-meta":"","astra-migrate-meta-layouts":"default","ast-page-background-enabled":"default","ast-page-background-meta":{"desktop":{"background-color":"var(--ast-global-color-5)","background-image":"","background-repeat":"repeat","background-position":"center center","background-size":"auto","background-attachment":"scroll","background-type":"","background-media":"","overlay-type":"","overlay-color":"","overlay-opacity":"","overlay-gradient":""},"tablet":{"background-color":"","background-image":"","background-repeat":"repeat","background-position":"center center","background-size":"auto","background-attachment":"scroll","background-type":"","background-media":"","overlay-type":"","overlay-color":"","overlay-opacity":"","overlay-gradient":""},"mobile":{"background-color":"","background-image":"","background-repeat":"repeat","background-position":"center center","background-size":"auto","background-attachment":"scroll","background-type":"","background-media":"","overlay-type":"","overlay-color":"","overlay-opacity":"","overlay-gradient":""}},"ast-content-background-meta":{"desktop":{"background-color":"var(--ast-global-color-4)","background-image":"","background-repeat":"repeat","background-position":"center center","background-size":"auto","background-attachment":"scroll","background-type":"","background-media":"","overlay-type":"","overlay-color":"","overlay-opacity":"","overlay-gradient":""},"tablet":{"background-color":"var(--ast-global-color-4)","background-image":"","background-repeat":"repeat","background-position":"center center","background-size":"auto","background-attachment":"scroll","background-type":"","background-media":"","overlay-type":"","overlay-color":"","overlay-opacity":"","overlay-gradient":""},"mobile":{"background-color":"var(--ast-global-color-4)","background-image":"","background-repeat":"repeat","background-position":"center center","background-size":"auto","background-attachment":"scroll","background-type":"","background-media":"","overlay-type":"","overlay-color":"","overlay-opacity":"","overlay-gradient":""}}},"product_brand":[],"product_cat":[161],"product_tag":[],"class_list":{"0":"post-89888","1":"product","2":"type-product","3":"status-publish","4":"has-post-thumbnail","6":"product_cat-antioxydants","7":"pa_ecologico-autorise-eu","8":"pa_ecologico-autorise-nop-usda","9":"pa_estilo-de-vino-blanc","10":"pa_estilo-de-vino-rose","11":"pa_estilo-de-vino-rouge","12":"pa_objetivo-protection-microbiologique","13":"pa_vegano-vegetalien","14":"desktop-align-left","15":"tablet-align-left","16":"mobile-align-left","18":"first","19":"instock","20":"virtual","21":"product-type-simple"},"acf":[],"_links":{"self":[{"href":"https:\/\/agrovin.com\/fr\/wp-json\/wp\/v2\/product\/89888","targetHints":{"allow":["GET"]}}],"collection":[{"href":"https:\/\/agrovin.com\/fr\/wp-json\/wp\/v2\/product"}],"about":[{"href":"https:\/\/agrovin.com\/fr\/wp-json\/wp\/v2\/types\/product"}],"version-history":[{"count":0,"href":"https:\/\/agrovin.com\/fr\/wp-json\/wp\/v2\/product\/89888\/revisions"}],"wp:featuredmedia":[{"embeddable":true,"href":"https:\/\/agrovin.com\/fr\/wp-json\/wp\/v2\/media\/21452"}],"wp:attachment":[{"href":"https:\/\/agrovin.com\/fr\/wp-json\/wp\/v2\/media?parent=89888"}],"wp:term":[{"taxonomy":"product_brand","embeddable":true,"href":"https:\/\/agrovin.com\/fr\/wp-json\/wp\/v2\/product_brand?post=89888"},{"taxonomy":"product_cat","embeddable":true,"href":"https:\/\/agrovin.com\/fr\/wp-json\/wp\/v2\/product_cat?post=89888"},{"taxonomy":"product_tag","embeddable":true,"href":"https:\/\/agrovin.com\/fr\/wp-json\/wp\/v2\/product_tag?post=89888"}],"curies":[{"name":"wp","href":"https:\/\/api.w.org\/{rel}","templated":true}]}}