{"id":89839,"date":"2018-03-06T14:49:33","date_gmt":"2022-11-04T17:17:29","guid":{"rendered":"https:\/\/staging.agrovin.com\/non%20class\u00e9\/sulfamol\/"},"modified":"2022-11-06T17:59:04","modified_gmt":"2022-11-06T16:59:04","slug":"sulfamol","status":"publish","type":"product","link":"https:\/\/agrovin.com\/fr\/produits-oenologiques\/antioxydants\/sulfamol\/","title":{"rendered":"SULFAMOL"},"content":{"rendered":"<h3>CARACT\u00c9RISTIQUES<\/h3>\n<p>Une utilisation correcte du SO2 nous permet d&#8217;obtenir des vins moins oxyd\u00e9s, avec une meilleure couleur et un meilleur ar\u00f4me, et une acidit\u00e9 volatile plus faible, en raison des effets qu&#8217;il peut exercer :<\/p>\n<ul>\n<li>Antioxydant : il poss\u00e8de des propri\u00e9t\u00e9s r\u00e9ductrices, capturant l&#8217;oxyg\u00e8ne et emp\u00eachant l&#8217;oxydation.<\/li>\n<li>Anti-oxydase : D\u00e9truit les oxydases, emp\u00eachant ainsi les fissures.<\/li>\n<li>Antimicrobien : exerce une activit\u00e9 inhibitrice sur les levures, les bact\u00e9ries lactiques et les bact\u00e9ries ac\u00e9tiques.<\/li>\n<\/ul>\n<h3>APPLICATION<\/h3>\n<p>Sur les raisins ou les mo\u00fbts.<\/p>\n<h3>DOSAGE<\/h3>\n<p>Dose normale de r\u00e9colte :<\/p>\n<ul>\n<li>Sulfamol 150 20 &#8211; 53 ml\/hl<\/li>\n<li>Sulfamol 200 15 &#8211; 40 ml\/hl<\/li>\n<li>Sulfamol 400 8 &#8211; 20 ml\/hl<\/li>\n<li>Sulfamol 640 5 &#8211; 13 ml\/hl<\/li>\n<\/ul>\n<p>Le dosage d\u00e9pend de l&#8217;\u00e9tat sanitaire des raisins et de l&#8217;acidit\u00e9 des mo\u00fbts.<\/p>\n<p>Il convient de noter qu&#8217;un litre de :<\/p>\n<ul>\n<li>Le Sulfamol 150 fournit 150 g de SO2 et 39,8 g d&#8217;ions NH4+.<\/li>\n<li>Le Sulfamol 200 fournit 200 g de SO2 et 59 g d&#8217;ions NH4+.<\/li>\n<li>Le Sulfamol 400 fournit 400 g de SO2 et 118 g d&#8217;ions NH4+.<\/li>\n<li>Le Sulfamol 640 fournit 640 g d&#8217;ions SO2 et 177 g d&#8217;ions NH4+.<\/li>\n<\/ul>\n<p>Note : Une dose de 10 ml\/hl de Sulfamol 640 fournit 17,7 mg\/l de EAN (azote facilement assimilable).<br \/>\nLa l\u00e9gislation europ\u00e9enne actuelle pr\u00e9voit l&#8217;utilisation de bisulfite d&#8217;ammonium (NH4HSO3) exclusivement dans la fermentation alcoolique selon la limite maximale de 0,2 g\/l.<br \/>\nLa teneur totale en anhydride sulfureux ne peut d\u00e9passer 150 mg\/l pour les vins rouges et 200 mg\/l pour les vins blancs et ros\u00e9s. Si la quantit\u00e9 de sucre r\u00e9siduel (exprim\u00e9 en glucose+fructose) est \u00e9gale ou sup\u00e9rieure \u00e0 5 g\/l, les valeurs admises sont de 200 mg\/l pour les vins rouges et de 250 mg\/l pour les vins blancs et ros\u00e9s.<\/p>\n","protected":false},"excerpt":{"rendered":"<p>Le sulfamol a la particularit\u00e9 d&#8217;apporter conjointement du dioxyde de soufre (SO2) et des ions ammonium (NH4+), de sorte que, utilis\u00e9 sur le mo\u00fbt pendant la vinification, il le prot\u00e8ge.<\/p>\n","protected":false},"featured_media":21476,"template":"","meta":{"_acf_changed":false,"inline_featured_image":false,"site-sidebar-layout":"default","site-content-layout":"default","ast-site-content-layout":"default","site-content-style":"default","site-sidebar-style":"default","ast-global-header-display":"","ast-banner-title-visibility":"","ast-main-header-display":"","ast-hfb-above-header-display":"","ast-hfb-below-header-display":"","ast-hfb-mobile-header-display":"","site-post-title":"","ast-breadcrumbs-content":"","ast-featured-img":"","footer-sml-layout":"","ast-disable-related-posts":"","theme-transparent-header-meta":"default","adv-header-id-meta":"","stick-header-meta":"","header-above-stick-meta":"","header-main-stick-meta":"","header-below-stick-meta":"","astra-migrate-meta-layouts":"default","ast-page-background-enabled":"default","ast-page-background-meta":{"desktop":{"background-color":"var(--ast-global-color-5)","background-image":"","background-repeat":"repeat","background-position":"center center","background-size":"auto","background-attachment":"scroll","background-type":"","background-media":"","overlay-type":"","overlay-color":"","overlay-opacity":"","overlay-gradient":""},"tablet":{"background-color":"","background-image":"","background-repeat":"repeat","background-position":"center center","background-size":"auto","background-attachment":"scroll","background-type":"","background-media":"","overlay-type":"","overlay-color":"","overlay-opacity":"","overlay-gradient":""},"mobile":{"background-color":"","background-image":"","background-repeat":"repeat","background-position":"center center","background-size":"auto","background-attachment":"scroll","background-type":"","background-media":"","overlay-type":"","overlay-color":"","overlay-opacity":"","overlay-gradient":""}},"ast-content-background-meta":{"desktop":{"background-color":"var(--ast-global-color-4)","background-image":"","background-repeat":"repeat","background-position":"center center","background-size":"auto","background-attachment":"scroll","background-type":"","background-media":"","overlay-type":"","overlay-color":"","overlay-opacity":"","overlay-gradient":""},"tablet":{"background-color":"var(--ast-global-color-4)","background-image":"","background-repeat":"repeat","background-position":"center center","background-size":"auto","background-attachment":"scroll","background-type":"","background-media":"","overlay-type":"","overlay-color":"","overlay-opacity":"","overlay-gradient":""},"mobile":{"background-color":"var(--ast-global-color-4)","background-image":"","background-repeat":"repeat","background-position":"center center","background-size":"auto","background-attachment":"scroll","background-type":"","background-media":"","overlay-type":"","overlay-color":"","overlay-opacity":"","overlay-gradient":""}}},"product_brand":[],"product_cat":[161],"product_tag":[498],"class_list":{"0":"post-89839","1":"product","2":"type-product","3":"status-publish","4":"has-post-thumbnail","6":"product_cat-antioxydants","7":"product_tag-mout","8":"pa_estilo-de-vino-blanc","9":"pa_estilo-de-vino-rose","10":"pa_estilo-de-vino-rouge","11":"pa_objetivo-protection-microbiologique","12":"pa_vegano-vegetalien","13":"desktop-align-left","14":"tablet-align-left","15":"mobile-align-left","17":"first","18":"instock","19":"virtual","20":"product-type-simple"},"acf":[],"_links":{"self":[{"href":"https:\/\/agrovin.com\/fr\/wp-json\/wp\/v2\/product\/89839","targetHints":{"allow":["GET"]}}],"collection":[{"href":"https:\/\/agrovin.com\/fr\/wp-json\/wp\/v2\/product"}],"about":[{"href":"https:\/\/agrovin.com\/fr\/wp-json\/wp\/v2\/types\/product"}],"version-history":[{"count":0,"href":"https:\/\/agrovin.com\/fr\/wp-json\/wp\/v2\/product\/89839\/revisions"}],"wp:featuredmedia":[{"embeddable":true,"href":"https:\/\/agrovin.com\/fr\/wp-json\/wp\/v2\/media\/21476"}],"wp:attachment":[{"href":"https:\/\/agrovin.com\/fr\/wp-json\/wp\/v2\/media?parent=89839"}],"wp:term":[{"taxonomy":"product_brand","embeddable":true,"href":"https:\/\/agrovin.com\/fr\/wp-json\/wp\/v2\/product_brand?post=89839"},{"taxonomy":"product_cat","embeddable":true,"href":"https:\/\/agrovin.com\/fr\/wp-json\/wp\/v2\/product_cat?post=89839"},{"taxonomy":"product_tag","embeddable":true,"href":"https:\/\/agrovin.com\/fr\/wp-json\/wp\/v2\/product_tag?post=89839"}],"curies":[{"name":"wp","href":"https:\/\/api.w.org\/{rel}","templated":true}]}}