{"id":89834,"date":"2018-03-06T14:47:03","date_gmt":"2022-11-04T17:17:22","guid":{"rendered":"https:\/\/staging.agrovin.com\/non%20class\u00e9\/redoxvin-arome\/"},"modified":"2022-11-06T18:02:47","modified_gmt":"2022-11-06T17:02:47","slug":"redoxvin-arome","status":"publish","type":"product","link":"https:\/\/agrovin.com\/fr\/produits-oenologiques\/antioxydants\/redoxvin-arome\/","title":{"rendered":"REDOXVIN AROME"},"content":{"rendered":"<h3>CARACT\u00c9RISTIQUES<\/h3>\n<p>Redoxvin Arome d\u00e9place efficacement l&#8217;oxyg\u00e8ne, r\u00e9duisant consid\u00e9rablement sa concentration dans les premiers stades, de sorte que le brunissement du mo\u00fbt avant la fermentation est \u00e9vit\u00e9.<\/p>\n<h3>APPLICATION<\/h3>\n<p>Dans les raisins et les mo\u00fbts :<\/p>\n<ul>\n<li>Pendant les vendanges : protection des fruits contre l&#8217;oxydation avant qu&#8217;ils n&#8217;arrivent au chai.<\/li>\n<li>Dans la tr\u00e9mie de r\u00e9ception : prot\u00e9ger les raisins du contact direct avec l&#8217;oxyg\u00e8ne.<\/li>\n<li>Dans les r\u00e9coltes de mauvaise qualit\u00e9 sanitaire : \u00c9viter et prot\u00e9ger l&#8217;action des laccases et des oxydases.<\/li>\n<\/ul>\n<h3>DOSAGE<\/h3>\n<ul>\n<li>En vendange 10-15 g\/hl ou 100 kg<\/li>\n<li>Dans les r\u00e9coltes de mauvaise qualit\u00e9 15-20 g\/hl ou 100 kg<\/li>\n<li>Dose l\u00e9gale maximale : 50 g\/Hl<\/li>\n<\/ul>\n<p>La teneur totale en anhydride sulfureux ne peut d\u00e9passer 150 mg\/l pour les vins rouges et 200 mg\/l pour les vins blancs et ros\u00e9s. Si la quantit\u00e9 de sucre r\u00e9siduel (exprim\u00e9 en glucose+fructose) est \u00e9gale ou sup\u00e9rieure \u00e0 5 g\/l, les valeurs admises sont de 200 mg\/l pour les vins rouges et de 250 mg\/l pour les vins blancs et ros\u00e9s.<\/p>\n","protected":false},"excerpt":{"rendered":"<p>Redoxvin Arome est un complexe qui prot\u00e8ge les raisins et les mo\u00fbts contre l&#8217;oxydation. Son utilisation directement sur les raisins pr\u00e9vient l&#8217;oxydation des compos\u00e9s polyph\u00e9noliques et permet de prot\u00e9ger au maximum l&#8217;expression aromatique.<\/p>\n","protected":false},"featured_media":21458,"template":"","meta":{"_acf_changed":false,"inline_featured_image":false,"site-sidebar-layout":"default","site-content-layout":"default","ast-site-content-layout":"default","site-content-style":"default","site-sidebar-style":"default","ast-global-header-display":"","ast-banner-title-visibility":"","ast-main-header-display":"","ast-hfb-above-header-display":"","ast-hfb-below-header-display":"","ast-hfb-mobile-header-display":"","site-post-title":"","ast-breadcrumbs-content":"","ast-featured-img":"","footer-sml-layout":"","ast-disable-related-posts":"","theme-transparent-header-meta":"default","adv-header-id-meta":"","stick-header-meta":"","header-above-stick-meta":"","header-main-stick-meta":"","header-below-stick-meta":"","astra-migrate-meta-layouts":"default","ast-page-background-enabled":"default","ast-page-background-meta":{"desktop":{"background-color":"var(--ast-global-color-5)","background-image":"","background-repeat":"repeat","background-position":"center center","background-size":"auto","background-attachment":"scroll","background-type":"","background-media":"","overlay-type":"","overlay-color":"","overlay-opacity":"","overlay-gradient":""},"tablet":{"background-color":"","background-image":"","background-repeat":"repeat","background-position":"center center","background-size":"auto","background-attachment":"scroll","background-type":"","background-media":"","overlay-type":"","overlay-color":"","overlay-opacity":"","overlay-gradient":""},"mobile":{"background-color":"","background-image":"","background-repeat":"repeat","background-position":"center center","background-size":"auto","background-attachment":"scroll","background-type":"","background-media":"","overlay-type":"","overlay-color":"","overlay-opacity":"","overlay-gradient":""}},"ast-content-background-meta":{"desktop":{"background-color":"var(--ast-global-color-4)","background-image":"","background-repeat":"repeat","background-position":"center center","background-size":"auto","background-attachment":"scroll","background-type":"","background-media":"","overlay-type":"","overlay-color":"","overlay-opacity":"","overlay-gradient":""},"tablet":{"background-color":"var(--ast-global-color-4)","background-image":"","background-repeat":"repeat","background-position":"center center","background-size":"auto","background-attachment":"scroll","background-type":"","background-media":"","overlay-type":"","overlay-color":"","overlay-opacity":"","overlay-gradient":""},"mobile":{"background-color":"var(--ast-global-color-4)","background-image":"","background-repeat":"repeat","background-position":"center center","background-size":"auto","background-attachment":"scroll","background-type":"","background-media":"","overlay-type":"","overlay-color":"","overlay-opacity":"","overlay-gradient":""}}},"product_brand":[],"product_cat":[161],"product_tag":[498],"class_list":{"0":"post-89834","1":"product","2":"type-product","3":"status-publish","4":"has-post-thumbnail","6":"product_cat-antioxydants","7":"product_tag-mout","8":"pa_ecologico-autorise-eu","9":"pa_estilo-de-vino-blanc","10":"pa_objetivo-protection-antioxydante","11":"pa_objetivo-protection-microbiologique","12":"pa_vegano-vegetalien","13":"desktop-align-left","14":"tablet-align-left","15":"mobile-align-left","17":"first","18":"instock","19":"virtual","20":"product-type-simple"},"acf":[],"_links":{"self":[{"href":"https:\/\/agrovin.com\/fr\/wp-json\/wp\/v2\/product\/89834","targetHints":{"allow":["GET"]}}],"collection":[{"href":"https:\/\/agrovin.com\/fr\/wp-json\/wp\/v2\/product"}],"about":[{"href":"https:\/\/agrovin.com\/fr\/wp-json\/wp\/v2\/types\/product"}],"version-history":[{"count":0,"href":"https:\/\/agrovin.com\/fr\/wp-json\/wp\/v2\/product\/89834\/revisions"}],"wp:featuredmedia":[{"embeddable":true,"href":"https:\/\/agrovin.com\/fr\/wp-json\/wp\/v2\/media\/21458"}],"wp:attachment":[{"href":"https:\/\/agrovin.com\/fr\/wp-json\/wp\/v2\/media?parent=89834"}],"wp:term":[{"taxonomy":"product_brand","embeddable":true,"href":"https:\/\/agrovin.com\/fr\/wp-json\/wp\/v2\/product_brand?post=89834"},{"taxonomy":"product_cat","embeddable":true,"href":"https:\/\/agrovin.com\/fr\/wp-json\/wp\/v2\/product_cat?post=89834"},{"taxonomy":"product_tag","embeddable":true,"href":"https:\/\/agrovin.com\/fr\/wp-json\/wp\/v2\/product_tag?post=89834"}],"curies":[{"name":"wp","href":"https:\/\/api.w.org\/{rel}","templated":true}]}}