{"id":89804,"date":"2018-03-05T14:52:24","date_gmt":"2022-11-04T17:15:47","guid":{"rendered":"https:\/\/staging.agrovin.com\/non%20class\u00e9\/so-reactif\/"},"modified":"2024-10-29T17:16:36","modified_gmt":"2024-10-29T15:16:36","slug":"tan-reactive","status":"publish","type":"product","link":"https:\/\/agrovin.com\/fr\/produits-oenologiques\/tanins\/tan-reactive\/","title":{"rendered":"TAN REACTIVE"},"content":{"rendered":"<h3>APPLICATION<\/h3>\n<p>En vinification :<\/p>\n<ul>\n<li>Premi\u00e8re combinaison avec les anthocyanes lib\u00e9r\u00e9s lors de la premi\u00e8re phase de mac\u00e9ration (phase aqueuse). Il \u00e9vite la d\u00e9coloration des couleurs et permet une meilleure \u00e9volution dans le temps. Pouvoir antioxydant \u00e9lev\u00e9.<\/li>\n<\/ul>\n<p>Dans le descube :<\/p>\n<ul>\n<li>Il compense la quantit\u00e9 de tanin condens\u00e9 du raisin en favorisant un rapport \u00e9quilibr\u00e9 entre les anthocyanes et les tanins.<\/li>\n<\/ul>\n<p>Pendant le raffinage et avant la mise en bouteille :<\/p>\n<ul>\n<li>Il ajoute une structure et une qualit\u00e9 sensorielle au vin. Stabilit\u00e9 en bouteille. \u00c9limine les notes de r\u00e9duction.<\/li>\n<\/ul>\n<h3>DOSAGE<\/h3>\n<div class=\"page\" title=\"Page 1\">\n<div class=\"section\">\n<div class=\"layoutArea\">\n<div class=\"column\">\n<p>Vins rouges 5-15g\/hl<\/p>\n<p>Ros\u00e9s et blancs 1-5g\/hL<\/p>\n<\/div>\n<\/div>\n<\/div>\n<\/div>\n","protected":false},"excerpt":{"rendered":"<p>Tanin condens\u00e9 provenant de p\u00e9pins de raisin, ayant un effet important sur la stabilit\u00e9 de la couleur en raison de sa grande r\u00e9activit\u00e9 et de sa capacit\u00e9 \u00e0 se combiner avec les anthocyanes. Il augmente le potentiel ph\u00e9nolique du vin, lui apportant une grande robustesse et une structure.<\/p>\n","protected":false},"featured_media":23799,"template":"","meta":{"_acf_changed":false,"inline_featured_image":false,"site-sidebar-layout":"default","site-content-layout":"default","ast-site-content-layout":"default","site-content-style":"default","site-sidebar-style":"default","ast-global-header-display":"","ast-banner-title-visibility":"","ast-main-header-display":"","ast-hfb-above-header-display":"","ast-hfb-below-header-display":"","ast-hfb-mobile-header-display":"","site-post-title":"","ast-breadcrumbs-content":"","ast-featured-img":"","footer-sml-layout":"","ast-disable-related-posts":"","theme-transparent-header-meta":"default","adv-header-id-meta":"","stick-header-meta":"","header-above-stick-meta":"","header-main-stick-meta":"","header-below-stick-meta":"","astra-migrate-meta-layouts":"set","ast-page-background-enabled":"default","ast-page-background-meta":{"desktop":{"background-color":"var(--ast-global-color-5)","background-image":"","background-repeat":"repeat","background-position":"center center","background-size":"auto","background-attachment":"scroll","background-type":"","background-media":"","overlay-type":"","overlay-color":"","overlay-opacity":"","overlay-gradient":""},"tablet":{"background-color":"","background-image":"","background-repeat":"repeat","background-position":"center center","background-size":"auto","background-attachment":"scroll","background-type":"","background-media":"","overlay-type":"","overlay-color":"","overlay-opacity":"","overlay-gradient":""},"mobile":{"background-color":"","background-image":"","background-repeat":"repeat","background-position":"center center","background-size":"auto","background-attachment":"scroll","background-type":"","background-media":"","overlay-type":"","overlay-color":"","overlay-opacity":"","overlay-gradient":""}},"ast-content-background-meta":{"desktop":{"background-color":"var(--ast-global-color-4)","background-image":"","background-repeat":"repeat","background-position":"center center","background-size":"auto","background-attachment":"scroll","background-type":"","background-media":"","overlay-type":"","overlay-color":"","overlay-opacity":"","overlay-gradient":""},"tablet":{"background-color":"var(--ast-global-color-4)","background-image":"","background-repeat":"repeat","background-position":"center center","background-size":"auto","background-attachment":"scroll","background-type":"","background-media":"","overlay-type":"","overlay-color":"","overlay-opacity":"","overlay-gradient":""},"mobile":{"background-color":"var(--ast-global-color-4)","background-image":"","background-repeat":"repeat","background-position":"center center","background-size":"auto","background-attachment":"scroll","background-type":"","background-media":"","overlay-type":"","overlay-color":"","overlay-opacity":"","overlay-gradient":""}}},"product_brand":[],"product_cat":[227],"product_tag":[838],"class_list":{"0":"post-89804","1":"product","2":"type-product","3":"status-publish","4":"has-post-thumbnail","6":"product_cat-tanins","7":"product_tag-tanins-de-raisin","8":"pa_ecologico-autorise-eu","9":"pa_ecologico-autorise-nop-usda","10":"pa_estilo-de-vino-blanc","11":"pa_estilo-de-vino-fut","12":"pa_estilo-de-vino-rose","13":"pa_estilo-de-vino-rouge","14":"pa_objetivo-affiner","15":"pa_objetivo-amelioration-sensorielle","16":"pa_vegano-vegetalien","17":"desktop-align-left","18":"tablet-align-left","19":"mobile-align-left","21":"first","22":"instock","23":"virtual","24":"product-type-simple"},"acf":[],"_links":{"self":[{"href":"https:\/\/agrovin.com\/fr\/wp-json\/wp\/v2\/product\/89804","targetHints":{"allow":["GET"]}}],"collection":[{"href":"https:\/\/agrovin.com\/fr\/wp-json\/wp\/v2\/product"}],"about":[{"href":"https:\/\/agrovin.com\/fr\/wp-json\/wp\/v2\/types\/product"}],"version-history":[{"count":1,"href":"https:\/\/agrovin.com\/fr\/wp-json\/wp\/v2\/product\/89804\/revisions"}],"predecessor-version":[{"id":117015,"href":"https:\/\/agrovin.com\/fr\/wp-json\/wp\/v2\/product\/89804\/revisions\/117015"}],"wp:featuredmedia":[{"embeddable":true,"href":"https:\/\/agrovin.com\/fr\/wp-json\/wp\/v2\/media\/23799"}],"wp:attachment":[{"href":"https:\/\/agrovin.com\/fr\/wp-json\/wp\/v2\/media?parent=89804"}],"wp:term":[{"taxonomy":"product_brand","embeddable":true,"href":"https:\/\/agrovin.com\/fr\/wp-json\/wp\/v2\/product_brand?post=89804"},{"taxonomy":"product_cat","embeddable":true,"href":"https:\/\/agrovin.com\/fr\/wp-json\/wp\/v2\/product_cat?post=89804"},{"taxonomy":"product_tag","embeddable":true,"href":"https:\/\/agrovin.com\/fr\/wp-json\/wp\/v2\/product_tag?post=89804"}],"curies":[{"name":"wp","href":"https:\/\/api.w.org\/{rel}","templated":true}]}}