{"id":89794,"date":"2018-03-05T14:49:22","date_gmt":"2022-11-04T17:15:31","guid":{"rendered":"https:\/\/staging.agrovin.com\/non%20class\u00e9\/galitan\/"},"modified":"2022-11-06T18:12:47","modified_gmt":"2022-11-06T17:12:47","slug":"galitan","status":"publish","type":"product","link":"https:\/\/agrovin.com\/fr\/produits-oenologiques\/tanins\/galitan\/","title":{"rendered":"GALITAN"},"content":{"rendered":"<h3>APPLICATION<\/h3>\n<p>En musts :<\/p>\n<ul>\n<li>Pr\u00e9cipite les prot\u00e9ines en solution.<\/li>\n<li>Caract\u00e8re antioxydant en combinaison avec les sulfites. Particuli\u00e8rement recommand\u00e9 pour les r\u00e9coltes de mauvaise qualit\u00e9 sanitaire.<\/li>\n<\/ul>\n<p>Dans les vins :<\/p>\n<ul>\n<li>C&#8217;est le tanin le plus utilis\u00e9 pour le collage, qu&#8217;il soit ou non associ\u00e9 \u00e0 des agents de collage organiques.<\/li>\n<li>Dans les vins mousseux, pendant la deuxi\u00e8me fermentation en bouteille.<\/li>\n<\/ul>\n<h3>DOSAGE<\/h3>\n<div class=\"page\" title=\"Page 1\">\n<div class=\"section\">\n<div class=\"layoutArea\">\n<div class=\"column\">\n<p>Mo\u00fbt : <span style=\"font-size: 16px;\">5-20 g\/hl<\/span><\/p>\n<p>Vins :<span style=\"font-size: 16px;\"> 5 -10 g\/hl<\/span><\/p>\n<\/div>\n<\/div>\n<\/div>\n<\/div>\n","protected":false},"excerpt":{"rendered":"<p>Le galitan est un tanin gallique \u00e0 haut pouvoir clarifiant capable de r\u00e9agir avec les prot\u00e9ines, compl\u00e9tant ainsi l&#8217;utilisation de la bentonite, particuli\u00e8rement int\u00e9ressante dans les mo\u00fbts tr\u00e8s instables en prot\u00e9ines.<\/p>\n","protected":false},"featured_media":22920,"template":"","meta":{"_acf_changed":false,"inline_featured_image":false,"site-sidebar-layout":"default","site-content-layout":"default","ast-site-content-layout":"default","site-content-style":"default","site-sidebar-style":"default","ast-global-header-display":"","ast-banner-title-visibility":"","ast-main-header-display":"","ast-hfb-above-header-display":"","ast-hfb-below-header-display":"","ast-hfb-mobile-header-display":"","site-post-title":"","ast-breadcrumbs-content":"","ast-featured-img":"","footer-sml-layout":"","ast-disable-related-posts":"","theme-transparent-header-meta":"default","adv-header-id-meta":"","stick-header-meta":"","header-above-stick-meta":"","header-main-stick-meta":"","header-below-stick-meta":"","astra-migrate-meta-layouts":"default","ast-page-background-enabled":"default","ast-page-background-meta":{"desktop":{"background-color":"var(--ast-global-color-5)","background-image":"","background-repeat":"repeat","background-position":"center center","background-size":"auto","background-attachment":"scroll","background-type":"","background-media":"","overlay-type":"","overlay-color":"","overlay-opacity":"","overlay-gradient":""},"tablet":{"background-color":"","background-image":"","background-repeat":"repeat","background-position":"center center","background-size":"auto","background-attachment":"scroll","background-type":"","background-media":"","overlay-type":"","overlay-color":"","overlay-opacity":"","overlay-gradient":""},"mobile":{"background-color":"","background-image":"","background-repeat":"repeat","background-position":"center center","background-size":"auto","background-attachment":"scroll","background-type":"","background-media":"","overlay-type":"","overlay-color":"","overlay-opacity":"","overlay-gradient":""}},"ast-content-background-meta":{"desktop":{"background-color":"var(--ast-global-color-4)","background-image":"","background-repeat":"repeat","background-position":"center center","background-size":"auto","background-attachment":"scroll","background-type":"","background-media":"","overlay-type":"","overlay-color":"","overlay-opacity":"","overlay-gradient":""},"tablet":{"background-color":"var(--ast-global-color-4)","background-image":"","background-repeat":"repeat","background-position":"center center","background-size":"auto","background-attachment":"scroll","background-type":"","background-media":"","overlay-type":"","overlay-color":"","overlay-opacity":"","overlay-gradient":""},"mobile":{"background-color":"var(--ast-global-color-4)","background-image":"","background-repeat":"repeat","background-position":"center center","background-size":"auto","background-attachment":"scroll","background-type":"","background-media":"","overlay-type":"","overlay-color":"","overlay-opacity":"","overlay-gradient":""}}},"product_brand":[],"product_cat":[227],"product_tag":[826],"class_list":{"0":"post-89794","1":"product","2":"type-product","3":"status-publish","4":"has-post-thumbnail","6":"product_cat-tanins","7":"product_tag-tanins-antioxydants","8":"pa_aplicacion-fa-et-fml","9":"pa_ecologico-autorise-eu","10":"pa_ecologico-autorise-nop-usda","11":"pa_estilo-de-vino-blanc","12":"pa_estilo-de-vino-petillant","13":"pa_estilo-de-vino-rose","14":"pa_objetivo-protection-antioxydante","15":"pa_vegano-vegetalien","16":"desktop-align-left","17":"tablet-align-left","18":"mobile-align-left","20":"first","21":"instock","22":"virtual","23":"product-type-simple"},"acf":[],"_links":{"self":[{"href":"https:\/\/agrovin.com\/fr\/wp-json\/wp\/v2\/product\/89794","targetHints":{"allow":["GET"]}}],"collection":[{"href":"https:\/\/agrovin.com\/fr\/wp-json\/wp\/v2\/product"}],"about":[{"href":"https:\/\/agrovin.com\/fr\/wp-json\/wp\/v2\/types\/product"}],"version-history":[{"count":0,"href":"https:\/\/agrovin.com\/fr\/wp-json\/wp\/v2\/product\/89794\/revisions"}],"wp:featuredmedia":[{"embeddable":true,"href":"https:\/\/agrovin.com\/fr\/wp-json\/wp\/v2\/media\/22920"}],"wp:attachment":[{"href":"https:\/\/agrovin.com\/fr\/wp-json\/wp\/v2\/media?parent=89794"}],"wp:term":[{"taxonomy":"product_brand","embeddable":true,"href":"https:\/\/agrovin.com\/fr\/wp-json\/wp\/v2\/product_brand?post=89794"},{"taxonomy":"product_cat","embeddable":true,"href":"https:\/\/agrovin.com\/fr\/wp-json\/wp\/v2\/product_cat?post=89794"},{"taxonomy":"product_tag","embeddable":true,"href":"https:\/\/agrovin.com\/fr\/wp-json\/wp\/v2\/product_tag?post=89794"}],"curies":[{"name":"wp","href":"https:\/\/api.w.org\/{rel}","templated":true}]}}