{"id":89779,"date":"2018-03-05T14:46:06","date_gmt":"2022-11-04T17:05:13","guid":{"rendered":"https:\/\/staging.agrovin.com\/non%20class\u00e9\/tanicol-blanc-excellence\/"},"modified":"2025-06-27T09:17:09","modified_gmt":"2025-06-27T07:17:09","slug":"tanicol-blanc-excellence","status":"publish","type":"product","link":"https:\/\/agrovin.com\/fr\/produits-oenologiques\/tanins\/tanicol-blanc-excellence\/","title":{"rendered":"TANICOL BLANC EXCELLENCE"},"content":{"rendered":"<h3>CARACT\u00c9RISTIQUES<\/h3>\n<p>Excellent pour affiner les vins o\u00f9 l&#8217;intensit\u00e9 aromatique est accentu\u00e9e, en renfor\u00e7ant la fra\u00eecheur et en augmentant les sensations de corps et de volume en bouche.<\/p>\n<h3>APPLICATION<\/h3>\n<p>En vinification :<\/p>\n<ul>\n<li>Capacit\u00e9 antioxydante \u00e9lev\u00e9e sans amertume ni \u00e2pret\u00e9, gr\u00e2ce \u00e0 sa forte teneur en tanins de raisin. Permet de limiter l&#8217;ajout de soufre dans les vins blancs.<\/li>\n<li>Prot\u00e8ge contre le d\u00e9veloppement des couleurs et des ar\u00f4mes.<\/li>\n<li>Il donne au vin une structure int\u00e9gr\u00e9e et \u00e9quilibr\u00e9e.<\/li>\n<li>Augmentation du profil aromatique du vin.<\/li>\n<\/ul>\n<p>Raffinage du vin :<\/p>\n<ul>\n<li>Restaure la jeunesse des vins blancs et ros\u00e9s, en leur donnant une grande fra\u00eecheur et une plus grande intensit\u00e9 aromatique.<\/li>\n<li>Complexit\u00e9 et long\u00e9vit\u00e9 accrues. Prot\u00e8ge contre le d\u00e9veloppement des couleurs et des ar\u00f4mes.<\/li>\n<li>Il ram\u00e8ne des notes d&#8217;agrumes, de citron, de pamplemousse ou d&#8217;herbe fra\u00eeche et de thiol, selon le c\u00e9page.<\/li>\n<li>R\u00e9duit ou \u00e9limine les ar\u00f4mes de r\u00e9duction.<\/li>\n<\/ul>\n<p>Dans la production de vins mousseux :<\/p>\n<ul>\n<li>Son application au vin de base permet d&#8217;obtenir des vins mousseux frais, intenses, ronds et volumineux, sans notes am\u00e8res ou astringentes.<\/li>\n<\/ul>\n<h3>DOSAGE<\/h3>\n<div class=\"page\" title=\"Page 1\">\n<div class=\"layoutArea\">\n<div class=\"column\">\n<p>Vinification<\/p>\n<\/div>\n<\/div>\n<div class=\"layoutArea\">\n<div class=\"column\">\n<div class=\"layoutArea\">\n<div class=\"column\">\n<p>Vins blancs et ros\u00e9s : <span style=\"font-size: 16px;\">1-15 g\/hl <\/span><\/p>\n<\/div>\n<\/div>\n<\/div>\n<\/div>\n<div class=\"layoutArea\">\n<div class=\"column\">\n<p>Tuning<\/p>\n<p><span style=\"font-size: 16px;\">Vins blancs : 1-10 g\/hl<\/span><\/p>\n<\/div>\n<\/div>\n<\/div>\n","protected":false},"excerpt":{"rendered":"<p><strong>Objectif fra\u00eecheur.<\/strong> Fra\u00eecheur et intensit\u00e9 aromatique des vins blancs. Intensifie les ar\u00f4mes d&#8217;agrumes, de fleurs et de fruits frais et vifs.<\/p>\n","protected":false},"featured_media":21163,"template":"","meta":{"_acf_changed":false,"inline_featured_image":false,"site-sidebar-layout":"default","site-content-layout":"default","ast-site-content-layout":"default","site-content-style":"default","site-sidebar-style":"default","ast-global-header-display":"","ast-banner-title-visibility":"","ast-main-header-display":"","ast-hfb-above-header-display":"","ast-hfb-below-header-display":"","ast-hfb-mobile-header-display":"","site-post-title":"","ast-breadcrumbs-content":"","ast-featured-img":"","footer-sml-layout":"","ast-disable-related-posts":"","theme-transparent-header-meta":"default","adv-header-id-meta":"","stick-header-meta":"","header-above-stick-meta":"","header-main-stick-meta":"","header-below-stick-meta":"","astra-migrate-meta-layouts":"set","ast-page-background-enabled":"default","ast-page-background-meta":{"desktop":{"background-color":"var(--ast-global-color-5)","background-image":"","background-repeat":"repeat","background-position":"center center","background-size":"auto","background-attachment":"scroll","background-type":"","background-media":"","overlay-type":"","overlay-color":"","overlay-opacity":"","overlay-gradient":""},"tablet":{"background-color":"","background-image":"","background-repeat":"repeat","background-position":"center center","background-size":"auto","background-attachment":"scroll","background-type":"","background-media":"","overlay-type":"","overlay-color":"","overlay-opacity":"","overlay-gradient":""},"mobile":{"background-color":"","background-image":"","background-repeat":"repeat","background-position":"center center","background-size":"auto","background-attachment":"scroll","background-type":"","background-media":"","overlay-type":"","overlay-color":"","overlay-opacity":"","overlay-gradient":""}},"ast-content-background-meta":{"desktop":{"background-color":"var(--ast-global-color-4)","background-image":"","background-repeat":"repeat","background-position":"center center","background-size":"auto","background-attachment":"scroll","background-type":"","background-media":"","overlay-type":"","overlay-color":"","overlay-opacity":"","overlay-gradient":""},"tablet":{"background-color":"var(--ast-global-color-4)","background-image":"","background-repeat":"repeat","background-position":"center center","background-size":"auto","background-attachment":"scroll","background-type":"","background-media":"","overlay-type":"","overlay-color":"","overlay-opacity":"","overlay-gradient":""},"mobile":{"background-color":"var(--ast-global-color-4)","background-image":"","background-repeat":"repeat","background-position":"center center","background-size":"auto","background-attachment":"scroll","background-type":"","background-media":"","overlay-type":"","overlay-color":"","overlay-opacity":"","overlay-gradient":""}}},"product_brand":[],"product_cat":[227],"product_tag":[826],"class_list":{"0":"post-89779","1":"product","2":"type-product","3":"status-publish","4":"has-post-thumbnail","6":"product_cat-tanins","7":"product_tag-tanins-antioxydants","8":"pa_ecologico-autorise-eu","9":"pa_ecologico-autorise-nop-usda","10":"pa_estilo-de-vino-blanc","11":"pa_estilo-de-vino-fut","12":"pa_estilo-de-vino-petillant","13":"pa_estilo-de-vino-rose","14":"pa_estilo-de-vino-rouge","15":"pa_objetivo-affiner","16":"pa_objetivo-amelioration-sensorielle","17":"pa_objetivo-augmentation-des-aromes-de-fruits","18":"pa_vegano-vegetalien","19":"desktop-align-left","20":"tablet-align-left","21":"mobile-align-left","23":"first","24":"instock","25":"virtual","26":"product-type-simple"},"acf":[],"_links":{"self":[{"href":"https:\/\/agrovin.com\/fr\/wp-json\/wp\/v2\/product\/89779","targetHints":{"allow":["GET"]}}],"collection":[{"href":"https:\/\/agrovin.com\/fr\/wp-json\/wp\/v2\/product"}],"about":[{"href":"https:\/\/agrovin.com\/fr\/wp-json\/wp\/v2\/types\/product"}],"version-history":[{"count":1,"href":"https:\/\/agrovin.com\/fr\/wp-json\/wp\/v2\/product\/89779\/revisions"}],"predecessor-version":[{"id":120435,"href":"https:\/\/agrovin.com\/fr\/wp-json\/wp\/v2\/product\/89779\/revisions\/120435"}],"wp:featuredmedia":[{"embeddable":true,"href":"https:\/\/agrovin.com\/fr\/wp-json\/wp\/v2\/media\/21163"}],"wp:attachment":[{"href":"https:\/\/agrovin.com\/fr\/wp-json\/wp\/v2\/media?parent=89779"}],"wp:term":[{"taxonomy":"product_brand","embeddable":true,"href":"https:\/\/agrovin.com\/fr\/wp-json\/wp\/v2\/product_brand?post=89779"},{"taxonomy":"product_cat","embeddable":true,"href":"https:\/\/agrovin.com\/fr\/wp-json\/wp\/v2\/product_cat?post=89779"},{"taxonomy":"product_tag","embeddable":true,"href":"https:\/\/agrovin.com\/fr\/wp-json\/wp\/v2\/product_tag?post=89779"}],"curies":[{"name":"wp","href":"https:\/\/api.w.org\/{rel}","templated":true}]}}