{"id":89769,"date":"2018-03-05T12:29:27","date_gmt":"2022-11-04T17:04:52","guid":{"rendered":"https:\/\/staging.agrovin.com\/non%20class\u00e9\/robletan-coeur\/"},"modified":"2022-11-06T19:13:44","modified_gmt":"2022-11-06T18:13:44","slug":"robletan-coeur","status":"publish","type":"product","link":"https:\/\/agrovin.com\/fr\/produits-oenologiques\/tanins\/robletan-coeur\/","title":{"rendered":"ROBLETAN COEUR"},"content":{"rendered":"<h3>APPLICATION<\/h3>\n<ul>\n<li>Dans le vin fini, pendant le raffinage et avant la mise en bouteille, il apporte une capacit\u00e9 antioxydante et \u00e9quilibre la structure et le corps du vin, am\u00e9liorant ses aspects gustatifs.<\/li>\n<li>Pendant l&#8217;\u00e9levage en barrique ou en cuve pour guider le processus d&#8217;\u00e9volution du vin.<\/li>\n<\/ul>\n<h3>DOSAGE<\/h3>\n<div class=\"page\" title=\"Page 2\">\n<div class=\"section\">\n<div class=\"layoutArea\">\n<div class=\"column\">\n<p>Vin blanc : <span style=\"font-size: 16px;\">1 &#8211; 10 g\/hl <\/span><\/p>\n<p>Vin rouge : <span style=\"font-size: 16px;\">2 &#8211; 20 g\/hl<\/span><\/p>\n<\/div>\n<\/div>\n<\/div>\n<\/div>\n","protected":false},"excerpt":{"rendered":"<p>L&#8217;affinage du tanin, fournit des polyph\u00e9nols hydrolysables responsables de la stabilisation de la couleur et de la r\u00e9sistance \u00e0 l&#8217;oxydation : il apporte les caract\u00e9ristiques de structure et de douceur typiques du temps pass\u00e9 au contact du bois grill\u00e9.<\/p>\n","protected":false},"featured_media":23811,"template":"","meta":{"_acf_changed":false,"inline_featured_image":false,"site-sidebar-layout":"default","site-content-layout":"default","ast-site-content-layout":"default","site-content-style":"default","site-sidebar-style":"default","ast-global-header-display":"","ast-banner-title-visibility":"","ast-main-header-display":"","ast-hfb-above-header-display":"","ast-hfb-below-header-display":"","ast-hfb-mobile-header-display":"","site-post-title":"","ast-breadcrumbs-content":"","ast-featured-img":"","footer-sml-layout":"","ast-disable-related-posts":"","theme-transparent-header-meta":"default","adv-header-id-meta":"","stick-header-meta":"","header-above-stick-meta":"","header-main-stick-meta":"","header-below-stick-meta":"","astra-migrate-meta-layouts":"default","ast-page-background-enabled":"default","ast-page-background-meta":{"desktop":{"background-color":"var(--ast-global-color-5)","background-image":"","background-repeat":"repeat","background-position":"center center","background-size":"auto","background-attachment":"scroll","background-type":"","background-media":"","overlay-type":"","overlay-color":"","overlay-opacity":"","overlay-gradient":""},"tablet":{"background-color":"","background-image":"","background-repeat":"repeat","background-position":"center center","background-size":"auto","background-attachment":"scroll","background-type":"","background-media":"","overlay-type":"","overlay-color":"","overlay-opacity":"","overlay-gradient":""},"mobile":{"background-color":"","background-image":"","background-repeat":"repeat","background-position":"center center","background-size":"auto","background-attachment":"scroll","background-type":"","background-media":"","overlay-type":"","overlay-color":"","overlay-opacity":"","overlay-gradient":""}},"ast-content-background-meta":{"desktop":{"background-color":"var(--ast-global-color-4)","background-image":"","background-repeat":"repeat","background-position":"center center","background-size":"auto","background-attachment":"scroll","background-type":"","background-media":"","overlay-type":"","overlay-color":"","overlay-opacity":"","overlay-gradient":""},"tablet":{"background-color":"var(--ast-global-color-4)","background-image":"","background-repeat":"repeat","background-position":"center center","background-size":"auto","background-attachment":"scroll","background-type":"","background-media":"","overlay-type":"","overlay-color":"","overlay-opacity":"","overlay-gradient":""},"mobile":{"background-color":"var(--ast-global-color-4)","background-image":"","background-repeat":"repeat","background-position":"center center","background-size":"auto","background-attachment":"scroll","background-type":"","background-media":"","overlay-type":"","overlay-color":"","overlay-opacity":"","overlay-gradient":""}}},"product_brand":[],"product_cat":[227],"product_tag":[844],"class_list":{"0":"post-89769","1":"product","2":"type-product","3":"status-publish","4":"has-post-thumbnail","6":"product_cat-tanins","7":"product_tag-tanins-de-chene","8":"pa_ecologico-autorise-eu","9":"pa_ecologico-autorise-nop-usda","10":"pa_estilo-de-vino-blanc","11":"pa_estilo-de-vino-fut","12":"pa_estilo-de-vino-petillant","13":"pa_estilo-de-vino-rose","14":"pa_estilo-de-vino-rouge","15":"pa_objetivo-affiner","16":"pa_objetivo-amelioration-sensorielle","17":"pa_objetivo-augmentation-des-aromes-de-bois","18":"pa_vegano-vegetalien","19":"desktop-align-left","20":"tablet-align-left","21":"mobile-align-left","23":"first","24":"instock","25":"virtual","26":"product-type-simple"},"acf":[],"_links":{"self":[{"href":"https:\/\/agrovin.com\/fr\/wp-json\/wp\/v2\/product\/89769","targetHints":{"allow":["GET"]}}],"collection":[{"href":"https:\/\/agrovin.com\/fr\/wp-json\/wp\/v2\/product"}],"about":[{"href":"https:\/\/agrovin.com\/fr\/wp-json\/wp\/v2\/types\/product"}],"version-history":[{"count":0,"href":"https:\/\/agrovin.com\/fr\/wp-json\/wp\/v2\/product\/89769\/revisions"}],"wp:featuredmedia":[{"embeddable":true,"href":"https:\/\/agrovin.com\/fr\/wp-json\/wp\/v2\/media\/23811"}],"wp:attachment":[{"href":"https:\/\/agrovin.com\/fr\/wp-json\/wp\/v2\/media?parent=89769"}],"wp:term":[{"taxonomy":"product_brand","embeddable":true,"href":"https:\/\/agrovin.com\/fr\/wp-json\/wp\/v2\/product_brand?post=89769"},{"taxonomy":"product_cat","embeddable":true,"href":"https:\/\/agrovin.com\/fr\/wp-json\/wp\/v2\/product_cat?post=89769"},{"taxonomy":"product_tag","embeddable":true,"href":"https:\/\/agrovin.com\/fr\/wp-json\/wp\/v2\/product_tag?post=89769"}],"curies":[{"name":"wp","href":"https:\/\/api.w.org\/{rel}","templated":true}]}}