{"id":89759,"date":"2018-03-05T14:46:26","date_gmt":"2022-11-04T17:04:34","guid":{"rendered":"https:\/\/staging.agrovin.com\/non%20class\u00e9\/tanicol-rouge-vintage\/"},"modified":"2024-04-22T19:06:33","modified_gmt":"2024-04-22T18:06:33","slug":"tanicol-red-vintage","status":"publish","type":"product","link":"https:\/\/agrovin.com\/fr\/produits-oenologiques\/tanins\/tanicol-red-vintage\/","title":{"rendered":"TANICOL RED VINTAGE"},"content":{"rendered":"<h3>CARACT\u00c9RISTIQUES<\/h3>\n<p>Effet important sur la stabilit\u00e9 de la couleur en raison de sa grande r\u00e9activit\u00e9 et de sa capacit\u00e9 \u00e0 se combiner avec les anthocyanes.<\/p>\n<h3>APPLICATION<\/h3>\n<p>En vinification :<\/p>\n<ul>\n<li>Le tanin de raisin qu&#8217;il contient le rend particuli\u00e8rement r\u00e9actif avec les anthocyanes.<\/li>\n<li>Premi\u00e8re combinaison avec les anthocyanes lib\u00e9r\u00e9s lors de la premi\u00e8re phase de mac\u00e9ration (phase aqueuse). Il \u00e9vite la d\u00e9coloration des couleurs et permet une meilleure \u00e9volution dans le temps.<\/li>\n<\/ul>\n<p>Dans le descube :<\/p>\n<ul>\n<li>Augmente la teneur en tanin condens\u00e9 du raisin, favorisant une proportion \u00e9quilibr\u00e9e d&#8217;anthocyanes et de tanins.<\/li>\n<li>Il donne au vin une structure int\u00e9gr\u00e9e et \u00e9quilibr\u00e9e.<\/li>\n<li>Augmentation du profil aromatique du vin.<\/li>\n<\/ul>\n<p>Raffinage du vin :<\/p>\n<ul>\n<li>Intensifie le potentiel fruit\u00e9 des vins. Il met en valeur les notes fruit\u00e9es et accentue les caract\u00e9ristiques du c\u00e9page.<\/li>\n<li>R\u00e9duit ou \u00e9limine les ar\u00f4mes de r\u00e9duction.<\/li>\n<\/ul>\n<h3>DOSAGE<\/h3>\n<div class=\"page\" title=\"Page 1\">\n<div class=\"section\">\n<div class=\"layoutArea\">\n<div class=\"column\">\n<p>Lors de la vinification, le vin est d\u00e9vor\u00e9 :<\/p>\n<\/div>\n<\/div>\n<\/div>\n<\/div>\n<div class=\"page\" title=\"Page 1\">\n<div class=\"section\">\n<div class=\"layoutArea\">\n<div class=\"column\">\n<p>Vins blancs et ros\u00e9s 10-20 g\/hl<\/p>\n<p>Vins rouges 10-40 g\/hl<\/p>\n<div class=\"page\" title=\"Page 1\">\n<div class=\"section\">\n<div class=\"layoutArea\">\n<div class=\"column\">\n<p>Vins rouges 20-40 g\/hl<\/p>\n<\/div>\n<div class=\"page\" title=\"Page 1\">\n<div class=\"section\">\n<div class=\"layoutArea\">\n<div class=\"column\">\n<p>Tuning :<\/p>\n<\/div>\n<\/div>\n<\/div>\n<\/div>\n<div class=\"column\">\n<div class=\"page\" title=\"Page 1\">\n<div class=\"section\">\n<div class=\"layoutArea\">\n<div class=\"column\">\n<p>2-10 g\/hl Vins blancs<\/p>\n<p>5-20 g\/hl Vins rouges<\/p>\n<\/div>\n<\/div>\n<\/div>\n<\/div>\n<\/div>\n<\/div>\n<\/div>\n<\/div>\n<\/div>\n<\/div>\n<\/div>\n<\/div>\n","protected":false},"excerpt":{"rendered":"<p>Objectif fruit : Intensifie le potentiel fruit\u00e9 des vins. Appliqu\u00e9 aux vins pendant l&#8217;\u00e9levage ou avant la mise en bouteille, il renforce les descripteurs de fruits rouges et noirs (cerise, fraise, prune, myrtille) tout en les structurant et en les arrondissant. Dans le processus de d\u00e9cuvage, il nuance et d\u00e9finit les caract\u00e9ristiques vari\u00e9tales.<\/p>\n","protected":false},"featured_media":21169,"template":"","meta":{"_acf_changed":false,"inline_featured_image":false,"site-sidebar-layout":"default","site-content-layout":"default","ast-site-content-layout":"default","site-content-style":"default","site-sidebar-style":"default","ast-global-header-display":"","ast-banner-title-visibility":"","ast-main-header-display":"","ast-hfb-above-header-display":"","ast-hfb-below-header-display":"","ast-hfb-mobile-header-display":"","site-post-title":"","ast-breadcrumbs-content":"","ast-featured-img":"","footer-sml-layout":"","ast-disable-related-posts":"","theme-transparent-header-meta":"default","adv-header-id-meta":"","stick-header-meta":"","header-above-stick-meta":"","header-main-stick-meta":"","header-below-stick-meta":"","astra-migrate-meta-layouts":"default","ast-page-background-enabled":"default","ast-page-background-meta":{"desktop":{"background-color":"var(--ast-global-color-5)","background-image":"","background-repeat":"repeat","background-position":"center center","background-size":"auto","background-attachment":"scroll","background-type":"","background-media":"","overlay-type":"","overlay-color":"","overlay-opacity":"","overlay-gradient":""},"tablet":{"background-color":"","background-image":"","background-repeat":"repeat","background-position":"center center","background-size":"auto","background-attachment":"scroll","background-type":"","background-media":"","overlay-type":"","overlay-color":"","overlay-opacity":"","overlay-gradient":""},"mobile":{"background-color":"","background-image":"","background-repeat":"repeat","background-position":"center center","background-size":"auto","background-attachment":"scroll","background-type":"","background-media":"","overlay-type":"","overlay-color":"","overlay-opacity":"","overlay-gradient":""}},"ast-content-background-meta":{"desktop":{"background-color":"var(--ast-global-color-4)","background-image":"","background-repeat":"repeat","background-position":"center center","background-size":"auto","background-attachment":"scroll","background-type":"","background-media":"","overlay-type":"","overlay-color":"","overlay-opacity":"","overlay-gradient":""},"tablet":{"background-color":"var(--ast-global-color-4)","background-image":"","background-repeat":"repeat","background-position":"center center","background-size":"auto","background-attachment":"scroll","background-type":"","background-media":"","overlay-type":"","overlay-color":"","overlay-opacity":"","overlay-gradient":""},"mobile":{"background-color":"var(--ast-global-color-4)","background-image":"","background-repeat":"repeat","background-position":"center center","background-size":"auto","background-attachment":"scroll","background-type":"","background-media":"","overlay-type":"","overlay-color":"","overlay-opacity":"","overlay-gradient":""}}},"product_brand":[],"product_cat":[227],"product_tag":[826],"class_list":{"0":"post-89759","1":"product","2":"type-product","3":"status-publish","4":"has-post-thumbnail","6":"product_cat-tanins","7":"product_tag-tanins-antioxydants","8":"pa_aplicacion-fa-et-fml","9":"pa_ecologico-autorise-eu","10":"pa_ecologico-autorise-nop-usda","11":"pa_estilo-de-vino-blanc","12":"pa_estilo-de-vino-rose","13":"pa_estilo-de-vino-rouge","14":"pa_objetivo-affiner","15":"pa_objetivo-amelioration-sensorielle","16":"pa_objetivo-augmentation-des-aromes-de-fruits","17":"pa_vegano-vegetalien","18":"desktop-align-left","19":"tablet-align-left","20":"mobile-align-left","22":"first","23":"instock","24":"virtual","25":"product-type-simple"},"acf":[],"_links":{"self":[{"href":"https:\/\/agrovin.com\/fr\/wp-json\/wp\/v2\/product\/89759","targetHints":{"allow":["GET"]}}],"collection":[{"href":"https:\/\/agrovin.com\/fr\/wp-json\/wp\/v2\/product"}],"about":[{"href":"https:\/\/agrovin.com\/fr\/wp-json\/wp\/v2\/types\/product"}],"version-history":[{"count":0,"href":"https:\/\/agrovin.com\/fr\/wp-json\/wp\/v2\/product\/89759\/revisions"}],"wp:featuredmedia":[{"embeddable":true,"href":"https:\/\/agrovin.com\/fr\/wp-json\/wp\/v2\/media\/21169"}],"wp:attachment":[{"href":"https:\/\/agrovin.com\/fr\/wp-json\/wp\/v2\/media?parent=89759"}],"wp:term":[{"taxonomy":"product_brand","embeddable":true,"href":"https:\/\/agrovin.com\/fr\/wp-json\/wp\/v2\/product_brand?post=89759"},{"taxonomy":"product_cat","embeddable":true,"href":"https:\/\/agrovin.com\/fr\/wp-json\/wp\/v2\/product_cat?post=89759"},{"taxonomy":"product_tag","embeddable":true,"href":"https:\/\/agrovin.com\/fr\/wp-json\/wp\/v2\/product_tag?post=89759"}],"curies":[{"name":"wp","href":"https:\/\/api.w.org\/{rel}","templated":true}]}}