{"id":89738,"date":"2018-04-18T09:25:04","date_gmt":"2018-04-18T09:25:04","guid":{"rendered":"https:\/\/staging.agrovin.com\/non%20class\u00e9\/silisol\/"},"modified":"2026-02-03T12:06:33","modified_gmt":"2026-02-03T10:06:33","slug":"solisol","status":"publish","type":"product","link":"https:\/\/agrovin.com\/fr\/produits-oenologiques\/flottation\/solisol\/","title":{"rendered":"SILISOL"},"content":{"rendered":"<h3>APPLICATION<\/h3>\n<p>Son application dans tout type de mo\u00fbt, g\u00e9n\u00e9ralement associ\u00e9 \u00e0 la g\u00e9latine Vinigel et \u00e0 la bentonite Maxibent, permet une flottation rapide et efficace.<\/p>\n<p>Il est conseill\u00e9 de l&#8217;utiliser dans les vins blancs \u00e0 forte instabilit\u00e9 prot\u00e9ique dans lesquels il est n\u00e9cessaire d&#8217;utiliser une forte dose de bentonite pour stabiliser l&#8217;\u00e9chantillon. L&#8217;ajout pr\u00e9alable de Solisol assure une moindre perte aromatique et surtout une meilleure compaction des lies.<\/p>\n<h3>DOSAGE<\/h3>\n<div class=\"page\" title=\"Page 1\">\n<div class=\"section\">\n<div class=\"layoutArea\">\n<div class=\"column\">\n<p>Mo\u00fbt : 10 &#8211; 20 ml\/hl<\/p>\n<p>Vin : 30 &#8211; 100 ml\/hl<\/p>\n<\/div>\n<\/div>\n<\/div>\n<\/div>\n","protected":false},"excerpt":{"rendered":"<p>Le Solisol est une solution collo\u00efdale de 30% de particules de silice en phase aqueuse. Son utilisation am\u00e9liore le compactage des lies de clarification, acc\u00e9l\u00e9rant la s\u00e9dimentation. Dans le processus de flottation, il permet de former rapidement des flocs compacts.<\/p>\n","protected":false},"featured_media":21835,"template":"","meta":{"_acf_changed":false,"inline_featured_image":false,"site-sidebar-layout":"default","site-content-layout":"default","ast-site-content-layout":"default","site-content-style":"default","site-sidebar-style":"default","ast-global-header-display":"","ast-banner-title-visibility":"","ast-main-header-display":"","ast-hfb-above-header-display":"","ast-hfb-below-header-display":"","ast-hfb-mobile-header-display":"","site-post-title":"","ast-breadcrumbs-content":"","ast-featured-img":"","footer-sml-layout":"","ast-disable-related-posts":"","theme-transparent-header-meta":"default","adv-header-id-meta":"","stick-header-meta":"","header-above-stick-meta":"","header-main-stick-meta":"","header-below-stick-meta":"","astra-migrate-meta-layouts":"set","ast-page-background-enabled":"default","ast-page-background-meta":{"desktop":{"background-color":"var(--ast-global-color-5)","background-image":"","background-repeat":"repeat","background-position":"center center","background-size":"auto","background-attachment":"scroll","background-type":"","background-media":"","overlay-type":"","overlay-color":"","overlay-opacity":"","overlay-gradient":""},"tablet":{"background-color":"","background-image":"","background-repeat":"repeat","background-position":"center center","background-size":"auto","background-attachment":"scroll","background-type":"","background-media":"","overlay-type":"","overlay-color":"","overlay-opacity":"","overlay-gradient":""},"mobile":{"background-color":"","background-image":"","background-repeat":"repeat","background-position":"center center","background-size":"auto","background-attachment":"scroll","background-type":"","background-media":"","overlay-type":"","overlay-color":"","overlay-opacity":"","overlay-gradient":""}},"ast-content-background-meta":{"desktop":{"background-color":"var(--ast-global-color-4)","background-image":"","background-repeat":"repeat","background-position":"center center","background-size":"auto","background-attachment":"scroll","background-type":"","background-media":"","overlay-type":"","overlay-color":"","overlay-opacity":"","overlay-gradient":""},"tablet":{"background-color":"var(--ast-global-color-4)","background-image":"","background-repeat":"repeat","background-position":"center center","background-size":"auto","background-attachment":"scroll","background-type":"","background-media":"","overlay-type":"","overlay-color":"","overlay-opacity":"","overlay-gradient":""},"mobile":{"background-color":"var(--ast-global-color-4)","background-image":"","background-repeat":"repeat","background-position":"center center","background-size":"auto","background-attachment":"scroll","background-type":"","background-media":"","overlay-type":"","overlay-color":"","overlay-opacity":"","overlay-gradient":""}}},"product_brand":[],"product_cat":[165,684],"product_tag":[498,860,798],"class_list":{"0":"post-89738","1":"product","2":"type-product","3":"status-publish","4":"has-post-thumbnail","6":"product_cat-clarifiants","7":"product_cat-flottation","8":"product_tag-mout","9":"product_tag-sans-allergenes-fr","10":"product_tag-vin-fini","11":"pa_aplicacion-raisin-et-mout","12":"pa_ecologico-autorise-eu","13":"pa_estilo-de-vino-blanc","14":"pa_estilo-de-vino-rose","15":"pa_estilo-de-vino-rouge","16":"pa_objetivo-clarification","17":"pa_origen-mineraux","18":"pa_tipo-sans-allergenes","19":"pa_vegano-vegetalien","20":"desktop-align-left","21":"tablet-align-left","22":"mobile-align-left","24":"first","25":"instock","26":"virtual","27":"product-type-simple"},"acf":[],"_links":{"self":[{"href":"https:\/\/agrovin.com\/fr\/wp-json\/wp\/v2\/product\/89738","targetHints":{"allow":["GET"]}}],"collection":[{"href":"https:\/\/agrovin.com\/fr\/wp-json\/wp\/v2\/product"}],"about":[{"href":"https:\/\/agrovin.com\/fr\/wp-json\/wp\/v2\/types\/product"}],"version-history":[{"count":3,"href":"https:\/\/agrovin.com\/fr\/wp-json\/wp\/v2\/product\/89738\/revisions"}],"predecessor-version":[{"id":124297,"href":"https:\/\/agrovin.com\/fr\/wp-json\/wp\/v2\/product\/89738\/revisions\/124297"}],"wp:featuredmedia":[{"embeddable":true,"href":"https:\/\/agrovin.com\/fr\/wp-json\/wp\/v2\/media\/21835"}],"wp:attachment":[{"href":"https:\/\/agrovin.com\/fr\/wp-json\/wp\/v2\/media?parent=89738"}],"wp:term":[{"taxonomy":"product_brand","embeddable":true,"href":"https:\/\/agrovin.com\/fr\/wp-json\/wp\/v2\/product_brand?post=89738"},{"taxonomy":"product_cat","embeddable":true,"href":"https:\/\/agrovin.com\/fr\/wp-json\/wp\/v2\/product_cat?post=89738"},{"taxonomy":"product_tag","embeddable":true,"href":"https:\/\/agrovin.com\/fr\/wp-json\/wp\/v2\/product_tag?post=89738"}],"curies":[{"name":"wp","href":"https:\/\/api.w.org\/{rel}","templated":true}]}}