{"id":89733,"date":"2018-04-19T06:42:18","date_gmt":"2022-11-04T17:02:58","guid":{"rendered":"https:\/\/staging.agrovin.com\/non%20class\u00e9\/soie-gomasol\/"},"modified":"2022-11-05T19:25:29","modified_gmt":"2022-11-05T18:25:29","slug":"gomasol-seda","status":"publish","type":"product","link":"https:\/\/agrovin.com\/fr\/produits-oenologiques\/stabilisants\/gomasol-seda\/","title":{"rendered":"GOMASOL SEDA"},"content":{"rendered":"<h3>CARACT\u00c9RISTIQUES<\/h3>\n<ul>\n<li>Il contribue aux caract\u00e9ristiques sensorielles du vin, en apportant densit\u00e9, volume et douceur en bouche. -Il att\u00e9nue et module l&#8217;astringence tannique et favorise la stabilit\u00e9 cristalline et collo\u00efdale des vins.<\/li>\n<li>Elle est issue de la s\u00e9lection rigoureuse des meilleures mati\u00e8res premi\u00e8res, et est obtenue par un processus de production naturel, sans ajout d&#8217;agents chimiques, par solubilisation et purification visant \u00e0 maintenir pratiquement intactes les dimensions et la structure de la gomme.<\/li>\n<li>SOIE GOMASOL. Il pr\u00e9sente un faible taux de colmatage.<\/li>\n<\/ul>\n<h3>APPLICATION<\/h3>\n<p>Utilis\u00e9 dans les vins rouges, ros\u00e9s ou blancs, il am\u00e9liore l&#8217;onctuosit\u00e9 et la rondeur en bouche.<\/p>\n<h3>DOSAGE<\/h3>\n<p>Gomasol SEDA :<span style=\"font-size: 16px;\">100-300 ml\/hl<\/span><\/p>\n","protected":false},"excerpt":{"rendered":"<p>Gomasol SEDA est une association de polysaccharides v\u00e9g\u00e9taux (gomme arabique) et de mannoprot\u00e9ines purifi\u00e9es, extraites thermiquement d&#8217;\u00e9corces de levure s\u00e9lectionn\u00e9es (Saccharomyces cerevisiae).<\/p>\n","protected":false},"featured_media":13437,"template":"","meta":{"_acf_changed":false,"inline_featured_image":false,"site-sidebar-layout":"default","site-content-layout":"default","ast-site-content-layout":"default","site-content-style":"default","site-sidebar-style":"default","ast-global-header-display":"","ast-banner-title-visibility":"","ast-main-header-display":"","ast-hfb-above-header-display":"","ast-hfb-below-header-display":"","ast-hfb-mobile-header-display":"","site-post-title":"","ast-breadcrumbs-content":"","ast-featured-img":"","footer-sml-layout":"","ast-disable-related-posts":"","theme-transparent-header-meta":"default","adv-header-id-meta":"","stick-header-meta":"","header-above-stick-meta":"","header-main-stick-meta":"","header-below-stick-meta":"","astra-migrate-meta-layouts":"default","ast-page-background-enabled":"default","ast-page-background-meta":{"desktop":{"background-color":"var(--ast-global-color-5)","background-image":"","background-repeat":"repeat","background-position":"center center","background-size":"auto","background-attachment":"scroll","background-type":"","background-media":"","overlay-type":"","overlay-color":"","overlay-opacity":"","overlay-gradient":""},"tablet":{"background-color":"","background-image":"","background-repeat":"repeat","background-position":"center center","background-size":"auto","background-attachment":"scroll","background-type":"","background-media":"","overlay-type":"","overlay-color":"","overlay-opacity":"","overlay-gradient":""},"mobile":{"background-color":"","background-image":"","background-repeat":"repeat","background-position":"center center","background-size":"auto","background-attachment":"scroll","background-type":"","background-media":"","overlay-type":"","overlay-color":"","overlay-opacity":"","overlay-gradient":""}},"ast-content-background-meta":{"desktop":{"background-color":"var(--ast-global-color-4)","background-image":"","background-repeat":"repeat","background-position":"center center","background-size":"auto","background-attachment":"scroll","background-type":"","background-media":"","overlay-type":"","overlay-color":"","overlay-opacity":"","overlay-gradient":""},"tablet":{"background-color":"var(--ast-global-color-4)","background-image":"","background-repeat":"repeat","background-position":"center center","background-size":"auto","background-attachment":"scroll","background-type":"","background-media":"","overlay-type":"","overlay-color":"","overlay-opacity":"","overlay-gradient":""},"mobile":{"background-color":"var(--ast-global-color-4)","background-image":"","background-repeat":"repeat","background-position":"center center","background-size":"auto","background-attachment":"scroll","background-type":"","background-media":"","overlay-type":"","overlay-color":"","overlay-opacity":"","overlay-gradient":""}}},"product_brand":[],"product_cat":[180],"product_tag":[408],"class_list":{"0":"post-89733","1":"product","2":"type-product","3":"status-publish","4":"has-post-thumbnail","6":"product_cat-stabilisants","7":"product_tag-stabilite-de-la-matiere-colorante","8":"pa_ecologico-autorise-eu","9":"pa_ecologico-autorise-nop-usda","10":"pa_estilo-de-vino-blanc","11":"pa_estilo-de-vino-petillant","12":"pa_estilo-de-vino-rose","13":"pa_estilo-de-vino-rouge","14":"pa_objetivo-affiner","15":"pa_objetivo-amelioration-sensorielle","16":"pa_objetivo-stabilisation","17":"desktop-align-left","18":"tablet-align-left","19":"mobile-align-left","21":"first","22":"instock","23":"virtual","24":"product-type-simple"},"acf":[],"_links":{"self":[{"href":"https:\/\/agrovin.com\/fr\/wp-json\/wp\/v2\/product\/89733","targetHints":{"allow":["GET"]}}],"collection":[{"href":"https:\/\/agrovin.com\/fr\/wp-json\/wp\/v2\/product"}],"about":[{"href":"https:\/\/agrovin.com\/fr\/wp-json\/wp\/v2\/types\/product"}],"version-history":[{"count":0,"href":"https:\/\/agrovin.com\/fr\/wp-json\/wp\/v2\/product\/89733\/revisions"}],"wp:featuredmedia":[{"embeddable":true,"href":"https:\/\/agrovin.com\/fr\/wp-json\/wp\/v2\/media\/13437"}],"wp:attachment":[{"href":"https:\/\/agrovin.com\/fr\/wp-json\/wp\/v2\/media?parent=89733"}],"wp:term":[{"taxonomy":"product_brand","embeddable":true,"href":"https:\/\/agrovin.com\/fr\/wp-json\/wp\/v2\/product_brand?post=89733"},{"taxonomy":"product_cat","embeddable":true,"href":"https:\/\/agrovin.com\/fr\/wp-json\/wp\/v2\/product_cat?post=89733"},{"taxonomy":"product_tag","embeddable":true,"href":"https:\/\/agrovin.com\/fr\/wp-json\/wp\/v2\/product_tag?post=89733"}],"curies":[{"name":"wp","href":"https:\/\/api.w.org\/{rel}","templated":true}]}}