{"id":89723,"date":"2018-04-13T09:43:05","date_gmt":"2022-11-04T17:02:42","guid":{"rendered":"https:\/\/staging.agrovin.com\/non%20class\u00e9\/vinigel-forte\/"},"modified":"2022-11-05T18:30:02","modified_gmt":"2022-11-05T17:30:02","slug":"vinigel-forte","status":"publish","type":"product","link":"https:\/\/agrovin.com\/fr\/produits-oenologiques\/clarifiants\/vinigel-forte\/","title":{"rendered":"VINIGEL FORTE"},"content":{"rendered":"<h3>APPLICATION<\/h3>\n<ul>\n<li>Pour le collage des jeunes vins rouges, ros\u00e9s et blancs.<\/li>\n<li>Hautement recommand\u00e9 pour les vins de presse qui sont difficiles \u00e0 clarifier.<\/li>\n<li>Sa grande r\u00e9activit\u00e9 permet une stabilisation collo\u00efdale rapide, assurant une am\u00e9lioration rapide et significative de la propret\u00e9.<\/li>\n<\/ul>\n<h3>DOSAGE<\/h3>\n<p>Vinigel FORTE<\/p>\n<p>Vin blanc et ros\u00e9 : 2-5 g\/hl<\/p>\n<p>Vin rouge : 5 &#8211; 15g\/hl<\/p>\n<p>Vinigel FORTE L (solution liquide)<\/p>\n<p>Vin blanc et ros\u00e9 : 10-25 ml\/hl<\/p>\n<p>Vin rouge : 20 -60 ml\/hl<\/p>\n","protected":false},"excerpt":{"rendered":"<p>Vinigel FORTE est une g\u00e9latine hautement hydrolys\u00e9e qui garantit une grande r\u00e9activit\u00e9 dans les vins riches en collo\u00efdes et difficiles \u00e0 clarifier. Il est disponible sous forme de poudre et de liquide pour une utilisation facile.<\/p>\n","protected":false},"featured_media":21369,"template":"","meta":{"_acf_changed":false,"inline_featured_image":false,"site-sidebar-layout":"default","site-content-layout":"default","ast-site-content-layout":"default","site-content-style":"default","site-sidebar-style":"default","ast-global-header-display":"","ast-banner-title-visibility":"","ast-main-header-display":"","ast-hfb-above-header-display":"","ast-hfb-below-header-display":"","ast-hfb-mobile-header-display":"","site-post-title":"","ast-breadcrumbs-content":"","ast-featured-img":"","footer-sml-layout":"","ast-disable-related-posts":"","theme-transparent-header-meta":"default","adv-header-id-meta":"","stick-header-meta":"","header-above-stick-meta":"","header-main-stick-meta":"","header-below-stick-meta":"","astra-migrate-meta-layouts":"default","ast-page-background-enabled":"default","ast-page-background-meta":{"desktop":{"background-color":"var(--ast-global-color-5)","background-image":"","background-repeat":"repeat","background-position":"center center","background-size":"auto","background-attachment":"scroll","background-type":"","background-media":"","overlay-type":"","overlay-color":"","overlay-opacity":"","overlay-gradient":""},"tablet":{"background-color":"","background-image":"","background-repeat":"repeat","background-position":"center center","background-size":"auto","background-attachment":"scroll","background-type":"","background-media":"","overlay-type":"","overlay-color":"","overlay-opacity":"","overlay-gradient":""},"mobile":{"background-color":"","background-image":"","background-repeat":"repeat","background-position":"center center","background-size":"auto","background-attachment":"scroll","background-type":"","background-media":"","overlay-type":"","overlay-color":"","overlay-opacity":"","overlay-gradient":""}},"ast-content-background-meta":{"desktop":{"background-color":"var(--ast-global-color-4)","background-image":"","background-repeat":"repeat","background-position":"center center","background-size":"auto","background-attachment":"scroll","background-type":"","background-media":"","overlay-type":"","overlay-color":"","overlay-opacity":"","overlay-gradient":""},"tablet":{"background-color":"var(--ast-global-color-4)","background-image":"","background-repeat":"repeat","background-position":"center center","background-size":"auto","background-attachment":"scroll","background-type":"","background-media":"","overlay-type":"","overlay-color":"","overlay-opacity":"","overlay-gradient":""},"mobile":{"background-color":"var(--ast-global-color-4)","background-image":"","background-repeat":"repeat","background-position":"center center","background-size":"auto","background-attachment":"scroll","background-type":"","background-media":"","overlay-type":"","overlay-color":"","overlay-opacity":"","overlay-gradient":""}}},"product_brand":[],"product_cat":[165],"product_tag":[798],"class_list":{"0":"post-89723","1":"product","2":"type-product","3":"status-publish","4":"has-post-thumbnail","6":"product_cat-clarifiants","7":"product_tag-vin-fini","8":"pa_ecologico-autorise-eu","9":"pa_ecologico-autorise-nop-usda","10":"pa_estilo-de-vino-blanc","11":"pa_estilo-de-vino-rose","12":"pa_estilo-de-vino-rouge","13":"pa_objetivo-clarification","14":"pa_objetivo-stabilite-de-la-couleur","15":"pa_origen-animale","16":"desktop-align-left","17":"tablet-align-left","18":"mobile-align-left","20":"first","21":"instock","22":"virtual","23":"product-type-simple"},"acf":[],"_links":{"self":[{"href":"https:\/\/agrovin.com\/fr\/wp-json\/wp\/v2\/product\/89723","targetHints":{"allow":["GET"]}}],"collection":[{"href":"https:\/\/agrovin.com\/fr\/wp-json\/wp\/v2\/product"}],"about":[{"href":"https:\/\/agrovin.com\/fr\/wp-json\/wp\/v2\/types\/product"}],"version-history":[{"count":0,"href":"https:\/\/agrovin.com\/fr\/wp-json\/wp\/v2\/product\/89723\/revisions"}],"wp:featuredmedia":[{"embeddable":true,"href":"https:\/\/agrovin.com\/fr\/wp-json\/wp\/v2\/media\/21369"}],"wp:attachment":[{"href":"https:\/\/agrovin.com\/fr\/wp-json\/wp\/v2\/media?parent=89723"}],"wp:term":[{"taxonomy":"product_brand","embeddable":true,"href":"https:\/\/agrovin.com\/fr\/wp-json\/wp\/v2\/product_brand?post=89723"},{"taxonomy":"product_cat","embeddable":true,"href":"https:\/\/agrovin.com\/fr\/wp-json\/wp\/v2\/product_cat?post=89723"},{"taxonomy":"product_tag","embeddable":true,"href":"https:\/\/agrovin.com\/fr\/wp-json\/wp\/v2\/product_tag?post=89723"}],"curies":[{"name":"wp","href":"https:\/\/api.w.org\/{rel}","templated":true}]}}