{"id":89698,"date":"2018-04-18T08:14:59","date_gmt":"2022-11-04T17:02:01","guid":{"rendered":"https:\/\/staging.agrovin.com\/non%20class\u00e9\/cristal-vynigel\/"},"modified":"2022-11-05T18:45:20","modified_gmt":"2022-11-05T17:45:20","slug":"vinigel-cristal","status":"publish","type":"product","link":"https:\/\/agrovin.com\/fr\/produits-oenologiques\/flottation\/vinigel-cristal\/","title":{"rendered":"VINIGEL CRISTAL"},"content":{"rendered":"<h3>CARACT\u00c9RISTIQUES<\/h3>\n<p>Excellente action de collage, \u00e9quilibrant efficacement la structure polyph\u00e9nolique, prenant soin de la structure du vin. Le vin conserve son potentiel de vieillissement et ses qualit\u00e9s aromatiques. Sa forme liquide le rend facile \u00e0 utiliser. En raison de son faible degr\u00e9 d&#8217;hydrolyse, il ne produit pas de surdimensionnement.<\/p>\n<h3>APPLICATION<\/h3>\n<p>Clarification des vins rouges structur\u00e9s \u00e0 forte charge polyph\u00e9nolique, des vins rouges vieillis et des vins blancs et ros\u00e9s. Son application est appropri\u00e9e pour les vins haut de gamme, o\u00f9 le respect de l&#8217;expression vari\u00e9tale est essentiel lors des traitements de collage. Convient pour la flottaison du mo\u00fbt<\/p>\n<h3>DOSAGE<\/h3>\n<div class=\"page\" title=\"Page 1\">\n<div class=\"section\">\n<div class=\"layoutArea\">\n<div class=\"column\">\n<p>Mo\u00fbt\/vin 50-250 ml\/hl<\/p>\n<\/div>\n<\/div>\n<\/div>\n<\/div>\n","protected":false},"excerpt":{"rendered":"<p>Vinigel CRISTAL est une g\u00e9latine liquide purifi\u00e9e et l\u00e9g\u00e8rement hydrolys\u00e9e obtenue \u00e0 partir de substances collag\u00e8nes.<\/p>\n","protected":false},"featured_media":21818,"template":"","meta":{"_acf_changed":false,"inline_featured_image":false,"site-sidebar-layout":"default","site-content-layout":"default","ast-site-content-layout":"default","site-content-style":"default","site-sidebar-style":"default","ast-global-header-display":"","ast-banner-title-visibility":"","ast-main-header-display":"","ast-hfb-above-header-display":"","ast-hfb-below-header-display":"","ast-hfb-mobile-header-display":"","site-post-title":"","ast-breadcrumbs-content":"","ast-featured-img":"","footer-sml-layout":"","ast-disable-related-posts":"","theme-transparent-header-meta":"default","adv-header-id-meta":"","stick-header-meta":"","header-above-stick-meta":"","header-main-stick-meta":"","header-below-stick-meta":"","astra-migrate-meta-layouts":"default","ast-page-background-enabled":"default","ast-page-background-meta":{"desktop":{"background-color":"var(--ast-global-color-5)","background-image":"","background-repeat":"repeat","background-position":"center center","background-size":"auto","background-attachment":"scroll","background-type":"","background-media":"","overlay-type":"","overlay-color":"","overlay-opacity":"","overlay-gradient":""},"tablet":{"background-color":"","background-image":"","background-repeat":"repeat","background-position":"center center","background-size":"auto","background-attachment":"scroll","background-type":"","background-media":"","overlay-type":"","overlay-color":"","overlay-opacity":"","overlay-gradient":""},"mobile":{"background-color":"","background-image":"","background-repeat":"repeat","background-position":"center center","background-size":"auto","background-attachment":"scroll","background-type":"","background-media":"","overlay-type":"","overlay-color":"","overlay-opacity":"","overlay-gradient":""}},"ast-content-background-meta":{"desktop":{"background-color":"var(--ast-global-color-4)","background-image":"","background-repeat":"repeat","background-position":"center center","background-size":"auto","background-attachment":"scroll","background-type":"","background-media":"","overlay-type":"","overlay-color":"","overlay-opacity":"","overlay-gradient":""},"tablet":{"background-color":"var(--ast-global-color-4)","background-image":"","background-repeat":"repeat","background-position":"center center","background-size":"auto","background-attachment":"scroll","background-type":"","background-media":"","overlay-type":"","overlay-color":"","overlay-opacity":"","overlay-gradient":""},"mobile":{"background-color":"var(--ast-global-color-4)","background-image":"","background-repeat":"repeat","background-position":"center center","background-size":"auto","background-attachment":"scroll","background-type":"","background-media":"","overlay-type":"","overlay-color":"","overlay-opacity":"","overlay-gradient":""}}},"product_brand":[],"product_cat":[165,684],"product_tag":[498,860,798],"class_list":{"0":"post-89698","1":"product","2":"type-product","3":"status-publish","4":"has-post-thumbnail","6":"product_cat-clarifiants","7":"product_cat-flottation","8":"product_tag-mout","9":"product_tag-sans-allergenes-fr","10":"product_tag-vin-fini","11":"pa_aplicacion-raisin-et-mout","12":"pa_ecologico-autorise-eu","13":"pa_ecologico-autorise-nop-usda","14":"pa_estilo-de-vino-blanc","15":"pa_estilo-de-vino-fut","16":"pa_estilo-de-vino-rose","17":"pa_estilo-de-vino-rouge","18":"pa_objetivo-clarification","19":"pa_objetivo-stabilite-de-la-couleur","20":"pa_origen-animale","21":"pa_tipo-sans-allergenes","22":"desktop-align-left","23":"tablet-align-left","24":"mobile-align-left","26":"first","27":"instock","28":"virtual","29":"product-type-simple"},"acf":[],"_links":{"self":[{"href":"https:\/\/agrovin.com\/fr\/wp-json\/wp\/v2\/product\/89698","targetHints":{"allow":["GET"]}}],"collection":[{"href":"https:\/\/agrovin.com\/fr\/wp-json\/wp\/v2\/product"}],"about":[{"href":"https:\/\/agrovin.com\/fr\/wp-json\/wp\/v2\/types\/product"}],"version-history":[{"count":0,"href":"https:\/\/agrovin.com\/fr\/wp-json\/wp\/v2\/product\/89698\/revisions"}],"wp:featuredmedia":[{"embeddable":true,"href":"https:\/\/agrovin.com\/fr\/wp-json\/wp\/v2\/media\/21818"}],"wp:attachment":[{"href":"https:\/\/agrovin.com\/fr\/wp-json\/wp\/v2\/media?parent=89698"}],"wp:term":[{"taxonomy":"product_brand","embeddable":true,"href":"https:\/\/agrovin.com\/fr\/wp-json\/wp\/v2\/product_brand?post=89698"},{"taxonomy":"product_cat","embeddable":true,"href":"https:\/\/agrovin.com\/fr\/wp-json\/wp\/v2\/product_cat?post=89698"},{"taxonomy":"product_tag","embeddable":true,"href":"https:\/\/agrovin.com\/fr\/wp-json\/wp\/v2\/product_tag?post=89698"}],"curies":[{"name":"wp","href":"https:\/\/api.w.org\/{rel}","templated":true}]}}