{"id":89683,"date":"2018-04-18T08:05:29","date_gmt":"2022-11-04T17:01:35","guid":{"rendered":"https:\/\/staging.agrovin.com\/non%20class\u00e9\/vinigel-platine\/"},"modified":"2024-10-29T15:20:41","modified_gmt":"2024-10-29T13:20:41","slug":"vinigel-platinum","status":"publish","type":"product","link":"https:\/\/agrovin.com\/fr\/produits-oenologiques\/clarifiants\/vinigel-platinum\/","title":{"rendered":"VINIGEL PLATINUM"},"content":{"rendered":"<h3>APPLICATION<\/h3>\n<p>Clarification de vins rouges structur\u00e9s \u00e0 forte charge polyph\u00e9nolique. Vins rouges Crianza.<\/p>\n<p>Son application est appropri\u00e9e pour les vins haut de gamme, o\u00f9 le respect de l&#8217;expression vari\u00e9tale est essentiel lors des traitements de collage.<\/p>\n<p>Convient pour la flottaison du mo\u00fbt.<\/p>\n<h3>DOSAGE<\/h3>\n<div class=\"page\" title=\"Page 1\">\n<div class=\"section\">\n<div class=\"layoutArea\">\n<div class=\"column\">\n<p>Mo\u00fbt \/ Vin 5-10 g\/hl<\/p>\n<\/div>\n<\/div>\n<\/div>\n<\/div>\n","protected":false},"excerpt":{"rendered":"<p><span style=\"color: #333333;\">Vinigel PLATINUM est une g\u00e9latine purifi\u00e9e, faiblement hydrolys\u00e9e, obtenue \u00e0 partir de substances collag\u00e8nes. Excellente action de collage, \u00e9quilibrant efficacement la structure polyph\u00e9nolique, prenant soin de la structure du vin. Le vin conserve son potentiel de vieillissement et ses qualit\u00e9s aromatiques.<\/span><\/p>\n","protected":false},"featured_media":21522,"template":"","meta":{"_acf_changed":false,"inline_featured_image":false,"site-sidebar-layout":"default","site-content-layout":"default","ast-site-content-layout":"default","site-content-style":"default","site-sidebar-style":"default","ast-global-header-display":"","ast-banner-title-visibility":"","ast-main-header-display":"","ast-hfb-above-header-display":"","ast-hfb-below-header-display":"","ast-hfb-mobile-header-display":"","site-post-title":"","ast-breadcrumbs-content":"","ast-featured-img":"","footer-sml-layout":"","ast-disable-related-posts":"","theme-transparent-header-meta":"default","adv-header-id-meta":"","stick-header-meta":"","header-above-stick-meta":"","header-main-stick-meta":"","header-below-stick-meta":"","astra-migrate-meta-layouts":"set","ast-page-background-enabled":"default","ast-page-background-meta":{"desktop":{"background-color":"var(--ast-global-color-5)","background-image":"","background-repeat":"repeat","background-position":"center center","background-size":"auto","background-attachment":"scroll","background-type":"","background-media":"","overlay-type":"","overlay-color":"","overlay-opacity":"","overlay-gradient":""},"tablet":{"background-color":"","background-image":"","background-repeat":"repeat","background-position":"center center","background-size":"auto","background-attachment":"scroll","background-type":"","background-media":"","overlay-type":"","overlay-color":"","overlay-opacity":"","overlay-gradient":""},"mobile":{"background-color":"","background-image":"","background-repeat":"repeat","background-position":"center center","background-size":"auto","background-attachment":"scroll","background-type":"","background-media":"","overlay-type":"","overlay-color":"","overlay-opacity":"","overlay-gradient":""}},"ast-content-background-meta":{"desktop":{"background-color":"var(--ast-global-color-4)","background-image":"","background-repeat":"repeat","background-position":"center center","background-size":"auto","background-attachment":"scroll","background-type":"","background-media":"","overlay-type":"","overlay-color":"","overlay-opacity":"","overlay-gradient":""},"tablet":{"background-color":"var(--ast-global-color-4)","background-image":"","background-repeat":"repeat","background-position":"center center","background-size":"auto","background-attachment":"scroll","background-type":"","background-media":"","overlay-type":"","overlay-color":"","overlay-opacity":"","overlay-gradient":""},"mobile":{"background-color":"var(--ast-global-color-4)","background-image":"","background-repeat":"repeat","background-position":"center center","background-size":"auto","background-attachment":"scroll","background-type":"","background-media":"","overlay-type":"","overlay-color":"","overlay-opacity":"","overlay-gradient":""}}},"product_brand":[],"product_cat":[165],"product_tag":[498,860,798],"class_list":{"0":"post-89683","1":"product","2":"type-product","3":"status-publish","4":"has-post-thumbnail","6":"product_cat-clarifiants","7":"product_tag-mout","8":"product_tag-sans-allergenes-fr","9":"product_tag-vin-fini","10":"pa_ecologico-autorise-eu","11":"pa_ecologico-autorise-nop-usda","12":"pa_estilo-de-vino-blanc","13":"pa_estilo-de-vino-fut","14":"pa_estilo-de-vino-rose","15":"pa_estilo-de-vino-rouge","16":"pa_objetivo-clarification","17":"pa_objetivo-stabilite-de-la-couleur","18":"pa_origen-animale","19":"pa_tipo-sans-allergenes","20":"desktop-align-left","21":"tablet-align-left","22":"mobile-align-left","24":"first","25":"instock","26":"virtual","27":"product-type-simple"},"acf":[],"_links":{"self":[{"href":"https:\/\/agrovin.com\/fr\/wp-json\/wp\/v2\/product\/89683","targetHints":{"allow":["GET"]}}],"collection":[{"href":"https:\/\/agrovin.com\/fr\/wp-json\/wp\/v2\/product"}],"about":[{"href":"https:\/\/agrovin.com\/fr\/wp-json\/wp\/v2\/types\/product"}],"version-history":[{"count":1,"href":"https:\/\/agrovin.com\/fr\/wp-json\/wp\/v2\/product\/89683\/revisions"}],"predecessor-version":[{"id":116973,"href":"https:\/\/agrovin.com\/fr\/wp-json\/wp\/v2\/product\/89683\/revisions\/116973"}],"wp:featuredmedia":[{"embeddable":true,"href":"https:\/\/agrovin.com\/fr\/wp-json\/wp\/v2\/media\/21522"}],"wp:attachment":[{"href":"https:\/\/agrovin.com\/fr\/wp-json\/wp\/v2\/media?parent=89683"}],"wp:term":[{"taxonomy":"product_brand","embeddable":true,"href":"https:\/\/agrovin.com\/fr\/wp-json\/wp\/v2\/product_brand?post=89683"},{"taxonomy":"product_cat","embeddable":true,"href":"https:\/\/agrovin.com\/fr\/wp-json\/wp\/v2\/product_cat?post=89683"},{"taxonomy":"product_tag","embeddable":true,"href":"https:\/\/agrovin.com\/fr\/wp-json\/wp\/v2\/product_tag?post=89683"}],"curies":[{"name":"wp","href":"https:\/\/api.w.org\/{rel}","templated":true}]}}