{"id":89673,"date":"2018-04-12T15:44:41","date_gmt":"2022-11-04T17:01:17","guid":{"rendered":"https:\/\/staging.agrovin.com\/non%20class\u00e9\/tanicol-vintage\/"},"modified":"2024-10-28T23:31:56","modified_gmt":"2024-10-28T21:31:56","slug":"tanicol-vintage","status":"publish","type":"product","link":"https:\/\/agrovin.com\/fr\/produits-oenologiques\/tanins\/tanicol-vintage\/","title":{"rendered":"TANICOL VINTAGE"},"content":{"rendered":"<h3>APPLICATION<\/h3>\n<p>En vinification :<\/p>\n<ul>\n<li>Le tanin de raisin qu&#8217;il contient le rend particuli\u00e8rement r\u00e9actif avec les anthocyanes.<\/li>\n<li>Premi\u00e8re combinaison avec les anthocyanes lib\u00e9r\u00e9s lors de la premi\u00e8re phase de mac\u00e9ration (phase aqueuse). Il \u00e9vite la d\u00e9coloration des couleurs et permet une meilleure \u00e9volution dans le temps.<\/li>\n<\/ul>\n<p>Dans le descube :<\/p>\n<ul>\n<li>Augmente la teneur en tanin condens\u00e9 du raisin, favorisant une proportion \u00e9quilibr\u00e9e d&#8217;anthocyanes et de tanins.<\/li>\n<li>Il donne au vin une structure int\u00e9gr\u00e9e et \u00e9quilibr\u00e9e.<\/li>\n<li>Augmentation du profil aromatique du vin.<\/li>\n<\/ul>\n<h3>DOSAGE<\/h3>\n<div class=\"page\" title=\"Page 1\">\n<div class=\"layoutArea\">\n<div class=\"column\">\n<p>Vins ros\u00e9s 10-20 g\/hl<\/p>\n<\/div>\n<\/div>\n<div class=\"layoutArea\">\n<div class=\"column\">\n<p><span style=\"font-size: 16px;\">Vins rouges 10-40 g\/hl<\/span><\/p>\n<\/div>\n<\/div>\n<\/div>\n","protected":false},"excerpt":{"rendered":"<p>Tanin condens\u00e9 provenant de p\u00e9pins de raisin, ayant un effet important sur la stabilit\u00e9 de la couleur en raison de sa grande r\u00e9activit\u00e9 et de sa capacit\u00e9 \u00e0 se combiner avec les anthocyanes. Il augmente le potentiel ph\u00e9nolique du vin, lui apportant une grande robustesse et une structure. Excellent en d\u00e9cuvage o\u00f9 il augmente l&#8217;ar\u00f4me des vins, marquant les caract\u00e9ristiques vari\u00e9tales.<\/p>\n","protected":false},"featured_media":23793,"template":"","meta":{"_acf_changed":false,"inline_featured_image":false,"site-sidebar-layout":"default","site-content-layout":"default","ast-site-content-layout":"default","site-content-style":"default","site-sidebar-style":"default","ast-global-header-display":"","ast-banner-title-visibility":"","ast-main-header-display":"","ast-hfb-above-header-display":"","ast-hfb-below-header-display":"","ast-hfb-mobile-header-display":"","site-post-title":"","ast-breadcrumbs-content":"","ast-featured-img":"","footer-sml-layout":"","ast-disable-related-posts":"","theme-transparent-header-meta":"default","adv-header-id-meta":"","stick-header-meta":"","header-above-stick-meta":"","header-main-stick-meta":"","header-below-stick-meta":"","astra-migrate-meta-layouts":"set","ast-page-background-enabled":"default","ast-page-background-meta":{"desktop":{"background-color":"var(--ast-global-color-5)","background-image":"","background-repeat":"repeat","background-position":"center center","background-size":"auto","background-attachment":"scroll","background-type":"","background-media":"","overlay-type":"","overlay-color":"","overlay-opacity":"","overlay-gradient":""},"tablet":{"background-color":"","background-image":"","background-repeat":"repeat","background-position":"center center","background-size":"auto","background-attachment":"scroll","background-type":"","background-media":"","overlay-type":"","overlay-color":"","overlay-opacity":"","overlay-gradient":""},"mobile":{"background-color":"","background-image":"","background-repeat":"repeat","background-position":"center center","background-size":"auto","background-attachment":"scroll","background-type":"","background-media":"","overlay-type":"","overlay-color":"","overlay-opacity":"","overlay-gradient":""}},"ast-content-background-meta":{"desktop":{"background-color":"var(--ast-global-color-4)","background-image":"","background-repeat":"repeat","background-position":"center center","background-size":"auto","background-attachment":"scroll","background-type":"","background-media":"","overlay-type":"","overlay-color":"","overlay-opacity":"","overlay-gradient":""},"tablet":{"background-color":"var(--ast-global-color-4)","background-image":"","background-repeat":"repeat","background-position":"center center","background-size":"auto","background-attachment":"scroll","background-type":"","background-media":"","overlay-type":"","overlay-color":"","overlay-opacity":"","overlay-gradient":""},"mobile":{"background-color":"var(--ast-global-color-4)","background-image":"","background-repeat":"repeat","background-position":"center center","background-size":"auto","background-attachment":"scroll","background-type":"","background-media":"","overlay-type":"","overlay-color":"","overlay-opacity":"","overlay-gradient":""}}},"product_brand":[],"product_cat":[227],"product_tag":[826,838],"class_list":{"0":"post-89673","1":"product","2":"type-product","3":"status-publish","4":"has-post-thumbnail","6":"product_cat-tanins","7":"product_tag-tanins-antioxydants","8":"product_tag-tanins-de-raisin","9":"pa_aplicacion-fa-et-fml","10":"pa_ecologico-autorise-eu","11":"pa_ecologico-autorise-nop-usda","12":"pa_estilo-de-vino-rouge","13":"pa_objetivo-affiner","14":"pa_objetivo-amelioration-sensorielle","15":"pa_objetivo-augmentation-des-aromes-de-fruits","16":"pa_vegano-vegetalien","17":"desktop-align-left","18":"tablet-align-left","19":"mobile-align-left","21":"first","22":"instock","23":"virtual","24":"product-type-simple"},"acf":[],"_links":{"self":[{"href":"https:\/\/agrovin.com\/fr\/wp-json\/wp\/v2\/product\/89673","targetHints":{"allow":["GET"]}}],"collection":[{"href":"https:\/\/agrovin.com\/fr\/wp-json\/wp\/v2\/product"}],"about":[{"href":"https:\/\/agrovin.com\/fr\/wp-json\/wp\/v2\/types\/product"}],"version-history":[{"count":1,"href":"https:\/\/agrovin.com\/fr\/wp-json\/wp\/v2\/product\/89673\/revisions"}],"predecessor-version":[{"id":116874,"href":"https:\/\/agrovin.com\/fr\/wp-json\/wp\/v2\/product\/89673\/revisions\/116874"}],"wp:featuredmedia":[{"embeddable":true,"href":"https:\/\/agrovin.com\/fr\/wp-json\/wp\/v2\/media\/23793"}],"wp:attachment":[{"href":"https:\/\/agrovin.com\/fr\/wp-json\/wp\/v2\/media?parent=89673"}],"wp:term":[{"taxonomy":"product_brand","embeddable":true,"href":"https:\/\/agrovin.com\/fr\/wp-json\/wp\/v2\/product_brand?post=89673"},{"taxonomy":"product_cat","embeddable":true,"href":"https:\/\/agrovin.com\/fr\/wp-json\/wp\/v2\/product_cat?post=89673"},{"taxonomy":"product_tag","embeddable":true,"href":"https:\/\/agrovin.com\/fr\/wp-json\/wp\/v2\/product_tag?post=89673"}],"curies":[{"name":"wp","href":"https:\/\/api.w.org\/{rel}","templated":true}]}}