{"id":89653,"date":"2018-04-12T11:32:26","date_gmt":"2022-11-04T17:00:44","guid":{"rendered":"https:\/\/staging.agrovin.com\/non%20class\u00e9\/gomasol-optima\/"},"modified":"2024-04-23T22:16:50","modified_gmt":"2024-04-23T21:16:50","slug":"gomasol-optima","status":"publish","type":"product","link":"https:\/\/agrovin.com\/fr\/produits-oenologiques\/stabilisants\/gomasol-optima\/","title":{"rendered":"GOMASOL \u00d3PTIMA"},"content":{"rendered":"<h3>CARACT\u00c9RISTIQUES<\/h3>\n<ul>\n<li>Sp\u00e9cialement formul\u00e9 pour offrir une protection \u00e0 large spectre. D&#8217;une part, il contribue \u00e0 la stabilit\u00e9 tartrique du vin, et d&#8217;autre part, il offre une bonne protection de la mati\u00e8re colorante.<\/li>\n<li>Gomasol \u00d3PTIMA augmente les sensations de corps et de douceur en bouche, en respectant les caract\u00e9ristiques aromatiques du vin.<\/li>\n<li>Elle provient de la s\u00e9lection rigoureuse des meilleures mati\u00e8res premi\u00e8res et est obtenue par un processus de production naturel, sans ajout d&#8217;agents chimiques, par solubilisation et purification, dont le but est de maintenir pratiquement intactes les dimensions et la structure de la gomme.<\/li>\n<li>Gomasol \u00d3PTIMA. Il pr\u00e9sente un faible taux de colmatage.<\/li>\n<\/ul>\n<h3>APPLICATION<\/h3>\n<p>Utilis\u00e9 dans les vins rouges, ros\u00e9s ou blancs o\u00f9 la stabilit\u00e9 globale est recherch\u00e9e.<\/p>\n<h3>DOSAGE<\/h3>\n<div class=\"page\" title=\"Page 2\">\n<div class=\"layoutArea\">\n<div class=\"column\">\n<p>VINS JEUNES : 100-200 ml\/hl<\/p>\n<p>VINS DE PLUS D&#8217;UN AN : 70-100 ml\/hl<\/p>\n<\/div>\n<\/div>\n<\/div>\n","protected":false},"excerpt":{"rendered":"<p>Gomasol \u00d3PTIMA est une solution concentr\u00e9e de gomme arabique naturelle, purifi\u00e9e, pr\u00eate \u00e0 l&#8217;emploi, qui vise la stabilit\u00e9 collo\u00efdale.<\/p>\n","protected":false},"featured_media":22216,"template":"","meta":{"_acf_changed":false,"inline_featured_image":false,"site-sidebar-layout":"default","site-content-layout":"default","ast-site-content-layout":"default","site-content-style":"default","site-sidebar-style":"default","ast-global-header-display":"","ast-banner-title-visibility":"","ast-main-header-display":"","ast-hfb-above-header-display":"","ast-hfb-below-header-display":"","ast-hfb-mobile-header-display":"","site-post-title":"","ast-breadcrumbs-content":"","ast-featured-img":"","footer-sml-layout":"","ast-disable-related-posts":"","theme-transparent-header-meta":"default","adv-header-id-meta":"","stick-header-meta":"","header-above-stick-meta":"","header-main-stick-meta":"","header-below-stick-meta":"","astra-migrate-meta-layouts":"default","ast-page-background-enabled":"default","ast-page-background-meta":{"desktop":{"background-color":"var(--ast-global-color-5)","background-image":"","background-repeat":"repeat","background-position":"center center","background-size":"auto","background-attachment":"scroll","background-type":"","background-media":"","overlay-type":"","overlay-color":"","overlay-opacity":"","overlay-gradient":""},"tablet":{"background-color":"","background-image":"","background-repeat":"repeat","background-position":"center center","background-size":"auto","background-attachment":"scroll","background-type":"","background-media":"","overlay-type":"","overlay-color":"","overlay-opacity":"","overlay-gradient":""},"mobile":{"background-color":"","background-image":"","background-repeat":"repeat","background-position":"center center","background-size":"auto","background-attachment":"scroll","background-type":"","background-media":"","overlay-type":"","overlay-color":"","overlay-opacity":"","overlay-gradient":""}},"ast-content-background-meta":{"desktop":{"background-color":"var(--ast-global-color-4)","background-image":"","background-repeat":"repeat","background-position":"center center","background-size":"auto","background-attachment":"scroll","background-type":"","background-media":"","overlay-type":"","overlay-color":"","overlay-opacity":"","overlay-gradient":""},"tablet":{"background-color":"var(--ast-global-color-4)","background-image":"","background-repeat":"repeat","background-position":"center center","background-size":"auto","background-attachment":"scroll","background-type":"","background-media":"","overlay-type":"","overlay-color":"","overlay-opacity":"","overlay-gradient":""},"mobile":{"background-color":"var(--ast-global-color-4)","background-image":"","background-repeat":"repeat","background-position":"center center","background-size":"auto","background-attachment":"scroll","background-type":"","background-media":"","overlay-type":"","overlay-color":"","overlay-opacity":"","overlay-gradient":""}}},"product_brand":[],"product_cat":[180],"product_tag":[802],"class_list":{"0":"post-89653","1":"product","2":"type-product","3":"status-publish","4":"has-post-thumbnail","6":"product_cat-stabilisants","7":"product_tag-stabilisation-colloidale","8":"pa_ecologico-autorise-eu","9":"pa_ecologico-autorise-nop-usda","10":"pa_estilo-de-vino-blanc","11":"pa_estilo-de-vino-fut","12":"pa_estilo-de-vino-petillant","13":"pa_estilo-de-vino-rose","14":"pa_estilo-de-vino-rouge","15":"pa_objetivo-affiner","16":"pa_objetivo-amelioration-sensorielle","17":"pa_objetivo-stabilisation","18":"pa_vegano-vegetalien","19":"desktop-align-left","20":"tablet-align-left","21":"mobile-align-left","23":"first","24":"instock","25":"virtual","26":"product-type-simple"},"acf":[],"_links":{"self":[{"href":"https:\/\/agrovin.com\/fr\/wp-json\/wp\/v2\/product\/89653","targetHints":{"allow":["GET"]}}],"collection":[{"href":"https:\/\/agrovin.com\/fr\/wp-json\/wp\/v2\/product"}],"about":[{"href":"https:\/\/agrovin.com\/fr\/wp-json\/wp\/v2\/types\/product"}],"version-history":[{"count":0,"href":"https:\/\/agrovin.com\/fr\/wp-json\/wp\/v2\/product\/89653\/revisions"}],"wp:featuredmedia":[{"embeddable":true,"href":"https:\/\/agrovin.com\/fr\/wp-json\/wp\/v2\/media\/22216"}],"wp:attachment":[{"href":"https:\/\/agrovin.com\/fr\/wp-json\/wp\/v2\/media?parent=89653"}],"wp:term":[{"taxonomy":"product_brand","embeddable":true,"href":"https:\/\/agrovin.com\/fr\/wp-json\/wp\/v2\/product_brand?post=89653"},{"taxonomy":"product_cat","embeddable":true,"href":"https:\/\/agrovin.com\/fr\/wp-json\/wp\/v2\/product_cat?post=89653"},{"taxonomy":"product_tag","embeddable":true,"href":"https:\/\/agrovin.com\/fr\/wp-json\/wp\/v2\/product_tag?post=89653"}],"curies":[{"name":"wp","href":"https:\/\/api.w.org\/{rel}","templated":true}]}}