{"id":89648,"date":"2018-03-28T14:49:06","date_gmt":"2022-11-04T17:00:37","guid":{"rendered":"https:\/\/staging.agrovin.com\/non%20class\u00e9\/actimax-ferm\/"},"modified":"2022-11-06T09:42:43","modified_gmt":"2022-11-06T08:42:43","slug":"actimax-ferm","status":"publish","type":"product","link":"https:\/\/agrovin.com\/fr\/produits-oenologiques\/nutriments\/actimax-ferm\/","title":{"rendered":"ACTIMAX FERM"},"content":{"rendered":"<h3>CARACT\u00c9RISTIQUES<\/h3>\n<p>Son ajout au mo\u00fbt augmente l&#8217;azote facilement assimilable, assurant un compl\u00e9ment id\u00e9al en azote organique et inorganique, am\u00e9liorant sensiblement les conditions du milieu pour le d\u00e9veloppement rapide des levures. Des niveaux accrus de YAN favorisent la multiplication des levures et assurent leur bonne activit\u00e9 tout au long du processus de fermentation.<\/p>\n<p>Pr\u00e9vient l&#8217;apparition de d\u00e9fauts sensoriels li\u00e9s aux carences en nutriments tels que les probl\u00e8mes de r\u00e9duction : SH2 et d\u00e9riv\u00e9s. Diminue la production d&#8217;acidit\u00e9 volatile. Am\u00e9liore la teneur en esters aromatiques.<\/p>\n<p>Les levures inactives fournissent \u00e9galement des st\u00e9rols et des acides gras \u00e0 longue cha\u00eene, \u00e9l\u00e9ments de la r\u00e9sistance cellulaire. Ils prot\u00e8gent \u00e9galement les levures elles-m\u00eames en fixant les inhibiteurs toxiques tels que les acides gras en C8-C12 ou les r\u00e9sidus de pesticides.<\/p>\n<p>La thiamine est un facteur de croissance essentiel, dont la pr\u00e9sence entra\u00eene une viabilit\u00e9 \u00e9lev\u00e9e dans les premiers stades de la fermentation.<\/p>\n<h3>APPLICATION<\/h3>\n<ul>\n<li>Actimax FERM permet :<\/li>\n<li>Fermentation dans des conditions difficiles, aussi bien \u00e0 basse temp\u00e9rature qu&#8217;avec des mo\u00fbts \u00e0 fort potentiel alcoolique ou des mo\u00fbts tr\u00e8s clarifi\u00e9s.<\/li>\n<li>\u00c9vitez les fermentations bloqu\u00e9es et lentes. Combat la fermentation bloqu\u00e9e.<\/li>\n<li>Absorber les toxines susceptibles d&#8217;inhiber la fermentation.<\/li>\n<li>Il est particuli\u00e8rement recommand\u00e9 pour les raisins atteints de pourriture ou issus de vendanges tardives, o\u00f9 les carences en azote sont plus importantes. Utile en cas de suspicion de r\u00e9sidus de pesticides dans le mo\u00fbt.<\/li>\n<\/ul>\n<h3>DOSAGE<\/h3>\n<div class=\"page\" title=\"Page 2\">\n<div class=\"layoutArea\">\n<div class=\"column\">\n<p>Conditions normales de fermentation : 10-20 g\/hl<\/p>\n<p>Conditions difficiles : 20-30 g\/hl<\/p>\n<p>Usage curatif : arr\u00eats de fermentation : 30-40 g\/hl<\/p>\n<\/div>\n<div class=\"column\">\n<p>&nbsp;<\/p>\n<\/div>\n<\/div>\n<\/div>\n","protected":false},"excerpt":{"rendered":"<p>Actimax FERM est un activateur de fermentation alcoolique formul\u00e9 avec du phosphate et du sulfate d&#8217;ammonium, des levures inactiv\u00e9es et de la thiamine.<\/p>\n","protected":false},"featured_media":42554,"template":"","meta":{"_acf_changed":false,"inline_featured_image":false,"site-sidebar-layout":"default","site-content-layout":"default","ast-site-content-layout":"default","site-content-style":"default","site-sidebar-style":"default","ast-global-header-display":"","ast-banner-title-visibility":"","ast-main-header-display":"","ast-hfb-above-header-display":"","ast-hfb-below-header-display":"","ast-hfb-mobile-header-display":"","site-post-title":"","ast-breadcrumbs-content":"","ast-featured-img":"","footer-sml-layout":"","ast-disable-related-posts":"","theme-transparent-header-meta":"default","adv-header-id-meta":"","stick-header-meta":"","header-above-stick-meta":"","header-main-stick-meta":"","header-below-stick-meta":"","astra-migrate-meta-layouts":"default","ast-page-background-enabled":"default","ast-page-background-meta":{"desktop":{"background-color":"var(--ast-global-color-5)","background-image":"","background-repeat":"repeat","background-position":"center center","background-size":"auto","background-attachment":"scroll","background-type":"","background-media":"","overlay-type":"","overlay-color":"","overlay-opacity":"","overlay-gradient":""},"tablet":{"background-color":"","background-image":"","background-repeat":"repeat","background-position":"center center","background-size":"auto","background-attachment":"scroll","background-type":"","background-media":"","overlay-type":"","overlay-color":"","overlay-opacity":"","overlay-gradient":""},"mobile":{"background-color":"","background-image":"","background-repeat":"repeat","background-position":"center center","background-size":"auto","background-attachment":"scroll","background-type":"","background-media":"","overlay-type":"","overlay-color":"","overlay-opacity":"","overlay-gradient":""}},"ast-content-background-meta":{"desktop":{"background-color":"var(--ast-global-color-4)","background-image":"","background-repeat":"repeat","background-position":"center center","background-size":"auto","background-attachment":"scroll","background-type":"","background-media":"","overlay-type":"","overlay-color":"","overlay-opacity":"","overlay-gradient":""},"tablet":{"background-color":"var(--ast-global-color-4)","background-image":"","background-repeat":"repeat","background-position":"center center","background-size":"auto","background-attachment":"scroll","background-type":"","background-media":"","overlay-type":"","overlay-color":"","overlay-opacity":"","overlay-gradient":""},"mobile":{"background-color":"var(--ast-global-color-4)","background-image":"","background-repeat":"repeat","background-position":"center center","background-size":"auto","background-attachment":"scroll","background-type":"","background-media":"","overlay-type":"","overlay-color":"","overlay-opacity":"","overlay-gradient":""}}},"product_brand":[],"product_cat":[210],"product_tag":[296],"class_list":{"0":"post-89648","1":"product","2":"type-product","3":"status-publish","4":"has-post-thumbnail","6":"product_cat-nutriments","7":"product_tag-nutriments-melanges","8":"pa_aplicacion-fa-et-fml","9":"pa_composicion-complexe","10":"pa_estilo-de-vino-blanc","11":"pa_estilo-de-vino-petillant","12":"pa_estilo-de-vino-rose","13":"pa_estilo-de-vino-rouge","14":"pa_vegano-vegetalien","15":"desktop-align-left","16":"tablet-align-left","17":"mobile-align-left","19":"first","20":"instock","21":"virtual","22":"product-type-simple"},"acf":[],"_links":{"self":[{"href":"https:\/\/agrovin.com\/fr\/wp-json\/wp\/v2\/product\/89648","targetHints":{"allow":["GET"]}}],"collection":[{"href":"https:\/\/agrovin.com\/fr\/wp-json\/wp\/v2\/product"}],"about":[{"href":"https:\/\/agrovin.com\/fr\/wp-json\/wp\/v2\/types\/product"}],"version-history":[{"count":0,"href":"https:\/\/agrovin.com\/fr\/wp-json\/wp\/v2\/product\/89648\/revisions"}],"wp:featuredmedia":[{"embeddable":true,"href":"https:\/\/agrovin.com\/fr\/wp-json\/wp\/v2\/media\/42554"}],"wp:attachment":[{"href":"https:\/\/agrovin.com\/fr\/wp-json\/wp\/v2\/media?parent=89648"}],"wp:term":[{"taxonomy":"product_brand","embeddable":true,"href":"https:\/\/agrovin.com\/fr\/wp-json\/wp\/v2\/product_brand?post=89648"},{"taxonomy":"product_cat","embeddable":true,"href":"https:\/\/agrovin.com\/fr\/wp-json\/wp\/v2\/product_cat?post=89648"},{"taxonomy":"product_tag","embeddable":true,"href":"https:\/\/agrovin.com\/fr\/wp-json\/wp\/v2\/product_tag?post=89648"}],"curies":[{"name":"wp","href":"https:\/\/api.w.org\/{rel}","templated":true}]}}