{"id":89633,"date":"2018-03-28T14:50:35","date_gmt":"2022-11-04T17:00:13","guid":{"rendered":"https:\/\/staging.agrovin.com\/non%20class\u00e9\/actimax-xl\/"},"modified":"2022-11-06T09:37:01","modified_gmt":"2022-11-06T08:37:01","slug":"actimax-xl","status":"publish","type":"product","link":"https:\/\/agrovin.com\/fr\/produits-oenologiques\/nutriments\/actimax-xl\/","title":{"rendered":"ACTIMAX XL"},"content":{"rendered":"<h3>CARACT\u00c9RISTIQUES<\/h3>\n<p>Son ajout au mo\u00fbt augmente l&#8217;azote facilement assimilable, assurant la compl\u00e9mentation id\u00e9ale en azote organique et inorganique, am\u00e9liorant sensiblement les conditions du milieu pour le d\u00e9veloppement rapide des levures, raccourcissant la phase de dormance et assurant la pr\u00e9valence de la souche inocul\u00e9e sur la population autochtone.<\/p>\n<p>Pr\u00e9vient l&#8217;apparition de d\u00e9fauts sensoriels li\u00e9s aux carences en nutriments tels que les probl\u00e8mes de r\u00e9duction : SH2 et d\u00e9riv\u00e9s. Diminue la production d&#8217;acidit\u00e9 volatile. Am\u00e9liore la teneur en esters aromatiques.<\/p>\n<p>Les levures inactives fournissent \u00e9galement des st\u00e9rols et des acides gras \u00e0 longue cha\u00eene, \u00e9l\u00e9ments de r\u00e9sistance cellulaire. Ils prot\u00e8gent \u00e9galement les levures elles-m\u00eames en fixant les inhibiteurs toxiques tels que les acides gras en C8-C12 ou les r\u00e9sidus de pesticides.<\/p>\n<p>L&#8217;apport d&#8217;azote ammoniacal avec Actimax XL se fait exclusivement sous forme de phosphate d&#8217;ammonium.<\/p>\n<h3>APPLICATION<\/h3>\n<p>Actimax XL est con\u00e7u pour assurer une efficacit\u00e9 nutritionnelle maximale dans les r\u00e9cipients de grand volume.<\/p>\n<ul>\n<li>Fournit un support cellulaire pendant la fermentation, des fermentations plus homog\u00e8nes et r\u00e9guli\u00e8res.<\/li>\n<li>Grande capacit\u00e9 d&#8217;absorption des compos\u00e9s toxiques de toutes sortes (pesticides, toxines fongiques) et des acides gras \u00e0 cha\u00eene courte g\u00e9n\u00e9r\u00e9s dans les fermentations avec peu ou pas d&#8217;a\u00e9ration.<\/li>\n<li>En r\u00e9gulant la cin\u00e9tique de fermentation et en apportant des \u00e9l\u00e9ments essentiels aux fermentations de haut volume (acides gras \u00e0 longue cha\u00eene, ergost\u00e9rol), il pr\u00e9vient et combat les fermentations bloqu\u00e9es et les fermentations lentes.<\/li>\n<\/ul>\n<h3>DOSAGE<\/h3>\n<div class=\"page\" title=\"Page 2\">\n<div class=\"layoutArea\">\n<div class=\"column\">\n<p>Conditions normales de fermentation : 10-20 g\/hl<\/p>\n<p>Conditions difficiles : 20-30 g\/hl<\/p>\n<p>Usage curatif : arr\u00eats de fermentation : <span style=\"font-size: 16px;\">30-40 g\/hl<\/span><\/p>\n<\/div>\n<\/div>\n<\/div>\n","protected":false},"excerpt":{"rendered":"<p>Actimax XL est un activateur de fermentation alcoolique formul\u00e9 pour des fermentations optimales dans des cuves de grande capacit\u00e9. Il incorpore de la cellulose pour am\u00e9liorer la dispersion des cellules et le compactage des lies.<\/p>\n","protected":false},"featured_media":42596,"template":"","meta":{"_acf_changed":false,"inline_featured_image":false,"site-sidebar-layout":"default","site-content-layout":"default","ast-site-content-layout":"default","site-content-style":"default","site-sidebar-style":"default","ast-global-header-display":"","ast-banner-title-visibility":"","ast-main-header-display":"","ast-hfb-above-header-display":"","ast-hfb-below-header-display":"","ast-hfb-mobile-header-display":"","site-post-title":"","ast-breadcrumbs-content":"","ast-featured-img":"","footer-sml-layout":"","ast-disable-related-posts":"","theme-transparent-header-meta":"default","adv-header-id-meta":"","stick-header-meta":"","header-above-stick-meta":"","header-main-stick-meta":"","header-below-stick-meta":"","astra-migrate-meta-layouts":"default","ast-page-background-enabled":"default","ast-page-background-meta":{"desktop":{"background-color":"var(--ast-global-color-5)","background-image":"","background-repeat":"repeat","background-position":"center center","background-size":"auto","background-attachment":"scroll","background-type":"","background-media":"","overlay-type":"","overlay-color":"","overlay-opacity":"","overlay-gradient":""},"tablet":{"background-color":"","background-image":"","background-repeat":"repeat","background-position":"center center","background-size":"auto","background-attachment":"scroll","background-type":"","background-media":"","overlay-type":"","overlay-color":"","overlay-opacity":"","overlay-gradient":""},"mobile":{"background-color":"","background-image":"","background-repeat":"repeat","background-position":"center center","background-size":"auto","background-attachment":"scroll","background-type":"","background-media":"","overlay-type":"","overlay-color":"","overlay-opacity":"","overlay-gradient":""}},"ast-content-background-meta":{"desktop":{"background-color":"var(--ast-global-color-4)","background-image":"","background-repeat":"repeat","background-position":"center center","background-size":"auto","background-attachment":"scroll","background-type":"","background-media":"","overlay-type":"","overlay-color":"","overlay-opacity":"","overlay-gradient":""},"tablet":{"background-color":"var(--ast-global-color-4)","background-image":"","background-repeat":"repeat","background-position":"center center","background-size":"auto","background-attachment":"scroll","background-type":"","background-media":"","overlay-type":"","overlay-color":"","overlay-opacity":"","overlay-gradient":""},"mobile":{"background-color":"var(--ast-global-color-4)","background-image":"","background-repeat":"repeat","background-position":"center center","background-size":"auto","background-attachment":"scroll","background-type":"","background-media":"","overlay-type":"","overlay-color":"","overlay-opacity":"","overlay-gradient":""}}},"product_brand":[],"product_cat":[210],"product_tag":[296],"class_list":{"0":"post-89633","1":"product","2":"type-product","3":"status-publish","4":"has-post-thumbnail","6":"product_cat-nutriments","7":"product_tag-nutriments-melanges","8":"pa_aplicacion-fa-et-fml","9":"pa_composicion-complexe","10":"pa_ecologico-autorise-eu","11":"pa_estilo-de-vino-blanc","12":"pa_estilo-de-vino-petillant","13":"pa_estilo-de-vino-rose","14":"pa_vegano-vegetalien","15":"desktop-align-left","16":"tablet-align-left","17":"mobile-align-left","19":"first","20":"instock","21":"virtual","22":"product-type-simple"},"acf":[],"_links":{"self":[{"href":"https:\/\/agrovin.com\/fr\/wp-json\/wp\/v2\/product\/89633","targetHints":{"allow":["GET"]}}],"collection":[{"href":"https:\/\/agrovin.com\/fr\/wp-json\/wp\/v2\/product"}],"about":[{"href":"https:\/\/agrovin.com\/fr\/wp-json\/wp\/v2\/types\/product"}],"version-history":[{"count":0,"href":"https:\/\/agrovin.com\/fr\/wp-json\/wp\/v2\/product\/89633\/revisions"}],"wp:featuredmedia":[{"embeddable":true,"href":"https:\/\/agrovin.com\/fr\/wp-json\/wp\/v2\/media\/42596"}],"wp:attachment":[{"href":"https:\/\/agrovin.com\/fr\/wp-json\/wp\/v2\/media?parent=89633"}],"wp:term":[{"taxonomy":"product_brand","embeddable":true,"href":"https:\/\/agrovin.com\/fr\/wp-json\/wp\/v2\/product_brand?post=89633"},{"taxonomy":"product_cat","embeddable":true,"href":"https:\/\/agrovin.com\/fr\/wp-json\/wp\/v2\/product_cat?post=89633"},{"taxonomy":"product_tag","embeddable":true,"href":"https:\/\/agrovin.com\/fr\/wp-json\/wp\/v2\/product_tag?post=89633"}],"curies":[{"name":"wp","href":"https:\/\/api.w.org\/{rel}","templated":true}]}}