{"id":89628,"date":"2018-03-07T16:40:26","date_gmt":"2022-11-04T17:00:04","guid":{"rendered":"https:\/\/staging.agrovin.com\/non%20class\u00e9\/bicarbonate-de-potassium\/"},"modified":"2022-11-10T14:10:49","modified_gmt":"2022-11-10T13:10:49","slug":"bicarbonate-de-potassium","status":"publish","type":"product","link":"https:\/\/agrovin.com\/fr\/produits-oenologiques\/acidifiant-desacidifiant\/bicarbonate-de-potassium\/","title":{"rendered":"BICARNONATE DE POTASSIUM"},"content":{"rendered":"<h3>APPLICATION<\/h3>\n<ul>\n<li>Au moment de la r\u00e9colte, en tant que d\u00e9sacidificateur indispensable.<\/li>\n<li>Dans les vins blancs, ros\u00e9s et rouges pour la correction de l&#8217;acidit\u00e9 pendant le processus de vinification.<\/li>\n<\/ul>\n<h3>DOSAGE<\/h3>\n<ul>\n<li>Mo\u00fbt\/vin 0,2 &#8211; 1 g\/.<\/li>\n<\/ul>\n<p>La d\u00e9sacidification maximale admise dans les vins est de 1 g\/l exprim\u00e9e en acide tartrique, ce qui correspond \u00e0 une dose de bicarbonate de potassium de 1,3 g\/l.<br \/>\nCe produit peut faire l&#8217;objet d&#8217;une d\u00e9claration.<\/p>\n<p>Notes :<br \/>\n<strong>1. <\/strong>Le bicarbonate de potassium r\u00e9agit exclusivement avec l&#8217;acide tartrique pour former du bitartrate de potassium.<br \/>\nApr\u00e8s stabilisation au froid, il pr\u00e9cipite, ce qui entra\u00eene une nouvelle diminution de l&#8217;acidit\u00e9 totale.<\/p>\n<p><strong>2.<\/strong> Dans les cas o\u00f9 il est appliqu\u00e9 avant la mise en bouteille, attendez 4 \u00e0 6 semaines avant la mise en bouteille.<\/p>\n<p>&nbsp;<\/p>\n<p>&nbsp;<\/p>\n","protected":false},"excerpt":{"rendered":"<p>Le bicarbonate de potassium (E-501) est un agent d\u00e9sacidifiant qui modifie le pH en r\u00e9duisant l&#8217;acidit\u00e9. Lorsqu&#8217;il est ajout\u00e9 au mo\u00fbt ou au vin, il r\u00e9agit avec l&#8217;acide tartrique, produisant du bitartrate de potassium, qui est effectivement insolubilis\u00e9.<\/p>\n","protected":false},"featured_media":34382,"template":"","meta":{"_acf_changed":false,"inline_featured_image":false,"site-sidebar-layout":"default","site-content-layout":"default","ast-site-content-layout":"default","site-content-style":"default","site-sidebar-style":"default","ast-global-header-display":"","ast-banner-title-visibility":"","ast-main-header-display":"","ast-hfb-above-header-display":"","ast-hfb-below-header-display":"","ast-hfb-mobile-header-display":"","site-post-title":"","ast-breadcrumbs-content":"","ast-featured-img":"","footer-sml-layout":"","ast-disable-related-posts":"","theme-transparent-header-meta":"default","adv-header-id-meta":"","stick-header-meta":"","header-above-stick-meta":"","header-main-stick-meta":"","header-below-stick-meta":"","astra-migrate-meta-layouts":"default","ast-page-background-enabled":"default","ast-page-background-meta":{"desktop":{"background-color":"var(--ast-global-color-5)","background-image":"","background-repeat":"repeat","background-position":"center center","background-size":"auto","background-attachment":"scroll","background-type":"","background-media":"","overlay-type":"","overlay-color":"","overlay-opacity":"","overlay-gradient":""},"tablet":{"background-color":"","background-image":"","background-repeat":"repeat","background-position":"center center","background-size":"auto","background-attachment":"scroll","background-type":"","background-media":"","overlay-type":"","overlay-color":"","overlay-opacity":"","overlay-gradient":""},"mobile":{"background-color":"","background-image":"","background-repeat":"repeat","background-position":"center center","background-size":"auto","background-attachment":"scroll","background-type":"","background-media":"","overlay-type":"","overlay-color":"","overlay-opacity":"","overlay-gradient":""}},"ast-content-background-meta":{"desktop":{"background-color":"var(--ast-global-color-4)","background-image":"","background-repeat":"repeat","background-position":"center center","background-size":"auto","background-attachment":"scroll","background-type":"","background-media":"","overlay-type":"","overlay-color":"","overlay-opacity":"","overlay-gradient":""},"tablet":{"background-color":"var(--ast-global-color-4)","background-image":"","background-repeat":"repeat","background-position":"center center","background-size":"auto","background-attachment":"scroll","background-type":"","background-media":"","overlay-type":"","overlay-color":"","overlay-opacity":"","overlay-gradient":""},"mobile":{"background-color":"var(--ast-global-color-4)","background-image":"","background-repeat":"repeat","background-position":"center center","background-size":"auto","background-attachment":"scroll","background-type":"","background-media":"","overlay-type":"","overlay-color":"","overlay-opacity":"","overlay-gradient":""}}},"product_brand":[],"product_cat":[446],"product_tag":[453],"class_list":{"0":"post-89628","1":"product","2":"type-product","3":"status-publish","4":"has-post-thumbnail","6":"product_cat-acidifiant-desacidifiant","7":"product_tag-desacidifiant","8":"pa_vegano-vegetalien","9":"desktop-align-left","10":"tablet-align-left","11":"mobile-align-left","13":"first","14":"instock","15":"virtual","16":"product-type-simple"},"acf":[],"_links":{"self":[{"href":"https:\/\/agrovin.com\/fr\/wp-json\/wp\/v2\/product\/89628","targetHints":{"allow":["GET"]}}],"collection":[{"href":"https:\/\/agrovin.com\/fr\/wp-json\/wp\/v2\/product"}],"about":[{"href":"https:\/\/agrovin.com\/fr\/wp-json\/wp\/v2\/types\/product"}],"version-history":[{"count":0,"href":"https:\/\/agrovin.com\/fr\/wp-json\/wp\/v2\/product\/89628\/revisions"}],"wp:featuredmedia":[{"embeddable":true,"href":"https:\/\/agrovin.com\/fr\/wp-json\/wp\/v2\/media\/34382"}],"wp:attachment":[{"href":"https:\/\/agrovin.com\/fr\/wp-json\/wp\/v2\/media?parent=89628"}],"wp:term":[{"taxonomy":"product_brand","embeddable":true,"href":"https:\/\/agrovin.com\/fr\/wp-json\/wp\/v2\/product_brand?post=89628"},{"taxonomy":"product_cat","embeddable":true,"href":"https:\/\/agrovin.com\/fr\/wp-json\/wp\/v2\/product_cat?post=89628"},{"taxonomy":"product_tag","embeddable":true,"href":"https:\/\/agrovin.com\/fr\/wp-json\/wp\/v2\/product_tag?post=89628"}],"curies":[{"name":"wp","href":"https:\/\/api.w.org\/{rel}","templated":true}]}}