{"id":89623,"date":"2018-03-28T14:41:18","date_gmt":"2022-11-04T16:59:56","guid":{"rendered":"https:\/\/staging.agrovin.com\/non%20class\u00e9\/actimax-corcell\/"},"modified":"2022-11-06T10:28:22","modified_gmt":"2022-11-06T09:28:22","slug":"actimax-corcell","status":"publish","type":"product","link":"https:\/\/agrovin.com\/fr\/produits-oenologiques\/nutriments\/actimax-corcell\/","title":{"rendered":"ACTIMAX CORCELL"},"content":{"rendered":"<h3>CARACT\u00c9RISTIQUES<\/h3>\n<p>Adsorbe les principaux inhibiteurs de la fermentation alcoolique et malolactique : acides gras \u00e0 cha\u00eene courte et moyenne (C6, C8, C10, C12), r\u00e9sidus de fongicides et phytosanitaires, \u00e9vitant les arr\u00eats de fermentation.<\/p>\n<p>Il est riche en mannanes et en glucanes avec une capacit\u00e9 d&#8217;adsorption sp\u00e9cifique et un go\u00fbt neutre.<\/p>\n<p>Il stimule la fermentation alcoolique et malolactique, car il est riche en st\u00e9rols et en cha\u00eenes d&#8217;acides gras insatur\u00e9s : ces substances contribuent \u00e0 r\u00e9guler la perm\u00e9abilit\u00e9 des membranes et \u00e0 favoriser la fermentation alcoolique.<\/p>\n<p>La teneur en polysaccharides am\u00e9liore la stabilit\u00e9 de la couleur et r\u00e9duit l&#8217;astringence et l&#8217;amertume.<\/p>\n<h3>APPLICATION<\/h3>\n<p>On utilise Actimax Corcell :<\/p>\n<ul>\n<li>Pendant la fermentation alcoolique : la viabilit\u00e9 est augment\u00e9e.<\/li>\n<li>Pendant la fermentation malolactique : la mortalit\u00e9 cellulaire est r\u00e9duite par l&#8217;inactivation des substances inhibitrices (toxines et polyph\u00e9nols).<\/li>\n<li>En cas d&#8217;arr\u00eat ou de ralentissement de la fermentation : \u00e9limine les \u00e9l\u00e9ments toxiques, favorisant le r\u00e9tablissement de la fermentation*.<\/li>\n<li>Actimax Corcell n&#8217;augmente pas la teneur en AGN, donc si l&#8217;arr\u00eat de fermentation est d\u00fb \u00e0 une carence en azote, il faut ajouter un \u00e9l\u00e9ment azot\u00e9 (Actipase ; Actimax PLUS).<\/li>\n<\/ul>\n<h3>DOSAGE<\/h3>\n<div class=\"page\" title=\"Page 2\">\n<div class=\"layoutArea\">\n<div class=\"column\">\n<p>Mesure pr\u00e9ventive : <span style=\"font-size: 16px;\">20-40 g\/hl<\/span><\/p>\n<p>Mesure de maturation : Arr\u00eat de la fermentation : <span style=\"font-size: 16px;\">40 g\/hl<\/span><\/p>\n<\/div>\n<\/div>\n<\/div>\n","protected":false},"excerpt":{"rendered":"<p>Actimax Corcell est une pr\u00e9paration \u00e0 base de paroi de levure \u00e0 100 % destin\u00e9e \u00e0 \u00eatre utilis\u00e9e dans le mo\u00fbt et le vin. Il est capable d&#8217;exercer une action puissante contre les inhibiteurs de la fermentation alcoolique et malolactique.<\/p>\n","protected":false},"featured_media":42590,"template":"","meta":{"_acf_changed":false,"inline_featured_image":false,"site-sidebar-layout":"default","site-content-layout":"default","ast-site-content-layout":"default","site-content-style":"default","site-sidebar-style":"default","ast-global-header-display":"","ast-banner-title-visibility":"","ast-main-header-display":"","ast-hfb-above-header-display":"","ast-hfb-below-header-display":"","ast-hfb-mobile-header-display":"","site-post-title":"","ast-breadcrumbs-content":"","ast-featured-img":"","footer-sml-layout":"","ast-disable-related-posts":"","theme-transparent-header-meta":"default","adv-header-id-meta":"","stick-header-meta":"","header-above-stick-meta":"","header-main-stick-meta":"","header-below-stick-meta":"","astra-migrate-meta-layouts":"default","ast-page-background-enabled":"default","ast-page-background-meta":{"desktop":{"background-color":"var(--ast-global-color-5)","background-image":"","background-repeat":"repeat","background-position":"center center","background-size":"auto","background-attachment":"scroll","background-type":"","background-media":"","overlay-type":"","overlay-color":"","overlay-opacity":"","overlay-gradient":""},"tablet":{"background-color":"","background-image":"","background-repeat":"repeat","background-position":"center center","background-size":"auto","background-attachment":"scroll","background-type":"","background-media":"","overlay-type":"","overlay-color":"","overlay-opacity":"","overlay-gradient":""},"mobile":{"background-color":"","background-image":"","background-repeat":"repeat","background-position":"center center","background-size":"auto","background-attachment":"scroll","background-type":"","background-media":"","overlay-type":"","overlay-color":"","overlay-opacity":"","overlay-gradient":""}},"ast-content-background-meta":{"desktop":{"background-color":"var(--ast-global-color-4)","background-image":"","background-repeat":"repeat","background-position":"center center","background-size":"auto","background-attachment":"scroll","background-type":"","background-media":"","overlay-type":"","overlay-color":"","overlay-opacity":"","overlay-gradient":""},"tablet":{"background-color":"var(--ast-global-color-4)","background-image":"","background-repeat":"repeat","background-position":"center center","background-size":"auto","background-attachment":"scroll","background-type":"","background-media":"","overlay-type":"","overlay-color":"","overlay-opacity":"","overlay-gradient":""},"mobile":{"background-color":"var(--ast-global-color-4)","background-image":"","background-repeat":"repeat","background-position":"center center","background-size":"auto","background-attachment":"scroll","background-type":"","background-media":"","overlay-type":"","overlay-color":"","overlay-opacity":"","overlay-gradient":""}}},"product_brand":[],"product_cat":[210],"product_tag":[291],"class_list":{"0":"post-89623","1":"product","2":"type-product","3":"status-publish","4":"has-post-thumbnail","6":"product_cat-nutriments","7":"product_tag-organique","8":"pa_aplicacion-fa-et-fml","9":"pa_composicion-biologique","10":"pa_ecologico-autorise-eu","11":"pa_ecologico-autorise-nop-usda","12":"pa_estilo-de-vino-blanc","13":"pa_estilo-de-vino-petillant","14":"pa_estilo-de-vino-rose","15":"pa_estilo-de-vino-rouge","16":"pa_vegano-vegetalien","17":"desktop-align-left","18":"tablet-align-left","19":"mobile-align-left","21":"first","22":"instock","23":"virtual","24":"product-type-simple"},"acf":[],"_links":{"self":[{"href":"https:\/\/agrovin.com\/fr\/wp-json\/wp\/v2\/product\/89623","targetHints":{"allow":["GET"]}}],"collection":[{"href":"https:\/\/agrovin.com\/fr\/wp-json\/wp\/v2\/product"}],"about":[{"href":"https:\/\/agrovin.com\/fr\/wp-json\/wp\/v2\/types\/product"}],"version-history":[{"count":0,"href":"https:\/\/agrovin.com\/fr\/wp-json\/wp\/v2\/product\/89623\/revisions"}],"wp:featuredmedia":[{"embeddable":true,"href":"https:\/\/agrovin.com\/fr\/wp-json\/wp\/v2\/media\/42590"}],"wp:attachment":[{"href":"https:\/\/agrovin.com\/fr\/wp-json\/wp\/v2\/media?parent=89623"}],"wp:term":[{"taxonomy":"product_brand","embeddable":true,"href":"https:\/\/agrovin.com\/fr\/wp-json\/wp\/v2\/product_brand?post=89623"},{"taxonomy":"product_cat","embeddable":true,"href":"https:\/\/agrovin.com\/fr\/wp-json\/wp\/v2\/product_cat?post=89623"},{"taxonomy":"product_tag","embeddable":true,"href":"https:\/\/agrovin.com\/fr\/wp-json\/wp\/v2\/product_tag?post=89623"}],"curies":[{"name":"wp","href":"https:\/\/api.w.org\/{rel}","templated":true}]}}